{"id":1380,"date":"2021-07-01T13:02:36","date_gmt":"2021-07-01T11:02:36","guid":{"rendered":"https:\/\/daenir.art\/?post_type=product&#038;p=1380"},"modified":"2024-11-25T15:51:54","modified_gmt":"2024-11-25T14:51:54","slug":"set-of-5x-postcards-of-herbs","status":"publish","type":"product","link":"https:\/\/daenir.art\/cs\/produkt\/set-of-5x-postcards-of-herbs\/","title":{"rendered":"Set 5 pohlednic bylinek"},"content":{"rendered":"<p><strong>\u2726 Z\u00c1KLADN\u00cd INFORMACE \u2726<\/strong><br \/>\n\u2022 Vysoce kvalitn\u00ed digit\u00e1ln\u00ed tisk na matn\u00fd k\u0159\u00eddov\u00fd pap\u00edr 350 g\/m\u00b2.<\/p>\n<p>\u2022 Sada 5 bylinn\u00fdch pohlednic:<br \/>\n&#8211; Matricaria Chamomilla<br \/>\n&#8211; Plantago Lanceolata<br \/>\n&#8211; Valeriana Officinalis<br \/>\n&#8211; Symphytum Officinale<br \/>\n&#8211; Hyoscyamus Niger<\/p>\n<p>\u00b0\u2727\u2726 V ka\u017ed\u00e9 objedn\u00e1vce obdr\u017e\u00edte tak\u00e9 slevu na dal\u0161\u00ed n\u00e1kup, najdete zde tak\u00e9 drobn\u00e9 p\u0159edm\u011bty, jako jsou pohlednice, samolepky, z\u00e1lo\u017eky nebo jin\u00e9 n\u00e1hodn\u011b vybran\u00e9! A v ka\u017ed\u00e9 objedn\u00e1vce nad 20 USD \/ 20 \u20ac \/ 500 K\u010d zas\u00edl\u00e1m !!!LUCKY DIP!!!\u2726\u2727\u00b0<\/p>\n<p>&#8212;<\/p>\n<p><strong>\u2726 SIZE and COLORS \u2726<\/strong><br \/>\n\u2022 A6 pohlednice (10,5\u00d714,8 cm \/ 4.13\u00d75.82 inches)<\/p>\n<p>\u2726 PO\u0160TOVN\u00c9 \u2726<br \/>\n\u2022 Z\u00e1silky zas\u00edl\u00e1m nejrychlej\u0161\u00ed dostupnou po\u0161tou se sledovac\u00edm \u010d\u00edslem, co\u017e zaru\u010duje, \u017ee se va\u0161e objedn\u00e1vka neztrat\u00ed. Pokud se vyskytne jak\u00fdkoli probl\u00e9m se z\u00e1silkou, nev\u00e1hejte m\u011b kontaktovat a spole\u010dn\u011b ho vy\u0159e\u0161\u00edme. <img data-recalc-dims=\"1\" decoding=\"async\" title=\":-)\" data-src=\"https:\/\/i0.wp.com\/email.seznam.cz\/static\/wm\/img\/smileys\/s01.png?w=1200&#038;ssl=1\" alt=\":-)\" src=\"data:image\/svg+xml;base64,PHN2ZyB3aWR0aD0iMSIgaGVpZ2h0PSIxIiB4bWxucz0iaHR0cDovL3d3dy53My5vcmcvMjAwMC9zdmciPjwvc3ZnPg==\" class=\"lazyload\" \/><\/p>\n<p>\u2726 DOPRAVA a ZM\u011aNY V OBJEDN\u00c1VCE \u2726<br \/>\n\u2022 V\u0161echny z\u00e1silky jsou zas\u00edl\u00e1ny s \u010d\u00edslem pro sledov\u00e1n\u00ed z\u00e1silky.<br \/>\n\u2022 V\u00fdtisky se zas\u00edlaj\u00ed na plocho s pevn\u00fdm kartonem a v bublinkov\u00e9 ob\u00e1lce nebo v kartonov\u00e9 ob\u00e1lce.<br \/>\n\u2022 Zm\u011bny nelze prov\u00e1d\u011bt po odesl\u00e1n\u00ed objedn\u00e1vky a op\u011btovn\u00e9 zasl\u00e1n\u00ed vr\u00e1cen\u00e9ho bal\u00edku bude na va\u0161e n\u00e1klady.<\/p>\n<p>\u2726 AUTOGRAM \u2726<br \/>\n- V\u0161echny v\u00fdtisky jsou zas\u00edl\u00e1ny bez podpisu autora (m\u00e9ho), pokud chcete v\u00fdtisk podepsat, napi\u0161te p\u0159i objedn\u00e1vce pozn\u00e1mku.<\/p>\n<p>\u2726 \ud835\udc0e\ud835\udc13\ud835\udc07\ud835\udc04\ud835\udc11 \u2726.<br \/>\n\u2022 Pokud objedn\u00e1vku pos\u00edl\u00e1te jako d\u00e1rek, m\u016f\u017eete p\u0159i objedn\u00e1vce napsat text do pozn\u00e1mky, kterou p\u0159\u00edjemce obdr\u017e\u00ed na ru\u010dn\u011b psan\u00e9 kart\u011b.<br \/>\n\u2022 Pokud m\u00e1te n\u011bjak\u00e9 dotazy, kontaktujte m\u011b zde nebo na m\u00e9m Instagramu (@deanirart). \ud83d\ude42 <img data-recalc-dims=\"1\" decoding=\"async\" title=\":-)\" data-src=\"https:\/\/i0.wp.com\/email.seznam.cz\/static\/wm\/img\/smileys\/s01.png?w=1200&#038;ssl=1\" alt=\":-)\" src=\"data:image\/svg+xml;base64,PHN2ZyB3aWR0aD0iMSIgaGVpZ2h0PSIxIiB4bWxucz0iaHR0cDovL3d3dy53My5vcmcvMjAwMC9zdmciPjwvc3ZnPg==\" class=\"lazyload\" \/><\/p>","protected":false},"excerpt":{"rendered":"<p>\u2726 BASIC INFO \u2726 \u2022 High-quality digital printing on matt coated paper 350 g\/m\u00b2. \u2022 Set of 5 herbal postcards: &#8211; Matricaria Chamomilla &#8211; Plantago Lanceolata &#8211; Valeriana Officinalis &#8211; Symphytum Officinale &#8211; Hyoscyamus Niger \u00b0\u2727\u2726 In each order, you will also receive a discount on your next purchase, you can also find some small&hellip;&nbsp;<a href=\"https:\/\/daenir.art\/cs\/produkt\/set-of-5x-postcards-of-herbs\/\" rel=\"bookmark\">\u010c\u00edst d\u00e1le &raquo;<span class=\"screen-reader-text\">Set 5 pohlednic bylinek<\/span><\/a><\/p>","protected":false},"featured_media":1384,"template":"","meta":{"neve_meta_sidebar":"","neve_meta_container":"","neve_meta_enable_content_width":"off","neve_meta_content_width":70,"neve_meta_title_alignment":"","neve_meta_author_avatar":"","neve_post_elements_order":"","neve_meta_disable_header":"","neve_meta_disable_footer":"","neve_meta_disable_title":"","_themeisle_gutenberg_block_has_review":false},"product_brand":[],"product_cat":[58,28],"product_tag":[],"class_list":{"0":"post-1380","1":"product","2":"type-product","3":"status-publish","4":"has-post-thumbnail","6":"product_cat-postcards","7":"product_cat-all","9":"first","10":"instock","11":"shipping-taxable","12":"purchasable","13":"product-type-simple"},"yoast_head":"<!-- This site is optimized with the Yoast SEO plugin v27.5 - https:\/\/yoast.com\/product\/yoast-seo-wordpress\/ -->\n<title>Set of 5x Postcards of Herbs | Dae Nir<\/title>\n<meta name=\"robots\" content=\"index, follow, max-snippet:-1, max-image-preview:large, max-video-preview:-1\" \/>\n<link rel=\"canonical\" href=\"https:\/\/daenir.art\/cs\/produkt\/set-of-5x-postcards-of-herbs\/\" \/>\n<meta property=\"og:locale\" content=\"cs_CZ\" \/>\n<meta property=\"og:type\" content=\"article\" \/>\n<meta property=\"og:title\" content=\"Set of 5x Postcards of Herbs | Dae Nir\" \/>\n<meta property=\"og:description\" content=\"\u2726 BASIC INFO \u2726 \u2022 High-quality digital printing on matt coated paper 350 g\/m\u00b2. \u2022 Set of 5 herbal postcards: &#8211; Matricaria Chamomilla &#8211; Plantago Lanceolata &#8211; Valeriana Officinalis &#8211; Symphytum Officinale &#8211; Hyoscyamus Niger \u00b0\u2727\u2726 In each order, you will also receive a discount on your next purchase, you can also find some small&hellip;&nbsp;\u010c\u00edst d\u00e1le &raquo;Set of 5x Postcards of Herbs\" \/>\n<meta property=\"og:url\" content=\"https:\/\/daenir.art\/cs\/produkt\/set-of-5x-postcards-of-herbs\/\" \/>\n<meta property=\"og:site_name\" content=\"Dae Nir\" \/>\n<meta property=\"article:modified_time\" content=\"2024-11-25T14:51:54+00:00\" \/>\n<meta property=\"og:image\" content=\"https:\/\/daenir.art\/wp-content\/uploads\/2021\/07\/Background-copy-3-1024x1024.jpg\" \/>\n\t<meta property=\"og:image:width\" content=\"1024\" \/>\n\t<meta property=\"og:image:height\" content=\"1024\" \/>\n\t<meta property=\"og:image:type\" content=\"image\/jpeg\" \/>\n<meta name=\"twitter:card\" content=\"summary_large_image\" \/>\n<meta name=\"twitter:label1\" content=\"Odhadovan\u00e1 doba \u010dten\u00ed\" \/>\n\t<meta name=\"twitter:data1\" content=\"2 minuty\" \/>\n<script type=\"application\/ld+json\" class=\"yoast-schema-graph\">{\"@context\":\"https:\\\/\\\/schema.org\",\"@graph\":[{\"@type\":\"WebPage\",\"@id\":\"https:\\\/\\\/daenir.art\\\/produkt\\\/set-of-5x-postcards-of-herbs\\\/\",\"url\":\"https:\\\/\\\/daenir.art\\\/produkt\\\/set-of-5x-postcards-of-herbs\\\/\",\"name\":\"Set of 5x Postcards of Herbs | Dae Nir\",\"isPartOf\":{\"@id\":\"https:\\\/\\\/daenir.art\\\/#website\"},\"primaryImageOfPage\":{\"@id\":\"https:\\\/\\\/daenir.art\\\/produkt\\\/set-of-5x-postcards-of-herbs\\\/#primaryimage\"},\"image\":{\"@id\":\"https:\\\/\\\/daenir.art\\\/produkt\\\/set-of-5x-postcards-of-herbs\\\/#primaryimage\"},\"thumbnailUrl\":\"https:\\\/\\\/i0.wp.com\\\/daenir.art\\\/wp-content\\\/uploads\\\/2021\\\/07\\\/Background-copy-3.jpg?fit=2000%2C2000&ssl=1\",\"datePublished\":\"2021-07-01T11:02:36+00:00\",\"dateModified\":\"2024-11-25T14:51:54+00:00\",\"breadcrumb\":{\"@id\":\"https:\\\/\\\/daenir.art\\\/produkt\\\/set-of-5x-postcards-of-herbs\\\/#breadcrumb\"},\"inLanguage\":\"cs\",\"potentialAction\":[{\"@type\":\"ReadAction\",\"target\":[\"https:\\\/\\\/daenir.art\\\/produkt\\\/set-of-5x-postcards-of-herbs\\\/\"]}]},{\"@type\":\"ImageObject\",\"inLanguage\":\"cs\",\"@id\":\"https:\\\/\\\/daenir.art\\\/produkt\\\/set-of-5x-postcards-of-herbs\\\/#primaryimage\",\"url\":\"https:\\\/\\\/i0.wp.com\\\/daenir.art\\\/wp-content\\\/uploads\\\/2021\\\/07\\\/Background-copy-3.jpg?fit=2000%2C2000&ssl=1\",\"contentUrl\":\"https:\\\/\\\/i0.wp.com\\\/daenir.art\\\/wp-content\\\/uploads\\\/2021\\\/07\\\/Background-copy-3.jpg?fit=2000%2C2000&ssl=1\",\"width\":2000,\"height\":2000},{\"@type\":\"BreadcrumbList\",\"@id\":\"https:\\\/\\\/daenir.art\\\/produkt\\\/set-of-5x-postcards-of-herbs\\\/#breadcrumb\",\"itemListElement\":[{\"@type\":\"ListItem\",\"position\":1,\"name\":\"Home\",\"item\":\"https:\\\/\\\/daenir.art\\\/\"},{\"@type\":\"ListItem\",\"position\":2,\"name\":\"Shop\",\"item\":\"https:\\\/\\\/daenir.art\\\/shop\\\/\"},{\"@type\":\"ListItem\",\"position\":3,\"name\":\"Set of 5x Postcards of Herbs\"}]},{\"@type\":\"WebSite\",\"@id\":\"https:\\\/\\\/daenir.art\\\/#website\",\"url\":\"https:\\\/\\\/daenir.art\\\/\",\"name\":\"Dae Nir Art\",\"description\":\"Mystical Art from a Darker Realm\",\"publisher\":{\"@id\":\"https:\\\/\\\/daenir.art\\\/#\\\/schema\\\/person\\\/20dd059b78448af6362377a99976bfb8\"},\"alternateName\":\"Dae Nir \u2013 Dark & Enchanting Art\",\"potentialAction\":[{\"@type\":\"SearchAction\",\"target\":{\"@type\":\"EntryPoint\",\"urlTemplate\":\"https:\\\/\\\/daenir.art\\\/?s={search_term_string}\"},\"query-input\":{\"@type\":\"PropertyValueSpecification\",\"valueRequired\":true,\"valueName\":\"search_term_string\"}}],\"inLanguage\":\"cs\"},{\"@type\":[\"Person\",\"Organization\"],\"@id\":\"https:\\\/\\\/daenir.art\\\/#\\\/schema\\\/person\\\/20dd059b78448af6362377a99976bfb8\",\"name\":\"Daenir\",\"image\":{\"@type\":\"ImageObject\",\"inLanguage\":\"cs\",\"@id\":\"https:\\\/\\\/i0.wp.com\\\/daenir.art\\\/wp-content\\\/uploads\\\/2021\\\/03\\\/logo-1.png?fit=655%2C594&ssl=1\",\"url\":\"https:\\\/\\\/i0.wp.com\\\/daenir.art\\\/wp-content\\\/uploads\\\/2021\\\/03\\\/logo-1.png?fit=655%2C594&ssl=1\",\"contentUrl\":\"https:\\\/\\\/i0.wp.com\\\/daenir.art\\\/wp-content\\\/uploads\\\/2021\\\/03\\\/logo-1.png?fit=655%2C594&ssl=1\",\"width\":655,\"height\":594,\"caption\":\"Daenir\"},\"logo\":{\"@id\":\"https:\\\/\\\/i0.wp.com\\\/daenir.art\\\/wp-content\\\/uploads\\\/2021\\\/03\\\/logo-1.png?fit=655%2C594&ssl=1\"},\"sameAs\":[\"https:\\\/\\\/daenir.art\\\/\"]}]}<\/script>\n<!-- \/ Yoast SEO plugin. -->","yoast_head_json":{"title":"Set of 5x Postcards of Herbs | Dae Nir","robots":{"index":"index","follow":"follow","max-snippet":"max-snippet:-1","max-image-preview":"max-image-preview:large","max-video-preview":"max-video-preview:-1"},"canonical":"https:\/\/daenir.art\/cs\/produkt\/set-of-5x-postcards-of-herbs\/","og_locale":"cs_CZ","og_type":"article","og_title":"Set of 5x Postcards of Herbs | Dae Nir","og_description":"\u2726 BASIC INFO \u2726 \u2022 High-quality digital printing on matt coated paper 350 g\/m\u00b2. \u2022 Set of 5 herbal postcards: &#8211; Matricaria Chamomilla &#8211; Plantago Lanceolata &#8211; Valeriana Officinalis &#8211; Symphytum Officinale &#8211; Hyoscyamus Niger \u00b0\u2727\u2726 In each order, you will also receive a discount on your next purchase, you can also find some small&hellip;&nbsp;\u010c\u00edst d\u00e1le &raquo;Set of 5x Postcards of Herbs","og_url":"https:\/\/daenir.art\/cs\/produkt\/set-of-5x-postcards-of-herbs\/","og_site_name":"Dae Nir","article_modified_time":"2024-11-25T14:51:54+00:00","og_image":[{"width":1024,"height":1024,"url":"https:\/\/daenir.art\/wp-content\/uploads\/2021\/07\/Background-copy-3-1024x1024.jpg","type":"image\/jpeg"}],"twitter_card":"summary_large_image","twitter_misc":{"Odhadovan\u00e1 doba \u010dten\u00ed":"2 minuty"},"schema":{"@context":"https:\/\/schema.org","@graph":[{"@type":"WebPage","@id":"https:\/\/daenir.art\/produkt\/set-of-5x-postcards-of-herbs\/","url":"https:\/\/daenir.art\/produkt\/set-of-5x-postcards-of-herbs\/","name":"Set of 5x Postcards of Herbs | Dae Nir","isPartOf":{"@id":"https:\/\/daenir.art\/#website"},"primaryImageOfPage":{"@id":"https:\/\/daenir.art\/produkt\/set-of-5x-postcards-of-herbs\/#primaryimage"},"image":{"@id":"https:\/\/daenir.art\/produkt\/set-of-5x-postcards-of-herbs\/#primaryimage"},"thumbnailUrl":"https:\/\/i0.wp.com\/daenir.art\/wp-content\/uploads\/2021\/07\/Background-copy-3.jpg?fit=2000%2C2000&ssl=1","datePublished":"2021-07-01T11:02:36+00:00","dateModified":"2024-11-25T14:51:54+00:00","breadcrumb":{"@id":"https:\/\/daenir.art\/produkt\/set-of-5x-postcards-of-herbs\/#breadcrumb"},"inLanguage":"cs","potentialAction":[{"@type":"ReadAction","target":["https:\/\/daenir.art\/produkt\/set-of-5x-postcards-of-herbs\/"]}]},{"@type":"ImageObject","inLanguage":"cs","@id":"https:\/\/daenir.art\/produkt\/set-of-5x-postcards-of-herbs\/#primaryimage","url":"https:\/\/i0.wp.com\/daenir.art\/wp-content\/uploads\/2021\/07\/Background-copy-3.jpg?fit=2000%2C2000&ssl=1","contentUrl":"https:\/\/i0.wp.com\/daenir.art\/wp-content\/uploads\/2021\/07\/Background-copy-3.jpg?fit=2000%2C2000&ssl=1","width":2000,"height":2000},{"@type":"BreadcrumbList","@id":"https:\/\/daenir.art\/produkt\/set-of-5x-postcards-of-herbs\/#breadcrumb","itemListElement":[{"@type":"ListItem","position":1,"name":"Home","item":"https:\/\/daenir.art\/"},{"@type":"ListItem","position":2,"name":"Shop","item":"https:\/\/daenir.art\/shop\/"},{"@type":"ListItem","position":3,"name":"Set of 5x Postcards of Herbs"}]},{"@type":"WebSite","@id":"https:\/\/daenir.art\/#website","url":"https:\/\/daenir.art\/","name":"Dae Nir Art","description":"Mystical Art from a Darker Realm","publisher":{"@id":"https:\/\/daenir.art\/#\/schema\/person\/20dd059b78448af6362377a99976bfb8"},"alternateName":"Dae Nir \u2013 Dark & Enchanting Art","potentialAction":[{"@type":"SearchAction","target":{"@type":"EntryPoint","urlTemplate":"https:\/\/daenir.art\/?s={search_term_string}"},"query-input":{"@type":"PropertyValueSpecification","valueRequired":true,"valueName":"search_term_string"}}],"inLanguage":"cs"},{"@type":["Person","Organization"],"@id":"https:\/\/daenir.art\/#\/schema\/person\/20dd059b78448af6362377a99976bfb8","name":"Daenir","image":{"@type":"ImageObject","inLanguage":"cs","@id":"https:\/\/i0.wp.com\/daenir.art\/wp-content\/uploads\/2021\/03\/logo-1.png?fit=655%2C594&ssl=1","url":"https:\/\/i0.wp.com\/daenir.art\/wp-content\/uploads\/2021\/03\/logo-1.png?fit=655%2C594&ssl=1","contentUrl":"https:\/\/i0.wp.com\/daenir.art\/wp-content\/uploads\/2021\/03\/logo-1.png?fit=655%2C594&ssl=1","width":655,"height":594,"caption":"Daenir"},"logo":{"@id":"https:\/\/i0.wp.com\/daenir.art\/wp-content\/uploads\/2021\/03\/logo-1.png?fit=655%2C594&ssl=1"},"sameAs":["https:\/\/daenir.art\/"]}]}},"jetpack_sharing_enabled":true,"_links":{"self":[{"href":"https:\/\/daenir.art\/cs\/wp-json\/wp\/v2\/product\/1380","targetHints":{"allow":["GET"]}}],"collection":[{"href":"https:\/\/daenir.art\/cs\/wp-json\/wp\/v2\/product"}],"about":[{"href":"https:\/\/daenir.art\/cs\/wp-json\/wp\/v2\/types\/product"}],"wp:featuredmedia":[{"embeddable":true,"href":"https:\/\/daenir.art\/cs\/wp-json\/wp\/v2\/media\/1384"}],"wp:attachment":[{"href":"https:\/\/daenir.art\/cs\/wp-json\/wp\/v2\/media?parent=1380"}],"wp:term":[{"taxonomy":"product_brand","embeddable":true,"href":"https:\/\/daenir.art\/cs\/wp-json\/wp\/v2\/product_brand?post=1380"},{"taxonomy":"product_cat","embeddable":true,"href":"https:\/\/daenir.art\/cs\/wp-json\/wp\/v2\/product_cat?post=1380"},{"taxonomy":"product_tag","embeddable":true,"href":"https:\/\/daenir.art\/cs\/wp-json\/wp\/v2\/product_tag?post=1380"}],"curies":[{"name":"wp","href":"https:\/\/api.w.org\/{rel}","templated":true}]}}