{"id":1593,"date":"2022-01-17T09:14:03","date_gmt":"2022-01-17T08:14:03","guid":{"rendered":"https:\/\/daenir.art\/?post_type=product&#038;p=1593"},"modified":"2025-03-25T22:10:50","modified_gmt":"2025-03-25T21:10:50","slug":"death-from-sandman","status":"publish","type":"product","link":"https:\/\/daenir.art\/cs\/produkt\/death-from-sandman\/","title":{"rendered":"Smrt ze Sandmana"},"content":{"rendered":"<p><strong>\u2725 Z\u00c1KLADN\u00cd INFORMACE \u2725<\/strong><br \/>\n\u2022 Vysoce kvalitn\u00ed digit\u00e1ln\u00ed tisk na matn\u00fd k\u0159\u00eddov\u00fd pap\u00edr 250 g\/m\u00b2.<br \/>\n\u2022 Vodoznak a logo NEBUDOU zobrazeny.<br \/>\n\u2022 R\u00e1me\u010dek NEN\u00cd sou\u010d\u00e1st\u00ed.<\/p>\n<p>\u00b0\u2727\u2726 V ka\u017ed\u00e9 objedn\u00e1vce obdr\u017e\u00edte tak\u00e9 slevu na dal\u0161\u00ed n\u00e1kup, najdete zde tak\u00e9 drobn\u00e9 p\u0159edm\u011bty, jako jsou pohlednice, samolepky, z\u00e1lo\u017eky nebo jin\u00e9 n\u00e1hodn\u011b vybran\u00e9! A v ka\u017ed\u00e9 objedn\u00e1vce nad 20 USD \/ 20 \u20ac \/ 500 K\u010d zas\u00edl\u00e1m !!!LUCKY DIP!!!\u2726\u2727\u00b0<\/p>\n<p>&#8212;<\/p>\n<p><strong>\u2725 VELIKOST a BARVY \u2725<\/strong><br \/>\n\u2022 A3 (29,7\u00d742 cm \/ 11.69\u00d716.5 inches) nebo A4 (21\u00d729,7 cm \/ 8,26\u00d711.69 inches) nebo A5 (14,8\u00d721 cm \/ 5,82\u00d78,26 inches)<br \/>\n\u2022  Upozor\u0148ujeme, \u017ee barvy, kter\u00e9 vid\u00edte na monitoru, se mohou m\u00edrn\u011b li\u0161it od skute\u010dn\u00fdch barev tisku.<\/p>\n<p>&#8212;<\/p>\n<p><strong>\u2725 SHIPPING and CHANGE IN ORDER \u2725<\/strong><br \/>\n\u2022 V\u00fdtisky se zas\u00edlaj\u00ed na plocho s pevn\u00fdm kartonem a v bublinkov\u00e9 ob\u00e1lce nebo v kartonov\u00e9 ob\u00e1lce.<br \/>\n\u2022 Pos\u00edl\u00e1m nejrychlej\u0161\u00ed mo\u017enou po\u0161tou se sledovac\u00edm \u010d\u00edslem - tak\u017ee se Va\u0161e objedn\u00e1vka neztrat\u00ed.<br \/>\n\u2022 Bohu\u017eel od t\u00e9 doby, co jsem se p\u0159est\u011bhovala z velk\u00e9ho m\u011bsta na vesnici, u\u017e nem\u00e1m tak dostupnou po\u0161tu. Tak\u017ee pos\u00edl\u00e1m jen dvakr\u00e1t t\u00fddn\u011b. D\u011bkuji za pochopen\u00ed a trp\u011blivost!<\/p>\n<p>&#8212;<\/p>\n<p><strong>\u2725 OSTATN\u00cd \u2725<\/strong><\/p>\n<p><strong>\u2022 Pokud objedn\u00e1vku pos\u00edl\u00e1te jako d\u00e1rek, m\u016f\u017eete p\u0159i objedn\u00e1vce napsat text do pozn\u00e1mky, kterou p\u0159\u00edjemce obdr\u017e\u00ed na ru\u010dn\u011b psan\u00e9 kart\u011b.<\/strong><br \/>\n\u2022 Zm\u011bny nelze prov\u00e1d\u011bt po odesl\u00e1n\u00ed objedn\u00e1vky.<br \/>\n\u2022 Pokud m\u00e1te n\u011bjak\u00e9 dotazy, kontaktujte m\u011b zde nebo na m\u00e9m Instagramu (@deanirart). \ud83d\ude42<\/p>","protected":false},"excerpt":{"rendered":"<p>\u2725 BASIC INFO \u2725 \u2022 High-quality digital printing on matt coated paper 250 g\/m\u00b2. \u2022 Watermark and logo WILL NOT be shown. \u2022 The frame is NOT included. \u00b0\u2727\u2726 In each order, you will also receive a discount on your next purchase, you can also find some small items such as postcards, stickers, bookmarks or&hellip;&nbsp;<a href=\"https:\/\/daenir.art\/cs\/produkt\/death-from-sandman\/\" rel=\"bookmark\">\u010c\u00edst d\u00e1le &raquo;<span class=\"screen-reader-text\">Smrt ze Sandmana<\/span><\/a><\/p>","protected":false},"featured_media":1585,"template":"","meta":{"neve_meta_sidebar":"","neve_meta_container":"","neve_meta_enable_content_width":"off","neve_meta_content_width":70,"neve_meta_title_alignment":"","neve_meta_author_avatar":"","neve_post_elements_order":"","neve_meta_disable_header":"","neve_meta_disable_footer":"","neve_meta_disable_title":"","_themeisle_gutenberg_block_has_review":false},"product_brand":[],"product_cat":[63,28],"product_tag":[],"class_list":{"0":"post-1593","1":"product","2":"type-product","3":"status-publish","4":"has-post-thumbnail","6":"product_cat-posters","7":"product_cat-all","9":"first","10":"instock","11":"shipping-taxable","12":"purchasable","13":"product-type-variable"},"yoast_head":"<!-- This site is optimized with the Yoast SEO plugin v27.5 - https:\/\/yoast.com\/product\/yoast-seo-wordpress\/ -->\n<title>Death from Sandman | Dae Nir<\/title>\n<meta name=\"robots\" content=\"index, follow, max-snippet:-1, max-image-preview:large, max-video-preview:-1\" \/>\n<link rel=\"canonical\" href=\"https:\/\/daenir.art\/cs\/produkt\/death-from-sandman\/\" \/>\n<meta property=\"og:locale\" content=\"cs_CZ\" \/>\n<meta property=\"og:type\" content=\"article\" \/>\n<meta property=\"og:title\" content=\"Death from Sandman | Dae Nir\" \/>\n<meta property=\"og:description\" content=\"\u2725 BASIC INFO \u2725 \u2022 High-quality digital printing on matt coated paper 250 g\/m\u00b2. \u2022 Watermark and logo WILL NOT be shown. \u2022 The frame is NOT included. \u00b0\u2727\u2726 In each order, you will also receive a discount on your next purchase, you can also find some small items such as postcards, stickers, bookmarks or&hellip;&nbsp;\u010c\u00edst d\u00e1le &raquo;Death from Sandman\" \/>\n<meta property=\"og:url\" content=\"https:\/\/daenir.art\/cs\/produkt\/death-from-sandman\/\" \/>\n<meta property=\"og:site_name\" content=\"Dae Nir\" \/>\n<meta property=\"article:modified_time\" content=\"2025-03-25T21:10:50+00:00\" \/>\n<meta property=\"og:image\" content=\"https:\/\/daenir.art\/wp-content\/uploads\/2022\/01\/etsy_preview-1.png\" \/>\n\t<meta property=\"og:image:width\" content=\"707\" \/>\n\t<meta property=\"og:image:height\" content=\"1000\" \/>\n\t<meta property=\"og:image:type\" content=\"image\/png\" \/>\n<meta name=\"twitter:card\" content=\"summary_large_image\" \/>\n<meta name=\"twitter:label1\" content=\"Odhadovan\u00e1 doba \u010dten\u00ed\" \/>\n\t<meta name=\"twitter:data1\" content=\"2 minuty\" \/>\n<script type=\"application\/ld+json\" class=\"yoast-schema-graph\">{\"@context\":\"https:\\\/\\\/schema.org\",\"@graph\":[{\"@type\":\"WebPage\",\"@id\":\"https:\\\/\\\/daenir.art\\\/produkt\\\/death-from-sandman\\\/\",\"url\":\"https:\\\/\\\/daenir.art\\\/produkt\\\/death-from-sandman\\\/\",\"name\":\"Death from Sandman | Dae Nir\",\"isPartOf\":{\"@id\":\"https:\\\/\\\/daenir.art\\\/#website\"},\"primaryImageOfPage\":{\"@id\":\"https:\\\/\\\/daenir.art\\\/produkt\\\/death-from-sandman\\\/#primaryimage\"},\"image\":{\"@id\":\"https:\\\/\\\/daenir.art\\\/produkt\\\/death-from-sandman\\\/#primaryimage\"},\"thumbnailUrl\":\"https:\\\/\\\/i0.wp.com\\\/daenir.art\\\/wp-content\\\/uploads\\\/2022\\\/01\\\/etsy_preview-1.png?fit=707%2C1000&ssl=1\",\"datePublished\":\"2022-01-17T08:14:03+00:00\",\"dateModified\":\"2025-03-25T21:10:50+00:00\",\"breadcrumb\":{\"@id\":\"https:\\\/\\\/daenir.art\\\/produkt\\\/death-from-sandman\\\/#breadcrumb\"},\"inLanguage\":\"cs\",\"potentialAction\":[{\"@type\":\"ReadAction\",\"target\":[\"https:\\\/\\\/daenir.art\\\/produkt\\\/death-from-sandman\\\/\"]}]},{\"@type\":\"ImageObject\",\"inLanguage\":\"cs\",\"@id\":\"https:\\\/\\\/daenir.art\\\/produkt\\\/death-from-sandman\\\/#primaryimage\",\"url\":\"https:\\\/\\\/i0.wp.com\\\/daenir.art\\\/wp-content\\\/uploads\\\/2022\\\/01\\\/etsy_preview-1.png?fit=707%2C1000&ssl=1\",\"contentUrl\":\"https:\\\/\\\/i0.wp.com\\\/daenir.art\\\/wp-content\\\/uploads\\\/2022\\\/01\\\/etsy_preview-1.png?fit=707%2C1000&ssl=1\",\"width\":707,\"height\":1000},{\"@type\":\"BreadcrumbList\",\"@id\":\"https:\\\/\\\/daenir.art\\\/produkt\\\/death-from-sandman\\\/#breadcrumb\",\"itemListElement\":[{\"@type\":\"ListItem\",\"position\":1,\"name\":\"Home\",\"item\":\"https:\\\/\\\/daenir.art\\\/\"},{\"@type\":\"ListItem\",\"position\":2,\"name\":\"Shop\",\"item\":\"https:\\\/\\\/daenir.art\\\/shop\\\/\"},{\"@type\":\"ListItem\",\"position\":3,\"name\":\"Death from Sandman\"}]},{\"@type\":\"WebSite\",\"@id\":\"https:\\\/\\\/daenir.art\\\/#website\",\"url\":\"https:\\\/\\\/daenir.art\\\/\",\"name\":\"Dae Nir Art\",\"description\":\"Mystical Art from a Darker Realm\",\"publisher\":{\"@id\":\"https:\\\/\\\/daenir.art\\\/#\\\/schema\\\/person\\\/20dd059b78448af6362377a99976bfb8\"},\"alternateName\":\"Dae Nir \u2013 Dark & Enchanting Art\",\"potentialAction\":[{\"@type\":\"SearchAction\",\"target\":{\"@type\":\"EntryPoint\",\"urlTemplate\":\"https:\\\/\\\/daenir.art\\\/?s={search_term_string}\"},\"query-input\":{\"@type\":\"PropertyValueSpecification\",\"valueRequired\":true,\"valueName\":\"search_term_string\"}}],\"inLanguage\":\"cs\"},{\"@type\":[\"Person\",\"Organization\"],\"@id\":\"https:\\\/\\\/daenir.art\\\/#\\\/schema\\\/person\\\/20dd059b78448af6362377a99976bfb8\",\"name\":\"Daenir\",\"image\":{\"@type\":\"ImageObject\",\"inLanguage\":\"cs\",\"@id\":\"https:\\\/\\\/i0.wp.com\\\/daenir.art\\\/wp-content\\\/uploads\\\/2021\\\/03\\\/logo-1.png?fit=655%2C594&ssl=1\",\"url\":\"https:\\\/\\\/i0.wp.com\\\/daenir.art\\\/wp-content\\\/uploads\\\/2021\\\/03\\\/logo-1.png?fit=655%2C594&ssl=1\",\"contentUrl\":\"https:\\\/\\\/i0.wp.com\\\/daenir.art\\\/wp-content\\\/uploads\\\/2021\\\/03\\\/logo-1.png?fit=655%2C594&ssl=1\",\"width\":655,\"height\":594,\"caption\":\"Daenir\"},\"logo\":{\"@id\":\"https:\\\/\\\/i0.wp.com\\\/daenir.art\\\/wp-content\\\/uploads\\\/2021\\\/03\\\/logo-1.png?fit=655%2C594&ssl=1\"},\"sameAs\":[\"https:\\\/\\\/daenir.art\\\/\"]}]}<\/script>\n<!-- \/ Yoast SEO plugin. -->","yoast_head_json":{"title":"Death from Sandman | Dae Nir","robots":{"index":"index","follow":"follow","max-snippet":"max-snippet:-1","max-image-preview":"max-image-preview:large","max-video-preview":"max-video-preview:-1"},"canonical":"https:\/\/daenir.art\/cs\/produkt\/death-from-sandman\/","og_locale":"cs_CZ","og_type":"article","og_title":"Death from Sandman | Dae Nir","og_description":"\u2725 BASIC INFO \u2725 \u2022 High-quality digital printing on matt coated paper 250 g\/m\u00b2. \u2022 Watermark and logo WILL NOT be shown. \u2022 The frame is NOT included. \u00b0\u2727\u2726 In each order, you will also receive a discount on your next purchase, you can also find some small items such as postcards, stickers, bookmarks or&hellip;&nbsp;\u010c\u00edst d\u00e1le &raquo;Death from Sandman","og_url":"https:\/\/daenir.art\/cs\/produkt\/death-from-sandman\/","og_site_name":"Dae Nir","article_modified_time":"2025-03-25T21:10:50+00:00","og_image":[{"width":707,"height":1000,"url":"https:\/\/daenir.art\/wp-content\/uploads\/2022\/01\/etsy_preview-1.png","type":"image\/png"}],"twitter_card":"summary_large_image","twitter_misc":{"Odhadovan\u00e1 doba \u010dten\u00ed":"2 minuty"},"schema":{"@context":"https:\/\/schema.org","@graph":[{"@type":"WebPage","@id":"https:\/\/daenir.art\/produkt\/death-from-sandman\/","url":"https:\/\/daenir.art\/produkt\/death-from-sandman\/","name":"Death from Sandman | Dae Nir","isPartOf":{"@id":"https:\/\/daenir.art\/#website"},"primaryImageOfPage":{"@id":"https:\/\/daenir.art\/produkt\/death-from-sandman\/#primaryimage"},"image":{"@id":"https:\/\/daenir.art\/produkt\/death-from-sandman\/#primaryimage"},"thumbnailUrl":"https:\/\/i0.wp.com\/daenir.art\/wp-content\/uploads\/2022\/01\/etsy_preview-1.png?fit=707%2C1000&ssl=1","datePublished":"2022-01-17T08:14:03+00:00","dateModified":"2025-03-25T21:10:50+00:00","breadcrumb":{"@id":"https:\/\/daenir.art\/produkt\/death-from-sandman\/#breadcrumb"},"inLanguage":"cs","potentialAction":[{"@type":"ReadAction","target":["https:\/\/daenir.art\/produkt\/death-from-sandman\/"]}]},{"@type":"ImageObject","inLanguage":"cs","@id":"https:\/\/daenir.art\/produkt\/death-from-sandman\/#primaryimage","url":"https:\/\/i0.wp.com\/daenir.art\/wp-content\/uploads\/2022\/01\/etsy_preview-1.png?fit=707%2C1000&ssl=1","contentUrl":"https:\/\/i0.wp.com\/daenir.art\/wp-content\/uploads\/2022\/01\/etsy_preview-1.png?fit=707%2C1000&ssl=1","width":707,"height":1000},{"@type":"BreadcrumbList","@id":"https:\/\/daenir.art\/produkt\/death-from-sandman\/#breadcrumb","itemListElement":[{"@type":"ListItem","position":1,"name":"Home","item":"https:\/\/daenir.art\/"},{"@type":"ListItem","position":2,"name":"Shop","item":"https:\/\/daenir.art\/shop\/"},{"@type":"ListItem","position":3,"name":"Death from Sandman"}]},{"@type":"WebSite","@id":"https:\/\/daenir.art\/#website","url":"https:\/\/daenir.art\/","name":"Dae Nir Art","description":"Mystical Art from a Darker Realm","publisher":{"@id":"https:\/\/daenir.art\/#\/schema\/person\/20dd059b78448af6362377a99976bfb8"},"alternateName":"Dae Nir \u2013 Dark & Enchanting Art","potentialAction":[{"@type":"SearchAction","target":{"@type":"EntryPoint","urlTemplate":"https:\/\/daenir.art\/?s={search_term_string}"},"query-input":{"@type":"PropertyValueSpecification","valueRequired":true,"valueName":"search_term_string"}}],"inLanguage":"cs"},{"@type":["Person","Organization"],"@id":"https:\/\/daenir.art\/#\/schema\/person\/20dd059b78448af6362377a99976bfb8","name":"Daenir","image":{"@type":"ImageObject","inLanguage":"cs","@id":"https:\/\/i0.wp.com\/daenir.art\/wp-content\/uploads\/2021\/03\/logo-1.png?fit=655%2C594&ssl=1","url":"https:\/\/i0.wp.com\/daenir.art\/wp-content\/uploads\/2021\/03\/logo-1.png?fit=655%2C594&ssl=1","contentUrl":"https:\/\/i0.wp.com\/daenir.art\/wp-content\/uploads\/2021\/03\/logo-1.png?fit=655%2C594&ssl=1","width":655,"height":594,"caption":"Daenir"},"logo":{"@id":"https:\/\/i0.wp.com\/daenir.art\/wp-content\/uploads\/2021\/03\/logo-1.png?fit=655%2C594&ssl=1"},"sameAs":["https:\/\/daenir.art\/"]}]}},"jetpack_sharing_enabled":true,"_links":{"self":[{"href":"https:\/\/daenir.art\/cs\/wp-json\/wp\/v2\/product\/1593","targetHints":{"allow":["GET"]}}],"collection":[{"href":"https:\/\/daenir.art\/cs\/wp-json\/wp\/v2\/product"}],"about":[{"href":"https:\/\/daenir.art\/cs\/wp-json\/wp\/v2\/types\/product"}],"wp:featuredmedia":[{"embeddable":true,"href":"https:\/\/daenir.art\/cs\/wp-json\/wp\/v2\/media\/1585"}],"wp:attachment":[{"href":"https:\/\/daenir.art\/cs\/wp-json\/wp\/v2\/media?parent=1593"}],"wp:term":[{"taxonomy":"product_brand","embeddable":true,"href":"https:\/\/daenir.art\/cs\/wp-json\/wp\/v2\/product_brand?post=1593"},{"taxonomy":"product_cat","embeddable":true,"href":"https:\/\/daenir.art\/cs\/wp-json\/wp\/v2\/product_cat?post=1593"},{"taxonomy":"product_tag","embeddable":true,"href":"https:\/\/daenir.art\/cs\/wp-json\/wp\/v2\/product_tag?post=1593"}],"curies":[{"name":"wp","href":"https:\/\/api.w.org\/{rel}","templated":true}]}}