{"id":1601,"date":"2022-01-17T09:16:23","date_gmt":"2022-01-17T08:16:23","guid":{"rendered":"https:\/\/daenir.art\/?post_type=product&#038;p=1601"},"modified":"2025-03-09T11:11:02","modified_gmt":"2025-03-09T10:11:02","slug":"slavic-mythology-morana-morena-marzanna","status":"publish","type":"product","link":"https:\/\/daenir.art\/cs\/produkt\/slavic-mythology-morana-morena-marzanna\/","title":{"rendered":"Slavic Mythology: Morena \/ Mara \/ Marzanna"},"content":{"rendered":"<p><strong>\u2726 DESCRIPTION \u2726<\/strong><\/p>\n<p><strong>Slavic Mythology: Morena \/ Mara \/ Marzanna<\/strong><br \/>\n\u2022 Morana or Morena is the goddess of winter, death, disease and nightmares. In winter, she walks throughout the land, leaving everything weak and unviable to die. She has a lit oil lamp for every mortal which cannot be peeked into. When the lamp goes out, the mortal departs to the realm of the dead. She is often depicted as an old woman in black or as a young woman with black hair in a white dress, with a veil studded with diamonds and a crown on her head. Her symbols include, for example, a sickle, a spruce tree, a raven and a lamp.\u2800<\/p>\n<p><strong>\u2726 Z\u00c1KLADN\u00cd INFORMACE \u2726<\/strong><br \/>\n\u2022 Vysoce kvalitn\u00ed digit\u00e1ln\u00ed tisk na matn\u00fd k\u0159\u00eddov\u00fd pap\u00edr 250 g\/m\u00b2.<br \/>\n\u2022 Vodoznak a logo NEBUDOU zobrazeny.<br \/>\n\u2022 R\u00e1me\u010dek NEN\u00cd sou\u010d\u00e1st\u00ed.<\/p>\n<p>\u00b0\u2727\u2726 V ka\u017ed\u00e9 objedn\u00e1vce obdr\u017e\u00edte tak\u00e9 slevu na dal\u0161\u00ed n\u00e1kup, najdete zde tak\u00e9 drobn\u00e9 p\u0159edm\u011bty, jako jsou pohlednice, samolepky, z\u00e1lo\u017eky nebo jin\u00e9 n\u00e1hodn\u011b vybran\u00e9! A v ka\u017ed\u00e9 objedn\u00e1vce nad 20 USD \/ 20 \u20ac \/ 500 K\u010d zas\u00edl\u00e1m !!!LUCKY DIP!!!\u2726\u2727\u00b0<\/p>\n<p>&#8212;<\/p>\n<p><strong>\u2726 SIZE and COLORS \u2726<\/strong><br \/>\n\u2022 A3 (29,7\u00d742 cm \/ 11.69\u00d716.5 inches) nebo A4 (21\u00d729,7 cm \/ 8,26\u00d711.69 inches) nebo A5 (14,8\u00d721 cm \/ 5,82\u00d78,26 inches)<br \/>\n\u2022  Upozor\u0148ujeme, \u017ee barvy, kter\u00e9 vid\u00edte na monitoru, se mohou m\u00edrn\u011b li\u0161it od skute\u010dn\u00fdch barev tisku.<\/p>\n<p>\u2726 PO\u0160TOVN\u00c9 \u2726<br \/>\n\u2022 I ship via the fastest available mail with a tracking number, ensuring your order won\u2019t<br \/>\nget lost. If there\u2019s any issue with the shipment, please don\u2019t hesitate to contact me, and<br \/>\nwe\u2019ll resolve it together. <img data-recalc-dims=\"1\" decoding=\"async\" title=\":-)\" data-src=\"https:\/\/i0.wp.com\/email.seznam.cz\/static\/wm\/img\/smileys\/s01.png?w=1200&#038;ssl=1\" alt=\":-)\" src=\"data:image\/svg+xml;base64,PHN2ZyB3aWR0aD0iMSIgaGVpZ2h0PSIxIiB4bWxucz0iaHR0cDovL3d3dy53My5vcmcvMjAwMC9zdmciPjwvc3ZnPg==\" class=\"lazyload\" \/><\/p>\n<p>\u2726 DOPRAVA a ZM\u011aNY V OBJEDN\u00c1VCE \u2726<br \/>\n\u2022 V\u0161echny z\u00e1silky jsou zas\u00edl\u00e1ny s \u010d\u00edslem pro sledov\u00e1n\u00ed z\u00e1silky.<br \/>\n\u2022 Prints are sent flat with solid cardboard and in a bubble envelope or in a cardboard<br \/>\nenvelope.<br \/>\n\u2022 Changes may not be made after the order has been shipped and reshipping a returned<br \/>\npackage will be at your cost.<\/p>\n<p>\u2726 AUTOGRAM \u2726<br \/>\n\u2022 All prints are sent without (my) author&#8217;s signature, if you want to sign the print, write a<br \/>\nnote when ordering.<\/p>\n<p>\u2726 OSTATN\u00cd \u2726<br \/>\n\u2022 If you order multiple prints, you can get a discount; check out the &#8220;Print set&#8221; in my<br \/>\nshop.<br \/>\n\u2022 <strong>Pokud objedn\u00e1vku pos\u00edl\u00e1te jako d\u00e1rek, m\u016f\u017eete do pozn\u00e1mky p\u0159i objedn\u00e1vce napsat text, kter\u00fd p\u0159\u00edjemce obdr\u017e\u00ed na ru\u010dn\u011b psan\u00e9 kart\u011b.<\/strong><br \/>\n\u2022 Pokud m\u00e1te n\u011bjak\u00e9 dotazy, kontaktujte m\u011b zde nebo na m\u00e9m Instagramu (@deanirart). \ud83d\ude42 <img data-recalc-dims=\"1\" decoding=\"async\" title=\":-)\" data-src=\"https:\/\/i0.wp.com\/email.seznam.cz\/static\/wm\/img\/smileys\/s01.png?w=1200&#038;ssl=1\" alt=\":-)\" src=\"data:image\/svg+xml;base64,PHN2ZyB3aWR0aD0iMSIgaGVpZ2h0PSIxIiB4bWxucz0iaHR0cDovL3d3dy53My5vcmcvMjAwMC9zdmciPjwvc3ZnPg==\" class=\"lazyload\" \/><\/p>","protected":false},"excerpt":{"rendered":"<p>\u2726 DESCRIPTION \u2726 Slavic Mythology: Morena \/ Mara \/ Marzanna \u2022 Morana or Morena is the goddess of winter, death, disease and nightmares. In winter, she walks throughout the land, leaving everything weak and unviable to die. She has a lit oil lamp for every mortal which cannot be peeked into. When the lamp goes&hellip;&nbsp;<a href=\"https:\/\/daenir.art\/cs\/produkt\/slavic-mythology-morana-morena-marzanna\/\" rel=\"bookmark\">\u010c\u00edst d\u00e1le &raquo;<span class=\"screen-reader-text\">Slavic Mythology: Morena \/ Mara \/ Marzanna<\/span><\/a><\/p>","protected":false},"featured_media":1583,"template":"","meta":{"neve_meta_sidebar":"","neve_meta_container":"","neve_meta_enable_content_width":"off","neve_meta_content_width":70,"neve_meta_title_alignment":"","neve_meta_author_avatar":"","neve_post_elements_order":"","neve_meta_disable_header":"","neve_meta_disable_footer":"","neve_meta_disable_title":"","_themeisle_gutenberg_block_has_review":false},"product_brand":[],"product_cat":[30,63,28],"product_tag":[],"class_list":{"0":"post-1601","1":"product","2":"type-product","3":"status-publish","4":"has-post-thumbnail","6":"product_cat-slavic-mythology","7":"product_cat-posters","8":"product_cat-all","10":"first","11":"instock","12":"shipping-taxable","13":"purchasable","14":"product-type-variable"},"yoast_head":"<!-- This site is optimized with the Yoast SEO plugin v27.5 - https:\/\/yoast.com\/product\/yoast-seo-wordpress\/ -->\n<title>Slavic Mythology: Morena \/ Mara \/ Marzanna | Dae Nir<\/title>\n<meta name=\"robots\" content=\"index, follow, max-snippet:-1, max-image-preview:large, max-video-preview:-1\" \/>\n<link rel=\"canonical\" href=\"https:\/\/daenir.art\/cs\/produkt\/slavic-mythology-morana-morena-marzanna\/\" \/>\n<meta property=\"og:locale\" content=\"cs_CZ\" \/>\n<meta property=\"og:type\" content=\"article\" \/>\n<meta property=\"og:title\" content=\"Slavic Mythology: Morena \/ Mara \/ Marzanna | Dae Nir\" \/>\n<meta property=\"og:description\" content=\"\u2726 DESCRIPTION \u2726 Slavic Mythology: Morena \/ Mara \/ Marzanna \u2022 Morana or Morena is the goddess of winter, death, disease and nightmares. In winter, she walks throughout the land, leaving everything weak and unviable to die. She has a lit oil lamp for every mortal which cannot be peeked into. When the lamp goes&hellip;&nbsp;\u010c\u00edst d\u00e1le &raquo;Slavic Mythology: Morena \/ Mara \/ Marzanna\" \/>\n<meta property=\"og:url\" content=\"https:\/\/daenir.art\/cs\/produkt\/slavic-mythology-morana-morena-marzanna\/\" \/>\n<meta property=\"og:site_name\" content=\"Dae Nir\" \/>\n<meta property=\"article:modified_time\" content=\"2025-03-09T10:11:02+00:00\" \/>\n<meta property=\"og:image\" content=\"https:\/\/daenir.art\/wp-content\/uploads\/2022\/01\/etsy_preview.png\" \/>\n\t<meta property=\"og:image:width\" content=\"707\" \/>\n\t<meta property=\"og:image:height\" content=\"1000\" \/>\n\t<meta property=\"og:image:type\" content=\"image\/png\" \/>\n<meta name=\"twitter:card\" content=\"summary_large_image\" \/>\n<meta name=\"twitter:label1\" content=\"Odhadovan\u00e1 doba \u010dten\u00ed\" \/>\n\t<meta name=\"twitter:data1\" content=\"3 minuty\" \/>\n<script type=\"application\/ld+json\" class=\"yoast-schema-graph\">{\"@context\":\"https:\\\/\\\/schema.org\",\"@graph\":[{\"@type\":\"WebPage\",\"@id\":\"https:\\\/\\\/daenir.art\\\/produkt\\\/slavic-mythology-morana-morena-marzanna\\\/\",\"url\":\"https:\\\/\\\/daenir.art\\\/produkt\\\/slavic-mythology-morana-morena-marzanna\\\/\",\"name\":\"Slavic Mythology: Morena \\\/ Mara \\\/ Marzanna | Dae Nir\",\"isPartOf\":{\"@id\":\"https:\\\/\\\/daenir.art\\\/#website\"},\"primaryImageOfPage\":{\"@id\":\"https:\\\/\\\/daenir.art\\\/produkt\\\/slavic-mythology-morana-morena-marzanna\\\/#primaryimage\"},\"image\":{\"@id\":\"https:\\\/\\\/daenir.art\\\/produkt\\\/slavic-mythology-morana-morena-marzanna\\\/#primaryimage\"},\"thumbnailUrl\":\"https:\\\/\\\/i0.wp.com\\\/daenir.art\\\/wp-content\\\/uploads\\\/2022\\\/01\\\/etsy_preview.png?fit=707%2C1000&ssl=1\",\"datePublished\":\"2022-01-17T08:16:23+00:00\",\"dateModified\":\"2025-03-09T10:11:02+00:00\",\"breadcrumb\":{\"@id\":\"https:\\\/\\\/daenir.art\\\/produkt\\\/slavic-mythology-morana-morena-marzanna\\\/#breadcrumb\"},\"inLanguage\":\"cs\",\"potentialAction\":[{\"@type\":\"ReadAction\",\"target\":[\"https:\\\/\\\/daenir.art\\\/produkt\\\/slavic-mythology-morana-morena-marzanna\\\/\"]}]},{\"@type\":\"ImageObject\",\"inLanguage\":\"cs\",\"@id\":\"https:\\\/\\\/daenir.art\\\/produkt\\\/slavic-mythology-morana-morena-marzanna\\\/#primaryimage\",\"url\":\"https:\\\/\\\/i0.wp.com\\\/daenir.art\\\/wp-content\\\/uploads\\\/2022\\\/01\\\/etsy_preview.png?fit=707%2C1000&ssl=1\",\"contentUrl\":\"https:\\\/\\\/i0.wp.com\\\/daenir.art\\\/wp-content\\\/uploads\\\/2022\\\/01\\\/etsy_preview.png?fit=707%2C1000&ssl=1\",\"width\":707,\"height\":1000},{\"@type\":\"BreadcrumbList\",\"@id\":\"https:\\\/\\\/daenir.art\\\/produkt\\\/slavic-mythology-morana-morena-marzanna\\\/#breadcrumb\",\"itemListElement\":[{\"@type\":\"ListItem\",\"position\":1,\"name\":\"Home\",\"item\":\"https:\\\/\\\/daenir.art\\\/\"},{\"@type\":\"ListItem\",\"position\":2,\"name\":\"Shop\",\"item\":\"https:\\\/\\\/daenir.art\\\/shop\\\/\"},{\"@type\":\"ListItem\",\"position\":3,\"name\":\"Slavic Mythology: Morena \\\/ Mara \\\/ Marzanna\"}]},{\"@type\":\"WebSite\",\"@id\":\"https:\\\/\\\/daenir.art\\\/#website\",\"url\":\"https:\\\/\\\/daenir.art\\\/\",\"name\":\"Dae Nir Art\",\"description\":\"Mystical Art from a Darker Realm\",\"publisher\":{\"@id\":\"https:\\\/\\\/daenir.art\\\/#\\\/schema\\\/person\\\/20dd059b78448af6362377a99976bfb8\"},\"alternateName\":\"Dae Nir \u2013 Dark & Enchanting Art\",\"potentialAction\":[{\"@type\":\"SearchAction\",\"target\":{\"@type\":\"EntryPoint\",\"urlTemplate\":\"https:\\\/\\\/daenir.art\\\/?s={search_term_string}\"},\"query-input\":{\"@type\":\"PropertyValueSpecification\",\"valueRequired\":true,\"valueName\":\"search_term_string\"}}],\"inLanguage\":\"cs\"},{\"@type\":[\"Person\",\"Organization\"],\"@id\":\"https:\\\/\\\/daenir.art\\\/#\\\/schema\\\/person\\\/20dd059b78448af6362377a99976bfb8\",\"name\":\"Daenir\",\"image\":{\"@type\":\"ImageObject\",\"inLanguage\":\"cs\",\"@id\":\"https:\\\/\\\/i0.wp.com\\\/daenir.art\\\/wp-content\\\/uploads\\\/2021\\\/03\\\/logo-1.png?fit=655%2C594&ssl=1\",\"url\":\"https:\\\/\\\/i0.wp.com\\\/daenir.art\\\/wp-content\\\/uploads\\\/2021\\\/03\\\/logo-1.png?fit=655%2C594&ssl=1\",\"contentUrl\":\"https:\\\/\\\/i0.wp.com\\\/daenir.art\\\/wp-content\\\/uploads\\\/2021\\\/03\\\/logo-1.png?fit=655%2C594&ssl=1\",\"width\":655,\"height\":594,\"caption\":\"Daenir\"},\"logo\":{\"@id\":\"https:\\\/\\\/i0.wp.com\\\/daenir.art\\\/wp-content\\\/uploads\\\/2021\\\/03\\\/logo-1.png?fit=655%2C594&ssl=1\"},\"sameAs\":[\"https:\\\/\\\/daenir.art\\\/\"]}]}<\/script>\n<!-- \/ Yoast SEO plugin. -->","yoast_head_json":{"title":"Slavic Mythology: Morena \/ Mara \/ Marzanna | Dae Nir","robots":{"index":"index","follow":"follow","max-snippet":"max-snippet:-1","max-image-preview":"max-image-preview:large","max-video-preview":"max-video-preview:-1"},"canonical":"https:\/\/daenir.art\/cs\/produkt\/slavic-mythology-morana-morena-marzanna\/","og_locale":"cs_CZ","og_type":"article","og_title":"Slavic Mythology: Morena \/ Mara \/ Marzanna | Dae Nir","og_description":"\u2726 DESCRIPTION \u2726 Slavic Mythology: Morena \/ Mara \/ Marzanna \u2022 Morana or Morena is the goddess of winter, death, disease and nightmares. In winter, she walks throughout the land, leaving everything weak and unviable to die. She has a lit oil lamp for every mortal which cannot be peeked into. When the lamp goes&hellip;&nbsp;\u010c\u00edst d\u00e1le &raquo;Slavic Mythology: Morena \/ Mara \/ Marzanna","og_url":"https:\/\/daenir.art\/cs\/produkt\/slavic-mythology-morana-morena-marzanna\/","og_site_name":"Dae Nir","article_modified_time":"2025-03-09T10:11:02+00:00","og_image":[{"width":707,"height":1000,"url":"https:\/\/daenir.art\/wp-content\/uploads\/2022\/01\/etsy_preview.png","type":"image\/png"}],"twitter_card":"summary_large_image","twitter_misc":{"Odhadovan\u00e1 doba \u010dten\u00ed":"3 minuty"},"schema":{"@context":"https:\/\/schema.org","@graph":[{"@type":"WebPage","@id":"https:\/\/daenir.art\/produkt\/slavic-mythology-morana-morena-marzanna\/","url":"https:\/\/daenir.art\/produkt\/slavic-mythology-morana-morena-marzanna\/","name":"Slavic Mythology: Morena \/ Mara \/ Marzanna | Dae Nir","isPartOf":{"@id":"https:\/\/daenir.art\/#website"},"primaryImageOfPage":{"@id":"https:\/\/daenir.art\/produkt\/slavic-mythology-morana-morena-marzanna\/#primaryimage"},"image":{"@id":"https:\/\/daenir.art\/produkt\/slavic-mythology-morana-morena-marzanna\/#primaryimage"},"thumbnailUrl":"https:\/\/i0.wp.com\/daenir.art\/wp-content\/uploads\/2022\/01\/etsy_preview.png?fit=707%2C1000&ssl=1","datePublished":"2022-01-17T08:16:23+00:00","dateModified":"2025-03-09T10:11:02+00:00","breadcrumb":{"@id":"https:\/\/daenir.art\/produkt\/slavic-mythology-morana-morena-marzanna\/#breadcrumb"},"inLanguage":"cs","potentialAction":[{"@type":"ReadAction","target":["https:\/\/daenir.art\/produkt\/slavic-mythology-morana-morena-marzanna\/"]}]},{"@type":"ImageObject","inLanguage":"cs","@id":"https:\/\/daenir.art\/produkt\/slavic-mythology-morana-morena-marzanna\/#primaryimage","url":"https:\/\/i0.wp.com\/daenir.art\/wp-content\/uploads\/2022\/01\/etsy_preview.png?fit=707%2C1000&ssl=1","contentUrl":"https:\/\/i0.wp.com\/daenir.art\/wp-content\/uploads\/2022\/01\/etsy_preview.png?fit=707%2C1000&ssl=1","width":707,"height":1000},{"@type":"BreadcrumbList","@id":"https:\/\/daenir.art\/produkt\/slavic-mythology-morana-morena-marzanna\/#breadcrumb","itemListElement":[{"@type":"ListItem","position":1,"name":"Home","item":"https:\/\/daenir.art\/"},{"@type":"ListItem","position":2,"name":"Shop","item":"https:\/\/daenir.art\/shop\/"},{"@type":"ListItem","position":3,"name":"Slavic Mythology: Morena \/ Mara \/ Marzanna"}]},{"@type":"WebSite","@id":"https:\/\/daenir.art\/#website","url":"https:\/\/daenir.art\/","name":"Dae Nir Art","description":"Mystical Art from a Darker Realm","publisher":{"@id":"https:\/\/daenir.art\/#\/schema\/person\/20dd059b78448af6362377a99976bfb8"},"alternateName":"Dae Nir \u2013 Dark & Enchanting Art","potentialAction":[{"@type":"SearchAction","target":{"@type":"EntryPoint","urlTemplate":"https:\/\/daenir.art\/?s={search_term_string}"},"query-input":{"@type":"PropertyValueSpecification","valueRequired":true,"valueName":"search_term_string"}}],"inLanguage":"cs"},{"@type":["Person","Organization"],"@id":"https:\/\/daenir.art\/#\/schema\/person\/20dd059b78448af6362377a99976bfb8","name":"Daenir","image":{"@type":"ImageObject","inLanguage":"cs","@id":"https:\/\/i0.wp.com\/daenir.art\/wp-content\/uploads\/2021\/03\/logo-1.png?fit=655%2C594&ssl=1","url":"https:\/\/i0.wp.com\/daenir.art\/wp-content\/uploads\/2021\/03\/logo-1.png?fit=655%2C594&ssl=1","contentUrl":"https:\/\/i0.wp.com\/daenir.art\/wp-content\/uploads\/2021\/03\/logo-1.png?fit=655%2C594&ssl=1","width":655,"height":594,"caption":"Daenir"},"logo":{"@id":"https:\/\/i0.wp.com\/daenir.art\/wp-content\/uploads\/2021\/03\/logo-1.png?fit=655%2C594&ssl=1"},"sameAs":["https:\/\/daenir.art\/"]}]}},"jetpack_sharing_enabled":true,"_links":{"self":[{"href":"https:\/\/daenir.art\/cs\/wp-json\/wp\/v2\/product\/1601","targetHints":{"allow":["GET"]}}],"collection":[{"href":"https:\/\/daenir.art\/cs\/wp-json\/wp\/v2\/product"}],"about":[{"href":"https:\/\/daenir.art\/cs\/wp-json\/wp\/v2\/types\/product"}],"wp:featuredmedia":[{"embeddable":true,"href":"https:\/\/daenir.art\/cs\/wp-json\/wp\/v2\/media\/1583"}],"wp:attachment":[{"href":"https:\/\/daenir.art\/cs\/wp-json\/wp\/v2\/media?parent=1601"}],"wp:term":[{"taxonomy":"product_brand","embeddable":true,"href":"https:\/\/daenir.art\/cs\/wp-json\/wp\/v2\/product_brand?post=1601"},{"taxonomy":"product_cat","embeddable":true,"href":"https:\/\/daenir.art\/cs\/wp-json\/wp\/v2\/product_cat?post=1601"},{"taxonomy":"product_tag","embeddable":true,"href":"https:\/\/daenir.art\/cs\/wp-json\/wp\/v2\/product_tag?post=1601"}],"curies":[{"name":"wp","href":"https:\/\/api.w.org\/{rel}","templated":true}]}}