{"id":1638,"date":"2022-01-24T08:55:41","date_gmt":"2022-01-24T07:55:41","guid":{"rendered":"https:\/\/daenir.art\/?post_type=product&#038;p=1638"},"modified":"2026-03-04T16:43:44","modified_gmt":"2026-03-04T15:43:44","slug":"lucky-dip","status":"publish","type":"product","link":"https:\/\/daenir.art\/cs\/produkt\/lucky-dip\/","title":{"rendered":"\u2726 \u0160t\u011bst\u00ed\u010dko \u2013 Fantasy um\u011bleck\u00e9 p\u0159ekvapen\u00ed \u2726"},"content":{"rendered":"<p class=\"\" data-start=\"169\" data-end=\"219\"><strong data-start=\"169\" data-end=\"217\">Magick\u00e9 p\u0159ekvapen\u00ed pro milovn\u00edky um\u011bn\u00ed a fantazie!<\/strong><\/p>\n<p class=\"\" data-start=\"221\" data-end=\"482\">Rozbalte malou ob\u00e1lku plnou kouzel! Toto <strong data-start=\"271\" data-end=\"284\">\u0160t\u011bst\u00ed\u010dko<\/strong> obsahuje pe\u010dliv\u011b vybranou sm\u011bs <strong data-start=\"314\" data-end=\"357\">fantasy pohlednic a mystick\u00fdch samolepek<\/strong> s m\u00fdmi origin\u00e1ln\u00edmi ilustracemi. Ka\u017ed\u00e1 ob\u00e1lka je tajemstv\u00edm \u2013 ide\u00e1ln\u00ed pro v\u0161echny, kte\u0159\u00ed miluj\u00ed p\u0159ekvapen\u00ed a kouzlo nezn\u00e1ma.<\/p>\n<p class=\"\" data-start=\"484\" data-end=\"645\">\ud83d\udce6 <strong data-start=\"487\" data-end=\"505\">Co je uvnit\u0159?<\/strong><br data-start=\"505\" data-end=\"508\" \/>\u2013 Alespo\u0148 <strong data-start=\"519\" data-end=\"538\">2 um\u011bleck\u00e9 pohlednice<\/strong><br data-start=\"538\" data-end=\"541\" \/>\u2013 Alespo\u0148 <strong data-start=\"552\" data-end=\"581\">2 fantasy samolepky<\/strong><br data-start=\"581\" data-end=\"584\" \/>(Designy se li\u0161\u00ed, ale v\u0161echny jsou z m\u00fdch origin\u00e1ln\u00edch ilustrac\u00ed!)<\/p>\n<p class=\"\" data-start=\"647\" data-end=\"829\">\ud83d\udcab <strong data-start=\"650\" data-end=\"701\">Bonus: 50 % ob\u00e1lek obsahuje magick\u00fd d\u00e1rek!<\/strong><br data-start=\"701\" data-end=\"704\" \/>M\u016f\u017eete vyhr\u00e1t jedno z tohoto:<br \/>\n\u2726 B\u011a\u017dN\u00c9: 20% sleva<br \/>\n\u2726 VZ\u00c1CN\u00c9: Arch n\u00e1lepek, 30% sleva<br \/>\n\u2726 EPICK\u00c9: Tisk zdarma, po\u0161tovn\u00e9 zdarma, 40% sleva<\/p>\n<p>\ud83c\udf81 <strong data-start=\"834\" data-end=\"885\">Zdarma ke ka\u017ed\u00e9 objedn\u00e1vce nad 20 $ \/ 20 \u20ac \/ 500 K\u010d!<\/strong><br data-start=\"885\" data-end=\"888\" \/>Nebo si jedno po\u0159i\u010fte samostatn\u011b a vneste do sv\u00e9 schr\u00e1nky trochu tajemna.<\/p>\n<p>&nbsp;<\/p>","protected":false},"excerpt":{"rendered":"<p>A magical surprise for art &amp; fantasy lovers! Unwrap a small envelope full of enchantment! This Lucky Dip contains a handpicked mix of fantasy postcards and mystical stickers featuring my original artwork. Each envelope is a mystery\u2014perfect for those who love surprises and the magic of the unknown. \ud83d\udce6 What\u2019s inside?\u2013 At least 2 art&hellip;&nbsp;<a href=\"https:\/\/daenir.art\/cs\/produkt\/lucky-dip\/\" rel=\"bookmark\">\u010c\u00edst d\u00e1le &raquo;<span class=\"screen-reader-text\">\u2726 \u0160t\u011bst\u00ed\u010dko \u2013 Fantasy um\u011bleck\u00e9 p\u0159ekvapen\u00ed \u2726<\/span><\/a><\/p>","protected":false},"featured_media":4173,"template":"","meta":{"neve_meta_sidebar":"","neve_meta_container":"","neve_meta_enable_content_width":"off","neve_meta_content_width":70,"neve_meta_title_alignment":"","neve_meta_author_avatar":"","neve_post_elements_order":"","neve_meta_disable_header":"","neve_meta_disable_footer":"","neve_meta_disable_title":"","_themeisle_gutenberg_block_has_review":false},"product_brand":[],"product_cat":[15,28],"product_tag":[],"class_list":{"0":"post-1638","1":"product","2":"type-product","3":"status-publish","4":"has-post-thumbnail","6":"product_cat-other","7":"product_cat-all","9":"first","10":"instock","11":"shipping-taxable","12":"purchasable","13":"product-type-simple"},"yoast_head":"<!-- This site is optimized with the Yoast SEO plugin v27.5 - https:\/\/yoast.com\/product\/yoast-seo-wordpress\/ -->\n<title>Fantasy Art Lucky Dip \u2013 Surprise Stickers &amp; Postcards<\/title>\n<meta name=\"description\" content=\"Get a fantasy art lucky dip! Includes mystery postcards &amp; stickers from original artworks. Surprise gift inside 50% of envelopes.\" \/>\n<meta name=\"robots\" content=\"index, follow, max-snippet:-1, max-image-preview:large, max-video-preview:-1\" \/>\n<link rel=\"canonical\" href=\"https:\/\/daenir.art\/cs\/produkt\/lucky-dip\/\" \/>\n<meta property=\"og:locale\" content=\"cs_CZ\" \/>\n<meta property=\"og:type\" content=\"article\" \/>\n<meta property=\"og:title\" content=\"Fantasy Art Lucky Dip \u2013 Surprise Stickers &amp; Postcards\" \/>\n<meta property=\"og:description\" content=\"Get a fantasy art lucky dip! Includes mystery postcards &amp; stickers from original artworks. Surprise gift inside 50% of envelopes.\" \/>\n<meta property=\"og:url\" content=\"https:\/\/daenir.art\/cs\/produkt\/lucky-dip\/\" \/>\n<meta property=\"og:site_name\" content=\"Dae Nir\" \/>\n<meta property=\"article:modified_time\" content=\"2026-03-04T15:43:44+00:00\" \/>\n<meta property=\"og:image\" content=\"https:\/\/daenir.art\/wp-content\/uploads\/2022\/01\/mockup_0004-1024x1024.jpg\" \/>\n\t<meta property=\"og:image:width\" content=\"1024\" \/>\n\t<meta property=\"og:image:height\" content=\"1024\" \/>\n\t<meta property=\"og:image:type\" content=\"image\/jpeg\" \/>\n<meta name=\"twitter:card\" content=\"summary_large_image\" \/>\n<meta name=\"twitter:label1\" content=\"Odhadovan\u00e1 doba \u010dten\u00ed\" \/>\n\t<meta name=\"twitter:data1\" content=\"1 minuta\" \/>\n<script type=\"application\/ld+json\" class=\"yoast-schema-graph\">{\"@context\":\"https:\\\/\\\/schema.org\",\"@graph\":[{\"@type\":\"WebPage\",\"@id\":\"https:\\\/\\\/daenir.art\\\/produkt\\\/lucky-dip\\\/\",\"url\":\"https:\\\/\\\/daenir.art\\\/produkt\\\/lucky-dip\\\/\",\"name\":\"Fantasy Art Lucky Dip \u2013 Surprise Stickers & Postcards\",\"isPartOf\":{\"@id\":\"https:\\\/\\\/daenir.art\\\/#website\"},\"primaryImageOfPage\":{\"@id\":\"https:\\\/\\\/daenir.art\\\/produkt\\\/lucky-dip\\\/#primaryimage\"},\"image\":{\"@id\":\"https:\\\/\\\/daenir.art\\\/produkt\\\/lucky-dip\\\/#primaryimage\"},\"thumbnailUrl\":\"https:\\\/\\\/i0.wp.com\\\/daenir.art\\\/wp-content\\\/uploads\\\/2022\\\/01\\\/mockup_0004.jpg?fit=2000%2C2000&ssl=1\",\"datePublished\":\"2022-01-24T07:55:41+00:00\",\"dateModified\":\"2026-03-04T15:43:44+00:00\",\"description\":\"Get a fantasy art lucky dip! Includes mystery postcards & stickers from original artworks. Surprise gift inside 50% of envelopes.\",\"breadcrumb\":{\"@id\":\"https:\\\/\\\/daenir.art\\\/produkt\\\/lucky-dip\\\/#breadcrumb\"},\"inLanguage\":\"cs\",\"potentialAction\":[{\"@type\":\"ReadAction\",\"target\":[\"https:\\\/\\\/daenir.art\\\/produkt\\\/lucky-dip\\\/\"]}]},{\"@type\":\"ImageObject\",\"inLanguage\":\"cs\",\"@id\":\"https:\\\/\\\/daenir.art\\\/produkt\\\/lucky-dip\\\/#primaryimage\",\"url\":\"https:\\\/\\\/i0.wp.com\\\/daenir.art\\\/wp-content\\\/uploads\\\/2022\\\/01\\\/mockup_0004.jpg?fit=2000%2C2000&ssl=1\",\"contentUrl\":\"https:\\\/\\\/i0.wp.com\\\/daenir.art\\\/wp-content\\\/uploads\\\/2022\\\/01\\\/mockup_0004.jpg?fit=2000%2C2000&ssl=1\",\"width\":2000,\"height\":2000},{\"@type\":\"BreadcrumbList\",\"@id\":\"https:\\\/\\\/daenir.art\\\/produkt\\\/lucky-dip\\\/#breadcrumb\",\"itemListElement\":[{\"@type\":\"ListItem\",\"position\":1,\"name\":\"Home\",\"item\":\"https:\\\/\\\/daenir.art\\\/\"},{\"@type\":\"ListItem\",\"position\":2,\"name\":\"Shop\",\"item\":\"https:\\\/\\\/daenir.art\\\/shop\\\/\"},{\"@type\":\"ListItem\",\"position\":3,\"name\":\"\u2726 Lucky Dip \u2013 Fantasy Art Surprise \u2726\"}]},{\"@type\":\"WebSite\",\"@id\":\"https:\\\/\\\/daenir.art\\\/#website\",\"url\":\"https:\\\/\\\/daenir.art\\\/\",\"name\":\"Dae Nir Art\",\"description\":\"Mystical Art from a Darker Realm\",\"publisher\":{\"@id\":\"https:\\\/\\\/daenir.art\\\/#\\\/schema\\\/person\\\/20dd059b78448af6362377a99976bfb8\"},\"alternateName\":\"Dae Nir \u2013 Dark & Enchanting Art\",\"potentialAction\":[{\"@type\":\"SearchAction\",\"target\":{\"@type\":\"EntryPoint\",\"urlTemplate\":\"https:\\\/\\\/daenir.art\\\/?s={search_term_string}\"},\"query-input\":{\"@type\":\"PropertyValueSpecification\",\"valueRequired\":true,\"valueName\":\"search_term_string\"}}],\"inLanguage\":\"cs\"},{\"@type\":[\"Person\",\"Organization\"],\"@id\":\"https:\\\/\\\/daenir.art\\\/#\\\/schema\\\/person\\\/20dd059b78448af6362377a99976bfb8\",\"name\":\"Daenir\",\"image\":{\"@type\":\"ImageObject\",\"inLanguage\":\"cs\",\"@id\":\"https:\\\/\\\/i0.wp.com\\\/daenir.art\\\/wp-content\\\/uploads\\\/2021\\\/03\\\/logo-1.png?fit=655%2C594&ssl=1\",\"url\":\"https:\\\/\\\/i0.wp.com\\\/daenir.art\\\/wp-content\\\/uploads\\\/2021\\\/03\\\/logo-1.png?fit=655%2C594&ssl=1\",\"contentUrl\":\"https:\\\/\\\/i0.wp.com\\\/daenir.art\\\/wp-content\\\/uploads\\\/2021\\\/03\\\/logo-1.png?fit=655%2C594&ssl=1\",\"width\":655,\"height\":594,\"caption\":\"Daenir\"},\"logo\":{\"@id\":\"https:\\\/\\\/i0.wp.com\\\/daenir.art\\\/wp-content\\\/uploads\\\/2021\\\/03\\\/logo-1.png?fit=655%2C594&ssl=1\"},\"sameAs\":[\"https:\\\/\\\/daenir.art\\\/\"]}]}<\/script>\n<!-- \/ Yoast SEO plugin. -->","yoast_head_json":{"title":"Fantasy Art Lucky Dip \u2013 Surprise Stickers & Postcards","description":"Get a fantasy art lucky dip! Includes mystery postcards & stickers from original artworks. Surprise gift inside 50% of envelopes.","robots":{"index":"index","follow":"follow","max-snippet":"max-snippet:-1","max-image-preview":"max-image-preview:large","max-video-preview":"max-video-preview:-1"},"canonical":"https:\/\/daenir.art\/cs\/produkt\/lucky-dip\/","og_locale":"cs_CZ","og_type":"article","og_title":"Fantasy Art Lucky Dip \u2013 Surprise Stickers & Postcards","og_description":"Get a fantasy art lucky dip! Includes mystery postcards & stickers from original artworks. Surprise gift inside 50% of envelopes.","og_url":"https:\/\/daenir.art\/cs\/produkt\/lucky-dip\/","og_site_name":"Dae Nir","article_modified_time":"2026-03-04T15:43:44+00:00","og_image":[{"width":1024,"height":1024,"url":"https:\/\/daenir.art\/wp-content\/uploads\/2022\/01\/mockup_0004-1024x1024.jpg","type":"image\/jpeg"}],"twitter_card":"summary_large_image","twitter_misc":{"Odhadovan\u00e1 doba \u010dten\u00ed":"1 minuta"},"schema":{"@context":"https:\/\/schema.org","@graph":[{"@type":"WebPage","@id":"https:\/\/daenir.art\/produkt\/lucky-dip\/","url":"https:\/\/daenir.art\/produkt\/lucky-dip\/","name":"Fantasy Art Lucky Dip \u2013 Surprise Stickers & Postcards","isPartOf":{"@id":"https:\/\/daenir.art\/#website"},"primaryImageOfPage":{"@id":"https:\/\/daenir.art\/produkt\/lucky-dip\/#primaryimage"},"image":{"@id":"https:\/\/daenir.art\/produkt\/lucky-dip\/#primaryimage"},"thumbnailUrl":"https:\/\/i0.wp.com\/daenir.art\/wp-content\/uploads\/2022\/01\/mockup_0004.jpg?fit=2000%2C2000&ssl=1","datePublished":"2022-01-24T07:55:41+00:00","dateModified":"2026-03-04T15:43:44+00:00","description":"Get a fantasy art lucky dip! Includes mystery postcards & stickers from original artworks. Surprise gift inside 50% of envelopes.","breadcrumb":{"@id":"https:\/\/daenir.art\/produkt\/lucky-dip\/#breadcrumb"},"inLanguage":"cs","potentialAction":[{"@type":"ReadAction","target":["https:\/\/daenir.art\/produkt\/lucky-dip\/"]}]},{"@type":"ImageObject","inLanguage":"cs","@id":"https:\/\/daenir.art\/produkt\/lucky-dip\/#primaryimage","url":"https:\/\/i0.wp.com\/daenir.art\/wp-content\/uploads\/2022\/01\/mockup_0004.jpg?fit=2000%2C2000&ssl=1","contentUrl":"https:\/\/i0.wp.com\/daenir.art\/wp-content\/uploads\/2022\/01\/mockup_0004.jpg?fit=2000%2C2000&ssl=1","width":2000,"height":2000},{"@type":"BreadcrumbList","@id":"https:\/\/daenir.art\/produkt\/lucky-dip\/#breadcrumb","itemListElement":[{"@type":"ListItem","position":1,"name":"Home","item":"https:\/\/daenir.art\/"},{"@type":"ListItem","position":2,"name":"Shop","item":"https:\/\/daenir.art\/shop\/"},{"@type":"ListItem","position":3,"name":"\u2726 Lucky Dip \u2013 Fantasy Art Surprise \u2726"}]},{"@type":"WebSite","@id":"https:\/\/daenir.art\/#website","url":"https:\/\/daenir.art\/","name":"Dae Nir Art","description":"Mystical Art from a Darker Realm","publisher":{"@id":"https:\/\/daenir.art\/#\/schema\/person\/20dd059b78448af6362377a99976bfb8"},"alternateName":"Dae Nir \u2013 Dark & Enchanting Art","potentialAction":[{"@type":"SearchAction","target":{"@type":"EntryPoint","urlTemplate":"https:\/\/daenir.art\/?s={search_term_string}"},"query-input":{"@type":"PropertyValueSpecification","valueRequired":true,"valueName":"search_term_string"}}],"inLanguage":"cs"},{"@type":["Person","Organization"],"@id":"https:\/\/daenir.art\/#\/schema\/person\/20dd059b78448af6362377a99976bfb8","name":"Daenir","image":{"@type":"ImageObject","inLanguage":"cs","@id":"https:\/\/i0.wp.com\/daenir.art\/wp-content\/uploads\/2021\/03\/logo-1.png?fit=655%2C594&ssl=1","url":"https:\/\/i0.wp.com\/daenir.art\/wp-content\/uploads\/2021\/03\/logo-1.png?fit=655%2C594&ssl=1","contentUrl":"https:\/\/i0.wp.com\/daenir.art\/wp-content\/uploads\/2021\/03\/logo-1.png?fit=655%2C594&ssl=1","width":655,"height":594,"caption":"Daenir"},"logo":{"@id":"https:\/\/i0.wp.com\/daenir.art\/wp-content\/uploads\/2021\/03\/logo-1.png?fit=655%2C594&ssl=1"},"sameAs":["https:\/\/daenir.art\/"]}]}},"jetpack_sharing_enabled":true,"_links":{"self":[{"href":"https:\/\/daenir.art\/cs\/wp-json\/wp\/v2\/product\/1638","targetHints":{"allow":["GET"]}}],"collection":[{"href":"https:\/\/daenir.art\/cs\/wp-json\/wp\/v2\/product"}],"about":[{"href":"https:\/\/daenir.art\/cs\/wp-json\/wp\/v2\/types\/product"}],"wp:featuredmedia":[{"embeddable":true,"href":"https:\/\/daenir.art\/cs\/wp-json\/wp\/v2\/media\/4173"}],"wp:attachment":[{"href":"https:\/\/daenir.art\/cs\/wp-json\/wp\/v2\/media?parent=1638"}],"wp:term":[{"taxonomy":"product_brand","embeddable":true,"href":"https:\/\/daenir.art\/cs\/wp-json\/wp\/v2\/product_brand?post=1638"},{"taxonomy":"product_cat","embeddable":true,"href":"https:\/\/daenir.art\/cs\/wp-json\/wp\/v2\/product_cat?post=1638"},{"taxonomy":"product_tag","embeddable":true,"href":"https:\/\/daenir.art\/cs\/wp-json\/wp\/v2\/product_tag?post=1638"}],"curies":[{"name":"wp","href":"https:\/\/api.w.org\/{rel}","templated":true}]}}