{"id":1875,"date":"2022-11-18T15:54:33","date_gmt":"2022-11-18T14:54:33","guid":{"rendered":"https:\/\/daenir.art\/?post_type=product&#038;p=1875"},"modified":"2025-03-09T11:08:10","modified_gmt":"2025-03-09T10:08:10","slug":"5-prints-set","status":"publish","type":"product","link":"https:\/\/daenir.art\/cs\/produkt\/5-prints-set\/","title":{"rendered":"Sady plak\u00e1t\u016f"},"content":{"rendered":"<p>\u2725 Z\u00c1KLADN\u00cd INFORMACE \u2725<br \/>\n\u2022 Vysoce kvalitn\u00ed digit\u00e1ln\u00ed tisk na matn\u00fd k\u0159\u00eddov\u00fd pap\u00edr 250 g\/m\u00b2.<br \/>\n\u2022 Vyberte si libovoln\u00e9 tisky - do pozn\u00e1mky mi napi\u0161te \u010d\u00edsla vybran\u00fdch tisk\u016f.<br \/>\n\u2022 Pokud se v\u00e1m l\u00edb\u00ed tisk, kter\u00fd zde nen\u00ed uveden, ale m\u00e1m ho jinde v obchod\u011b - m\u016f\u017eete si vybrat i ten, sta\u010d\u00ed mi napsat jeho n\u00e1zev. Plat\u00ed pouze pro plak\u00e1ty (ne samolepky, pohlednice, ...).<br \/>\n\u2022 Kupte si v\u00edce v\u00fdtisk\u016f za lep\u0161\u00ed ceny ne\u017e jeden kus. Mno\u017estv\u00ed v\u00fdtisk\u016f: 2x, 3x, 4x, 5x. \u010c\u00edm v\u00edce jich koup\u00edte, t\u00edm v\u011bt\u0161\u00ed je sleva.<br \/>\n\u2022 P\u0159ed objedn\u00e1n\u00edm tisk\u016f se pros\u00edm pod\u00edvejte do m\u00e9ho obchodu, zda je v\u00e1mi po\u017eadovan\u00fd plak\u00e1t k dispozici. Pokud je vyprodan\u00fd ve velikosti, kterou si chcete objednat, nemohu v\u00e1m ho zde v sad\u011b prodat, proto\u017ee ho nem\u00e1m. Samoz\u0159ejm\u011b se sna\u017e\u00edm sledovat v\u0161echny nab\u00edzen\u00e9 plak\u00e1ty, ale n\u011bkdy se prost\u011b stane, \u017ee se vyprodaj\u00ed. D\u011bkuji v\u00e1m za pochopen\u00ed. \u2665<\/p>\n<p>\u00b0\u2727\u2726 V ka\u017ed\u00e9 objedn\u00e1vce obdr\u017e\u00edte tak\u00e9 slevu na dal\u0161\u00ed n\u00e1kup, najdete zde tak\u00e9 drobn\u00e9 p\u0159edm\u011bty, jako jsou pohlednice, samolepky, z\u00e1lo\u017eky nebo jin\u00e9 n\u00e1hodn\u011b vybran\u00e9 d\u00e1rky! A v ka\u017ed\u00e9 objedn\u00e1vce nad 20 USD \/ 20 \u20ac \/ 500 K\u010d zas\u00edl\u00e1m !!!LUCKY DIP!!!\u2726\u2727\u00b0<\/p>\n<p>&#8212;<\/p>\n<p>\u2725 VELIKOST a BARVY \u2725<br \/>\n\u2022 A3 (29,7\u00d742 cm \/ 11.69\u00d716.5 inches) nebo A4 (21\u00d729,7 cm \/ 8,26\u00d711.69 inches) nebo A5 (14,8\u00d721 cm \/ 5,82\u00d78,26 inches)<br \/>\n\u2022  Upozor\u0148ujeme, \u017ee barvy, kter\u00e9 vid\u00edte na monitoru, se mohou m\u00edrn\u011b li\u0161it od skute\u010dn\u00fdch barev tisku.<\/p>\n<p>&#8212;<\/p>\n<p>\u2725 DOPRAVA a ZM\u011aNY V OBJEDN\u00c1VCE \u2725<br \/>\n\u2022 V\u00fdtisky se zas\u00edlaj\u00ed na plocho s pevn\u00fdm kartonem a v bublinkov\u00e9 ob\u00e1lce nebo v kartonov\u00e9 ob\u00e1lce.<br \/>\n\u2022 Pos\u00edl\u00e1m nejrychlej\u0161\u00ed mo\u017enou po\u0161tou se sledovac\u00edm \u010d\u00edslem - tak\u017ee se Va\u0161e objedn\u00e1vka neztrat\u00ed.<br \/>\n\u2022 Bohu\u017eel od t\u00e9 doby, co jsem se p\u0159est\u011bhovala z velk\u00e9ho m\u011bsta na vesnici, u\u017e nem\u00e1m tak dostupnou po\u0161tu. Tak\u017ee pos\u00edl\u00e1m jen dvakr\u00e1t t\u00fddn\u011b. D\u011bkuji za pochopen\u00ed a trp\u011blivost!<\/p>\n<p>&#8212;<\/p>\n<p>\u2725 OSTATN\u00cd \u2725<br \/>\n\u2022 Zm\u011bny nelze prov\u00e1d\u011bt po odesl\u00e1n\u00ed objedn\u00e1vky.<br \/>\n\u2022 Pokud m\u00e1te n\u011bjak\u00e9 dotazy, kontaktujte m\u011b zde nebo na m\u00e9m Instagramu (@deanirart). \ud83d\ude42<\/p>","protected":false},"excerpt":{"rendered":"<p>\u2725 BASIC INFO \u2725 \u2022 High-quality digital printing on matt coated paper 250 g\/m\u00b2. \u2022 Choose any prints you want &#8211; write me the numbers of the selected prints in the note. \u2022 If there&#8217;s a print you like that isn&#8217;t listed here, but I have it elsewhere in the shop &#8211; you can choose&hellip;&nbsp;<a href=\"https:\/\/daenir.art\/cs\/produkt\/5-prints-set\/\" rel=\"bookmark\">\u010c\u00edst d\u00e1le &raquo;<span class=\"screen-reader-text\">Sady plak\u00e1t\u016f<\/span><\/a><\/p>","protected":false},"featured_media":2452,"template":"","meta":{"neve_meta_sidebar":"","neve_meta_container":"","neve_meta_enable_content_width":"off","neve_meta_content_width":70,"neve_meta_title_alignment":"","neve_meta_author_avatar":"","neve_post_elements_order":"","neve_meta_disable_header":"","neve_meta_disable_footer":"","neve_meta_disable_title":"","_themeisle_gutenberg_block_has_review":false},"product_brand":[],"product_cat":[15,63,28],"product_tag":[],"class_list":{"0":"post-1875","1":"product","2":"type-product","3":"status-publish","4":"has-post-thumbnail","6":"product_cat-other","7":"product_cat-posters","8":"product_cat-all","10":"first","11":"instock","12":"shipping-taxable","13":"purchasable","14":"product-type-variable"},"yoast_head":"<!-- This site is optimized with the Yoast SEO plugin v27.5 - https:\/\/yoast.com\/product\/yoast-seo-wordpress\/ -->\n<title>PRINT SET | Dae Nir<\/title>\n<meta name=\"robots\" content=\"index, follow, max-snippet:-1, max-image-preview:large, max-video-preview:-1\" \/>\n<link rel=\"canonical\" href=\"https:\/\/daenir.art\/cs\/produkt\/5-prints-set\/\" \/>\n<meta property=\"og:locale\" content=\"cs_CZ\" \/>\n<meta property=\"og:type\" content=\"article\" \/>\n<meta property=\"og:title\" content=\"PRINT SET | Dae Nir\" \/>\n<meta property=\"og:description\" content=\"\u2725 BASIC INFO \u2725 \u2022 High-quality digital printing on matt coated paper 250 g\/m\u00b2. \u2022 Choose any prints you want &#8211; write me the numbers of the selected prints in the note. \u2022 If there&#8217;s a print you like that isn&#8217;t listed here, but I have it elsewhere in the shop &#8211; you can choose&hellip;&nbsp;\u010c\u00edst d\u00e1le &raquo;PRINT SET\" \/>\n<meta property=\"og:url\" content=\"https:\/\/daenir.art\/cs\/produkt\/5-prints-set\/\" \/>\n<meta property=\"og:site_name\" content=\"Dae Nir\" \/>\n<meta property=\"article:modified_time\" content=\"2025-03-09T10:08:10+00:00\" \/>\n<meta property=\"og:image\" content=\"https:\/\/daenir.art\/wp-content\/uploads\/2022\/11\/ETSY-listing-_-2000x2000-3-1024x1024.png\" \/>\n\t<meta property=\"og:image:width\" content=\"1024\" \/>\n\t<meta property=\"og:image:height\" content=\"1024\" \/>\n\t<meta property=\"og:image:type\" content=\"image\/png\" \/>\n<meta name=\"twitter:card\" content=\"summary_large_image\" \/>\n<meta name=\"twitter:label1\" content=\"Odhadovan\u00e1 doba \u010dten\u00ed\" \/>\n\t<meta name=\"twitter:data1\" content=\"2 minuty\" \/>\n<script type=\"application\/ld+json\" class=\"yoast-schema-graph\">{\"@context\":\"https:\\\/\\\/schema.org\",\"@graph\":[{\"@type\":\"WebPage\",\"@id\":\"https:\\\/\\\/daenir.art\\\/produkt\\\/5-prints-set\\\/\",\"url\":\"https:\\\/\\\/daenir.art\\\/produkt\\\/5-prints-set\\\/\",\"name\":\"PRINT SET | Dae Nir\",\"isPartOf\":{\"@id\":\"https:\\\/\\\/daenir.art\\\/#website\"},\"primaryImageOfPage\":{\"@id\":\"https:\\\/\\\/daenir.art\\\/produkt\\\/5-prints-set\\\/#primaryimage\"},\"image\":{\"@id\":\"https:\\\/\\\/daenir.art\\\/produkt\\\/5-prints-set\\\/#primaryimage\"},\"thumbnailUrl\":\"https:\\\/\\\/i0.wp.com\\\/daenir.art\\\/wp-content\\\/uploads\\\/2022\\\/11\\\/ETSY-listing-_-2000x2000-3.png?fit=2000%2C2000&ssl=1\",\"datePublished\":\"2022-11-18T14:54:33+00:00\",\"dateModified\":\"2025-03-09T10:08:10+00:00\",\"breadcrumb\":{\"@id\":\"https:\\\/\\\/daenir.art\\\/produkt\\\/5-prints-set\\\/#breadcrumb\"},\"inLanguage\":\"cs\",\"potentialAction\":[{\"@type\":\"ReadAction\",\"target\":[\"https:\\\/\\\/daenir.art\\\/produkt\\\/5-prints-set\\\/\"]}]},{\"@type\":\"ImageObject\",\"inLanguage\":\"cs\",\"@id\":\"https:\\\/\\\/daenir.art\\\/produkt\\\/5-prints-set\\\/#primaryimage\",\"url\":\"https:\\\/\\\/i0.wp.com\\\/daenir.art\\\/wp-content\\\/uploads\\\/2022\\\/11\\\/ETSY-listing-_-2000x2000-3.png?fit=2000%2C2000&ssl=1\",\"contentUrl\":\"https:\\\/\\\/i0.wp.com\\\/daenir.art\\\/wp-content\\\/uploads\\\/2022\\\/11\\\/ETSY-listing-_-2000x2000-3.png?fit=2000%2C2000&ssl=1\",\"width\":2000,\"height\":2000},{\"@type\":\"BreadcrumbList\",\"@id\":\"https:\\\/\\\/daenir.art\\\/produkt\\\/5-prints-set\\\/#breadcrumb\",\"itemListElement\":[{\"@type\":\"ListItem\",\"position\":1,\"name\":\"Home\",\"item\":\"https:\\\/\\\/daenir.art\\\/\"},{\"@type\":\"ListItem\",\"position\":2,\"name\":\"Shop\",\"item\":\"https:\\\/\\\/daenir.art\\\/shop\\\/\"},{\"@type\":\"ListItem\",\"position\":3,\"name\":\"PRINT SET\"}]},{\"@type\":\"WebSite\",\"@id\":\"https:\\\/\\\/daenir.art\\\/#website\",\"url\":\"https:\\\/\\\/daenir.art\\\/\",\"name\":\"Dae Nir Art\",\"description\":\"Mystical Art from a Darker Realm\",\"publisher\":{\"@id\":\"https:\\\/\\\/daenir.art\\\/#\\\/schema\\\/person\\\/20dd059b78448af6362377a99976bfb8\"},\"alternateName\":\"Dae Nir \u2013 Dark & Enchanting Art\",\"potentialAction\":[{\"@type\":\"SearchAction\",\"target\":{\"@type\":\"EntryPoint\",\"urlTemplate\":\"https:\\\/\\\/daenir.art\\\/?s={search_term_string}\"},\"query-input\":{\"@type\":\"PropertyValueSpecification\",\"valueRequired\":true,\"valueName\":\"search_term_string\"}}],\"inLanguage\":\"cs\"},{\"@type\":[\"Person\",\"Organization\"],\"@id\":\"https:\\\/\\\/daenir.art\\\/#\\\/schema\\\/person\\\/20dd059b78448af6362377a99976bfb8\",\"name\":\"Daenir\",\"image\":{\"@type\":\"ImageObject\",\"inLanguage\":\"cs\",\"@id\":\"https:\\\/\\\/i0.wp.com\\\/daenir.art\\\/wp-content\\\/uploads\\\/2021\\\/03\\\/logo-1.png?fit=655%2C594&ssl=1\",\"url\":\"https:\\\/\\\/i0.wp.com\\\/daenir.art\\\/wp-content\\\/uploads\\\/2021\\\/03\\\/logo-1.png?fit=655%2C594&ssl=1\",\"contentUrl\":\"https:\\\/\\\/i0.wp.com\\\/daenir.art\\\/wp-content\\\/uploads\\\/2021\\\/03\\\/logo-1.png?fit=655%2C594&ssl=1\",\"width\":655,\"height\":594,\"caption\":\"Daenir\"},\"logo\":{\"@id\":\"https:\\\/\\\/i0.wp.com\\\/daenir.art\\\/wp-content\\\/uploads\\\/2021\\\/03\\\/logo-1.png?fit=655%2C594&ssl=1\"},\"sameAs\":[\"https:\\\/\\\/daenir.art\\\/\"]}]}<\/script>\n<!-- \/ Yoast SEO plugin. -->","yoast_head_json":{"title":"PRINT SET | Dae Nir","robots":{"index":"index","follow":"follow","max-snippet":"max-snippet:-1","max-image-preview":"max-image-preview:large","max-video-preview":"max-video-preview:-1"},"canonical":"https:\/\/daenir.art\/cs\/produkt\/5-prints-set\/","og_locale":"cs_CZ","og_type":"article","og_title":"PRINT SET | Dae Nir","og_description":"\u2725 BASIC INFO \u2725 \u2022 High-quality digital printing on matt coated paper 250 g\/m\u00b2. \u2022 Choose any prints you want &#8211; write me the numbers of the selected prints in the note. \u2022 If there&#8217;s a print you like that isn&#8217;t listed here, but I have it elsewhere in the shop &#8211; you can choose&hellip;&nbsp;\u010c\u00edst d\u00e1le &raquo;PRINT SET","og_url":"https:\/\/daenir.art\/cs\/produkt\/5-prints-set\/","og_site_name":"Dae Nir","article_modified_time":"2025-03-09T10:08:10+00:00","og_image":[{"width":1024,"height":1024,"url":"https:\/\/daenir.art\/wp-content\/uploads\/2022\/11\/ETSY-listing-_-2000x2000-3-1024x1024.png","type":"image\/png"}],"twitter_card":"summary_large_image","twitter_misc":{"Odhadovan\u00e1 doba \u010dten\u00ed":"2 minuty"},"schema":{"@context":"https:\/\/schema.org","@graph":[{"@type":"WebPage","@id":"https:\/\/daenir.art\/produkt\/5-prints-set\/","url":"https:\/\/daenir.art\/produkt\/5-prints-set\/","name":"PRINT SET | Dae Nir","isPartOf":{"@id":"https:\/\/daenir.art\/#website"},"primaryImageOfPage":{"@id":"https:\/\/daenir.art\/produkt\/5-prints-set\/#primaryimage"},"image":{"@id":"https:\/\/daenir.art\/produkt\/5-prints-set\/#primaryimage"},"thumbnailUrl":"https:\/\/i0.wp.com\/daenir.art\/wp-content\/uploads\/2022\/11\/ETSY-listing-_-2000x2000-3.png?fit=2000%2C2000&ssl=1","datePublished":"2022-11-18T14:54:33+00:00","dateModified":"2025-03-09T10:08:10+00:00","breadcrumb":{"@id":"https:\/\/daenir.art\/produkt\/5-prints-set\/#breadcrumb"},"inLanguage":"cs","potentialAction":[{"@type":"ReadAction","target":["https:\/\/daenir.art\/produkt\/5-prints-set\/"]}]},{"@type":"ImageObject","inLanguage":"cs","@id":"https:\/\/daenir.art\/produkt\/5-prints-set\/#primaryimage","url":"https:\/\/i0.wp.com\/daenir.art\/wp-content\/uploads\/2022\/11\/ETSY-listing-_-2000x2000-3.png?fit=2000%2C2000&ssl=1","contentUrl":"https:\/\/i0.wp.com\/daenir.art\/wp-content\/uploads\/2022\/11\/ETSY-listing-_-2000x2000-3.png?fit=2000%2C2000&ssl=1","width":2000,"height":2000},{"@type":"BreadcrumbList","@id":"https:\/\/daenir.art\/produkt\/5-prints-set\/#breadcrumb","itemListElement":[{"@type":"ListItem","position":1,"name":"Home","item":"https:\/\/daenir.art\/"},{"@type":"ListItem","position":2,"name":"Shop","item":"https:\/\/daenir.art\/shop\/"},{"@type":"ListItem","position":3,"name":"PRINT SET"}]},{"@type":"WebSite","@id":"https:\/\/daenir.art\/#website","url":"https:\/\/daenir.art\/","name":"Dae Nir Art","description":"Mystical Art from a Darker Realm","publisher":{"@id":"https:\/\/daenir.art\/#\/schema\/person\/20dd059b78448af6362377a99976bfb8"},"alternateName":"Dae Nir \u2013 Dark & Enchanting Art","potentialAction":[{"@type":"SearchAction","target":{"@type":"EntryPoint","urlTemplate":"https:\/\/daenir.art\/?s={search_term_string}"},"query-input":{"@type":"PropertyValueSpecification","valueRequired":true,"valueName":"search_term_string"}}],"inLanguage":"cs"},{"@type":["Person","Organization"],"@id":"https:\/\/daenir.art\/#\/schema\/person\/20dd059b78448af6362377a99976bfb8","name":"Daenir","image":{"@type":"ImageObject","inLanguage":"cs","@id":"https:\/\/i0.wp.com\/daenir.art\/wp-content\/uploads\/2021\/03\/logo-1.png?fit=655%2C594&ssl=1","url":"https:\/\/i0.wp.com\/daenir.art\/wp-content\/uploads\/2021\/03\/logo-1.png?fit=655%2C594&ssl=1","contentUrl":"https:\/\/i0.wp.com\/daenir.art\/wp-content\/uploads\/2021\/03\/logo-1.png?fit=655%2C594&ssl=1","width":655,"height":594,"caption":"Daenir"},"logo":{"@id":"https:\/\/i0.wp.com\/daenir.art\/wp-content\/uploads\/2021\/03\/logo-1.png?fit=655%2C594&ssl=1"},"sameAs":["https:\/\/daenir.art\/"]}]}},"jetpack_sharing_enabled":true,"_links":{"self":[{"href":"https:\/\/daenir.art\/cs\/wp-json\/wp\/v2\/product\/1875","targetHints":{"allow":["GET"]}}],"collection":[{"href":"https:\/\/daenir.art\/cs\/wp-json\/wp\/v2\/product"}],"about":[{"href":"https:\/\/daenir.art\/cs\/wp-json\/wp\/v2\/types\/product"}],"wp:featuredmedia":[{"embeddable":true,"href":"https:\/\/daenir.art\/cs\/wp-json\/wp\/v2\/media\/2452"}],"wp:attachment":[{"href":"https:\/\/daenir.art\/cs\/wp-json\/wp\/v2\/media?parent=1875"}],"wp:term":[{"taxonomy":"product_brand","embeddable":true,"href":"https:\/\/daenir.art\/cs\/wp-json\/wp\/v2\/product_brand?post=1875"},{"taxonomy":"product_cat","embeddable":true,"href":"https:\/\/daenir.art\/cs\/wp-json\/wp\/v2\/product_cat?post=1875"},{"taxonomy":"product_tag","embeddable":true,"href":"https:\/\/daenir.art\/cs\/wp-json\/wp\/v2\/product_tag?post=1875"}],"curies":[{"name":"wp","href":"https:\/\/api.w.org\/{rel}","templated":true}]}}