{"id":2110,"date":"2023-03-14T15:53:54","date_gmt":"2023-03-14T14:53:54","guid":{"rendered":"https:\/\/daenir.art\/?post_type=product&#038;p=2110"},"modified":"2024-01-13T20:58:02","modified_gmt":"2024-01-13T19:58:02","slug":"digital-version-of-my-painting","status":"publish","type":"product","link":"https:\/\/daenir.art\/cs\/produkt\/digital-version-of-my-painting\/","title":{"rendered":"Digit\u00e1ln\u00ed verze m\u00fdch maleb"},"content":{"rendered":"<p>\u2726 Z\u00c1KLADN\u00cd INFORMACE \u2726<br \/>\n\u2022 Kupte si digit\u00e1ln\u00ed verzi m\u00e9ho obrazu. Do pozn\u00e1mky mi pros\u00edm napi\u0161te \u010d\u00edslo nebo n\u00e1zev obrazu, kter\u00fd si p\u0159ejete. M\u016f\u017eete si tak\u00e9 vybrat z obraz\u016f, kter\u00e9 zde nenab\u00edz\u00edm, ale m\u00e1m je jinde ve sv\u00e9m portfoliu.<br \/>\n\u2022 Pouze pro osobn\u00ed pou\u017eit\u00ed. (Obraz m\u016f\u017eete pou\u017e\u00edt jako tapetu na mobilu, po\u010d\u00edta\u010di, pou\u017e\u00edt ho jako profilov\u00fd obr\u00e1zek, vytisknout a vystavit doma, vytisknout na tri\u010dko, kter\u00e9 budete nosit... Je v\u0161ak zak\u00e1z\u00e1no ho pou\u017e\u00edvat komer\u010dn\u011b, koup\u00ed nez\u00edsk\u00e1v\u00e1te \u017e\u00e1dn\u00e1 pr\u00e1va, obraz je st\u00e1le m\u00fdm majetkem, co\u017e znamen\u00e1, \u017ee nap\u0159\u00edklad nem\u016f\u017eete z m\u00fdch obraz\u016f finan\u010dn\u011b profitovat - d\u00e1le ho prod\u00e1vat, pou\u017e\u00edt jako ob\u00e1lku knihy, kterou prod\u00e1v\u00e1te, vytisknout ho nap\u0159\u00edklad na tri\u010dko, kter\u00e9 prod\u00e1v\u00e1te, atd...)<br \/>\n\u2022 Komer\u010dn\u00ed licence se vy\u0159izuj\u00ed individu\u00e1ln\u011b, napi\u0161te mi na: daenir.art@gmail.com.<br \/>\n\u2022 (Zakoupen\u00edm tohoto produktu z\u00edsk\u00e1te pouze JEDEN obraz v digit\u00e1ln\u00ed podob\u011b.)<\/p>\n<p>&#8212;<\/p>\n<p>\u2726 VELIKOST \u2726<br \/>\n\u2022 3508&#215;4961 px (= A3 297&#215;420 mm, 300 dpi), RGB, jpg.<br \/>\n\u2022 Je mo\u017en\u00e9 se dohodnout na jin\u00e9 velikosti.<\/p>\n<p>&#8212;<\/p>\n<p>\u2726 OSTATN\u00cd \u2726<br \/>\n\u2022 UPOZORN\u011aN\u00cd: Po sta\u017een\u00ed tohoto produktu obdr\u017e\u00edte pouze ozn\u00e1men\u00ed o koupi, vybran\u00fd obraz v\u00e1m za\u0161lu pozd\u011bji, co\u017e znamen\u00e1, \u017ee vybran\u00fd obraz nebudete m\u00edt k dispozici ihned po sta\u017een\u00ed.<br \/>\nPo zakoupen\u00ed tohoto produktu se v\u00e1s pokus\u00edm kontaktovat co nejd\u0159\u00edve, nejpozd\u011bji v\u0161ak do t\u00fddne (v p\u0159\u00edpad\u011b nemoci nebo dovolen\u00e9), a obraz v\u00e1m za\u0161lu.<br \/>\n\u2022 Vzhledem k tomu, \u017ee se jedn\u00e1 o digit\u00e1ln\u00ed zbo\u017e\u00ed, nen\u00ed mo\u017en\u00e9 v\u00e1m vr\u00e1tit pen\u00edze nebo poslat jin\u00fd obraz, pokud jsem v\u00e1m ji\u017e jeden poslala. D\u011bkuji za pochopen\u00ed.<br \/>\n\u2022 Pokud m\u00e1te n\u011bjak\u00e9 dotazy, kontaktujte m\u011b zde nebo na m\u00e9m Instagramu (@deanirart). \ud83d\ude42<\/p>","protected":false},"excerpt":{"rendered":"<p>\u2726 \ud835\udc01\ud835\udc00\ud835\udc12\ud835\udc08\ud835\udc02 \ud835\udc08\ud835\udc0d\ud835\udc05\ud835\udc0e \u2726 \u2022 Buy a digital version of my painting. Please write me the number or title of the painting you would like in the note. You can also choose from paintings that I do not offer here, but have elsewhere in my portfolio. \u2022 For personal use only. (You can use the&hellip;&nbsp;<a href=\"https:\/\/daenir.art\/cs\/produkt\/digital-version-of-my-painting\/\" rel=\"bookmark\">\u010c\u00edst d\u00e1le &raquo;<span class=\"screen-reader-text\">Digit\u00e1ln\u00ed verze m\u00fdch maleb<\/span><\/a><\/p>","protected":false},"featured_media":2298,"template":"","meta":{"neve_meta_sidebar":"","neve_meta_container":"","neve_meta_enable_content_width":"off","neve_meta_content_width":70,"neve_meta_title_alignment":"","neve_meta_author_avatar":"","neve_post_elements_order":"","neve_meta_disable_header":"","neve_meta_disable_footer":"","neve_meta_disable_title":"","_themeisle_gutenberg_block_has_review":false},"product_brand":[],"product_cat":[15,28],"product_tag":[],"class_list":{"0":"post-2110","1":"product","2":"type-product","3":"status-publish","4":"has-post-thumbnail","6":"product_cat-other","7":"product_cat-all","9":"first","10":"instock","11":"downloadable","12":"virtual","13":"purchasable","14":"product-type-simple"},"yoast_head":"<!-- This site is optimized with the Yoast SEO plugin v27.5 - https:\/\/yoast.com\/product\/yoast-seo-wordpress\/ -->\n<title>Digital version of my painting | Dae Nir<\/title>\n<meta name=\"robots\" content=\"index, follow, max-snippet:-1, max-image-preview:large, max-video-preview:-1\" \/>\n<link rel=\"canonical\" href=\"https:\/\/daenir.art\/cs\/produkt\/digital-version-of-my-painting\/\" \/>\n<meta property=\"og:locale\" content=\"cs_CZ\" \/>\n<meta property=\"og:type\" content=\"article\" \/>\n<meta property=\"og:title\" content=\"Digital version of my painting | Dae Nir\" \/>\n<meta property=\"og:description\" content=\"\u2726 \ud835\udc01\ud835\udc00\ud835\udc12\ud835\udc08\ud835\udc02 \ud835\udc08\ud835\udc0d\ud835\udc05\ud835\udc0e \u2726 \u2022 Buy a digital version of my painting. Please write me the number or title of the painting you would like in the note. You can also choose from paintings that I do not offer here, but have elsewhere in my portfolio. \u2022 For personal use only. (You can use the&hellip;&nbsp;\u010c\u00edst d\u00e1le &raquo;Digital version of my painting\" \/>\n<meta property=\"og:url\" content=\"https:\/\/daenir.art\/cs\/produkt\/digital-version-of-my-painting\/\" \/>\n<meta property=\"og:site_name\" content=\"Dae Nir\" \/>\n<meta property=\"article:modified_time\" content=\"2024-01-13T19:58:02+00:00\" \/>\n<meta property=\"og:image\" content=\"https:\/\/daenir.art\/wp-content\/uploads\/2023\/03\/ETSY-listing-_-2000x2000-copy-3-2-1-1024x1024.png\" \/>\n\t<meta property=\"og:image:width\" content=\"1024\" \/>\n\t<meta property=\"og:image:height\" content=\"1024\" \/>\n\t<meta property=\"og:image:type\" content=\"image\/png\" \/>\n<meta name=\"twitter:card\" content=\"summary_large_image\" \/>\n<meta name=\"twitter:label1\" content=\"Odhadovan\u00e1 doba \u010dten\u00ed\" \/>\n\t<meta name=\"twitter:data1\" content=\"2 minuty\" \/>\n<script type=\"application\/ld+json\" class=\"yoast-schema-graph\">{\"@context\":\"https:\\\/\\\/schema.org\",\"@graph\":[{\"@type\":\"WebPage\",\"@id\":\"https:\\\/\\\/daenir.art\\\/produkt\\\/digital-version-of-my-painting\\\/\",\"url\":\"https:\\\/\\\/daenir.art\\\/produkt\\\/digital-version-of-my-painting\\\/\",\"name\":\"Digital version of my painting | Dae Nir\",\"isPartOf\":{\"@id\":\"https:\\\/\\\/daenir.art\\\/#website\"},\"primaryImageOfPage\":{\"@id\":\"https:\\\/\\\/daenir.art\\\/produkt\\\/digital-version-of-my-painting\\\/#primaryimage\"},\"image\":{\"@id\":\"https:\\\/\\\/daenir.art\\\/produkt\\\/digital-version-of-my-painting\\\/#primaryimage\"},\"thumbnailUrl\":\"https:\\\/\\\/i0.wp.com\\\/daenir.art\\\/wp-content\\\/uploads\\\/2023\\\/03\\\/ETSY-listing-_-2000x2000-copy-3-2-1.png?fit=2000%2C2000&ssl=1\",\"datePublished\":\"2023-03-14T14:53:54+00:00\",\"dateModified\":\"2024-01-13T19:58:02+00:00\",\"breadcrumb\":{\"@id\":\"https:\\\/\\\/daenir.art\\\/produkt\\\/digital-version-of-my-painting\\\/#breadcrumb\"},\"inLanguage\":\"cs\",\"potentialAction\":[{\"@type\":\"ReadAction\",\"target\":[\"https:\\\/\\\/daenir.art\\\/produkt\\\/digital-version-of-my-painting\\\/\"]}]},{\"@type\":\"ImageObject\",\"inLanguage\":\"cs\",\"@id\":\"https:\\\/\\\/daenir.art\\\/produkt\\\/digital-version-of-my-painting\\\/#primaryimage\",\"url\":\"https:\\\/\\\/i0.wp.com\\\/daenir.art\\\/wp-content\\\/uploads\\\/2023\\\/03\\\/ETSY-listing-_-2000x2000-copy-3-2-1.png?fit=2000%2C2000&ssl=1\",\"contentUrl\":\"https:\\\/\\\/i0.wp.com\\\/daenir.art\\\/wp-content\\\/uploads\\\/2023\\\/03\\\/ETSY-listing-_-2000x2000-copy-3-2-1.png?fit=2000%2C2000&ssl=1\",\"width\":2000,\"height\":2000},{\"@type\":\"BreadcrumbList\",\"@id\":\"https:\\\/\\\/daenir.art\\\/produkt\\\/digital-version-of-my-painting\\\/#breadcrumb\",\"itemListElement\":[{\"@type\":\"ListItem\",\"position\":1,\"name\":\"Home\",\"item\":\"https:\\\/\\\/daenir.art\\\/\"},{\"@type\":\"ListItem\",\"position\":2,\"name\":\"Shop\",\"item\":\"https:\\\/\\\/daenir.art\\\/shop\\\/\"},{\"@type\":\"ListItem\",\"position\":3,\"name\":\"Digital version of my painting\"}]},{\"@type\":\"WebSite\",\"@id\":\"https:\\\/\\\/daenir.art\\\/#website\",\"url\":\"https:\\\/\\\/daenir.art\\\/\",\"name\":\"Dae Nir Art\",\"description\":\"Mystical Art from a Darker Realm\",\"publisher\":{\"@id\":\"https:\\\/\\\/daenir.art\\\/#\\\/schema\\\/person\\\/20dd059b78448af6362377a99976bfb8\"},\"alternateName\":\"Dae Nir \u2013 Dark & Enchanting Art\",\"potentialAction\":[{\"@type\":\"SearchAction\",\"target\":{\"@type\":\"EntryPoint\",\"urlTemplate\":\"https:\\\/\\\/daenir.art\\\/?s={search_term_string}\"},\"query-input\":{\"@type\":\"PropertyValueSpecification\",\"valueRequired\":true,\"valueName\":\"search_term_string\"}}],\"inLanguage\":\"cs\"},{\"@type\":[\"Person\",\"Organization\"],\"@id\":\"https:\\\/\\\/daenir.art\\\/#\\\/schema\\\/person\\\/20dd059b78448af6362377a99976bfb8\",\"name\":\"Daenir\",\"image\":{\"@type\":\"ImageObject\",\"inLanguage\":\"cs\",\"@id\":\"https:\\\/\\\/i0.wp.com\\\/daenir.art\\\/wp-content\\\/uploads\\\/2021\\\/03\\\/logo-1.png?fit=655%2C594&ssl=1\",\"url\":\"https:\\\/\\\/i0.wp.com\\\/daenir.art\\\/wp-content\\\/uploads\\\/2021\\\/03\\\/logo-1.png?fit=655%2C594&ssl=1\",\"contentUrl\":\"https:\\\/\\\/i0.wp.com\\\/daenir.art\\\/wp-content\\\/uploads\\\/2021\\\/03\\\/logo-1.png?fit=655%2C594&ssl=1\",\"width\":655,\"height\":594,\"caption\":\"Daenir\"},\"logo\":{\"@id\":\"https:\\\/\\\/i0.wp.com\\\/daenir.art\\\/wp-content\\\/uploads\\\/2021\\\/03\\\/logo-1.png?fit=655%2C594&ssl=1\"},\"sameAs\":[\"https:\\\/\\\/daenir.art\\\/\"]}]}<\/script>\n<!-- \/ Yoast SEO plugin. -->","yoast_head_json":{"title":"Digital version of my painting | Dae Nir","robots":{"index":"index","follow":"follow","max-snippet":"max-snippet:-1","max-image-preview":"max-image-preview:large","max-video-preview":"max-video-preview:-1"},"canonical":"https:\/\/daenir.art\/cs\/produkt\/digital-version-of-my-painting\/","og_locale":"cs_CZ","og_type":"article","og_title":"Digital version of my painting | Dae Nir","og_description":"\u2726 \ud835\udc01\ud835\udc00\ud835\udc12\ud835\udc08\ud835\udc02 \ud835\udc08\ud835\udc0d\ud835\udc05\ud835\udc0e \u2726 \u2022 Buy a digital version of my painting. Please write me the number or title of the painting you would like in the note. You can also choose from paintings that I do not offer here, but have elsewhere in my portfolio. \u2022 For personal use only. (You can use the&hellip;&nbsp;\u010c\u00edst d\u00e1le &raquo;Digital version of my painting","og_url":"https:\/\/daenir.art\/cs\/produkt\/digital-version-of-my-painting\/","og_site_name":"Dae Nir","article_modified_time":"2024-01-13T19:58:02+00:00","og_image":[{"width":1024,"height":1024,"url":"https:\/\/daenir.art\/wp-content\/uploads\/2023\/03\/ETSY-listing-_-2000x2000-copy-3-2-1-1024x1024.png","type":"image\/png"}],"twitter_card":"summary_large_image","twitter_misc":{"Odhadovan\u00e1 doba \u010dten\u00ed":"2 minuty"},"schema":{"@context":"https:\/\/schema.org","@graph":[{"@type":"WebPage","@id":"https:\/\/daenir.art\/produkt\/digital-version-of-my-painting\/","url":"https:\/\/daenir.art\/produkt\/digital-version-of-my-painting\/","name":"Digital version of my painting | Dae Nir","isPartOf":{"@id":"https:\/\/daenir.art\/#website"},"primaryImageOfPage":{"@id":"https:\/\/daenir.art\/produkt\/digital-version-of-my-painting\/#primaryimage"},"image":{"@id":"https:\/\/daenir.art\/produkt\/digital-version-of-my-painting\/#primaryimage"},"thumbnailUrl":"https:\/\/i0.wp.com\/daenir.art\/wp-content\/uploads\/2023\/03\/ETSY-listing-_-2000x2000-copy-3-2-1.png?fit=2000%2C2000&ssl=1","datePublished":"2023-03-14T14:53:54+00:00","dateModified":"2024-01-13T19:58:02+00:00","breadcrumb":{"@id":"https:\/\/daenir.art\/produkt\/digital-version-of-my-painting\/#breadcrumb"},"inLanguage":"cs","potentialAction":[{"@type":"ReadAction","target":["https:\/\/daenir.art\/produkt\/digital-version-of-my-painting\/"]}]},{"@type":"ImageObject","inLanguage":"cs","@id":"https:\/\/daenir.art\/produkt\/digital-version-of-my-painting\/#primaryimage","url":"https:\/\/i0.wp.com\/daenir.art\/wp-content\/uploads\/2023\/03\/ETSY-listing-_-2000x2000-copy-3-2-1.png?fit=2000%2C2000&ssl=1","contentUrl":"https:\/\/i0.wp.com\/daenir.art\/wp-content\/uploads\/2023\/03\/ETSY-listing-_-2000x2000-copy-3-2-1.png?fit=2000%2C2000&ssl=1","width":2000,"height":2000},{"@type":"BreadcrumbList","@id":"https:\/\/daenir.art\/produkt\/digital-version-of-my-painting\/#breadcrumb","itemListElement":[{"@type":"ListItem","position":1,"name":"Home","item":"https:\/\/daenir.art\/"},{"@type":"ListItem","position":2,"name":"Shop","item":"https:\/\/daenir.art\/shop\/"},{"@type":"ListItem","position":3,"name":"Digital version of my painting"}]},{"@type":"WebSite","@id":"https:\/\/daenir.art\/#website","url":"https:\/\/daenir.art\/","name":"Dae Nir Art","description":"Mystical Art from a Darker Realm","publisher":{"@id":"https:\/\/daenir.art\/#\/schema\/person\/20dd059b78448af6362377a99976bfb8"},"alternateName":"Dae Nir \u2013 Dark & Enchanting Art","potentialAction":[{"@type":"SearchAction","target":{"@type":"EntryPoint","urlTemplate":"https:\/\/daenir.art\/?s={search_term_string}"},"query-input":{"@type":"PropertyValueSpecification","valueRequired":true,"valueName":"search_term_string"}}],"inLanguage":"cs"},{"@type":["Person","Organization"],"@id":"https:\/\/daenir.art\/#\/schema\/person\/20dd059b78448af6362377a99976bfb8","name":"Daenir","image":{"@type":"ImageObject","inLanguage":"cs","@id":"https:\/\/i0.wp.com\/daenir.art\/wp-content\/uploads\/2021\/03\/logo-1.png?fit=655%2C594&ssl=1","url":"https:\/\/i0.wp.com\/daenir.art\/wp-content\/uploads\/2021\/03\/logo-1.png?fit=655%2C594&ssl=1","contentUrl":"https:\/\/i0.wp.com\/daenir.art\/wp-content\/uploads\/2021\/03\/logo-1.png?fit=655%2C594&ssl=1","width":655,"height":594,"caption":"Daenir"},"logo":{"@id":"https:\/\/i0.wp.com\/daenir.art\/wp-content\/uploads\/2021\/03\/logo-1.png?fit=655%2C594&ssl=1"},"sameAs":["https:\/\/daenir.art\/"]}]}},"jetpack_sharing_enabled":true,"_links":{"self":[{"href":"https:\/\/daenir.art\/cs\/wp-json\/wp\/v2\/product\/2110","targetHints":{"allow":["GET"]}}],"collection":[{"href":"https:\/\/daenir.art\/cs\/wp-json\/wp\/v2\/product"}],"about":[{"href":"https:\/\/daenir.art\/cs\/wp-json\/wp\/v2\/types\/product"}],"wp:featuredmedia":[{"embeddable":true,"href":"https:\/\/daenir.art\/cs\/wp-json\/wp\/v2\/media\/2298"}],"wp:attachment":[{"href":"https:\/\/daenir.art\/cs\/wp-json\/wp\/v2\/media?parent=2110"}],"wp:term":[{"taxonomy":"product_brand","embeddable":true,"href":"https:\/\/daenir.art\/cs\/wp-json\/wp\/v2\/product_brand?post=2110"},{"taxonomy":"product_cat","embeddable":true,"href":"https:\/\/daenir.art\/cs\/wp-json\/wp\/v2\/product_cat?post=2110"},{"taxonomy":"product_tag","embeddable":true,"href":"https:\/\/daenir.art\/cs\/wp-json\/wp\/v2\/product_tag?post=2110"}],"curies":[{"name":"wp","href":"https:\/\/api.w.org\/{rel}","templated":true}]}}