{"id":2125,"date":"2023-03-16T20:40:50","date_gmt":"2023-03-16T19:40:50","guid":{"rendered":"https:\/\/daenir.art\/?post_type=product&#038;p=2125"},"modified":"2025-06-30T17:01:33","modified_gmt":"2025-06-30T15:01:33","slug":"digital-download-daenir-texture-brushes-2023-1-3","status":"publish","type":"product","link":"https:\/\/daenir.art\/cs\/produkt\/digital-download-daenir-texture-brushes-2023-1-3\/","title":{"rendered":"KE STA\u017dEN\u00cd V DIGIT\u00c1LN\u00cd PODOB\u011a: DaeNir texturn\u00ed \u0161t\u011btce 2023 ... 1\/3"},"content":{"rendered":"<p>\u2726 Z\u00c1KLADN\u00cd INFORMACE \u2726<br \/>\n\u2022 Toto je DIGIT\u00c1LN\u00cd STA\u017dEN\u00cd m\u00fdch texturovan\u00fdch \u0161t\u011btc\u016f.<br \/>\n\u2022 Soubor ABR. (pro Photoshop)<br \/>\n\u2022 Po st\u00e1hnut\u00ed se V\u00e1m st\u00e1hne .txt soubor, ve kter\u00e9m je odkaz na m\u016fj google disk, kde si \u0161t\u011bt\u011btce m\u016f\u017eete st\u00e1hnout. (\u0160t\u011btce jsou bohu\u017eel moc velk\u00e9 a neda\u0159\u00ed se mi je nahr\u00e1t p\u0159\u00edmo na web ke sta\u017een\u00ed.)<br \/>\n\u2022 N\u00e1hled \u0161t\u011btc\u016f v obr\u00e1zku.<br \/>\n\u2022 \u017d\u00c1DN\u00c1 FYZICK\u00c1 POLO\u017dKA NEBUDE ODESL\u00c1NA.<\/p>\n<p>&#8212;<\/p>\n<p>\u2726 OSTATN\u00cd \u2726<br \/>\n\u2022 Pokud m\u00e1te n\u011bjak\u00e9 dotazy, kontaktujte m\u011b zde nebo na m\u00e9m Instagramu (@deanirart). \ud83d\ude42<br \/>\n\u2022 Obr\u00e1zek NELZE reprodukovat bez souhlasu autora. Nem\u00e1te pr\u00e1vo jej prod\u00e1vat ani jakkoli \u0161\u00ed\u0159it.<br \/>\n\u2022 Po zakoupen\u00ed produktu si m\u016f\u017eete st\u00e1hnout textov\u00fd soubor, ve kter\u00e9m je odkaz ke sta\u017een\u00ed. V p\u0159\u00edpad\u011b, \u017ee je odkaz nefunk\u010dn\u00ed, napi\u0161te mi pros\u00edm. Po\u0161lu v\u00e1m ho e-mailem.<\/p>","protected":false},"excerpt":{"rendered":"<p>\u2726 \ud835\udc01\ud835\udc00\ud835\udc12\ud835\udc08\ud835\udc02 \ud835\udc08\ud835\udc0d\ud835\udc05\ud835\udc0e \u2726 \u2022 This is a DIGITAL DOWNLOAD of my textured brushes. \u2022 ABR file. (for Photoshop) \u2022 After downloading, you will get a .txt file that has a link to my google drive where you can download the brushes. (Unfortunately the brushes are too big and I can&#8217;t upload them directly to&hellip;&nbsp;<a href=\"https:\/\/daenir.art\/cs\/produkt\/digital-download-daenir-texture-brushes-2023-1-3\/\" rel=\"bookmark\">\u010c\u00edst d\u00e1le &raquo;<span class=\"screen-reader-text\">KE STA\u017dEN\u00cd V DIGIT\u00c1LN\u00cd PODOB\u011a: DaeNir texturn\u00ed \u0161t\u011btce 2023 ... 1\/3<\/span><\/a><\/p>","protected":false},"featured_media":2124,"template":"","meta":{"neve_meta_sidebar":"","neve_meta_container":"","neve_meta_enable_content_width":"off","neve_meta_content_width":70,"neve_meta_title_alignment":"","neve_meta_author_avatar":"","neve_post_elements_order":"","neve_meta_disable_header":"","neve_meta_disable_footer":"","neve_meta_disable_title":"","_themeisle_gutenberg_block_has_review":false},"product_brand":[],"product_cat":[15,28],"product_tag":[],"class_list":{"0":"post-2125","1":"product","2":"type-product","3":"status-publish","4":"has-post-thumbnail","6":"product_cat-other","7":"product_cat-all","9":"first","10":"instock","11":"downloadable","12":"virtual","13":"purchasable","14":"product-type-simple"},"yoast_head":"<!-- This site is optimized with the Yoast SEO plugin v27.5 - https:\/\/yoast.com\/product\/yoast-seo-wordpress\/ -->\n<title>DIGITAL DOWNLOAD: DaeNir texture brushes 2023 ... 1\/3 | Dae Nir<\/title>\n<meta name=\"robots\" content=\"index, follow, max-snippet:-1, max-image-preview:large, max-video-preview:-1\" \/>\n<link rel=\"canonical\" href=\"https:\/\/daenir.art\/cs\/produkt\/digital-download-daenir-texture-brushes-2023-1-3\/\" \/>\n<meta property=\"og:locale\" content=\"cs_CZ\" \/>\n<meta property=\"og:type\" content=\"article\" \/>\n<meta property=\"og:title\" content=\"DIGITAL DOWNLOAD: DaeNir texture brushes 2023 ... 1\/3 | Dae Nir\" \/>\n<meta property=\"og:description\" content=\"\u2726 \ud835\udc01\ud835\udc00\ud835\udc12\ud835\udc08\ud835\udc02 \ud835\udc08\ud835\udc0d\ud835\udc05\ud835\udc0e \u2726 \u2022 This is a DIGITAL DOWNLOAD of my textured brushes. \u2022 ABR file. (for Photoshop) \u2022 After downloading, you will get a .txt file that has a link to my google drive where you can download the brushes. (Unfortunately the brushes are too big and I can&#8217;t upload them directly to&hellip;&nbsp;\u010c\u00edst d\u00e1le &raquo;DIGITAL DOWNLOAD: DaeNir texture brushes 2023 &#8230; 1\/3\" \/>\n<meta property=\"og:url\" content=\"https:\/\/daenir.art\/cs\/produkt\/digital-download-daenir-texture-brushes-2023-1-3\/\" \/>\n<meta property=\"og:site_name\" content=\"Dae Nir\" \/>\n<meta property=\"article:modified_time\" content=\"2025-06-30T15:01:33+00:00\" \/>\n<meta property=\"og:image\" content=\"https:\/\/daenir.art\/wp-content\/uploads\/2023\/03\/textured1-kopie.jpg\" \/>\n\t<meta property=\"og:image:width\" content=\"1000\" \/>\n\t<meta property=\"og:image:height\" content=\"1000\" \/>\n\t<meta property=\"og:image:type\" content=\"image\/jpeg\" \/>\n<meta name=\"twitter:card\" content=\"summary_large_image\" \/>\n<meta name=\"twitter:label1\" content=\"Odhadovan\u00e1 doba \u010dten\u00ed\" \/>\n\t<meta name=\"twitter:data1\" content=\"1 minuta\" \/>\n<script type=\"application\/ld+json\" class=\"yoast-schema-graph\">{\"@context\":\"https:\\\/\\\/schema.org\",\"@graph\":[{\"@type\":\"WebPage\",\"@id\":\"https:\\\/\\\/daenir.art\\\/produkt\\\/digital-download-daenir-texture-brushes-2023-1-3\\\/\",\"url\":\"https:\\\/\\\/daenir.art\\\/produkt\\\/digital-download-daenir-texture-brushes-2023-1-3\\\/\",\"name\":\"DIGITAL DOWNLOAD: DaeNir texture brushes 2023 ... 1\\\/3 | Dae Nir\",\"isPartOf\":{\"@id\":\"https:\\\/\\\/daenir.art\\\/#website\"},\"primaryImageOfPage\":{\"@id\":\"https:\\\/\\\/daenir.art\\\/produkt\\\/digital-download-daenir-texture-brushes-2023-1-3\\\/#primaryimage\"},\"image\":{\"@id\":\"https:\\\/\\\/daenir.art\\\/produkt\\\/digital-download-daenir-texture-brushes-2023-1-3\\\/#primaryimage\"},\"thumbnailUrl\":\"https:\\\/\\\/i0.wp.com\\\/daenir.art\\\/wp-content\\\/uploads\\\/2023\\\/03\\\/textured1-kopie.jpg?fit=1000%2C1000&ssl=1\",\"datePublished\":\"2023-03-16T19:40:50+00:00\",\"dateModified\":\"2025-06-30T15:01:33+00:00\",\"breadcrumb\":{\"@id\":\"https:\\\/\\\/daenir.art\\\/produkt\\\/digital-download-daenir-texture-brushes-2023-1-3\\\/#breadcrumb\"},\"inLanguage\":\"cs\",\"potentialAction\":[{\"@type\":\"ReadAction\",\"target\":[\"https:\\\/\\\/daenir.art\\\/produkt\\\/digital-download-daenir-texture-brushes-2023-1-3\\\/\"]}]},{\"@type\":\"ImageObject\",\"inLanguage\":\"cs\",\"@id\":\"https:\\\/\\\/daenir.art\\\/produkt\\\/digital-download-daenir-texture-brushes-2023-1-3\\\/#primaryimage\",\"url\":\"https:\\\/\\\/i0.wp.com\\\/daenir.art\\\/wp-content\\\/uploads\\\/2023\\\/03\\\/textured1-kopie.jpg?fit=1000%2C1000&ssl=1\",\"contentUrl\":\"https:\\\/\\\/i0.wp.com\\\/daenir.art\\\/wp-content\\\/uploads\\\/2023\\\/03\\\/textured1-kopie.jpg?fit=1000%2C1000&ssl=1\",\"width\":1000,\"height\":1000},{\"@type\":\"BreadcrumbList\",\"@id\":\"https:\\\/\\\/daenir.art\\\/produkt\\\/digital-download-daenir-texture-brushes-2023-1-3\\\/#breadcrumb\",\"itemListElement\":[{\"@type\":\"ListItem\",\"position\":1,\"name\":\"Home\",\"item\":\"https:\\\/\\\/daenir.art\\\/\"},{\"@type\":\"ListItem\",\"position\":2,\"name\":\"Shop\",\"item\":\"https:\\\/\\\/daenir.art\\\/shop\\\/\"},{\"@type\":\"ListItem\",\"position\":3,\"name\":\"DIGITAL DOWNLOAD: DaeNir texture brushes 2023 &#8230; 1\\\/3\"}]},{\"@type\":\"WebSite\",\"@id\":\"https:\\\/\\\/daenir.art\\\/#website\",\"url\":\"https:\\\/\\\/daenir.art\\\/\",\"name\":\"Dae Nir Art\",\"description\":\"Mystical Art from a Darker Realm\",\"publisher\":{\"@id\":\"https:\\\/\\\/daenir.art\\\/#\\\/schema\\\/person\\\/20dd059b78448af6362377a99976bfb8\"},\"alternateName\":\"Dae Nir \u2013 Dark & Enchanting Art\",\"potentialAction\":[{\"@type\":\"SearchAction\",\"target\":{\"@type\":\"EntryPoint\",\"urlTemplate\":\"https:\\\/\\\/daenir.art\\\/?s={search_term_string}\"},\"query-input\":{\"@type\":\"PropertyValueSpecification\",\"valueRequired\":true,\"valueName\":\"search_term_string\"}}],\"inLanguage\":\"cs\"},{\"@type\":[\"Person\",\"Organization\"],\"@id\":\"https:\\\/\\\/daenir.art\\\/#\\\/schema\\\/person\\\/20dd059b78448af6362377a99976bfb8\",\"name\":\"Daenir\",\"image\":{\"@type\":\"ImageObject\",\"inLanguage\":\"cs\",\"@id\":\"https:\\\/\\\/i0.wp.com\\\/daenir.art\\\/wp-content\\\/uploads\\\/2021\\\/03\\\/logo-1.png?fit=655%2C594&ssl=1\",\"url\":\"https:\\\/\\\/i0.wp.com\\\/daenir.art\\\/wp-content\\\/uploads\\\/2021\\\/03\\\/logo-1.png?fit=655%2C594&ssl=1\",\"contentUrl\":\"https:\\\/\\\/i0.wp.com\\\/daenir.art\\\/wp-content\\\/uploads\\\/2021\\\/03\\\/logo-1.png?fit=655%2C594&ssl=1\",\"width\":655,\"height\":594,\"caption\":\"Daenir\"},\"logo\":{\"@id\":\"https:\\\/\\\/i0.wp.com\\\/daenir.art\\\/wp-content\\\/uploads\\\/2021\\\/03\\\/logo-1.png?fit=655%2C594&ssl=1\"},\"sameAs\":[\"https:\\\/\\\/daenir.art\\\/\"]}]}<\/script>\n<!-- \/ Yoast SEO plugin. -->","yoast_head_json":{"title":"DIGITAL DOWNLOAD: DaeNir texture brushes 2023 ... 1\/3 | Dae Nir","robots":{"index":"index","follow":"follow","max-snippet":"max-snippet:-1","max-image-preview":"max-image-preview:large","max-video-preview":"max-video-preview:-1"},"canonical":"https:\/\/daenir.art\/cs\/produkt\/digital-download-daenir-texture-brushes-2023-1-3\/","og_locale":"cs_CZ","og_type":"article","og_title":"DIGITAL DOWNLOAD: DaeNir texture brushes 2023 ... 1\/3 | Dae Nir","og_description":"\u2726 \ud835\udc01\ud835\udc00\ud835\udc12\ud835\udc08\ud835\udc02 \ud835\udc08\ud835\udc0d\ud835\udc05\ud835\udc0e \u2726 \u2022 This is a DIGITAL DOWNLOAD of my textured brushes. \u2022 ABR file. (for Photoshop) \u2022 After downloading, you will get a .txt file that has a link to my google drive where you can download the brushes. (Unfortunately the brushes are too big and I can&#8217;t upload them directly to&hellip;&nbsp;\u010c\u00edst d\u00e1le &raquo;DIGITAL DOWNLOAD: DaeNir texture brushes 2023 &#8230; 1\/3","og_url":"https:\/\/daenir.art\/cs\/produkt\/digital-download-daenir-texture-brushes-2023-1-3\/","og_site_name":"Dae Nir","article_modified_time":"2025-06-30T15:01:33+00:00","og_image":[{"width":1000,"height":1000,"url":"https:\/\/daenir.art\/wp-content\/uploads\/2023\/03\/textured1-kopie.jpg","type":"image\/jpeg"}],"twitter_card":"summary_large_image","twitter_misc":{"Odhadovan\u00e1 doba \u010dten\u00ed":"1 minuta"},"schema":{"@context":"https:\/\/schema.org","@graph":[{"@type":"WebPage","@id":"https:\/\/daenir.art\/produkt\/digital-download-daenir-texture-brushes-2023-1-3\/","url":"https:\/\/daenir.art\/produkt\/digital-download-daenir-texture-brushes-2023-1-3\/","name":"DIGITAL DOWNLOAD: DaeNir texture brushes 2023 ... 1\/3 | Dae Nir","isPartOf":{"@id":"https:\/\/daenir.art\/#website"},"primaryImageOfPage":{"@id":"https:\/\/daenir.art\/produkt\/digital-download-daenir-texture-brushes-2023-1-3\/#primaryimage"},"image":{"@id":"https:\/\/daenir.art\/produkt\/digital-download-daenir-texture-brushes-2023-1-3\/#primaryimage"},"thumbnailUrl":"https:\/\/i0.wp.com\/daenir.art\/wp-content\/uploads\/2023\/03\/textured1-kopie.jpg?fit=1000%2C1000&ssl=1","datePublished":"2023-03-16T19:40:50+00:00","dateModified":"2025-06-30T15:01:33+00:00","breadcrumb":{"@id":"https:\/\/daenir.art\/produkt\/digital-download-daenir-texture-brushes-2023-1-3\/#breadcrumb"},"inLanguage":"cs","potentialAction":[{"@type":"ReadAction","target":["https:\/\/daenir.art\/produkt\/digital-download-daenir-texture-brushes-2023-1-3\/"]}]},{"@type":"ImageObject","inLanguage":"cs","@id":"https:\/\/daenir.art\/produkt\/digital-download-daenir-texture-brushes-2023-1-3\/#primaryimage","url":"https:\/\/i0.wp.com\/daenir.art\/wp-content\/uploads\/2023\/03\/textured1-kopie.jpg?fit=1000%2C1000&ssl=1","contentUrl":"https:\/\/i0.wp.com\/daenir.art\/wp-content\/uploads\/2023\/03\/textured1-kopie.jpg?fit=1000%2C1000&ssl=1","width":1000,"height":1000},{"@type":"BreadcrumbList","@id":"https:\/\/daenir.art\/produkt\/digital-download-daenir-texture-brushes-2023-1-3\/#breadcrumb","itemListElement":[{"@type":"ListItem","position":1,"name":"Home","item":"https:\/\/daenir.art\/"},{"@type":"ListItem","position":2,"name":"Shop","item":"https:\/\/daenir.art\/shop\/"},{"@type":"ListItem","position":3,"name":"DIGITAL DOWNLOAD: DaeNir texture brushes 2023 &#8230; 1\/3"}]},{"@type":"WebSite","@id":"https:\/\/daenir.art\/#website","url":"https:\/\/daenir.art\/","name":"Dae Nir Art","description":"Mystical Art from a Darker Realm","publisher":{"@id":"https:\/\/daenir.art\/#\/schema\/person\/20dd059b78448af6362377a99976bfb8"},"alternateName":"Dae Nir \u2013 Dark & Enchanting Art","potentialAction":[{"@type":"SearchAction","target":{"@type":"EntryPoint","urlTemplate":"https:\/\/daenir.art\/?s={search_term_string}"},"query-input":{"@type":"PropertyValueSpecification","valueRequired":true,"valueName":"search_term_string"}}],"inLanguage":"cs"},{"@type":["Person","Organization"],"@id":"https:\/\/daenir.art\/#\/schema\/person\/20dd059b78448af6362377a99976bfb8","name":"Daenir","image":{"@type":"ImageObject","inLanguage":"cs","@id":"https:\/\/i0.wp.com\/daenir.art\/wp-content\/uploads\/2021\/03\/logo-1.png?fit=655%2C594&ssl=1","url":"https:\/\/i0.wp.com\/daenir.art\/wp-content\/uploads\/2021\/03\/logo-1.png?fit=655%2C594&ssl=1","contentUrl":"https:\/\/i0.wp.com\/daenir.art\/wp-content\/uploads\/2021\/03\/logo-1.png?fit=655%2C594&ssl=1","width":655,"height":594,"caption":"Daenir"},"logo":{"@id":"https:\/\/i0.wp.com\/daenir.art\/wp-content\/uploads\/2021\/03\/logo-1.png?fit=655%2C594&ssl=1"},"sameAs":["https:\/\/daenir.art\/"]}]}},"jetpack_sharing_enabled":true,"_links":{"self":[{"href":"https:\/\/daenir.art\/cs\/wp-json\/wp\/v2\/product\/2125","targetHints":{"allow":["GET"]}}],"collection":[{"href":"https:\/\/daenir.art\/cs\/wp-json\/wp\/v2\/product"}],"about":[{"href":"https:\/\/daenir.art\/cs\/wp-json\/wp\/v2\/types\/product"}],"wp:featuredmedia":[{"embeddable":true,"href":"https:\/\/daenir.art\/cs\/wp-json\/wp\/v2\/media\/2124"}],"wp:attachment":[{"href":"https:\/\/daenir.art\/cs\/wp-json\/wp\/v2\/media?parent=2125"}],"wp:term":[{"taxonomy":"product_brand","embeddable":true,"href":"https:\/\/daenir.art\/cs\/wp-json\/wp\/v2\/product_brand?post=2125"},{"taxonomy":"product_cat","embeddable":true,"href":"https:\/\/daenir.art\/cs\/wp-json\/wp\/v2\/product_cat?post=2125"},{"taxonomy":"product_tag","embeddable":true,"href":"https:\/\/daenir.art\/cs\/wp-json\/wp\/v2\/product_tag?post=2125"}],"curies":[{"name":"wp","href":"https:\/\/api.w.org\/{rel}","templated":true}]}}