{"id":2132,"date":"2023-03-19T10:56:54","date_gmt":"2023-03-19T09:56:54","guid":{"rendered":"https:\/\/daenir.art\/?post_type=product&#038;p=2132"},"modified":"2024-01-13T20:50:58","modified_gmt":"2024-01-13T19:50:58","slug":"painting-printed-on-canvas","status":"publish","type":"product","link":"https:\/\/daenir.art\/cs\/produkt\/painting-printed-on-canvas\/","title":{"rendered":"Obraz ti\u0161ten\u00fd na pl\u00e1tno"},"content":{"rendered":"<p>\u2726 Z\u00c1KLADN\u00cd INFORMACE \u2726<br \/>\n\u2022 Vysoce kvalitn\u00ed tisk na um\u011bleck\u00e9 pl\u00e1tno. Napodobuje skute\u010dn\u00fd obraz.<br \/>\n\u2022 Pl\u00e1tno nata\u017een\u00e9 na r\u00e1mu.<br \/>\n\u2022 Do pozn\u00e1mky mi pros\u00edm napi\u0161te \u010d\u00edslo obrazu. (M\u016f\u017eete si vybrat jak\u00fdkoli obraz, kter\u00fd jsem namalovala. Nemus\u00edte vyb\u00edrat jen z t\u011bch, kter\u00e9 jsou zde v nab\u00eddce. P\u0159\u00edpadn\u011b m\u011b m\u016f\u017eete kontaktovat na e-mailov\u00e9 adrese daenir.art@gmail.com).<\/p>\n<p>\u00b0\u2727\u2726 V ka\u017ed\u00e9 objedn\u00e1vce obdr\u017e\u00edte tak\u00e9 slevu na dal\u0161\u00ed n\u00e1kup, najdete zde tak\u00e9 drobn\u00e9 p\u0159edm\u011bty, jako jsou pohlednice, samolepky, z\u00e1lo\u017eky nebo jin\u00e9 n\u00e1hodn\u011b vybran\u00e9! A v ka\u017ed\u00e9 objedn\u00e1vce nad 20 USD \/ 20 \u20ac \/ 500 K\u010d zas\u00edl\u00e1m !!!LUCKY DIP!!!\u2726\u2727\u00b0<\/p>\n<p>&#8212;<\/p>\n<p>\u2726 VELIKOSI a BARVY \u2726<br \/>\n\u2022 30&#215;40 cm, 40&#215;60 cm, 50&#215;50 cm, 50&#215;70 cm, 60&#215;80 cm, 70&#215;100 cm, 80&#215;100 cm.<br \/>\n\u2022 M\u011bjte pros\u00edm na pam\u011bti, \u017ee pokud vyberete velikost pl\u00e1tna, jej\u00ed\u017e pom\u011br stran se li\u0161\u00ed od m\u00fdch obr\u00e1zk\u016f, obr\u00e1zek bude o\u0159\u00edznut. Maluji na standardn\u00ed form\u00e1t ISO 216, DIN 476 (A3), 1:\u221a2 (tj. p\u0159ibli\u017en\u011b 1:1414), tak\u017ee nap\u0159\u00edklad form\u00e1t 70\u00d7100 cm nebo 50\u00d770 cm neznamen\u00e1 t\u00e9m\u011b\u0159 \u017e\u00e1dn\u00fd o\u0159ez obrazu.<br \/>\n\u2022  Upozor\u0148ujeme, \u017ee barvy, kter\u00e9 vid\u00edte na monitoru, se mohou m\u00edrn\u011b li\u0161it od skute\u010dn\u00fdch barev tisku.<\/p>\n<p>&#8212;<\/p>\n<p>\u2726 DOPRAVA a ZM\u011aNY V OBJEDN\u00c1VCE \u2726<br \/>\n\u2022 Pl\u00e1tna jsou zas\u00edl\u00e1na zabalen\u00e1 v bublinkov\u00e9 f\u00f3lii a v kartonov\u00e9 krabici.<br \/>\n\u2022 Pos\u00edl\u00e1m nejrychlej\u0161\u00ed mo\u017enou po\u0161tou se sledovac\u00edm \u010d\u00edslem - tak\u017ee se Va\u0161e objedn\u00e1vka neztrat\u00ed.<br \/>\n\u2022 Bohu\u017eel od t\u00e9 doby, co jsem se p\u0159est\u011bhovala z velk\u00e9ho m\u011bsta na vesnici, u\u017e nem\u00e1m tak dostupnou po\u0161tu. Tak\u017ee pos\u00edl\u00e1m jen dvakr\u00e1t t\u00fddn\u011b. D\u011bkuji za pochopen\u00ed a trp\u011blivost!<\/p>\n<p>&#8212;<\/p>\n<p>\u2726 OSTATN\u00cd \u2726<br \/>\n\u2022 Zm\u011bny nelze prov\u00e1d\u011bt po odesl\u00e1n\u00ed objedn\u00e1vky.<br \/>\n\u2022 Pokud m\u00e1te n\u011bjak\u00e9 dotazy, kontaktujte m\u011b zde nebo na m\u00e9m Instagramu (@deanirart). \ud83d\ude42<\/p>","protected":false},"excerpt":{"rendered":"<p>\u2726 \ud835\udc01\ud835\udc00\ud835\udc12\ud835\udc08\ud835\udc02 \ud835\udc08\ud835\udc0d\ud835\udc05\ud835\udc0e \u2726 \u2022 High-quality printing on artistic photo canvas. Imitates a real painting. \u2022 Canvas stretched on the frame. \u2022 Please write me the number of the painting in the note. (You can pick any picture I&#8217;ve painted. You don&#8217;t have to choose just from the ones on offer here. Alternatively, you can&hellip;&nbsp;<a href=\"https:\/\/daenir.art\/cs\/produkt\/painting-printed-on-canvas\/\" rel=\"bookmark\">\u010c\u00edst d\u00e1le &raquo;<span class=\"screen-reader-text\">Obraz ti\u0161ten\u00fd na pl\u00e1tno<\/span><\/a><\/p>","protected":false},"featured_media":2297,"template":"","meta":{"neve_meta_sidebar":"","neve_meta_container":"","neve_meta_enable_content_width":"off","neve_meta_content_width":70,"neve_meta_title_alignment":"","neve_meta_author_avatar":"","neve_post_elements_order":"","neve_meta_disable_header":"","neve_meta_disable_footer":"","neve_meta_disable_title":"","_themeisle_gutenberg_block_has_review":false},"product_brand":[],"product_cat":[15,28],"product_tag":[],"class_list":{"0":"post-2132","1":"product","2":"type-product","3":"status-publish","4":"has-post-thumbnail","6":"product_cat-other","7":"product_cat-all","9":"first","10":"instock","11":"shipping-taxable","12":"purchasable","13":"product-type-variable"},"yoast_head":"<!-- This site is optimized with the Yoast SEO plugin v27.5 - https:\/\/yoast.com\/product\/yoast-seo-wordpress\/ -->\n<title>Painting printed on canvas | Dae Nir<\/title>\n<meta name=\"robots\" content=\"index, follow, max-snippet:-1, max-image-preview:large, max-video-preview:-1\" \/>\n<link rel=\"canonical\" href=\"https:\/\/daenir.art\/cs\/produkt\/painting-printed-on-canvas\/\" \/>\n<meta property=\"og:locale\" content=\"cs_CZ\" \/>\n<meta property=\"og:type\" content=\"article\" \/>\n<meta property=\"og:title\" content=\"Painting printed on canvas | Dae Nir\" \/>\n<meta property=\"og:description\" content=\"\u2726 \ud835\udc01\ud835\udc00\ud835\udc12\ud835\udc08\ud835\udc02 \ud835\udc08\ud835\udc0d\ud835\udc05\ud835\udc0e \u2726 \u2022 High-quality printing on artistic photo canvas. Imitates a real painting. \u2022 Canvas stretched on the frame. \u2022 Please write me the number of the painting in the note. (You can pick any picture I&#8217;ve painted. You don&#8217;t have to choose just from the ones on offer here. Alternatively, you can&hellip;&nbsp;\u010c\u00edst d\u00e1le &raquo;Painting printed on canvas\" \/>\n<meta property=\"og:url\" content=\"https:\/\/daenir.art\/cs\/produkt\/painting-printed-on-canvas\/\" \/>\n<meta property=\"og:site_name\" content=\"Dae Nir\" \/>\n<meta property=\"article:modified_time\" content=\"2024-01-13T19:50:58+00:00\" \/>\n<meta property=\"og:image\" content=\"https:\/\/daenir.art\/wp-content\/uploads\/2023\/03\/ETSY-listing-_-2000x2000-copy-3-2-1024x1024.png\" \/>\n\t<meta property=\"og:image:width\" content=\"1024\" \/>\n\t<meta property=\"og:image:height\" content=\"1024\" \/>\n\t<meta property=\"og:image:type\" content=\"image\/png\" \/>\n<meta name=\"twitter:card\" content=\"summary_large_image\" \/>\n<meta name=\"twitter:label1\" content=\"Odhadovan\u00e1 doba \u010dten\u00ed\" \/>\n\t<meta name=\"twitter:data1\" content=\"2 minuty\" \/>\n<script type=\"application\/ld+json\" class=\"yoast-schema-graph\">{\"@context\":\"https:\\\/\\\/schema.org\",\"@graph\":[{\"@type\":\"WebPage\",\"@id\":\"https:\\\/\\\/daenir.art\\\/produkt\\\/painting-printed-on-canvas\\\/\",\"url\":\"https:\\\/\\\/daenir.art\\\/produkt\\\/painting-printed-on-canvas\\\/\",\"name\":\"Painting printed on canvas | Dae Nir\",\"isPartOf\":{\"@id\":\"https:\\\/\\\/daenir.art\\\/#website\"},\"primaryImageOfPage\":{\"@id\":\"https:\\\/\\\/daenir.art\\\/produkt\\\/painting-printed-on-canvas\\\/#primaryimage\"},\"image\":{\"@id\":\"https:\\\/\\\/daenir.art\\\/produkt\\\/painting-printed-on-canvas\\\/#primaryimage\"},\"thumbnailUrl\":\"https:\\\/\\\/i0.wp.com\\\/daenir.art\\\/wp-content\\\/uploads\\\/2023\\\/03\\\/ETSY-listing-_-2000x2000-copy-3-2.png?fit=2000%2C2000&ssl=1\",\"datePublished\":\"2023-03-19T09:56:54+00:00\",\"dateModified\":\"2024-01-13T19:50:58+00:00\",\"breadcrumb\":{\"@id\":\"https:\\\/\\\/daenir.art\\\/produkt\\\/painting-printed-on-canvas\\\/#breadcrumb\"},\"inLanguage\":\"cs\",\"potentialAction\":[{\"@type\":\"ReadAction\",\"target\":[\"https:\\\/\\\/daenir.art\\\/produkt\\\/painting-printed-on-canvas\\\/\"]}]},{\"@type\":\"ImageObject\",\"inLanguage\":\"cs\",\"@id\":\"https:\\\/\\\/daenir.art\\\/produkt\\\/painting-printed-on-canvas\\\/#primaryimage\",\"url\":\"https:\\\/\\\/i0.wp.com\\\/daenir.art\\\/wp-content\\\/uploads\\\/2023\\\/03\\\/ETSY-listing-_-2000x2000-copy-3-2.png?fit=2000%2C2000&ssl=1\",\"contentUrl\":\"https:\\\/\\\/i0.wp.com\\\/daenir.art\\\/wp-content\\\/uploads\\\/2023\\\/03\\\/ETSY-listing-_-2000x2000-copy-3-2.png?fit=2000%2C2000&ssl=1\",\"width\":2000,\"height\":2000},{\"@type\":\"BreadcrumbList\",\"@id\":\"https:\\\/\\\/daenir.art\\\/produkt\\\/painting-printed-on-canvas\\\/#breadcrumb\",\"itemListElement\":[{\"@type\":\"ListItem\",\"position\":1,\"name\":\"Home\",\"item\":\"https:\\\/\\\/daenir.art\\\/\"},{\"@type\":\"ListItem\",\"position\":2,\"name\":\"Shop\",\"item\":\"https:\\\/\\\/daenir.art\\\/shop\\\/\"},{\"@type\":\"ListItem\",\"position\":3,\"name\":\"Painting printed on canvas\"}]},{\"@type\":\"WebSite\",\"@id\":\"https:\\\/\\\/daenir.art\\\/#website\",\"url\":\"https:\\\/\\\/daenir.art\\\/\",\"name\":\"Dae Nir Art\",\"description\":\"Mystical Art from a Darker Realm\",\"publisher\":{\"@id\":\"https:\\\/\\\/daenir.art\\\/#\\\/schema\\\/person\\\/20dd059b78448af6362377a99976bfb8\"},\"alternateName\":\"Dae Nir \u2013 Dark & Enchanting Art\",\"potentialAction\":[{\"@type\":\"SearchAction\",\"target\":{\"@type\":\"EntryPoint\",\"urlTemplate\":\"https:\\\/\\\/daenir.art\\\/?s={search_term_string}\"},\"query-input\":{\"@type\":\"PropertyValueSpecification\",\"valueRequired\":true,\"valueName\":\"search_term_string\"}}],\"inLanguage\":\"cs\"},{\"@type\":[\"Person\",\"Organization\"],\"@id\":\"https:\\\/\\\/daenir.art\\\/#\\\/schema\\\/person\\\/20dd059b78448af6362377a99976bfb8\",\"name\":\"Daenir\",\"image\":{\"@type\":\"ImageObject\",\"inLanguage\":\"cs\",\"@id\":\"https:\\\/\\\/i0.wp.com\\\/daenir.art\\\/wp-content\\\/uploads\\\/2021\\\/03\\\/logo-1.png?fit=655%2C594&ssl=1\",\"url\":\"https:\\\/\\\/i0.wp.com\\\/daenir.art\\\/wp-content\\\/uploads\\\/2021\\\/03\\\/logo-1.png?fit=655%2C594&ssl=1\",\"contentUrl\":\"https:\\\/\\\/i0.wp.com\\\/daenir.art\\\/wp-content\\\/uploads\\\/2021\\\/03\\\/logo-1.png?fit=655%2C594&ssl=1\",\"width\":655,\"height\":594,\"caption\":\"Daenir\"},\"logo\":{\"@id\":\"https:\\\/\\\/i0.wp.com\\\/daenir.art\\\/wp-content\\\/uploads\\\/2021\\\/03\\\/logo-1.png?fit=655%2C594&ssl=1\"},\"sameAs\":[\"https:\\\/\\\/daenir.art\\\/\"]}]}<\/script>\n<!-- \/ Yoast SEO plugin. -->","yoast_head_json":{"title":"Painting printed on canvas | Dae Nir","robots":{"index":"index","follow":"follow","max-snippet":"max-snippet:-1","max-image-preview":"max-image-preview:large","max-video-preview":"max-video-preview:-1"},"canonical":"https:\/\/daenir.art\/cs\/produkt\/painting-printed-on-canvas\/","og_locale":"cs_CZ","og_type":"article","og_title":"Painting printed on canvas | Dae Nir","og_description":"\u2726 \ud835\udc01\ud835\udc00\ud835\udc12\ud835\udc08\ud835\udc02 \ud835\udc08\ud835\udc0d\ud835\udc05\ud835\udc0e \u2726 \u2022 High-quality printing on artistic photo canvas. Imitates a real painting. \u2022 Canvas stretched on the frame. \u2022 Please write me the number of the painting in the note. (You can pick any picture I&#8217;ve painted. You don&#8217;t have to choose just from the ones on offer here. Alternatively, you can&hellip;&nbsp;\u010c\u00edst d\u00e1le &raquo;Painting printed on canvas","og_url":"https:\/\/daenir.art\/cs\/produkt\/painting-printed-on-canvas\/","og_site_name":"Dae Nir","article_modified_time":"2024-01-13T19:50:58+00:00","og_image":[{"width":1024,"height":1024,"url":"https:\/\/daenir.art\/wp-content\/uploads\/2023\/03\/ETSY-listing-_-2000x2000-copy-3-2-1024x1024.png","type":"image\/png"}],"twitter_card":"summary_large_image","twitter_misc":{"Odhadovan\u00e1 doba \u010dten\u00ed":"2 minuty"},"schema":{"@context":"https:\/\/schema.org","@graph":[{"@type":"WebPage","@id":"https:\/\/daenir.art\/produkt\/painting-printed-on-canvas\/","url":"https:\/\/daenir.art\/produkt\/painting-printed-on-canvas\/","name":"Painting printed on canvas | Dae Nir","isPartOf":{"@id":"https:\/\/daenir.art\/#website"},"primaryImageOfPage":{"@id":"https:\/\/daenir.art\/produkt\/painting-printed-on-canvas\/#primaryimage"},"image":{"@id":"https:\/\/daenir.art\/produkt\/painting-printed-on-canvas\/#primaryimage"},"thumbnailUrl":"https:\/\/i0.wp.com\/daenir.art\/wp-content\/uploads\/2023\/03\/ETSY-listing-_-2000x2000-copy-3-2.png?fit=2000%2C2000&ssl=1","datePublished":"2023-03-19T09:56:54+00:00","dateModified":"2024-01-13T19:50:58+00:00","breadcrumb":{"@id":"https:\/\/daenir.art\/produkt\/painting-printed-on-canvas\/#breadcrumb"},"inLanguage":"cs","potentialAction":[{"@type":"ReadAction","target":["https:\/\/daenir.art\/produkt\/painting-printed-on-canvas\/"]}]},{"@type":"ImageObject","inLanguage":"cs","@id":"https:\/\/daenir.art\/produkt\/painting-printed-on-canvas\/#primaryimage","url":"https:\/\/i0.wp.com\/daenir.art\/wp-content\/uploads\/2023\/03\/ETSY-listing-_-2000x2000-copy-3-2.png?fit=2000%2C2000&ssl=1","contentUrl":"https:\/\/i0.wp.com\/daenir.art\/wp-content\/uploads\/2023\/03\/ETSY-listing-_-2000x2000-copy-3-2.png?fit=2000%2C2000&ssl=1","width":2000,"height":2000},{"@type":"BreadcrumbList","@id":"https:\/\/daenir.art\/produkt\/painting-printed-on-canvas\/#breadcrumb","itemListElement":[{"@type":"ListItem","position":1,"name":"Home","item":"https:\/\/daenir.art\/"},{"@type":"ListItem","position":2,"name":"Shop","item":"https:\/\/daenir.art\/shop\/"},{"@type":"ListItem","position":3,"name":"Painting printed on canvas"}]},{"@type":"WebSite","@id":"https:\/\/daenir.art\/#website","url":"https:\/\/daenir.art\/","name":"Dae Nir Art","description":"Mystical Art from a Darker Realm","publisher":{"@id":"https:\/\/daenir.art\/#\/schema\/person\/20dd059b78448af6362377a99976bfb8"},"alternateName":"Dae Nir \u2013 Dark & Enchanting Art","potentialAction":[{"@type":"SearchAction","target":{"@type":"EntryPoint","urlTemplate":"https:\/\/daenir.art\/?s={search_term_string}"},"query-input":{"@type":"PropertyValueSpecification","valueRequired":true,"valueName":"search_term_string"}}],"inLanguage":"cs"},{"@type":["Person","Organization"],"@id":"https:\/\/daenir.art\/#\/schema\/person\/20dd059b78448af6362377a99976bfb8","name":"Daenir","image":{"@type":"ImageObject","inLanguage":"cs","@id":"https:\/\/i0.wp.com\/daenir.art\/wp-content\/uploads\/2021\/03\/logo-1.png?fit=655%2C594&ssl=1","url":"https:\/\/i0.wp.com\/daenir.art\/wp-content\/uploads\/2021\/03\/logo-1.png?fit=655%2C594&ssl=1","contentUrl":"https:\/\/i0.wp.com\/daenir.art\/wp-content\/uploads\/2021\/03\/logo-1.png?fit=655%2C594&ssl=1","width":655,"height":594,"caption":"Daenir"},"logo":{"@id":"https:\/\/i0.wp.com\/daenir.art\/wp-content\/uploads\/2021\/03\/logo-1.png?fit=655%2C594&ssl=1"},"sameAs":["https:\/\/daenir.art\/"]}]}},"jetpack_sharing_enabled":true,"_links":{"self":[{"href":"https:\/\/daenir.art\/cs\/wp-json\/wp\/v2\/product\/2132","targetHints":{"allow":["GET"]}}],"collection":[{"href":"https:\/\/daenir.art\/cs\/wp-json\/wp\/v2\/product"}],"about":[{"href":"https:\/\/daenir.art\/cs\/wp-json\/wp\/v2\/types\/product"}],"wp:featuredmedia":[{"embeddable":true,"href":"https:\/\/daenir.art\/cs\/wp-json\/wp\/v2\/media\/2297"}],"wp:attachment":[{"href":"https:\/\/daenir.art\/cs\/wp-json\/wp\/v2\/media?parent=2132"}],"wp:term":[{"taxonomy":"product_brand","embeddable":true,"href":"https:\/\/daenir.art\/cs\/wp-json\/wp\/v2\/product_brand?post=2132"},{"taxonomy":"product_cat","embeddable":true,"href":"https:\/\/daenir.art\/cs\/wp-json\/wp\/v2\/product_cat?post=2132"},{"taxonomy":"product_tag","embeddable":true,"href":"https:\/\/daenir.art\/cs\/wp-json\/wp\/v2\/product_tag?post=2132"}],"curies":[{"name":"wp","href":"https:\/\/api.w.org\/{rel}","templated":true}]}}