{"id":2527,"date":"2023-12-17T12:00:09","date_gmt":"2023-12-17T11:00:09","guid":{"rendered":"https:\/\/daenir.art\/?post_type=product&#038;p=2527"},"modified":"2025-02-22T15:40:42","modified_gmt":"2025-02-22T14:40:42","slug":"nocturne-series-scorpius","status":"publish","type":"product","link":"https:\/\/daenir.art\/cs\/produkt\/nocturne-series-scorpius\/","title":{"rendered":"S\u00e9rie Nocturne - \u0160t\u00edr"},"content":{"rendered":"<p>\ud83c\udf19 <strong>Objevte \"Nokturno\" - 10 jedine\u010dn\u00fdch akrylov\u00fdch obraz\u016f<\/strong><\/p>\n<p>Pono\u0159te se do kouzla \"Nokturna\", sb\u00edrky akrylov\u00fdch maleb zachycuj\u00edc\u00edch kr\u00e1su noci.<\/p>\n<p>\ud83c\udf89 <strong>Po\u0161tovn\u00e9 ZDARMA<br \/>\n<\/strong><\/p>\n<p>U\u017eijte si po\u0161tovn\u00e9 zdarma na v\u0161echny malby!<\/p>\n<p>\ud83d\udccd <strong>Vystaveno v restauraci Sportcentrum do dubna<br \/>\n<\/strong><\/p>\n<p>Obrazy budu pos\u00edlat od dubna, do t\u00e9 doby budou viset ve Sportcentru Restaurace.<\/p>\n<p>Nem\u016f\u017eete se do\u010dkat? Nav\u0161tivte restauraci Sportcentrum ve Zl\u00edn\u011b-Malenovic\u00edch a prohl\u00e9dn\u011bte si obrazy osobn\u011b. Budou zde viset n\u00e1sleduj\u00edc\u00ed dva\/t\u0159i m\u011bs\u00edce. Pot\u00e9 je roze\u0161lu kupuj\u00edc\u00edm.<\/p>\n<p>\ud83d\uddbc\ufe0f <strong>Velikost<br \/>\n<\/strong><\/p>\n<p>60\u00d760 cm<\/p>","protected":false},"excerpt":{"rendered":"<p>\ud83c\udf19 Discover &#8220;Nocturne&#8221; &#8211; 10 Unique Acrylic Paintings Immerse yourself in the magic of &#8220;Nocturne,&#8221; a collection of acrylic paintings capturing the beauty of the night. \ud83c\udf89 FREE shipping Enjoy free shipping on all paintings! \ud83d\udccd On Display at Sportcentrum restaurant until April I will send the paintings from April, until then they will be&hellip;&nbsp;<a href=\"https:\/\/daenir.art\/cs\/produkt\/nocturne-series-scorpius\/\" rel=\"bookmark\">\u010c\u00edst d\u00e1le &raquo;<span class=\"screen-reader-text\">S\u00e9rie Nocturne - \u0160t\u00edr<\/span><\/a><\/p>","protected":false},"featured_media":2512,"template":"","meta":{"neve_meta_sidebar":"","neve_meta_container":"","neve_meta_enable_content_width":"off","neve_meta_content_width":100,"neve_meta_title_alignment":"","neve_meta_author_avatar":"","neve_post_elements_order":"","neve_meta_disable_header":"","neve_meta_disable_footer":"","neve_meta_disable_title":"","_themeisle_gutenberg_block_has_review":false},"product_brand":[],"product_cat":[40,65,28],"product_tag":[],"class_list":{"0":"post-2527","1":"product","2":"type-product","3":"status-publish","4":"has-post-thumbnail","6":"product_cat-nocturne","7":"product_cat-original-paintings","8":"product_cat-all","9":"product_shipping_class-free-shipping","11":"first","12":"instock","13":"shipping-taxable","14":"purchasable","15":"product-type-simple"},"yoast_head":"<!-- This site is optimized with the Yoast SEO plugin v27.5 - https:\/\/yoast.com\/product\/yoast-seo-wordpress\/ -->\n<title>Nocturne series \u2013 Scorpius | Dae Nir<\/title>\n<meta name=\"description\" content=\"Nocturne - a collection of acrylic paintings capturing the beauty of the night. Pre-Sale Launch: December 17th. Last-Minute Gift OptionGet a sneak peek! On Display at Sportcentrum restaurant\" \/>\n<meta name=\"robots\" content=\"index, follow, max-snippet:-1, max-image-preview:large, max-video-preview:-1\" \/>\n<link rel=\"canonical\" href=\"https:\/\/daenir.art\/cs\/produkt\/nocturne-series-scorpius\/\" \/>\n<meta property=\"og:locale\" content=\"cs_CZ\" \/>\n<meta property=\"og:type\" content=\"article\" \/>\n<meta property=\"og:title\" content=\"Nocturne series \u2013 Scorpius | Dae Nir\" \/>\n<meta property=\"og:description\" content=\"Nocturne - a collection of acrylic paintings capturing the beauty of the night. Pre-Sale Launch: December 17th. Last-Minute Gift OptionGet a sneak peek! On Display at Sportcentrum restaurant\" \/>\n<meta property=\"og:url\" content=\"https:\/\/daenir.art\/cs\/produkt\/nocturne-series-scorpius\/\" \/>\n<meta property=\"og:site_name\" content=\"Dae Nir\" \/>\n<meta property=\"article:modified_time\" content=\"2025-02-22T14:40:42+00:00\" \/>\n<meta property=\"og:image\" content=\"https:\/\/daenir.art\/wp-content\/uploads\/2023\/12\/NOCTURNE_SERIES_0003.jpg\" \/>\n\t<meta property=\"og:image:width\" content=\"1500\" \/>\n\t<meta property=\"og:image:height\" content=\"1500\" \/>\n\t<meta property=\"og:image:type\" content=\"image\/jpeg\" \/>\n<meta name=\"twitter:card\" content=\"summary_large_image\" \/>\n<meta name=\"twitter:label1\" content=\"Odhadovan\u00e1 doba \u010dten\u00ed\" \/>\n\t<meta name=\"twitter:data1\" content=\"1 minuta\" \/>\n<script type=\"application\/ld+json\" class=\"yoast-schema-graph\">{\"@context\":\"https:\\\/\\\/schema.org\",\"@graph\":[{\"@type\":\"WebPage\",\"@id\":\"https:\\\/\\\/daenir.art\\\/produkt\\\/nocturne-series-scorpius\\\/\",\"url\":\"https:\\\/\\\/daenir.art\\\/produkt\\\/nocturne-series-scorpius\\\/\",\"name\":\"Nocturne series \u2013 Scorpius | Dae Nir\",\"isPartOf\":{\"@id\":\"https:\\\/\\\/daenir.art\\\/#website\"},\"primaryImageOfPage\":{\"@id\":\"https:\\\/\\\/daenir.art\\\/produkt\\\/nocturne-series-scorpius\\\/#primaryimage\"},\"image\":{\"@id\":\"https:\\\/\\\/daenir.art\\\/produkt\\\/nocturne-series-scorpius\\\/#primaryimage\"},\"thumbnailUrl\":\"https:\\\/\\\/i0.wp.com\\\/daenir.art\\\/wp-content\\\/uploads\\\/2023\\\/12\\\/NOCTURNE_SERIES_0003.jpg?fit=1500%2C1500&ssl=1\",\"datePublished\":\"2023-12-17T11:00:09+00:00\",\"dateModified\":\"2025-02-22T14:40:42+00:00\",\"description\":\"Nocturne - a collection of acrylic paintings capturing the beauty of the night. Pre-Sale Launch: December 17th. Last-Minute Gift OptionGet a sneak peek! On Display at Sportcentrum restaurant\",\"breadcrumb\":{\"@id\":\"https:\\\/\\\/daenir.art\\\/produkt\\\/nocturne-series-scorpius\\\/#breadcrumb\"},\"inLanguage\":\"cs\",\"potentialAction\":[{\"@type\":\"ReadAction\",\"target\":[\"https:\\\/\\\/daenir.art\\\/produkt\\\/nocturne-series-scorpius\\\/\"]}]},{\"@type\":\"ImageObject\",\"inLanguage\":\"cs\",\"@id\":\"https:\\\/\\\/daenir.art\\\/produkt\\\/nocturne-series-scorpius\\\/#primaryimage\",\"url\":\"https:\\\/\\\/i0.wp.com\\\/daenir.art\\\/wp-content\\\/uploads\\\/2023\\\/12\\\/NOCTURNE_SERIES_0003.jpg?fit=1500%2C1500&ssl=1\",\"contentUrl\":\"https:\\\/\\\/i0.wp.com\\\/daenir.art\\\/wp-content\\\/uploads\\\/2023\\\/12\\\/NOCTURNE_SERIES_0003.jpg?fit=1500%2C1500&ssl=1\",\"width\":1500,\"height\":1500},{\"@type\":\"BreadcrumbList\",\"@id\":\"https:\\\/\\\/daenir.art\\\/produkt\\\/nocturne-series-scorpius\\\/#breadcrumb\",\"itemListElement\":[{\"@type\":\"ListItem\",\"position\":1,\"name\":\"Home\",\"item\":\"https:\\\/\\\/daenir.art\\\/\"},{\"@type\":\"ListItem\",\"position\":2,\"name\":\"Shop\",\"item\":\"https:\\\/\\\/daenir.art\\\/shop\\\/\"},{\"@type\":\"ListItem\",\"position\":3,\"name\":\"Nocturne series \u2013 Scorpius\"}]},{\"@type\":\"WebSite\",\"@id\":\"https:\\\/\\\/daenir.art\\\/#website\",\"url\":\"https:\\\/\\\/daenir.art\\\/\",\"name\":\"Dae Nir Art\",\"description\":\"Mystical Art from a Darker Realm\",\"publisher\":{\"@id\":\"https:\\\/\\\/daenir.art\\\/#\\\/schema\\\/person\\\/20dd059b78448af6362377a99976bfb8\"},\"alternateName\":\"Dae Nir \u2013 Dark & Enchanting Art\",\"potentialAction\":[{\"@type\":\"SearchAction\",\"target\":{\"@type\":\"EntryPoint\",\"urlTemplate\":\"https:\\\/\\\/daenir.art\\\/?s={search_term_string}\"},\"query-input\":{\"@type\":\"PropertyValueSpecification\",\"valueRequired\":true,\"valueName\":\"search_term_string\"}}],\"inLanguage\":\"cs\"},{\"@type\":[\"Person\",\"Organization\"],\"@id\":\"https:\\\/\\\/daenir.art\\\/#\\\/schema\\\/person\\\/20dd059b78448af6362377a99976bfb8\",\"name\":\"Daenir\",\"image\":{\"@type\":\"ImageObject\",\"inLanguage\":\"cs\",\"@id\":\"https:\\\/\\\/i0.wp.com\\\/daenir.art\\\/wp-content\\\/uploads\\\/2021\\\/03\\\/logo-1.png?fit=655%2C594&ssl=1\",\"url\":\"https:\\\/\\\/i0.wp.com\\\/daenir.art\\\/wp-content\\\/uploads\\\/2021\\\/03\\\/logo-1.png?fit=655%2C594&ssl=1\",\"contentUrl\":\"https:\\\/\\\/i0.wp.com\\\/daenir.art\\\/wp-content\\\/uploads\\\/2021\\\/03\\\/logo-1.png?fit=655%2C594&ssl=1\",\"width\":655,\"height\":594,\"caption\":\"Daenir\"},\"logo\":{\"@id\":\"https:\\\/\\\/i0.wp.com\\\/daenir.art\\\/wp-content\\\/uploads\\\/2021\\\/03\\\/logo-1.png?fit=655%2C594&ssl=1\"},\"sameAs\":[\"https:\\\/\\\/daenir.art\\\/\"]}]}<\/script>\n<!-- \/ Yoast SEO plugin. -->","yoast_head_json":{"title":"Nocturne series \u2013 Scorpius | Dae Nir","description":"Nocturne - a collection of acrylic paintings capturing the beauty of the night. Pre-Sale Launch: December 17th. Last-Minute Gift OptionGet a sneak peek! On Display at Sportcentrum restaurant","robots":{"index":"index","follow":"follow","max-snippet":"max-snippet:-1","max-image-preview":"max-image-preview:large","max-video-preview":"max-video-preview:-1"},"canonical":"https:\/\/daenir.art\/cs\/produkt\/nocturne-series-scorpius\/","og_locale":"cs_CZ","og_type":"article","og_title":"Nocturne series \u2013 Scorpius | Dae Nir","og_description":"Nocturne - a collection of acrylic paintings capturing the beauty of the night. Pre-Sale Launch: December 17th. Last-Minute Gift OptionGet a sneak peek! On Display at Sportcentrum restaurant","og_url":"https:\/\/daenir.art\/cs\/produkt\/nocturne-series-scorpius\/","og_site_name":"Dae Nir","article_modified_time":"2025-02-22T14:40:42+00:00","og_image":[{"width":1500,"height":1500,"url":"https:\/\/daenir.art\/wp-content\/uploads\/2023\/12\/NOCTURNE_SERIES_0003.jpg","type":"image\/jpeg"}],"twitter_card":"summary_large_image","twitter_misc":{"Odhadovan\u00e1 doba \u010dten\u00ed":"1 minuta"},"schema":{"@context":"https:\/\/schema.org","@graph":[{"@type":"WebPage","@id":"https:\/\/daenir.art\/produkt\/nocturne-series-scorpius\/","url":"https:\/\/daenir.art\/produkt\/nocturne-series-scorpius\/","name":"Nocturne series \u2013 Scorpius | Dae Nir","isPartOf":{"@id":"https:\/\/daenir.art\/#website"},"primaryImageOfPage":{"@id":"https:\/\/daenir.art\/produkt\/nocturne-series-scorpius\/#primaryimage"},"image":{"@id":"https:\/\/daenir.art\/produkt\/nocturne-series-scorpius\/#primaryimage"},"thumbnailUrl":"https:\/\/i0.wp.com\/daenir.art\/wp-content\/uploads\/2023\/12\/NOCTURNE_SERIES_0003.jpg?fit=1500%2C1500&ssl=1","datePublished":"2023-12-17T11:00:09+00:00","dateModified":"2025-02-22T14:40:42+00:00","description":"Nocturne - a collection of acrylic paintings capturing the beauty of the night. Pre-Sale Launch: December 17th. Last-Minute Gift OptionGet a sneak peek! On Display at Sportcentrum restaurant","breadcrumb":{"@id":"https:\/\/daenir.art\/produkt\/nocturne-series-scorpius\/#breadcrumb"},"inLanguage":"cs","potentialAction":[{"@type":"ReadAction","target":["https:\/\/daenir.art\/produkt\/nocturne-series-scorpius\/"]}]},{"@type":"ImageObject","inLanguage":"cs","@id":"https:\/\/daenir.art\/produkt\/nocturne-series-scorpius\/#primaryimage","url":"https:\/\/i0.wp.com\/daenir.art\/wp-content\/uploads\/2023\/12\/NOCTURNE_SERIES_0003.jpg?fit=1500%2C1500&ssl=1","contentUrl":"https:\/\/i0.wp.com\/daenir.art\/wp-content\/uploads\/2023\/12\/NOCTURNE_SERIES_0003.jpg?fit=1500%2C1500&ssl=1","width":1500,"height":1500},{"@type":"BreadcrumbList","@id":"https:\/\/daenir.art\/produkt\/nocturne-series-scorpius\/#breadcrumb","itemListElement":[{"@type":"ListItem","position":1,"name":"Home","item":"https:\/\/daenir.art\/"},{"@type":"ListItem","position":2,"name":"Shop","item":"https:\/\/daenir.art\/shop\/"},{"@type":"ListItem","position":3,"name":"Nocturne series \u2013 Scorpius"}]},{"@type":"WebSite","@id":"https:\/\/daenir.art\/#website","url":"https:\/\/daenir.art\/","name":"Dae Nir Art","description":"Mystical Art from a Darker Realm","publisher":{"@id":"https:\/\/daenir.art\/#\/schema\/person\/20dd059b78448af6362377a99976bfb8"},"alternateName":"Dae Nir \u2013 Dark & Enchanting Art","potentialAction":[{"@type":"SearchAction","target":{"@type":"EntryPoint","urlTemplate":"https:\/\/daenir.art\/?s={search_term_string}"},"query-input":{"@type":"PropertyValueSpecification","valueRequired":true,"valueName":"search_term_string"}}],"inLanguage":"cs"},{"@type":["Person","Organization"],"@id":"https:\/\/daenir.art\/#\/schema\/person\/20dd059b78448af6362377a99976bfb8","name":"Daenir","image":{"@type":"ImageObject","inLanguage":"cs","@id":"https:\/\/i0.wp.com\/daenir.art\/wp-content\/uploads\/2021\/03\/logo-1.png?fit=655%2C594&ssl=1","url":"https:\/\/i0.wp.com\/daenir.art\/wp-content\/uploads\/2021\/03\/logo-1.png?fit=655%2C594&ssl=1","contentUrl":"https:\/\/i0.wp.com\/daenir.art\/wp-content\/uploads\/2021\/03\/logo-1.png?fit=655%2C594&ssl=1","width":655,"height":594,"caption":"Daenir"},"logo":{"@id":"https:\/\/i0.wp.com\/daenir.art\/wp-content\/uploads\/2021\/03\/logo-1.png?fit=655%2C594&ssl=1"},"sameAs":["https:\/\/daenir.art\/"]}]}},"jetpack_sharing_enabled":true,"_links":{"self":[{"href":"https:\/\/daenir.art\/cs\/wp-json\/wp\/v2\/product\/2527","targetHints":{"allow":["GET"]}}],"collection":[{"href":"https:\/\/daenir.art\/cs\/wp-json\/wp\/v2\/product"}],"about":[{"href":"https:\/\/daenir.art\/cs\/wp-json\/wp\/v2\/types\/product"}],"wp:featuredmedia":[{"embeddable":true,"href":"https:\/\/daenir.art\/cs\/wp-json\/wp\/v2\/media\/2512"}],"wp:attachment":[{"href":"https:\/\/daenir.art\/cs\/wp-json\/wp\/v2\/media?parent=2527"}],"wp:term":[{"taxonomy":"product_brand","embeddable":true,"href":"https:\/\/daenir.art\/cs\/wp-json\/wp\/v2\/product_brand?post=2527"},{"taxonomy":"product_cat","embeddable":true,"href":"https:\/\/daenir.art\/cs\/wp-json\/wp\/v2\/product_cat?post=2527"},{"taxonomy":"product_tag","embeddable":true,"href":"https:\/\/daenir.art\/cs\/wp-json\/wp\/v2\/product_tag?post=2527"}],"curies":[{"name":"wp","href":"https:\/\/api.w.org\/{rel}","templated":true}]}}