{"id":2648,"date":"2024-01-20T12:00:19","date_gmt":"2024-01-20T11:00:19","guid":{"rendered":"https:\/\/daenir.art\/?post_type=product&#038;p=2648"},"modified":"2025-02-27T15:41:08","modified_gmt":"2025-02-27T14:41:08","slug":"painted-diary-a6-meadow-flowers","status":"publish","type":"product","link":"https:\/\/daenir.art\/cs\/produkt\/painted-diary-a6-meadow-flowers\/","title":{"rendered":"Painted diary A6 Meadow Flowers (ORIGINAL)"},"content":{"rendered":"<p>\u2725 Z\u00c1KLADN\u00cd INFORMACE \u2725<br \/>\n\u2022 D\u0159ev\u011bn\u00fd den\u00edk s pap\u00edry o velikosti A6. D\u0159ev\u011bn\u00e9 desky jsou o velikosti 11x15,6 cm + krou\u017ekov\u00e1 vazba.<br \/>\n\u2022 V\u0161echny jsou vyr\u00e1b\u011bny mnou, ru\u010dn\u011b - od vy\u0159ez\u00e1n\u00ed na laserov\u00e9 grav\u00edrce, brou\u0161en\u00ed, bareven\u00ed, malov\u00e1n\u00ed, lakov\u00e1n\u00ed, o\u0159ez\u00e1n\u00ed arch\u016f pap\u00edr\u016f a spojen\u00ed krou\u017ekovou vazbou.<br \/>\n\u2022 Den\u00edk obsahuje speci\u00e1ln\u00ed grafick\u00fd pap\u00edr Munken Pure, satinovan\u00fd, kr\u00e9mov\u00fd, 130 g\/m2, 40 list\u016f.<\/p>\n<p>\u00b0\u2727\u2726 V ka\u017ed\u00e9 objedn\u00e1vce obdr\u017e\u00edte tak\u00e9 slevu na dal\u0161\u00ed n\u00e1kup, najdete zde tak\u00e9 drobn\u00e9 p\u0159edm\u011bty, jako jsou pohlednice, samolepky, z\u00e1lo\u017eky nebo jin\u00e9 n\u00e1hodn\u011b vybran\u00e9! A v ka\u017ed\u00e9 objedn\u00e1vce nad 20 USD \/ 20 \u20ac \/ 500 K\u010d zas\u00edl\u00e1m !!!LUCKY DIP!!!\u2726\u2727\u00b0<\/p>\n<p>\u2014<\/p>\n<p>\u2725 VELIKOST a BARVY \u2725<br \/>\n\u2022 D\u0159ev\u011bn\u00e9 desky jsou o velikosti 11x15,6 cm + krou\u017ekov\u00e1 vazba.<br \/>\n\u2022 Upozor\u0148ujeme, \u017ee barvy, kter\u00e9 vid\u00edte na monitoru, se mohou m\u00edrn\u011b li\u0161it od skute\u010dn\u00fdch barev.<\/p>\n<p>\u2014<\/p>\n<p>\u2725 DOPRAVA a ZM\u011aNY V OBJEDN\u00c1VCE \u2725<br \/>\n\u2022 Den\u00edky se zas\u00edlaj\u00ed s pevn\u00fdm kartonem a v bublinkov\u00e9 ob\u00e1lce nebo v kartonov\u00e9 ob\u00e1lce.<br \/>\n\u2022 Pos\u00edl\u00e1m nejrychlej\u0161\u00ed mo\u017enou po\u0161tou se sledovac\u00edm \u010d\u00edslem - tak\u017ee se Va\u0161e objedn\u00e1vka neztrat\u00ed.<br \/>\n\u2022 Bohu\u017eel od t\u00e9 doby, co jsem se p\u0159est\u011bhovala z velk\u00e9ho m\u011bsta na vesnici, u\u017e nem\u00e1m tak dostupnou po\u0161tu. Tak\u017ee pos\u00edl\u00e1m jen dvakr\u00e1t t\u00fddn\u011b. D\u011bkuji za pochopen\u00ed a trp\u011blivost!<\/p>\n<p>\u2014<\/p>\n<p>\u2725 OSTATN\u00cd \u2725<br \/>\n\u2022 Zm\u011bny nelze prov\u00e1d\u011bt po odesl\u00e1n\u00ed objedn\u00e1vky.<br \/>\n\u2022 Pokud m\u00e1te n\u011bjak\u00e9 dotazy, kontaktujte m\u011b zde nebo na m\u00e9m Instagramu (@deanirart). \ud83d\ude42<\/p>","protected":false},"excerpt":{"rendered":"<p>\u2725 BASIC INFO \u2725 \u2022 Wooden diary with A6 size papers. Wooden boards are 11&#215;15,6 cm + ring binding. \u2022 All of them are made by me, by hand &#8211; from cutting on laser engraver, sanding, colouring, painting, trimming the sheets of paper and joining with ring binding. \u2022 The journal contains special Munken Pure&hellip;&nbsp;<a href=\"https:\/\/daenir.art\/cs\/produkt\/painted-diary-a6-meadow-flowers\/\" rel=\"bookmark\">\u010c\u00edst d\u00e1le &raquo;<span class=\"screen-reader-text\">Painted diary A6 Meadow Flowers (ORIGINAL)<\/span><\/a><\/p>","protected":false},"featured_media":2639,"template":"","meta":{"neve_meta_sidebar":"","neve_meta_container":"","neve_meta_enable_content_width":"off","neve_meta_content_width":100,"neve_meta_title_alignment":"","neve_meta_author_avatar":"","neve_post_elements_order":"","neve_meta_disable_header":"","neve_meta_disable_footer":"","neve_meta_disable_title":"","_themeisle_gutenberg_block_has_review":false},"product_brand":[],"product_cat":[34],"product_tag":[],"class_list":{"0":"post-2648","1":"product","2":"type-product","3":"status-publish","4":"has-post-thumbnail","6":"product_cat-painted-diaries","8":"first","9":"instock","10":"shipping-taxable","11":"purchasable","12":"product-type-simple"},"yoast_head":"<!-- This site is optimized with the Yoast SEO plugin v27.5 - https:\/\/yoast.com\/product\/yoast-seo-wordpress\/ -->\n<title>Painted diary A6 Meadow Flowers (ORIGINAL) | Dae Nir<\/title>\n<meta name=\"robots\" content=\"index, follow, max-snippet:-1, max-image-preview:large, max-video-preview:-1\" \/>\n<link rel=\"canonical\" href=\"https:\/\/daenir.art\/cs\/produkt\/painted-diary-a6-meadow-flowers\/\" \/>\n<meta property=\"og:locale\" content=\"cs_CZ\" \/>\n<meta property=\"og:type\" content=\"article\" \/>\n<meta property=\"og:title\" content=\"Painted diary A6 Meadow Flowers (ORIGINAL) | Dae Nir\" \/>\n<meta property=\"og:description\" content=\"\u2725 BASIC INFO \u2725 \u2022 Wooden diary with A6 size papers. Wooden boards are 11&#215;15,6 cm + ring binding. \u2022 All of them are made by me, by hand &#8211; from cutting on laser engraver, sanding, colouring, painting, trimming the sheets of paper and joining with ring binding. \u2022 The journal contains special Munken Pure&hellip;&nbsp;\u010c\u00edst d\u00e1le &raquo;Painted diary A6 Meadow Flowers (ORIGINAL)\" \/>\n<meta property=\"og:url\" content=\"https:\/\/daenir.art\/cs\/produkt\/painted-diary-a6-meadow-flowers\/\" \/>\n<meta property=\"og:site_name\" content=\"Dae Nir\" \/>\n<meta property=\"article:modified_time\" content=\"2025-02-27T14:41:08+00:00\" \/>\n<meta property=\"og:image\" content=\"https:\/\/daenir.art\/wp-content\/uploads\/2024\/01\/11.jpg\" \/>\n\t<meta property=\"og:image:width\" content=\"2000\" \/>\n\t<meta property=\"og:image:height\" content=\"2000\" \/>\n\t<meta property=\"og:image:type\" content=\"image\/jpeg\" \/>\n<meta name=\"twitter:card\" content=\"summary_large_image\" \/>\n<meta name=\"twitter:label1\" content=\"Odhadovan\u00e1 doba \u010dten\u00ed\" \/>\n\t<meta name=\"twitter:data1\" content=\"2 minuty\" \/>\n<script type=\"application\/ld+json\" class=\"yoast-schema-graph\">{\"@context\":\"https:\\\/\\\/schema.org\",\"@graph\":[{\"@type\":\"WebPage\",\"@id\":\"https:\\\/\\\/daenir.art\\\/produkt\\\/painted-diary-a6-meadow-flowers\\\/\",\"url\":\"https:\\\/\\\/daenir.art\\\/produkt\\\/painted-diary-a6-meadow-flowers\\\/\",\"name\":\"Painted diary A6 Meadow Flowers (ORIGINAL) | Dae Nir\",\"isPartOf\":{\"@id\":\"https:\\\/\\\/daenir.art\\\/#website\"},\"primaryImageOfPage\":{\"@id\":\"https:\\\/\\\/daenir.art\\\/produkt\\\/painted-diary-a6-meadow-flowers\\\/#primaryimage\"},\"image\":{\"@id\":\"https:\\\/\\\/daenir.art\\\/produkt\\\/painted-diary-a6-meadow-flowers\\\/#primaryimage\"},\"thumbnailUrl\":\"https:\\\/\\\/i0.wp.com\\\/daenir.art\\\/wp-content\\\/uploads\\\/2024\\\/01\\\/11.jpg?fit=2000%2C2000&ssl=1\",\"datePublished\":\"2024-01-20T11:00:19+00:00\",\"dateModified\":\"2025-02-27T14:41:08+00:00\",\"breadcrumb\":{\"@id\":\"https:\\\/\\\/daenir.art\\\/produkt\\\/painted-diary-a6-meadow-flowers\\\/#breadcrumb\"},\"inLanguage\":\"cs\",\"potentialAction\":[{\"@type\":\"ReadAction\",\"target\":[\"https:\\\/\\\/daenir.art\\\/produkt\\\/painted-diary-a6-meadow-flowers\\\/\"]}]},{\"@type\":\"ImageObject\",\"inLanguage\":\"cs\",\"@id\":\"https:\\\/\\\/daenir.art\\\/produkt\\\/painted-diary-a6-meadow-flowers\\\/#primaryimage\",\"url\":\"https:\\\/\\\/i0.wp.com\\\/daenir.art\\\/wp-content\\\/uploads\\\/2024\\\/01\\\/11.jpg?fit=2000%2C2000&ssl=1\",\"contentUrl\":\"https:\\\/\\\/i0.wp.com\\\/daenir.art\\\/wp-content\\\/uploads\\\/2024\\\/01\\\/11.jpg?fit=2000%2C2000&ssl=1\",\"width\":2000,\"height\":2000},{\"@type\":\"BreadcrumbList\",\"@id\":\"https:\\\/\\\/daenir.art\\\/produkt\\\/painted-diary-a6-meadow-flowers\\\/#breadcrumb\",\"itemListElement\":[{\"@type\":\"ListItem\",\"position\":1,\"name\":\"Home\",\"item\":\"https:\\\/\\\/daenir.art\\\/\"},{\"@type\":\"ListItem\",\"position\":2,\"name\":\"Shop\",\"item\":\"https:\\\/\\\/daenir.art\\\/shop\\\/\"},{\"@type\":\"ListItem\",\"position\":3,\"name\":\"Painted diary A6 Meadow Flowers (ORIGINAL)\"}]},{\"@type\":\"WebSite\",\"@id\":\"https:\\\/\\\/daenir.art\\\/#website\",\"url\":\"https:\\\/\\\/daenir.art\\\/\",\"name\":\"Dae Nir Art\",\"description\":\"Mystical Art from a Darker Realm\",\"publisher\":{\"@id\":\"https:\\\/\\\/daenir.art\\\/#\\\/schema\\\/person\\\/20dd059b78448af6362377a99976bfb8\"},\"alternateName\":\"Dae Nir \u2013 Dark & Enchanting Art\",\"potentialAction\":[{\"@type\":\"SearchAction\",\"target\":{\"@type\":\"EntryPoint\",\"urlTemplate\":\"https:\\\/\\\/daenir.art\\\/?s={search_term_string}\"},\"query-input\":{\"@type\":\"PropertyValueSpecification\",\"valueRequired\":true,\"valueName\":\"search_term_string\"}}],\"inLanguage\":\"cs\"},{\"@type\":[\"Person\",\"Organization\"],\"@id\":\"https:\\\/\\\/daenir.art\\\/#\\\/schema\\\/person\\\/20dd059b78448af6362377a99976bfb8\",\"name\":\"Daenir\",\"image\":{\"@type\":\"ImageObject\",\"inLanguage\":\"cs\",\"@id\":\"https:\\\/\\\/i0.wp.com\\\/daenir.art\\\/wp-content\\\/uploads\\\/2021\\\/03\\\/logo-1.png?fit=655%2C594&ssl=1\",\"url\":\"https:\\\/\\\/i0.wp.com\\\/daenir.art\\\/wp-content\\\/uploads\\\/2021\\\/03\\\/logo-1.png?fit=655%2C594&ssl=1\",\"contentUrl\":\"https:\\\/\\\/i0.wp.com\\\/daenir.art\\\/wp-content\\\/uploads\\\/2021\\\/03\\\/logo-1.png?fit=655%2C594&ssl=1\",\"width\":655,\"height\":594,\"caption\":\"Daenir\"},\"logo\":{\"@id\":\"https:\\\/\\\/i0.wp.com\\\/daenir.art\\\/wp-content\\\/uploads\\\/2021\\\/03\\\/logo-1.png?fit=655%2C594&ssl=1\"},\"sameAs\":[\"https:\\\/\\\/daenir.art\\\/\"]}]}<\/script>\n<!-- \/ Yoast SEO plugin. -->","yoast_head_json":{"title":"Painted diary A6 Meadow Flowers (ORIGINAL) | Dae Nir","robots":{"index":"index","follow":"follow","max-snippet":"max-snippet:-1","max-image-preview":"max-image-preview:large","max-video-preview":"max-video-preview:-1"},"canonical":"https:\/\/daenir.art\/cs\/produkt\/painted-diary-a6-meadow-flowers\/","og_locale":"cs_CZ","og_type":"article","og_title":"Painted diary A6 Meadow Flowers (ORIGINAL) | Dae Nir","og_description":"\u2725 BASIC INFO \u2725 \u2022 Wooden diary with A6 size papers. Wooden boards are 11&#215;15,6 cm + ring binding. \u2022 All of them are made by me, by hand &#8211; from cutting on laser engraver, sanding, colouring, painting, trimming the sheets of paper and joining with ring binding. \u2022 The journal contains special Munken Pure&hellip;&nbsp;\u010c\u00edst d\u00e1le &raquo;Painted diary A6 Meadow Flowers (ORIGINAL)","og_url":"https:\/\/daenir.art\/cs\/produkt\/painted-diary-a6-meadow-flowers\/","og_site_name":"Dae Nir","article_modified_time":"2025-02-27T14:41:08+00:00","og_image":[{"width":2000,"height":2000,"url":"https:\/\/daenir.art\/wp-content\/uploads\/2024\/01\/11.jpg","type":"image\/jpeg"}],"twitter_card":"summary_large_image","twitter_misc":{"Odhadovan\u00e1 doba \u010dten\u00ed":"2 minuty"},"schema":{"@context":"https:\/\/schema.org","@graph":[{"@type":"WebPage","@id":"https:\/\/daenir.art\/produkt\/painted-diary-a6-meadow-flowers\/","url":"https:\/\/daenir.art\/produkt\/painted-diary-a6-meadow-flowers\/","name":"Painted diary A6 Meadow Flowers (ORIGINAL) | Dae Nir","isPartOf":{"@id":"https:\/\/daenir.art\/#website"},"primaryImageOfPage":{"@id":"https:\/\/daenir.art\/produkt\/painted-diary-a6-meadow-flowers\/#primaryimage"},"image":{"@id":"https:\/\/daenir.art\/produkt\/painted-diary-a6-meadow-flowers\/#primaryimage"},"thumbnailUrl":"https:\/\/i0.wp.com\/daenir.art\/wp-content\/uploads\/2024\/01\/11.jpg?fit=2000%2C2000&ssl=1","datePublished":"2024-01-20T11:00:19+00:00","dateModified":"2025-02-27T14:41:08+00:00","breadcrumb":{"@id":"https:\/\/daenir.art\/produkt\/painted-diary-a6-meadow-flowers\/#breadcrumb"},"inLanguage":"cs","potentialAction":[{"@type":"ReadAction","target":["https:\/\/daenir.art\/produkt\/painted-diary-a6-meadow-flowers\/"]}]},{"@type":"ImageObject","inLanguage":"cs","@id":"https:\/\/daenir.art\/produkt\/painted-diary-a6-meadow-flowers\/#primaryimage","url":"https:\/\/i0.wp.com\/daenir.art\/wp-content\/uploads\/2024\/01\/11.jpg?fit=2000%2C2000&ssl=1","contentUrl":"https:\/\/i0.wp.com\/daenir.art\/wp-content\/uploads\/2024\/01\/11.jpg?fit=2000%2C2000&ssl=1","width":2000,"height":2000},{"@type":"BreadcrumbList","@id":"https:\/\/daenir.art\/produkt\/painted-diary-a6-meadow-flowers\/#breadcrumb","itemListElement":[{"@type":"ListItem","position":1,"name":"Home","item":"https:\/\/daenir.art\/"},{"@type":"ListItem","position":2,"name":"Shop","item":"https:\/\/daenir.art\/shop\/"},{"@type":"ListItem","position":3,"name":"Painted diary A6 Meadow Flowers (ORIGINAL)"}]},{"@type":"WebSite","@id":"https:\/\/daenir.art\/#website","url":"https:\/\/daenir.art\/","name":"Dae Nir Art","description":"Mystical Art from a Darker Realm","publisher":{"@id":"https:\/\/daenir.art\/#\/schema\/person\/20dd059b78448af6362377a99976bfb8"},"alternateName":"Dae Nir \u2013 Dark & Enchanting Art","potentialAction":[{"@type":"SearchAction","target":{"@type":"EntryPoint","urlTemplate":"https:\/\/daenir.art\/?s={search_term_string}"},"query-input":{"@type":"PropertyValueSpecification","valueRequired":true,"valueName":"search_term_string"}}],"inLanguage":"cs"},{"@type":["Person","Organization"],"@id":"https:\/\/daenir.art\/#\/schema\/person\/20dd059b78448af6362377a99976bfb8","name":"Daenir","image":{"@type":"ImageObject","inLanguage":"cs","@id":"https:\/\/i0.wp.com\/daenir.art\/wp-content\/uploads\/2021\/03\/logo-1.png?fit=655%2C594&ssl=1","url":"https:\/\/i0.wp.com\/daenir.art\/wp-content\/uploads\/2021\/03\/logo-1.png?fit=655%2C594&ssl=1","contentUrl":"https:\/\/i0.wp.com\/daenir.art\/wp-content\/uploads\/2021\/03\/logo-1.png?fit=655%2C594&ssl=1","width":655,"height":594,"caption":"Daenir"},"logo":{"@id":"https:\/\/i0.wp.com\/daenir.art\/wp-content\/uploads\/2021\/03\/logo-1.png?fit=655%2C594&ssl=1"},"sameAs":["https:\/\/daenir.art\/"]}]}},"jetpack_sharing_enabled":true,"_links":{"self":[{"href":"https:\/\/daenir.art\/cs\/wp-json\/wp\/v2\/product\/2648","targetHints":{"allow":["GET"]}}],"collection":[{"href":"https:\/\/daenir.art\/cs\/wp-json\/wp\/v2\/product"}],"about":[{"href":"https:\/\/daenir.art\/cs\/wp-json\/wp\/v2\/types\/product"}],"wp:featuredmedia":[{"embeddable":true,"href":"https:\/\/daenir.art\/cs\/wp-json\/wp\/v2\/media\/2639"}],"wp:attachment":[{"href":"https:\/\/daenir.art\/cs\/wp-json\/wp\/v2\/media?parent=2648"}],"wp:term":[{"taxonomy":"product_brand","embeddable":true,"href":"https:\/\/daenir.art\/cs\/wp-json\/wp\/v2\/product_brand?post=2648"},{"taxonomy":"product_cat","embeddable":true,"href":"https:\/\/daenir.art\/cs\/wp-json\/wp\/v2\/product_cat?post=2648"},{"taxonomy":"product_tag","embeddable":true,"href":"https:\/\/daenir.art\/cs\/wp-json\/wp\/v2\/product_tag?post=2648"}],"curies":[{"name":"wp","href":"https:\/\/api.w.org\/{rel}","templated":true}]}}