{"id":2698,"date":"2024-02-01T07:26:32","date_gmt":"2024-02-01T06:26:32","guid":{"rendered":"https:\/\/daenir.art\/?post_type=product&#038;p=2698"},"modified":"2024-06-22T08:16:12","modified_gmt":"2024-06-22T06:16:12","slug":"nocturne-series-orion-fine-art-print","status":"publish","type":"product","link":"https:\/\/daenir.art\/cs\/produkt\/nocturne-series-orion-fine-art-print\/","title":{"rendered":"S\u00e9rie Nokturno \u2013 Orion \u2013 um\u011bleck\u00fd tisk"},"content":{"rendered":"<p>Limitovan\u00e1 edice um\u011bleck\u00fdch tisk\u016f m\u00e9 malby Orion (s\u00e9rie Nokturno).<\/p>\n<p>Pono\u0159te se do kouzla \"Nokturna\", s\u00e9rie akrylov\u00fdch maleb zachycuj\u00edc\u00edch kr\u00e1su noci.<\/p>\n<p>Vyti\u0161t\u011bno na archivn\u00edm z\u00e1\u0159iv\u011b b\u00edl\u00e9m pap\u00ed\u0159e muzejn\u00ed kvality, 100% bavlna, hlubok\u00fd mat, gram\u00e1\u017e 320 g\/m2. V\u0161echny v\u00fdtisky budou ru\u010dn\u011b podeps\u00e1ny a o\u010d\u00edslov\u00e1ny Dae Nir.<\/p>\n<p>Limitovan\u00e1 edice 25 kus\u016f.<\/p>\n<p>Velikost tisku: 45 \u00d7 45 cm, Velikost pap\u00edru: 50 \u00d7 50 cm.<\/p>\n<p>Pos\u00edlan\u00e9 srolovan\u00e9 v pevn\u00e9m tubusu.<\/p>","protected":false},"excerpt":{"rendered":"<p>Limited edition fine art prints of my painting Orion (Nocturne series). Immerse yourself in the magic of \u201cNocturne,\u201d a collection of acrylic paintings capturing the beauty of the night. Printed on museum quality archival bright-white paper, 100% cotton, deep matt, weight 320 gsm. All prints will be hand-signed and numbered by Dae Nir. Limited edition&hellip;&nbsp;<a href=\"https:\/\/daenir.art\/cs\/produkt\/nocturne-series-orion-fine-art-print\/\" rel=\"bookmark\">\u010c\u00edst d\u00e1le &raquo;<span class=\"screen-reader-text\">S\u00e9rie Nokturno \u2013 Orion \u2013 um\u011bleck\u00fd tisk<\/span><\/a><\/p>","protected":false},"featured_media":2699,"template":"","meta":{"neve_meta_sidebar":"","neve_meta_container":"","neve_meta_enable_content_width":"off","neve_meta_content_width":100,"neve_meta_title_alignment":"","neve_meta_author_avatar":"","neve_post_elements_order":"","neve_meta_disable_header":"","neve_meta_disable_footer":"","neve_meta_disable_title":"","_themeisle_gutenberg_block_has_review":false},"product_brand":[],"product_cat":[40,28],"product_tag":[],"class_list":{"0":"post-2698","1":"product","2":"type-product","3":"status-publish","4":"has-post-thumbnail","6":"product_cat-nocturne","7":"product_cat-all","9":"first","10":"instock","11":"shipping-taxable","12":"purchasable","13":"product-type-simple"},"yoast_head":"<!-- This site is optimized with the Yoast SEO plugin v27.5 - https:\/\/yoast.com\/product\/yoast-seo-wordpress\/ -->\n<title>Nocturne series \u2013 Orion \u2013 fine art print | Dae Nir<\/title>\n<meta name=\"robots\" content=\"index, follow, max-snippet:-1, max-image-preview:large, max-video-preview:-1\" \/>\n<link rel=\"canonical\" href=\"https:\/\/daenir.art\/cs\/produkt\/nocturne-series-orion-fine-art-print\/\" \/>\n<meta property=\"og:locale\" content=\"cs_CZ\" \/>\n<meta property=\"og:type\" content=\"article\" \/>\n<meta property=\"og:title\" content=\"Nocturne series \u2013 Orion \u2013 fine art print | Dae Nir\" \/>\n<meta property=\"og:description\" content=\"Limited edition fine art prints of my painting Orion (Nocturne series). Immerse yourself in the magic of \u201cNocturne,\u201d a collection of acrylic paintings capturing the beauty of the night. Printed on museum quality archival bright-white paper, 100% cotton, deep matt, weight 320 gsm. All prints will be hand-signed and numbered by Dae Nir. Limited edition&hellip;&nbsp;\u010c\u00edst d\u00e1le &raquo;Nocturne series \u2013 Orion \u2013 fine art print\" \/>\n<meta property=\"og:url\" content=\"https:\/\/daenir.art\/cs\/produkt\/nocturne-series-orion-fine-art-print\/\" \/>\n<meta property=\"og:site_name\" content=\"Dae Nir\" \/>\n<meta property=\"article:modified_time\" content=\"2024-06-22T06:16:12+00:00\" \/>\n<meta property=\"og:image\" content=\"https:\/\/daenir.art\/wp-content\/uploads\/2024\/01\/1-1.jpg\" \/>\n\t<meta property=\"og:image:width\" content=\"2000\" \/>\n\t<meta property=\"og:image:height\" content=\"2000\" \/>\n\t<meta property=\"og:image:type\" content=\"image\/jpeg\" \/>\n<meta name=\"twitter:card\" content=\"summary_large_image\" \/>\n<meta name=\"twitter:label1\" content=\"Odhadovan\u00e1 doba \u010dten\u00ed\" \/>\n\t<meta name=\"twitter:data1\" content=\"1 minuta\" \/>\n<script type=\"application\/ld+json\" class=\"yoast-schema-graph\">{\"@context\":\"https:\\\/\\\/schema.org\",\"@graph\":[{\"@type\":\"WebPage\",\"@id\":\"https:\\\/\\\/daenir.art\\\/produkt\\\/nocturne-series-orion-fine-art-print\\\/\",\"url\":\"https:\\\/\\\/daenir.art\\\/produkt\\\/nocturne-series-orion-fine-art-print\\\/\",\"name\":\"Nocturne series \u2013 Orion \u2013 fine art print | Dae Nir\",\"isPartOf\":{\"@id\":\"https:\\\/\\\/daenir.art\\\/#website\"},\"primaryImageOfPage\":{\"@id\":\"https:\\\/\\\/daenir.art\\\/produkt\\\/nocturne-series-orion-fine-art-print\\\/#primaryimage\"},\"image\":{\"@id\":\"https:\\\/\\\/daenir.art\\\/produkt\\\/nocturne-series-orion-fine-art-print\\\/#primaryimage\"},\"thumbnailUrl\":\"https:\\\/\\\/i0.wp.com\\\/daenir.art\\\/wp-content\\\/uploads\\\/2024\\\/01\\\/1-1.jpg?fit=2000%2C2000&ssl=1\",\"datePublished\":\"2024-02-01T06:26:32+00:00\",\"dateModified\":\"2024-06-22T06:16:12+00:00\",\"breadcrumb\":{\"@id\":\"https:\\\/\\\/daenir.art\\\/produkt\\\/nocturne-series-orion-fine-art-print\\\/#breadcrumb\"},\"inLanguage\":\"cs\",\"potentialAction\":[{\"@type\":\"ReadAction\",\"target\":[\"https:\\\/\\\/daenir.art\\\/produkt\\\/nocturne-series-orion-fine-art-print\\\/\"]}]},{\"@type\":\"ImageObject\",\"inLanguage\":\"cs\",\"@id\":\"https:\\\/\\\/daenir.art\\\/produkt\\\/nocturne-series-orion-fine-art-print\\\/#primaryimage\",\"url\":\"https:\\\/\\\/i0.wp.com\\\/daenir.art\\\/wp-content\\\/uploads\\\/2024\\\/01\\\/1-1.jpg?fit=2000%2C2000&ssl=1\",\"contentUrl\":\"https:\\\/\\\/i0.wp.com\\\/daenir.art\\\/wp-content\\\/uploads\\\/2024\\\/01\\\/1-1.jpg?fit=2000%2C2000&ssl=1\",\"width\":2000,\"height\":2000},{\"@type\":\"BreadcrumbList\",\"@id\":\"https:\\\/\\\/daenir.art\\\/produkt\\\/nocturne-series-orion-fine-art-print\\\/#breadcrumb\",\"itemListElement\":[{\"@type\":\"ListItem\",\"position\":1,\"name\":\"Home\",\"item\":\"https:\\\/\\\/daenir.art\\\/\"},{\"@type\":\"ListItem\",\"position\":2,\"name\":\"Shop\",\"item\":\"https:\\\/\\\/daenir.art\\\/shop\\\/\"},{\"@type\":\"ListItem\",\"position\":3,\"name\":\"Nocturne series \u2013 Orion \u2013 fine art print\"}]},{\"@type\":\"WebSite\",\"@id\":\"https:\\\/\\\/daenir.art\\\/#website\",\"url\":\"https:\\\/\\\/daenir.art\\\/\",\"name\":\"Dae Nir Art\",\"description\":\"Mystical Art from a Darker Realm\",\"publisher\":{\"@id\":\"https:\\\/\\\/daenir.art\\\/#\\\/schema\\\/person\\\/20dd059b78448af6362377a99976bfb8\"},\"alternateName\":\"Dae Nir \u2013 Dark & Enchanting Art\",\"potentialAction\":[{\"@type\":\"SearchAction\",\"target\":{\"@type\":\"EntryPoint\",\"urlTemplate\":\"https:\\\/\\\/daenir.art\\\/?s={search_term_string}\"},\"query-input\":{\"@type\":\"PropertyValueSpecification\",\"valueRequired\":true,\"valueName\":\"search_term_string\"}}],\"inLanguage\":\"cs\"},{\"@type\":[\"Person\",\"Organization\"],\"@id\":\"https:\\\/\\\/daenir.art\\\/#\\\/schema\\\/person\\\/20dd059b78448af6362377a99976bfb8\",\"name\":\"Daenir\",\"image\":{\"@type\":\"ImageObject\",\"inLanguage\":\"cs\",\"@id\":\"https:\\\/\\\/i0.wp.com\\\/daenir.art\\\/wp-content\\\/uploads\\\/2021\\\/03\\\/logo-1.png?fit=655%2C594&ssl=1\",\"url\":\"https:\\\/\\\/i0.wp.com\\\/daenir.art\\\/wp-content\\\/uploads\\\/2021\\\/03\\\/logo-1.png?fit=655%2C594&ssl=1\",\"contentUrl\":\"https:\\\/\\\/i0.wp.com\\\/daenir.art\\\/wp-content\\\/uploads\\\/2021\\\/03\\\/logo-1.png?fit=655%2C594&ssl=1\",\"width\":655,\"height\":594,\"caption\":\"Daenir\"},\"logo\":{\"@id\":\"https:\\\/\\\/i0.wp.com\\\/daenir.art\\\/wp-content\\\/uploads\\\/2021\\\/03\\\/logo-1.png?fit=655%2C594&ssl=1\"},\"sameAs\":[\"https:\\\/\\\/daenir.art\\\/\"]}]}<\/script>\n<!-- \/ Yoast SEO plugin. -->","yoast_head_json":{"title":"Nocturne series \u2013 Orion \u2013 fine art print | Dae Nir","robots":{"index":"index","follow":"follow","max-snippet":"max-snippet:-1","max-image-preview":"max-image-preview:large","max-video-preview":"max-video-preview:-1"},"canonical":"https:\/\/daenir.art\/cs\/produkt\/nocturne-series-orion-fine-art-print\/","og_locale":"cs_CZ","og_type":"article","og_title":"Nocturne series \u2013 Orion \u2013 fine art print | Dae Nir","og_description":"Limited edition fine art prints of my painting Orion (Nocturne series). Immerse yourself in the magic of \u201cNocturne,\u201d a collection of acrylic paintings capturing the beauty of the night. Printed on museum quality archival bright-white paper, 100% cotton, deep matt, weight 320 gsm. All prints will be hand-signed and numbered by Dae Nir. Limited edition&hellip;&nbsp;\u010c\u00edst d\u00e1le &raquo;Nocturne series \u2013 Orion \u2013 fine art print","og_url":"https:\/\/daenir.art\/cs\/produkt\/nocturne-series-orion-fine-art-print\/","og_site_name":"Dae Nir","article_modified_time":"2024-06-22T06:16:12+00:00","og_image":[{"width":2000,"height":2000,"url":"https:\/\/daenir.art\/wp-content\/uploads\/2024\/01\/1-1.jpg","type":"image\/jpeg"}],"twitter_card":"summary_large_image","twitter_misc":{"Odhadovan\u00e1 doba \u010dten\u00ed":"1 minuta"},"schema":{"@context":"https:\/\/schema.org","@graph":[{"@type":"WebPage","@id":"https:\/\/daenir.art\/produkt\/nocturne-series-orion-fine-art-print\/","url":"https:\/\/daenir.art\/produkt\/nocturne-series-orion-fine-art-print\/","name":"Nocturne series \u2013 Orion \u2013 fine art print | Dae Nir","isPartOf":{"@id":"https:\/\/daenir.art\/#website"},"primaryImageOfPage":{"@id":"https:\/\/daenir.art\/produkt\/nocturne-series-orion-fine-art-print\/#primaryimage"},"image":{"@id":"https:\/\/daenir.art\/produkt\/nocturne-series-orion-fine-art-print\/#primaryimage"},"thumbnailUrl":"https:\/\/i0.wp.com\/daenir.art\/wp-content\/uploads\/2024\/01\/1-1.jpg?fit=2000%2C2000&ssl=1","datePublished":"2024-02-01T06:26:32+00:00","dateModified":"2024-06-22T06:16:12+00:00","breadcrumb":{"@id":"https:\/\/daenir.art\/produkt\/nocturne-series-orion-fine-art-print\/#breadcrumb"},"inLanguage":"cs","potentialAction":[{"@type":"ReadAction","target":["https:\/\/daenir.art\/produkt\/nocturne-series-orion-fine-art-print\/"]}]},{"@type":"ImageObject","inLanguage":"cs","@id":"https:\/\/daenir.art\/produkt\/nocturne-series-orion-fine-art-print\/#primaryimage","url":"https:\/\/i0.wp.com\/daenir.art\/wp-content\/uploads\/2024\/01\/1-1.jpg?fit=2000%2C2000&ssl=1","contentUrl":"https:\/\/i0.wp.com\/daenir.art\/wp-content\/uploads\/2024\/01\/1-1.jpg?fit=2000%2C2000&ssl=1","width":2000,"height":2000},{"@type":"BreadcrumbList","@id":"https:\/\/daenir.art\/produkt\/nocturne-series-orion-fine-art-print\/#breadcrumb","itemListElement":[{"@type":"ListItem","position":1,"name":"Home","item":"https:\/\/daenir.art\/"},{"@type":"ListItem","position":2,"name":"Shop","item":"https:\/\/daenir.art\/shop\/"},{"@type":"ListItem","position":3,"name":"Nocturne series \u2013 Orion \u2013 fine art print"}]},{"@type":"WebSite","@id":"https:\/\/daenir.art\/#website","url":"https:\/\/daenir.art\/","name":"Dae Nir Art","description":"Mystical Art from a Darker Realm","publisher":{"@id":"https:\/\/daenir.art\/#\/schema\/person\/20dd059b78448af6362377a99976bfb8"},"alternateName":"Dae Nir \u2013 Dark & Enchanting Art","potentialAction":[{"@type":"SearchAction","target":{"@type":"EntryPoint","urlTemplate":"https:\/\/daenir.art\/?s={search_term_string}"},"query-input":{"@type":"PropertyValueSpecification","valueRequired":true,"valueName":"search_term_string"}}],"inLanguage":"cs"},{"@type":["Person","Organization"],"@id":"https:\/\/daenir.art\/#\/schema\/person\/20dd059b78448af6362377a99976bfb8","name":"Daenir","image":{"@type":"ImageObject","inLanguage":"cs","@id":"https:\/\/i0.wp.com\/daenir.art\/wp-content\/uploads\/2021\/03\/logo-1.png?fit=655%2C594&ssl=1","url":"https:\/\/i0.wp.com\/daenir.art\/wp-content\/uploads\/2021\/03\/logo-1.png?fit=655%2C594&ssl=1","contentUrl":"https:\/\/i0.wp.com\/daenir.art\/wp-content\/uploads\/2021\/03\/logo-1.png?fit=655%2C594&ssl=1","width":655,"height":594,"caption":"Daenir"},"logo":{"@id":"https:\/\/i0.wp.com\/daenir.art\/wp-content\/uploads\/2021\/03\/logo-1.png?fit=655%2C594&ssl=1"},"sameAs":["https:\/\/daenir.art\/"]}]}},"jetpack_sharing_enabled":true,"_links":{"self":[{"href":"https:\/\/daenir.art\/cs\/wp-json\/wp\/v2\/product\/2698","targetHints":{"allow":["GET"]}}],"collection":[{"href":"https:\/\/daenir.art\/cs\/wp-json\/wp\/v2\/product"}],"about":[{"href":"https:\/\/daenir.art\/cs\/wp-json\/wp\/v2\/types\/product"}],"wp:featuredmedia":[{"embeddable":true,"href":"https:\/\/daenir.art\/cs\/wp-json\/wp\/v2\/media\/2699"}],"wp:attachment":[{"href":"https:\/\/daenir.art\/cs\/wp-json\/wp\/v2\/media?parent=2698"}],"wp:term":[{"taxonomy":"product_brand","embeddable":true,"href":"https:\/\/daenir.art\/cs\/wp-json\/wp\/v2\/product_brand?post=2698"},{"taxonomy":"product_cat","embeddable":true,"href":"https:\/\/daenir.art\/cs\/wp-json\/wp\/v2\/product_cat?post=2698"},{"taxonomy":"product_tag","embeddable":true,"href":"https:\/\/daenir.art\/cs\/wp-json\/wp\/v2\/product_tag?post=2698"}],"curies":[{"name":"wp","href":"https:\/\/api.w.org\/{rel}","templated":true}]}}