{"id":3113,"date":"2024-08-25T01:33:01","date_gmt":"2024-08-24T23:33:01","guid":{"rendered":"https:\/\/daenir.art\/?post_type=product&#038;p=3113"},"modified":"2024-09-04T21:20:32","modified_gmt":"2024-09-04T19:20:32","slug":"unisex-softstyle-t-shirt-no-more-eve","status":"publish","type":"product","link":"https:\/\/daenir.art\/cs\/produkt\/unisex-softstyle-t-shirt-no-more-eve\/","title":{"rendered":"No More Eve \u2013 Unisex tri\u010dko"},"content":{"rendered":"<p dir=\"auto\">\u2726 Z\u00c1KLADN\u00cd INFORMACE \u2726<\/p>\n<p dir=\"auto\">Toto tri\u010dko je vyrobeno spole\u010dnost\u00ed, kter\u00e1 tiskne na zak\u00e1zku. Tak\u017ee od va\u0161\u00ed objedn\u00e1vky a\u017e po doru\u010den\u00ed tri\u010dka na v\u00e1mi zvolenou adresu jde v\u0161e mimo m\u011b. Nemohu tedy ovlivnit kvalitu v\u00fdrobku, balen\u00ed ani rychlost dod\u00e1n\u00ed. Douf\u00e1m v\u0161ak, \u017ee budete se z\u00e1silkou spokojeni. Pokud se p\u0159esto vyskytnou n\u011bjak\u00e9 probl\u00e9my, ur\u010dit\u011b m\u011b kontaktujte a pokus\u00edme se je spole\u010dn\u011b vy\u0159e\u0161it.<\/p>\n<p dir=\"auto\">(Z tohoto d\u016fvodu nen\u00ed sou\u010d\u00e1st\u00ed bal\u00ed\u010dku Lucky dip, kter\u00fd zas\u00edl\u00e1m ve standardn\u00edch bal\u00ed\u010dc\u00edch.)<\/p>\n<p dir=\"auto\">Unisex tri\u010dko m\u011bkk\u00e9ho st\u0159ihu p\u0159in\u00e1\u0161\u00ed novou podobu pohodl\u00ed pro voln\u00fd \u010das. Toto tri\u010dko je vyrobeno z velmi m\u011bkk\u00fdch materi\u00e1l\u016f a je vyrobeno ze 100% bavlny v jednobarevn\u00e9m proveden\u00ed. V\u0159esov\u00e9 barvy a sportovn\u00ed \u0161ed\u00e1 obsahuj\u00ed polyester. Ramena maj\u00ed keprovou p\u00e1sku pro lep\u0161\u00ed odolnost. Na boc\u00edch nejsou \u017e\u00e1dn\u00e9 \u0161vy. L\u00edmec je vyroben z \u017eebrovan\u00e9ho \u00fapletu, kter\u00fd zabra\u0148uje po\u0161kozen\u00ed p\u0159i kroucen\u00ed.<br \/>\n.: 100% krou\u017ekovan\u00e1 bavlna (obsah vl\u00e1ken se m\u016f\u017ee u r\u016fzn\u00fdch barev li\u0161it)<br \/>\n.: Lehk\u00e1 tkanina (4,5 oz\/yd\u00b2 (153 g\/m\u00b2)).<br \/>\n.: Eurofit<br \/>\n.: Strh\u00e1vac\u00ed \u0161t\u00edtek<br \/>\n.: Odpov\u00edd\u00e1 velikosti<\/p>\n<p dir=\"auto\">\u2726 OSTATN\u00cd \u2726<br \/>\n<strong>\u2022 If you are sending the order as a gift, you can write the text in the note when ordering, which the recipient will receive on a handwritten card<\/strong><br \/>\n\u2022 Pokud m\u00e1te n\u011bjak\u00e9 dotazy, kontaktujte m\u011b zde nebo na m\u00e9m Instagramu (@deanirart). \ud83d\ude42 <img data-recalc-dims=\"1\" decoding=\"async\" title=\":-)\" data-src=\"https:\/\/i0.wp.com\/email.seznam.cz\/static\/wm\/img\/smileys\/s01.png?w=1200&#038;ssl=1\" alt=\":-)\" src=\"data:image\/svg+xml;base64,PHN2ZyB3aWR0aD0iMSIgaGVpZ2h0PSIxIiB4bWxucz0iaHR0cDovL3d3dy53My5vcmcvMjAwMC9zdmciPjwvc3ZnPg==\" class=\"lazyload\" \/><\/p>","protected":false},"excerpt":{"rendered":"<p>\u2726 \ud835\udc01\ud835\udc00\ud835\udc12\ud835\udc08\ud835\udc02 \ud835\udc08\ud835\udc0d\ud835\udc05\ud835\udc0e \u2726 This t-shirt is produced by a print-to-demand company. So from your order to the delivery of the t-shirt to your chosen address, everything goes beyond me. I cannot therefore influence the quality of the product, the packaging or the speed of delivery. However, I hope you will be satisfied with the&hellip;&nbsp;<a href=\"https:\/\/daenir.art\/cs\/produkt\/unisex-softstyle-t-shirt-no-more-eve\/\" rel=\"bookmark\">\u010c\u00edst d\u00e1le &raquo;<span class=\"screen-reader-text\">No More Eve \u2013 Unisex tri\u010dko<\/span><\/a><\/p>","protected":false},"featured_media":3115,"template":"","meta":{"neve_meta_sidebar":"","neve_meta_container":"","neve_meta_enable_content_width":"off","neve_meta_content_width":100,"neve_meta_title_alignment":"","neve_meta_author_avatar":"","neve_post_elements_order":"","neve_meta_disable_header":"","neve_meta_disable_footer":"","neve_meta_disable_title":"","_themeisle_gutenberg_block_has_review":false},"product_brand":[],"product_cat":[60,28],"product_tag":[],"class_list":{"0":"post-3113","1":"product","2":"type-product","3":"status-publish","4":"has-post-thumbnail","6":"product_cat-clothing","7":"product_cat-all","9":"first","10":"instock","11":"shipping-taxable","12":"purchasable","13":"product-type-variable"},"yoast_head":"<!-- This site is optimized with the Yoast SEO plugin v27.5 - https:\/\/yoast.com\/product\/yoast-seo-wordpress\/ -->\n<title>No More Eve - Unisex Softstyle T-Shirt | Dae Nir<\/title>\n<meta name=\"robots\" content=\"index, follow, max-snippet:-1, max-image-preview:large, max-video-preview:-1\" \/>\n<link rel=\"canonical\" href=\"https:\/\/daenir.art\/cs\/produkt\/unisex-softstyle-t-shirt-no-more-eve\/\" \/>\n<meta property=\"og:locale\" content=\"cs_CZ\" \/>\n<meta property=\"og:type\" content=\"article\" \/>\n<meta property=\"og:title\" content=\"No More Eve - Unisex Softstyle T-Shirt | Dae Nir\" \/>\n<meta property=\"og:description\" content=\"\u2726 \ud835\udc01\ud835\udc00\ud835\udc12\ud835\udc08\ud835\udc02 \ud835\udc08\ud835\udc0d\ud835\udc05\ud835\udc0e \u2726 This t-shirt is produced by a print-to-demand company. So from your order to the delivery of the t-shirt to your chosen address, everything goes beyond me. I cannot therefore influence the quality of the product, the packaging or the speed of delivery. However, I hope you will be satisfied with the&hellip;&nbsp;\u010c\u00edst d\u00e1le &raquo;No More Eve &#8211; Unisex Softstyle T-Shirt\" \/>\n<meta property=\"og:url\" content=\"https:\/\/daenir.art\/cs\/produkt\/unisex-softstyle-t-shirt-no-more-eve\/\" \/>\n<meta property=\"og:site_name\" content=\"Dae Nir\" \/>\n<meta property=\"article:modified_time\" content=\"2024-09-04T19:20:32+00:00\" \/>\n<meta property=\"og:image\" content=\"https:\/\/daenir.art\/wp-content\/uploads\/2024\/08\/il_fullxfull.5107804112_nerg.jpg\" \/>\n\t<meta property=\"og:image:width\" content=\"2000\" \/>\n\t<meta property=\"og:image:height\" content=\"2000\" \/>\n\t<meta property=\"og:image:type\" content=\"image\/jpeg\" \/>\n<meta name=\"twitter:card\" content=\"summary_large_image\" \/>\n<meta name=\"twitter:label1\" content=\"Odhadovan\u00e1 doba \u010dten\u00ed\" \/>\n\t<meta name=\"twitter:data1\" content=\"2 minuty\" \/>\n<script type=\"application\/ld+json\" class=\"yoast-schema-graph\">{\"@context\":\"https:\\\/\\\/schema.org\",\"@graph\":[{\"@type\":\"WebPage\",\"@id\":\"https:\\\/\\\/daenir.art\\\/produkt\\\/unisex-softstyle-t-shirt-no-more-eve\\\/\",\"url\":\"https:\\\/\\\/daenir.art\\\/produkt\\\/unisex-softstyle-t-shirt-no-more-eve\\\/\",\"name\":\"No More Eve - Unisex Softstyle T-Shirt | Dae Nir\",\"isPartOf\":{\"@id\":\"https:\\\/\\\/daenir.art\\\/#website\"},\"primaryImageOfPage\":{\"@id\":\"https:\\\/\\\/daenir.art\\\/produkt\\\/unisex-softstyle-t-shirt-no-more-eve\\\/#primaryimage\"},\"image\":{\"@id\":\"https:\\\/\\\/daenir.art\\\/produkt\\\/unisex-softstyle-t-shirt-no-more-eve\\\/#primaryimage\"},\"thumbnailUrl\":\"https:\\\/\\\/i0.wp.com\\\/daenir.art\\\/wp-content\\\/uploads\\\/2024\\\/08\\\/il_fullxfull.5107804112_nerg.jpg?fit=2000%2C2000&ssl=1\",\"datePublished\":\"2024-08-24T23:33:01+00:00\",\"dateModified\":\"2024-09-04T19:20:32+00:00\",\"breadcrumb\":{\"@id\":\"https:\\\/\\\/daenir.art\\\/produkt\\\/unisex-softstyle-t-shirt-no-more-eve\\\/#breadcrumb\"},\"inLanguage\":\"cs\",\"potentialAction\":[{\"@type\":\"ReadAction\",\"target\":[\"https:\\\/\\\/daenir.art\\\/produkt\\\/unisex-softstyle-t-shirt-no-more-eve\\\/\"]}]},{\"@type\":\"ImageObject\",\"inLanguage\":\"cs\",\"@id\":\"https:\\\/\\\/daenir.art\\\/produkt\\\/unisex-softstyle-t-shirt-no-more-eve\\\/#primaryimage\",\"url\":\"https:\\\/\\\/i0.wp.com\\\/daenir.art\\\/wp-content\\\/uploads\\\/2024\\\/08\\\/il_fullxfull.5107804112_nerg.jpg?fit=2000%2C2000&ssl=1\",\"contentUrl\":\"https:\\\/\\\/i0.wp.com\\\/daenir.art\\\/wp-content\\\/uploads\\\/2024\\\/08\\\/il_fullxfull.5107804112_nerg.jpg?fit=2000%2C2000&ssl=1\",\"width\":2000,\"height\":2000},{\"@type\":\"BreadcrumbList\",\"@id\":\"https:\\\/\\\/daenir.art\\\/produkt\\\/unisex-softstyle-t-shirt-no-more-eve\\\/#breadcrumb\",\"itemListElement\":[{\"@type\":\"ListItem\",\"position\":1,\"name\":\"Home\",\"item\":\"https:\\\/\\\/daenir.art\\\/\"},{\"@type\":\"ListItem\",\"position\":2,\"name\":\"Shop\",\"item\":\"https:\\\/\\\/daenir.art\\\/shop\\\/\"},{\"@type\":\"ListItem\",\"position\":3,\"name\":\"No More Eve &#8211; Unisex Softstyle T-Shirt\"}]},{\"@type\":\"WebSite\",\"@id\":\"https:\\\/\\\/daenir.art\\\/#website\",\"url\":\"https:\\\/\\\/daenir.art\\\/\",\"name\":\"Dae Nir Art\",\"description\":\"Mystical Art from a Darker Realm\",\"publisher\":{\"@id\":\"https:\\\/\\\/daenir.art\\\/#\\\/schema\\\/person\\\/20dd059b78448af6362377a99976bfb8\"},\"alternateName\":\"Dae Nir \u2013 Dark & Enchanting Art\",\"potentialAction\":[{\"@type\":\"SearchAction\",\"target\":{\"@type\":\"EntryPoint\",\"urlTemplate\":\"https:\\\/\\\/daenir.art\\\/?s={search_term_string}\"},\"query-input\":{\"@type\":\"PropertyValueSpecification\",\"valueRequired\":true,\"valueName\":\"search_term_string\"}}],\"inLanguage\":\"cs\"},{\"@type\":[\"Person\",\"Organization\"],\"@id\":\"https:\\\/\\\/daenir.art\\\/#\\\/schema\\\/person\\\/20dd059b78448af6362377a99976bfb8\",\"name\":\"Daenir\",\"image\":{\"@type\":\"ImageObject\",\"inLanguage\":\"cs\",\"@id\":\"https:\\\/\\\/i0.wp.com\\\/daenir.art\\\/wp-content\\\/uploads\\\/2021\\\/03\\\/logo-1.png?fit=655%2C594&ssl=1\",\"url\":\"https:\\\/\\\/i0.wp.com\\\/daenir.art\\\/wp-content\\\/uploads\\\/2021\\\/03\\\/logo-1.png?fit=655%2C594&ssl=1\",\"contentUrl\":\"https:\\\/\\\/i0.wp.com\\\/daenir.art\\\/wp-content\\\/uploads\\\/2021\\\/03\\\/logo-1.png?fit=655%2C594&ssl=1\",\"width\":655,\"height\":594,\"caption\":\"Daenir\"},\"logo\":{\"@id\":\"https:\\\/\\\/i0.wp.com\\\/daenir.art\\\/wp-content\\\/uploads\\\/2021\\\/03\\\/logo-1.png?fit=655%2C594&ssl=1\"},\"sameAs\":[\"https:\\\/\\\/daenir.art\\\/\"]}]}<\/script>\n<!-- \/ Yoast SEO plugin. -->","yoast_head_json":{"title":"No More Eve - Unisex Softstyle T-Shirt | Dae Nir","robots":{"index":"index","follow":"follow","max-snippet":"max-snippet:-1","max-image-preview":"max-image-preview:large","max-video-preview":"max-video-preview:-1"},"canonical":"https:\/\/daenir.art\/cs\/produkt\/unisex-softstyle-t-shirt-no-more-eve\/","og_locale":"cs_CZ","og_type":"article","og_title":"No More Eve - Unisex Softstyle T-Shirt | Dae Nir","og_description":"\u2726 \ud835\udc01\ud835\udc00\ud835\udc12\ud835\udc08\ud835\udc02 \ud835\udc08\ud835\udc0d\ud835\udc05\ud835\udc0e \u2726 This t-shirt is produced by a print-to-demand company. So from your order to the delivery of the t-shirt to your chosen address, everything goes beyond me. I cannot therefore influence the quality of the product, the packaging or the speed of delivery. However, I hope you will be satisfied with the&hellip;&nbsp;\u010c\u00edst d\u00e1le &raquo;No More Eve &#8211; Unisex Softstyle T-Shirt","og_url":"https:\/\/daenir.art\/cs\/produkt\/unisex-softstyle-t-shirt-no-more-eve\/","og_site_name":"Dae Nir","article_modified_time":"2024-09-04T19:20:32+00:00","og_image":[{"width":2000,"height":2000,"url":"https:\/\/daenir.art\/wp-content\/uploads\/2024\/08\/il_fullxfull.5107804112_nerg.jpg","type":"image\/jpeg"}],"twitter_card":"summary_large_image","twitter_misc":{"Odhadovan\u00e1 doba \u010dten\u00ed":"2 minuty"},"schema":{"@context":"https:\/\/schema.org","@graph":[{"@type":"WebPage","@id":"https:\/\/daenir.art\/produkt\/unisex-softstyle-t-shirt-no-more-eve\/","url":"https:\/\/daenir.art\/produkt\/unisex-softstyle-t-shirt-no-more-eve\/","name":"No More Eve - Unisex Softstyle T-Shirt | Dae Nir","isPartOf":{"@id":"https:\/\/daenir.art\/#website"},"primaryImageOfPage":{"@id":"https:\/\/daenir.art\/produkt\/unisex-softstyle-t-shirt-no-more-eve\/#primaryimage"},"image":{"@id":"https:\/\/daenir.art\/produkt\/unisex-softstyle-t-shirt-no-more-eve\/#primaryimage"},"thumbnailUrl":"https:\/\/i0.wp.com\/daenir.art\/wp-content\/uploads\/2024\/08\/il_fullxfull.5107804112_nerg.jpg?fit=2000%2C2000&ssl=1","datePublished":"2024-08-24T23:33:01+00:00","dateModified":"2024-09-04T19:20:32+00:00","breadcrumb":{"@id":"https:\/\/daenir.art\/produkt\/unisex-softstyle-t-shirt-no-more-eve\/#breadcrumb"},"inLanguage":"cs","potentialAction":[{"@type":"ReadAction","target":["https:\/\/daenir.art\/produkt\/unisex-softstyle-t-shirt-no-more-eve\/"]}]},{"@type":"ImageObject","inLanguage":"cs","@id":"https:\/\/daenir.art\/produkt\/unisex-softstyle-t-shirt-no-more-eve\/#primaryimage","url":"https:\/\/i0.wp.com\/daenir.art\/wp-content\/uploads\/2024\/08\/il_fullxfull.5107804112_nerg.jpg?fit=2000%2C2000&ssl=1","contentUrl":"https:\/\/i0.wp.com\/daenir.art\/wp-content\/uploads\/2024\/08\/il_fullxfull.5107804112_nerg.jpg?fit=2000%2C2000&ssl=1","width":2000,"height":2000},{"@type":"BreadcrumbList","@id":"https:\/\/daenir.art\/produkt\/unisex-softstyle-t-shirt-no-more-eve\/#breadcrumb","itemListElement":[{"@type":"ListItem","position":1,"name":"Home","item":"https:\/\/daenir.art\/"},{"@type":"ListItem","position":2,"name":"Shop","item":"https:\/\/daenir.art\/shop\/"},{"@type":"ListItem","position":3,"name":"No More Eve &#8211; Unisex Softstyle T-Shirt"}]},{"@type":"WebSite","@id":"https:\/\/daenir.art\/#website","url":"https:\/\/daenir.art\/","name":"Dae Nir Art","description":"Mystical Art from a Darker Realm","publisher":{"@id":"https:\/\/daenir.art\/#\/schema\/person\/20dd059b78448af6362377a99976bfb8"},"alternateName":"Dae Nir \u2013 Dark & Enchanting Art","potentialAction":[{"@type":"SearchAction","target":{"@type":"EntryPoint","urlTemplate":"https:\/\/daenir.art\/?s={search_term_string}"},"query-input":{"@type":"PropertyValueSpecification","valueRequired":true,"valueName":"search_term_string"}}],"inLanguage":"cs"},{"@type":["Person","Organization"],"@id":"https:\/\/daenir.art\/#\/schema\/person\/20dd059b78448af6362377a99976bfb8","name":"Daenir","image":{"@type":"ImageObject","inLanguage":"cs","@id":"https:\/\/i0.wp.com\/daenir.art\/wp-content\/uploads\/2021\/03\/logo-1.png?fit=655%2C594&ssl=1","url":"https:\/\/i0.wp.com\/daenir.art\/wp-content\/uploads\/2021\/03\/logo-1.png?fit=655%2C594&ssl=1","contentUrl":"https:\/\/i0.wp.com\/daenir.art\/wp-content\/uploads\/2021\/03\/logo-1.png?fit=655%2C594&ssl=1","width":655,"height":594,"caption":"Daenir"},"logo":{"@id":"https:\/\/i0.wp.com\/daenir.art\/wp-content\/uploads\/2021\/03\/logo-1.png?fit=655%2C594&ssl=1"},"sameAs":["https:\/\/daenir.art\/"]}]}},"jetpack_sharing_enabled":true,"_links":{"self":[{"href":"https:\/\/daenir.art\/cs\/wp-json\/wp\/v2\/product\/3113","targetHints":{"allow":["GET"]}}],"collection":[{"href":"https:\/\/daenir.art\/cs\/wp-json\/wp\/v2\/product"}],"about":[{"href":"https:\/\/daenir.art\/cs\/wp-json\/wp\/v2\/types\/product"}],"wp:featuredmedia":[{"embeddable":true,"href":"https:\/\/daenir.art\/cs\/wp-json\/wp\/v2\/media\/3115"}],"wp:attachment":[{"href":"https:\/\/daenir.art\/cs\/wp-json\/wp\/v2\/media?parent=3113"}],"wp:term":[{"taxonomy":"product_brand","embeddable":true,"href":"https:\/\/daenir.art\/cs\/wp-json\/wp\/v2\/product_brand?post=3113"},{"taxonomy":"product_cat","embeddable":true,"href":"https:\/\/daenir.art\/cs\/wp-json\/wp\/v2\/product_cat?post=3113"},{"taxonomy":"product_tag","embeddable":true,"href":"https:\/\/daenir.art\/cs\/wp-json\/wp\/v2\/product_tag?post=3113"}],"curies":[{"name":"wp","href":"https:\/\/api.w.org\/{rel}","templated":true}]}}