{"id":3216,"date":"2024-11-07T21:11:27","date_gmt":"2024-11-07T20:11:27","guid":{"rendered":"https:\/\/daenir.art\/?post_type=product&#038;p=3216"},"modified":"2025-03-03T22:16:07","modified_gmt":"2025-03-03T21:16:07","slug":"pendant-red-rose","status":"publish","type":"product","link":"https:\/\/daenir.art\/cs\/produkt\/pendant-red-rose\/","title":{"rendered":"\ud83c\udf39 P\u0159\u00edv\u011bsek \u010cerven\u00e1 r\u016f\u017ee \u2013 Vysoce Kvalitn\u00ed Reprodukce"},"content":{"rendered":"<p data-start=\"55\" data-end=\"218\">Podmaniv\u00fd p\u0159\u00edv\u011bsek s detailn\u00ed reprodukc\u00ed m\u00e9ho origin\u00e1ln\u00edho um\u011bleck\u00e9ho d\u00edla \u010derven\u00e9 r\u016f\u017ee - ide\u00e1ln\u00ed pro ty, kdo oce\u0148uj\u00ed v\u00e1\u0161nivou kr\u00e1su a nad\u010dasovou eleganci.<\/p>\n<p data-start=\"220\" data-end=\"491\">\u2726 <strong data-start=\"222\" data-end=\"254\">Vysoce kvalitn\u00ed tisk<\/strong> \u2013 pe\u010dliv\u011b zpracovan\u00e9 podle origin\u00e1lu.<br data-start=\"298\" data-end=\"301\" \/>\u2726 <strong data-start=\"303\" data-end=\"330\">Nerezov\u00fd<\/strong> \u2013 odoln\u00fd, hypoalergenn\u00ed a nad\u010dasov\u00fd.<br data-start=\"370\" data-end=\"373\" \/>\u2726 <strong data-start=\"375\" data-end=\"395\">Sou\u010d\u00e1st\u00ed je \u0159et\u00edzek<\/strong> \u2013 44,5 cm z nerezov\u00e9 oceli s bezpe\u010dn\u00fdm zap\u00edn\u00e1n\u00edm.<br data-start=\"442\" data-end=\"445\" \/>\u2726 <strong data-start=\"447\" data-end=\"455\">Velikost<\/strong>: cca 2\u00d72 cm (0,75\u00d70,75 palce).<\/p>\n<p data-start=\"493\" data-end=\"647\">\ud83c\udf81 <strong data-start=\"496\" data-end=\"505\">BONUS<\/strong> \u2013 Ke ka\u017ed\u00e9 objedn\u00e1vce z\u00edsk\u00e1te slevu na dal\u0161\u00ed n\u00e1kup a mal\u00fd tajemn\u00fd d\u00e1rek! Objedn\u00e1vky nad 500 K\u010d \/ 20 \u20ac \/ 20 $ obdr\u017e\u00ed <strong data-start=\"631\" data-end=\"644\">\u0160T\u011aST\u00cd\u010cKO<\/strong>!<\/p>\n<p data-start=\"649\" data-end=\"727\">\ud83d\udce6 <strong data-start=\"652\" data-end=\"678\">Rychl\u00e9 &amp; bezpe\u010dn\u00e9 doru\u010den\u00ed<\/strong> \u2013 Zas\u00edl\u00e1no s trackingem (sledovac\u00edm \u010d\u00edslem) a v ochrann\u00e9m balen\u00ed.<\/p>\n<p data-start=\"729\" data-end=\"801\" data-is-last-node=\"\" data-is-only-node=\"\">\u2728 <strong data-start=\"731\" data-end=\"801\" data-is-last-node=\"\">Limitovan\u00e1 edice - vezm\u011bte si v\u00e1\u0161e\u0148 \u010derven\u00e9 r\u016f\u017ee s sebou!<\/strong><\/p>","protected":false},"excerpt":{"rendered":"<p>A captivating pendant featuring a detailed reproduction of my original red rose artwork\u2014perfect for those who appreciate passionate beauty and timeless elegance. \u2726 High-quality printed artwork \u2013 meticulously recreated from the original.\u2726 Stainless steel setting \u2013 durable, hypoallergenic, and classic.\u2726 Includes a chain \u2013 44.5 cm stainless steel with a secure clasp.\u2726 Size: approx. 2\u00d72&hellip;&nbsp;<a href=\"https:\/\/daenir.art\/cs\/produkt\/pendant-red-rose\/\" rel=\"bookmark\">\u010c\u00edst d\u00e1le &raquo;<span class=\"screen-reader-text\">\ud83c\udf39 P\u0159\u00edv\u011bsek \u010cerven\u00e1 r\u016f\u017ee \u2013 Vysoce Kvalitn\u00ed Reprodukce<\/span><\/a><\/p>","protected":false},"featured_media":3377,"template":"","meta":{"neve_meta_sidebar":"","neve_meta_container":"","neve_meta_enable_content_width":"off","neve_meta_content_width":70,"neve_meta_title_alignment":"","neve_meta_author_avatar":"","neve_post_elements_order":"","neve_meta_disable_header":"","neve_meta_disable_footer":"","neve_meta_disable_title":"","_themeisle_gutenberg_block_has_review":false},"product_brand":[],"product_cat":[61,59,28],"product_tag":[],"class_list":{"0":"post-3216","1":"product","2":"type-product","3":"status-publish","4":"has-post-thumbnail","6":"product_cat-reproductions","7":"product_cat-jewelry","8":"product_cat-all","10":"first","11":"instock","12":"shipping-taxable","13":"purchasable","14":"product-type-simple"},"yoast_head":"<!-- This site is optimized with the Yoast SEO plugin v27.5 - https:\/\/yoast.com\/product\/yoast-seo-wordpress\/ -->\n<title>\ud83c\udf39 Pendant Red Rose \u2013 High-Quality Reproduction | Dae Nir<\/title>\n<meta name=\"description\" content=\"A reproduction of my hand-painted red rose pendant. Timeless and romantic, perfect for flower lovers and art enthusiasts.\" \/>\n<meta name=\"robots\" content=\"index, follow, max-snippet:-1, max-image-preview:large, max-video-preview:-1\" \/>\n<link rel=\"canonical\" href=\"https:\/\/daenir.art\/cs\/produkt\/pendant-red-rose\/\" \/>\n<meta property=\"og:locale\" content=\"cs_CZ\" \/>\n<meta property=\"og:type\" content=\"article\" \/>\n<meta property=\"og:title\" content=\"\ud83c\udf39 Pendant Red Rose \u2013 High-Quality Reproduction | Dae Nir\" \/>\n<meta property=\"og:description\" content=\"A reproduction of my hand-painted red rose pendant. Timeless and romantic, perfect for flower lovers and art enthusiasts.\" \/>\n<meta property=\"og:url\" content=\"https:\/\/daenir.art\/cs\/produkt\/pendant-red-rose\/\" \/>\n<meta property=\"og:site_name\" content=\"Dae Nir\" \/>\n<meta property=\"article:modified_time\" content=\"2025-03-03T21:16:07+00:00\" \/>\n<meta property=\"og:image\" content=\"https:\/\/daenir.art\/wp-content\/uploads\/2024\/11\/IMG_1977-copy-1024x1024.jpg\" \/>\n\t<meta property=\"og:image:width\" content=\"1024\" \/>\n\t<meta property=\"og:image:height\" content=\"1024\" \/>\n\t<meta property=\"og:image:type\" content=\"image\/jpeg\" \/>\n<meta name=\"twitter:card\" content=\"summary_large_image\" \/>\n<meta name=\"twitter:label1\" content=\"Odhadovan\u00e1 doba \u010dten\u00ed\" \/>\n\t<meta name=\"twitter:data1\" content=\"1 minuta\" \/>\n<script type=\"application\/ld+json\" class=\"yoast-schema-graph\">{\"@context\":\"https:\\\/\\\/schema.org\",\"@graph\":[{\"@type\":\"WebPage\",\"@id\":\"https:\\\/\\\/daenir.art\\\/produkt\\\/pendant-red-rose\\\/\",\"url\":\"https:\\\/\\\/daenir.art\\\/produkt\\\/pendant-red-rose\\\/\",\"name\":\"\ud83c\udf39 Pendant Red Rose \u2013 High-Quality Reproduction | Dae Nir\",\"isPartOf\":{\"@id\":\"https:\\\/\\\/daenir.art\\\/#website\"},\"primaryImageOfPage\":{\"@id\":\"https:\\\/\\\/daenir.art\\\/produkt\\\/pendant-red-rose\\\/#primaryimage\"},\"image\":{\"@id\":\"https:\\\/\\\/daenir.art\\\/produkt\\\/pendant-red-rose\\\/#primaryimage\"},\"thumbnailUrl\":\"https:\\\/\\\/i0.wp.com\\\/daenir.art\\\/wp-content\\\/uploads\\\/2024\\\/11\\\/IMG_1977-copy.jpg?fit=2000%2C2000&ssl=1\",\"datePublished\":\"2024-11-07T20:11:27+00:00\",\"dateModified\":\"2025-03-03T21:16:07+00:00\",\"description\":\"A reproduction of my hand-painted red rose pendant. Timeless and romantic, perfect for flower lovers and art enthusiasts.\",\"breadcrumb\":{\"@id\":\"https:\\\/\\\/daenir.art\\\/produkt\\\/pendant-red-rose\\\/#breadcrumb\"},\"inLanguage\":\"cs\",\"potentialAction\":[{\"@type\":\"ReadAction\",\"target\":[\"https:\\\/\\\/daenir.art\\\/produkt\\\/pendant-red-rose\\\/\"]}]},{\"@type\":\"ImageObject\",\"inLanguage\":\"cs\",\"@id\":\"https:\\\/\\\/daenir.art\\\/produkt\\\/pendant-red-rose\\\/#primaryimage\",\"url\":\"https:\\\/\\\/i0.wp.com\\\/daenir.art\\\/wp-content\\\/uploads\\\/2024\\\/11\\\/IMG_1977-copy.jpg?fit=2000%2C2000&ssl=1\",\"contentUrl\":\"https:\\\/\\\/i0.wp.com\\\/daenir.art\\\/wp-content\\\/uploads\\\/2024\\\/11\\\/IMG_1977-copy.jpg?fit=2000%2C2000&ssl=1\",\"width\":2000,\"height\":2000},{\"@type\":\"BreadcrumbList\",\"@id\":\"https:\\\/\\\/daenir.art\\\/produkt\\\/pendant-red-rose\\\/#breadcrumb\",\"itemListElement\":[{\"@type\":\"ListItem\",\"position\":1,\"name\":\"Home\",\"item\":\"https:\\\/\\\/daenir.art\\\/\"},{\"@type\":\"ListItem\",\"position\":2,\"name\":\"Shop\",\"item\":\"https:\\\/\\\/daenir.art\\\/shop\\\/\"},{\"@type\":\"ListItem\",\"position\":3,\"name\":\"\ud83c\udf39 Pendant Red Rose \u2013 High-Quality Reproduction\"}]},{\"@type\":\"WebSite\",\"@id\":\"https:\\\/\\\/daenir.art\\\/#website\",\"url\":\"https:\\\/\\\/daenir.art\\\/\",\"name\":\"Dae Nir Art\",\"description\":\"Mystical Art from a Darker Realm\",\"publisher\":{\"@id\":\"https:\\\/\\\/daenir.art\\\/#\\\/schema\\\/person\\\/20dd059b78448af6362377a99976bfb8\"},\"alternateName\":\"Dae Nir \u2013 Dark & Enchanting Art\",\"potentialAction\":[{\"@type\":\"SearchAction\",\"target\":{\"@type\":\"EntryPoint\",\"urlTemplate\":\"https:\\\/\\\/daenir.art\\\/?s={search_term_string}\"},\"query-input\":{\"@type\":\"PropertyValueSpecification\",\"valueRequired\":true,\"valueName\":\"search_term_string\"}}],\"inLanguage\":\"cs\"},{\"@type\":[\"Person\",\"Organization\"],\"@id\":\"https:\\\/\\\/daenir.art\\\/#\\\/schema\\\/person\\\/20dd059b78448af6362377a99976bfb8\",\"name\":\"Daenir\",\"image\":{\"@type\":\"ImageObject\",\"inLanguage\":\"cs\",\"@id\":\"https:\\\/\\\/i0.wp.com\\\/daenir.art\\\/wp-content\\\/uploads\\\/2021\\\/03\\\/logo-1.png?fit=655%2C594&ssl=1\",\"url\":\"https:\\\/\\\/i0.wp.com\\\/daenir.art\\\/wp-content\\\/uploads\\\/2021\\\/03\\\/logo-1.png?fit=655%2C594&ssl=1\",\"contentUrl\":\"https:\\\/\\\/i0.wp.com\\\/daenir.art\\\/wp-content\\\/uploads\\\/2021\\\/03\\\/logo-1.png?fit=655%2C594&ssl=1\",\"width\":655,\"height\":594,\"caption\":\"Daenir\"},\"logo\":{\"@id\":\"https:\\\/\\\/i0.wp.com\\\/daenir.art\\\/wp-content\\\/uploads\\\/2021\\\/03\\\/logo-1.png?fit=655%2C594&ssl=1\"},\"sameAs\":[\"https:\\\/\\\/daenir.art\\\/\"]}]}<\/script>\n<!-- \/ Yoast SEO plugin. -->","yoast_head_json":{"title":"\ud83c\udf39 Pendant Red Rose \u2013 High-Quality Reproduction | Dae Nir","description":"A reproduction of my hand-painted red rose pendant. Timeless and romantic, perfect for flower lovers and art enthusiasts.","robots":{"index":"index","follow":"follow","max-snippet":"max-snippet:-1","max-image-preview":"max-image-preview:large","max-video-preview":"max-video-preview:-1"},"canonical":"https:\/\/daenir.art\/cs\/produkt\/pendant-red-rose\/","og_locale":"cs_CZ","og_type":"article","og_title":"\ud83c\udf39 Pendant Red Rose \u2013 High-Quality Reproduction | Dae Nir","og_description":"A reproduction of my hand-painted red rose pendant. Timeless and romantic, perfect for flower lovers and art enthusiasts.","og_url":"https:\/\/daenir.art\/cs\/produkt\/pendant-red-rose\/","og_site_name":"Dae Nir","article_modified_time":"2025-03-03T21:16:07+00:00","og_image":[{"width":1024,"height":1024,"url":"https:\/\/daenir.art\/wp-content\/uploads\/2024\/11\/IMG_1977-copy-1024x1024.jpg","type":"image\/jpeg"}],"twitter_card":"summary_large_image","twitter_misc":{"Odhadovan\u00e1 doba \u010dten\u00ed":"1 minuta"},"schema":{"@context":"https:\/\/schema.org","@graph":[{"@type":"WebPage","@id":"https:\/\/daenir.art\/produkt\/pendant-red-rose\/","url":"https:\/\/daenir.art\/produkt\/pendant-red-rose\/","name":"\ud83c\udf39 Pendant Red Rose \u2013 High-Quality Reproduction | Dae Nir","isPartOf":{"@id":"https:\/\/daenir.art\/#website"},"primaryImageOfPage":{"@id":"https:\/\/daenir.art\/produkt\/pendant-red-rose\/#primaryimage"},"image":{"@id":"https:\/\/daenir.art\/produkt\/pendant-red-rose\/#primaryimage"},"thumbnailUrl":"https:\/\/i0.wp.com\/daenir.art\/wp-content\/uploads\/2024\/11\/IMG_1977-copy.jpg?fit=2000%2C2000&ssl=1","datePublished":"2024-11-07T20:11:27+00:00","dateModified":"2025-03-03T21:16:07+00:00","description":"A reproduction of my hand-painted red rose pendant. Timeless and romantic, perfect for flower lovers and art enthusiasts.","breadcrumb":{"@id":"https:\/\/daenir.art\/produkt\/pendant-red-rose\/#breadcrumb"},"inLanguage":"cs","potentialAction":[{"@type":"ReadAction","target":["https:\/\/daenir.art\/produkt\/pendant-red-rose\/"]}]},{"@type":"ImageObject","inLanguage":"cs","@id":"https:\/\/daenir.art\/produkt\/pendant-red-rose\/#primaryimage","url":"https:\/\/i0.wp.com\/daenir.art\/wp-content\/uploads\/2024\/11\/IMG_1977-copy.jpg?fit=2000%2C2000&ssl=1","contentUrl":"https:\/\/i0.wp.com\/daenir.art\/wp-content\/uploads\/2024\/11\/IMG_1977-copy.jpg?fit=2000%2C2000&ssl=1","width":2000,"height":2000},{"@type":"BreadcrumbList","@id":"https:\/\/daenir.art\/produkt\/pendant-red-rose\/#breadcrumb","itemListElement":[{"@type":"ListItem","position":1,"name":"Home","item":"https:\/\/daenir.art\/"},{"@type":"ListItem","position":2,"name":"Shop","item":"https:\/\/daenir.art\/shop\/"},{"@type":"ListItem","position":3,"name":"\ud83c\udf39 Pendant Red Rose \u2013 High-Quality Reproduction"}]},{"@type":"WebSite","@id":"https:\/\/daenir.art\/#website","url":"https:\/\/daenir.art\/","name":"Dae Nir Art","description":"Mystical Art from a Darker Realm","publisher":{"@id":"https:\/\/daenir.art\/#\/schema\/person\/20dd059b78448af6362377a99976bfb8"},"alternateName":"Dae Nir \u2013 Dark & Enchanting Art","potentialAction":[{"@type":"SearchAction","target":{"@type":"EntryPoint","urlTemplate":"https:\/\/daenir.art\/?s={search_term_string}"},"query-input":{"@type":"PropertyValueSpecification","valueRequired":true,"valueName":"search_term_string"}}],"inLanguage":"cs"},{"@type":["Person","Organization"],"@id":"https:\/\/daenir.art\/#\/schema\/person\/20dd059b78448af6362377a99976bfb8","name":"Daenir","image":{"@type":"ImageObject","inLanguage":"cs","@id":"https:\/\/i0.wp.com\/daenir.art\/wp-content\/uploads\/2021\/03\/logo-1.png?fit=655%2C594&ssl=1","url":"https:\/\/i0.wp.com\/daenir.art\/wp-content\/uploads\/2021\/03\/logo-1.png?fit=655%2C594&ssl=1","contentUrl":"https:\/\/i0.wp.com\/daenir.art\/wp-content\/uploads\/2021\/03\/logo-1.png?fit=655%2C594&ssl=1","width":655,"height":594,"caption":"Daenir"},"logo":{"@id":"https:\/\/i0.wp.com\/daenir.art\/wp-content\/uploads\/2021\/03\/logo-1.png?fit=655%2C594&ssl=1"},"sameAs":["https:\/\/daenir.art\/"]}]}},"jetpack_sharing_enabled":true,"_links":{"self":[{"href":"https:\/\/daenir.art\/cs\/wp-json\/wp\/v2\/product\/3216","targetHints":{"allow":["GET"]}}],"collection":[{"href":"https:\/\/daenir.art\/cs\/wp-json\/wp\/v2\/product"}],"about":[{"href":"https:\/\/daenir.art\/cs\/wp-json\/wp\/v2\/types\/product"}],"wp:featuredmedia":[{"embeddable":true,"href":"https:\/\/daenir.art\/cs\/wp-json\/wp\/v2\/media\/3377"}],"wp:attachment":[{"href":"https:\/\/daenir.art\/cs\/wp-json\/wp\/v2\/media?parent=3216"}],"wp:term":[{"taxonomy":"product_brand","embeddable":true,"href":"https:\/\/daenir.art\/cs\/wp-json\/wp\/v2\/product_brand?post=3216"},{"taxonomy":"product_cat","embeddable":true,"href":"https:\/\/daenir.art\/cs\/wp-json\/wp\/v2\/product_cat?post=3216"},{"taxonomy":"product_tag","embeddable":true,"href":"https:\/\/daenir.art\/cs\/wp-json\/wp\/v2\/product_tag?post=3216"}],"curies":[{"name":"wp","href":"https:\/\/api.w.org\/{rel}","templated":true}]}}