{"id":3325,"date":"2024-11-07T22:26:40","date_gmt":"2024-11-07T21:26:40","guid":{"rendered":"https:\/\/daenir.art\/?post_type=product&#038;p=3325"},"modified":"2025-03-03T21:36:08","modified_gmt":"2025-03-03T20:36:08","slug":"pendant-dog-2","status":"publish","type":"product","link":"https:\/\/daenir.art\/cs\/produkt\/pendant-dog-2\/","title":{"rendered":"\ud83e\uddb4 P\u0159\u00edv\u011bsek Pes \u2013 (ORIGIN\u00c1L) Ru\u010dn\u011b Malovan\u00fd \u0160perk"},"content":{"rendered":"<p data-start=\"54\" data-end=\"79\"><em data-start=\"54\" data-end=\"77\">(Pouze jeden kus!)<\/em><\/p>\n<p data-start=\"81\" data-end=\"156\">Jedine\u010dn\u00fd, ru\u010dn\u011b malovan\u00fd p\u0159\u00edv\u011bsek oslavuj\u00edc\u00ed v\u011brnost a kouzlo ps\u016f.<\/p>\n<p data-start=\"158\" data-end=\"427\">\u2726 <strong data-start=\"160\" data-end=\"194\">Unik\u00e1tn\u00ed origin\u00e1ln\u00ed um\u011bleck\u00e9 d\u00edlo<\/strong> \u2013 ru\u010dn\u011b malovan\u00e9 a zape\u010det\u011bn\u00e9 pod sklem.<br data-start=\"233\" data-end=\"236\" \/>\u2726 <strong data-start=\"238\" data-end=\"265\">Nerezov\u00fd<\/strong> \u2013 odoln\u00fd, hypoalergenn\u00ed a nad\u010dasov\u00fd.<br data-start=\"306\" data-end=\"309\" \/>\u2726 <strong data-start=\"311\" data-end=\"331\">Sou\u010d\u00e1st\u00ed je \u0159et\u00edzek<\/strong> \u2013 44,5 cm z nerezov\u00e9 oceli s bezpe\u010dn\u00fdm zap\u00edn\u00e1n\u00edm.<br data-start=\"378\" data-end=\"381\" \/>\u2726 <strong data-start=\"383\" data-end=\"391\">Velikost<\/strong>: cca 2\u00d72 cm (0,75\u00d70,75 palce).<\/p>\n<p data-start=\"429\" data-end=\"583\">\ud83c\udf81 <strong data-start=\"432\" data-end=\"441\">BONUS<\/strong> \u2013 Ke ka\u017ed\u00e9 objedn\u00e1vce z\u00edsk\u00e1te slevu na dal\u0161\u00ed n\u00e1kup a mal\u00fd tajemn\u00fd d\u00e1rek! Objedn\u00e1vky nad 500 K\u010d \/ 20 \u20ac \/ 20 $ obdr\u017e\u00ed <strong data-start=\"567\" data-end=\"580\">\u0160T\u011aST\u00cd\u010cKO<\/strong>!<\/p>\n<p data-start=\"585\" data-end=\"663\">\ud83d\udce6 <strong data-start=\"588\" data-end=\"614\">Rychl\u00e9 &amp; bezpe\u010dn\u00e9 doru\u010den\u00ed<\/strong> \u2013 Zas\u00edl\u00e1no s trackingem (sledovac\u00edm \u010d\u00edslem) a v ochrann\u00e9m balen\u00ed.<\/p>\n<p data-start=\"665\" data-end=\"715\">\u2728 <strong data-start=\"667\" data-end=\"713\">Existuje pouze jeden kus\u2014ud\u011blejte si radost ne\u017e zm\u00edz\u00ed!<\/strong><\/p>","protected":false},"excerpt":{"rendered":"<p>(Only one available!) A unique, hand-painted pendant celebrating the loyalty and charm of dogs. \u2726 One-of-a-kind original artwork \u2013 painted by hand, sealed under glass.\u2726 Stainless steel setting \u2013 durable, hypoallergenic, and timeless.\u2726 Includes a chain \u2013 44.5 cm stainless steel with a secure clasp.\u2726 Size: approx. 2\u00d72 cm (0.75\u00d70.75 inch). \ud83c\udf81 BONUS \u2013 Every&hellip;&nbsp;<a href=\"https:\/\/daenir.art\/cs\/produkt\/pendant-dog-2\/\" rel=\"bookmark\">\u010c\u00edst d\u00e1le &raquo;<span class=\"screen-reader-text\">\ud83e\uddb4 P\u0159\u00edv\u011bsek Pes \u2013 (ORIGIN\u00c1L) Ru\u010dn\u011b Malovan\u00fd \u0160perk<\/span><\/a><\/p>","protected":false},"featured_media":3382,"template":"","meta":{"neve_meta_sidebar":"","neve_meta_container":"","neve_meta_enable_content_width":"off","neve_meta_content_width":70,"neve_meta_title_alignment":"","neve_meta_author_avatar":"","neve_post_elements_order":"","neve_meta_disable_header":"","neve_meta_disable_footer":"","neve_meta_disable_title":"","_themeisle_gutenberg_block_has_review":false},"product_brand":[],"product_cat":[62,59,28],"product_tag":[],"class_list":{"0":"post-3325","1":"product","2":"type-product","3":"status-publish","4":"has-post-thumbnail","6":"product_cat-originals","7":"product_cat-jewelry","8":"product_cat-all","10":"first","11":"instock","12":"shipping-taxable","13":"purchasable","14":"product-type-simple"},"yoast_head":"<!-- This site is optimized with the Yoast SEO plugin v27.5 - https:\/\/yoast.com\/product\/yoast-seo-wordpress\/ -->\n<title>\ud83e\uddb4 Pendant Dog \u2013 (ORIGINAL) Hand-Painted Jewelry | Dae Nir<\/title>\n<meta name=\"description\" content=\"A one-of-a-kind hand-painted dog pendant. Perfect for dog lovers and nature enthusiasts. Limited edition with bonus gift &amp; secure shipping.\" \/>\n<meta name=\"robots\" content=\"index, follow, max-snippet:-1, max-image-preview:large, max-video-preview:-1\" \/>\n<link rel=\"canonical\" href=\"https:\/\/daenir.art\/cs\/produkt\/pendant-dog-2\/\" \/>\n<meta property=\"og:locale\" content=\"cs_CZ\" \/>\n<meta property=\"og:type\" content=\"article\" \/>\n<meta property=\"og:title\" content=\"\ud83e\uddb4 Pendant Dog \u2013 (ORIGINAL) Hand-Painted Jewelry | Dae Nir\" \/>\n<meta property=\"og:description\" content=\"A one-of-a-kind hand-painted dog pendant. Perfect for dog lovers and nature enthusiasts. Limited edition with bonus gift &amp; secure shipping.\" \/>\n<meta property=\"og:url\" content=\"https:\/\/daenir.art\/cs\/produkt\/pendant-dog-2\/\" \/>\n<meta property=\"og:site_name\" content=\"Dae Nir\" \/>\n<meta property=\"article:modified_time\" content=\"2025-03-03T20:36:08+00:00\" \/>\n<meta property=\"og:image\" content=\"https:\/\/daenir.art\/wp-content\/uploads\/2024\/11\/IMG_1988-copy-1024x1024.jpg\" \/>\n\t<meta property=\"og:image:width\" content=\"1024\" \/>\n\t<meta property=\"og:image:height\" content=\"1024\" \/>\n\t<meta property=\"og:image:type\" content=\"image\/jpeg\" \/>\n<meta name=\"twitter:card\" content=\"summary_large_image\" \/>\n<meta name=\"twitter:label1\" content=\"Odhadovan\u00e1 doba \u010dten\u00ed\" \/>\n\t<meta name=\"twitter:data1\" content=\"1 minuta\" \/>\n<script type=\"application\/ld+json\" class=\"yoast-schema-graph\">{\"@context\":\"https:\\\/\\\/schema.org\",\"@graph\":[{\"@type\":\"WebPage\",\"@id\":\"https:\\\/\\\/daenir.art\\\/produkt\\\/pendant-dog-2\\\/\",\"url\":\"https:\\\/\\\/daenir.art\\\/produkt\\\/pendant-dog-2\\\/\",\"name\":\"\ud83e\uddb4 Pendant Dog \u2013 (ORIGINAL) Hand-Painted Jewelry | Dae Nir\",\"isPartOf\":{\"@id\":\"https:\\\/\\\/daenir.art\\\/#website\"},\"primaryImageOfPage\":{\"@id\":\"https:\\\/\\\/daenir.art\\\/produkt\\\/pendant-dog-2\\\/#primaryimage\"},\"image\":{\"@id\":\"https:\\\/\\\/daenir.art\\\/produkt\\\/pendant-dog-2\\\/#primaryimage\"},\"thumbnailUrl\":\"https:\\\/\\\/i0.wp.com\\\/daenir.art\\\/wp-content\\\/uploads\\\/2024\\\/11\\\/IMG_1988-copy.jpg?fit=2000%2C2000&ssl=1\",\"datePublished\":\"2024-11-07T21:26:40+00:00\",\"dateModified\":\"2025-03-03T20:36:08+00:00\",\"description\":\"A one-of-a-kind hand-painted dog pendant. Perfect for dog lovers and nature enthusiasts. Limited edition with bonus gift & secure shipping.\",\"breadcrumb\":{\"@id\":\"https:\\\/\\\/daenir.art\\\/produkt\\\/pendant-dog-2\\\/#breadcrumb\"},\"inLanguage\":\"cs\",\"potentialAction\":[{\"@type\":\"ReadAction\",\"target\":[\"https:\\\/\\\/daenir.art\\\/produkt\\\/pendant-dog-2\\\/\"]}]},{\"@type\":\"ImageObject\",\"inLanguage\":\"cs\",\"@id\":\"https:\\\/\\\/daenir.art\\\/produkt\\\/pendant-dog-2\\\/#primaryimage\",\"url\":\"https:\\\/\\\/i0.wp.com\\\/daenir.art\\\/wp-content\\\/uploads\\\/2024\\\/11\\\/IMG_1988-copy.jpg?fit=2000%2C2000&ssl=1\",\"contentUrl\":\"https:\\\/\\\/i0.wp.com\\\/daenir.art\\\/wp-content\\\/uploads\\\/2024\\\/11\\\/IMG_1988-copy.jpg?fit=2000%2C2000&ssl=1\",\"width\":2000,\"height\":2000},{\"@type\":\"BreadcrumbList\",\"@id\":\"https:\\\/\\\/daenir.art\\\/produkt\\\/pendant-dog-2\\\/#breadcrumb\",\"itemListElement\":[{\"@type\":\"ListItem\",\"position\":1,\"name\":\"Home\",\"item\":\"https:\\\/\\\/daenir.art\\\/\"},{\"@type\":\"ListItem\",\"position\":2,\"name\":\"Shop\",\"item\":\"https:\\\/\\\/daenir.art\\\/shop\\\/\"},{\"@type\":\"ListItem\",\"position\":3,\"name\":\"\ud83e\uddb4 Pendant Dog \u2013 (ORIGINAL) Hand-Painted Jewelry\"}]},{\"@type\":\"WebSite\",\"@id\":\"https:\\\/\\\/daenir.art\\\/#website\",\"url\":\"https:\\\/\\\/daenir.art\\\/\",\"name\":\"Dae Nir Art\",\"description\":\"Mystical Art from a Darker Realm\",\"publisher\":{\"@id\":\"https:\\\/\\\/daenir.art\\\/#\\\/schema\\\/person\\\/20dd059b78448af6362377a99976bfb8\"},\"alternateName\":\"Dae Nir \u2013 Dark & Enchanting Art\",\"potentialAction\":[{\"@type\":\"SearchAction\",\"target\":{\"@type\":\"EntryPoint\",\"urlTemplate\":\"https:\\\/\\\/daenir.art\\\/?s={search_term_string}\"},\"query-input\":{\"@type\":\"PropertyValueSpecification\",\"valueRequired\":true,\"valueName\":\"search_term_string\"}}],\"inLanguage\":\"cs\"},{\"@type\":[\"Person\",\"Organization\"],\"@id\":\"https:\\\/\\\/daenir.art\\\/#\\\/schema\\\/person\\\/20dd059b78448af6362377a99976bfb8\",\"name\":\"Daenir\",\"image\":{\"@type\":\"ImageObject\",\"inLanguage\":\"cs\",\"@id\":\"https:\\\/\\\/i0.wp.com\\\/daenir.art\\\/wp-content\\\/uploads\\\/2021\\\/03\\\/logo-1.png?fit=655%2C594&ssl=1\",\"url\":\"https:\\\/\\\/i0.wp.com\\\/daenir.art\\\/wp-content\\\/uploads\\\/2021\\\/03\\\/logo-1.png?fit=655%2C594&ssl=1\",\"contentUrl\":\"https:\\\/\\\/i0.wp.com\\\/daenir.art\\\/wp-content\\\/uploads\\\/2021\\\/03\\\/logo-1.png?fit=655%2C594&ssl=1\",\"width\":655,\"height\":594,\"caption\":\"Daenir\"},\"logo\":{\"@id\":\"https:\\\/\\\/i0.wp.com\\\/daenir.art\\\/wp-content\\\/uploads\\\/2021\\\/03\\\/logo-1.png?fit=655%2C594&ssl=1\"},\"sameAs\":[\"https:\\\/\\\/daenir.art\\\/\"]}]}<\/script>\n<!-- \/ Yoast SEO plugin. -->","yoast_head_json":{"title":"\ud83e\uddb4 Pendant Dog \u2013 (ORIGINAL) Hand-Painted Jewelry | Dae Nir","description":"A one-of-a-kind hand-painted dog pendant. Perfect for dog lovers and nature enthusiasts. Limited edition with bonus gift & secure shipping.","robots":{"index":"index","follow":"follow","max-snippet":"max-snippet:-1","max-image-preview":"max-image-preview:large","max-video-preview":"max-video-preview:-1"},"canonical":"https:\/\/daenir.art\/cs\/produkt\/pendant-dog-2\/","og_locale":"cs_CZ","og_type":"article","og_title":"\ud83e\uddb4 Pendant Dog \u2013 (ORIGINAL) Hand-Painted Jewelry | Dae Nir","og_description":"A one-of-a-kind hand-painted dog pendant. Perfect for dog lovers and nature enthusiasts. Limited edition with bonus gift & secure shipping.","og_url":"https:\/\/daenir.art\/cs\/produkt\/pendant-dog-2\/","og_site_name":"Dae Nir","article_modified_time":"2025-03-03T20:36:08+00:00","og_image":[{"width":1024,"height":1024,"url":"https:\/\/daenir.art\/wp-content\/uploads\/2024\/11\/IMG_1988-copy-1024x1024.jpg","type":"image\/jpeg"}],"twitter_card":"summary_large_image","twitter_misc":{"Odhadovan\u00e1 doba \u010dten\u00ed":"1 minuta"},"schema":{"@context":"https:\/\/schema.org","@graph":[{"@type":"WebPage","@id":"https:\/\/daenir.art\/produkt\/pendant-dog-2\/","url":"https:\/\/daenir.art\/produkt\/pendant-dog-2\/","name":"\ud83e\uddb4 Pendant Dog \u2013 (ORIGINAL) Hand-Painted Jewelry | Dae Nir","isPartOf":{"@id":"https:\/\/daenir.art\/#website"},"primaryImageOfPage":{"@id":"https:\/\/daenir.art\/produkt\/pendant-dog-2\/#primaryimage"},"image":{"@id":"https:\/\/daenir.art\/produkt\/pendant-dog-2\/#primaryimage"},"thumbnailUrl":"https:\/\/i0.wp.com\/daenir.art\/wp-content\/uploads\/2024\/11\/IMG_1988-copy.jpg?fit=2000%2C2000&ssl=1","datePublished":"2024-11-07T21:26:40+00:00","dateModified":"2025-03-03T20:36:08+00:00","description":"A one-of-a-kind hand-painted dog pendant. Perfect for dog lovers and nature enthusiasts. Limited edition with bonus gift & secure shipping.","breadcrumb":{"@id":"https:\/\/daenir.art\/produkt\/pendant-dog-2\/#breadcrumb"},"inLanguage":"cs","potentialAction":[{"@type":"ReadAction","target":["https:\/\/daenir.art\/produkt\/pendant-dog-2\/"]}]},{"@type":"ImageObject","inLanguage":"cs","@id":"https:\/\/daenir.art\/produkt\/pendant-dog-2\/#primaryimage","url":"https:\/\/i0.wp.com\/daenir.art\/wp-content\/uploads\/2024\/11\/IMG_1988-copy.jpg?fit=2000%2C2000&ssl=1","contentUrl":"https:\/\/i0.wp.com\/daenir.art\/wp-content\/uploads\/2024\/11\/IMG_1988-copy.jpg?fit=2000%2C2000&ssl=1","width":2000,"height":2000},{"@type":"BreadcrumbList","@id":"https:\/\/daenir.art\/produkt\/pendant-dog-2\/#breadcrumb","itemListElement":[{"@type":"ListItem","position":1,"name":"Home","item":"https:\/\/daenir.art\/"},{"@type":"ListItem","position":2,"name":"Shop","item":"https:\/\/daenir.art\/shop\/"},{"@type":"ListItem","position":3,"name":"\ud83e\uddb4 Pendant Dog \u2013 (ORIGINAL) Hand-Painted Jewelry"}]},{"@type":"WebSite","@id":"https:\/\/daenir.art\/#website","url":"https:\/\/daenir.art\/","name":"Dae Nir Art","description":"Mystical Art from a Darker Realm","publisher":{"@id":"https:\/\/daenir.art\/#\/schema\/person\/20dd059b78448af6362377a99976bfb8"},"alternateName":"Dae Nir \u2013 Dark & Enchanting Art","potentialAction":[{"@type":"SearchAction","target":{"@type":"EntryPoint","urlTemplate":"https:\/\/daenir.art\/?s={search_term_string}"},"query-input":{"@type":"PropertyValueSpecification","valueRequired":true,"valueName":"search_term_string"}}],"inLanguage":"cs"},{"@type":["Person","Organization"],"@id":"https:\/\/daenir.art\/#\/schema\/person\/20dd059b78448af6362377a99976bfb8","name":"Daenir","image":{"@type":"ImageObject","inLanguage":"cs","@id":"https:\/\/i0.wp.com\/daenir.art\/wp-content\/uploads\/2021\/03\/logo-1.png?fit=655%2C594&ssl=1","url":"https:\/\/i0.wp.com\/daenir.art\/wp-content\/uploads\/2021\/03\/logo-1.png?fit=655%2C594&ssl=1","contentUrl":"https:\/\/i0.wp.com\/daenir.art\/wp-content\/uploads\/2021\/03\/logo-1.png?fit=655%2C594&ssl=1","width":655,"height":594,"caption":"Daenir"},"logo":{"@id":"https:\/\/i0.wp.com\/daenir.art\/wp-content\/uploads\/2021\/03\/logo-1.png?fit=655%2C594&ssl=1"},"sameAs":["https:\/\/daenir.art\/"]}]}},"jetpack_sharing_enabled":true,"_links":{"self":[{"href":"https:\/\/daenir.art\/cs\/wp-json\/wp\/v2\/product\/3325","targetHints":{"allow":["GET"]}}],"collection":[{"href":"https:\/\/daenir.art\/cs\/wp-json\/wp\/v2\/product"}],"about":[{"href":"https:\/\/daenir.art\/cs\/wp-json\/wp\/v2\/types\/product"}],"wp:featuredmedia":[{"embeddable":true,"href":"https:\/\/daenir.art\/cs\/wp-json\/wp\/v2\/media\/3382"}],"wp:attachment":[{"href":"https:\/\/daenir.art\/cs\/wp-json\/wp\/v2\/media?parent=3325"}],"wp:term":[{"taxonomy":"product_brand","embeddable":true,"href":"https:\/\/daenir.art\/cs\/wp-json\/wp\/v2\/product_brand?post=3325"},{"taxonomy":"product_cat","embeddable":true,"href":"https:\/\/daenir.art\/cs\/wp-json\/wp\/v2\/product_cat?post=3325"},{"taxonomy":"product_tag","embeddable":true,"href":"https:\/\/daenir.art\/cs\/wp-json\/wp\/v2\/product_tag?post=3325"}],"curies":[{"name":"wp","href":"https:\/\/api.w.org\/{rel}","templated":true}]}}