{"id":3554,"date":"2025-02-23T20:56:47","date_gmt":"2025-02-23T19:56:47","guid":{"rendered":"https:\/\/daenir.art\/?post_type=product&#038;p=3554"},"modified":"2025-03-03T21:23:22","modified_gmt":"2025-03-03T20:23:22","slug":"%f0%9f%8c%b8-pendant-foxglove-original-hand-painted-jewelry","status":"publish","type":"product","link":"https:\/\/daenir.art\/cs\/produkt\/%f0%9f%8c%b8-pendant-foxglove-original-hand-painted-jewelry\/","title":{"rendered":"\ud83c\udf38 P\u0159\u00edv\u011bsek N\u00e1prstn\u00edk \u2013 (ORIGIN\u00c1L) Ru\u010dn\u011b Malovan\u00fd \u0160perk"},"content":{"rendered":"<p data-prosemirror-content-type=\"node\" data-prosemirror-node-name=\"paragraph\" data-prosemirror-node-block=\"true\" data-pm-slice=\"1 1 []\"><em data-prosemirror-content-type=\"mark\" data-prosemirror-mark-name=\"em\">(Pouze jeden kus!)<\/em><\/p>\n<p data-prosemirror-content-type=\"node\" data-prosemirror-node-name=\"paragraph\" data-prosemirror-node-block=\"true\" data-pm-slice=\"1 1 []\">Unik\u00e1tn\u00ed ru\u010dn\u011b malovan\u00fd p\u0159\u00edv\u011bsek s origin\u00e1ln\u00edm motivem n\u00e1prstn\u00edku\u2014ide\u00e1ln\u00ed pro milovn\u00edky p\u0159\u00edrody a ty, kte\u0159\u00ed jsou okouzleni botanickou eleganc\u00ed.<\/p>\n<p data-prosemirror-content-type=\"node\" data-prosemirror-node-name=\"paragraph\" data-prosemirror-node-block=\"true\" data-pm-slice=\"1 1 []\">\u2726 <strong data-prosemirror-content-type=\"mark\" data-prosemirror-mark-name=\"strong\">Unik\u00e1tn\u00ed origin\u00e1ln\u00ed um\u011bleck\u00e9 d\u00edlo<\/strong> \u2013 ru\u010dn\u011b malovan\u00e9 a zape\u010det\u011bn\u00e9 pod sklem.<br \/>\n\u2726 <strong data-start=\"293\" data-end=\"320\">Nerezov\u00fd<\/strong> \u2013 odoln\u00fd, hypoalergenn\u00ed a nad\u010dasov\u00fd.<br data-start=\"361\" data-end=\"364\" \/>\u2726 <strong data-start=\"366\" data-end=\"386\">Sou\u010d\u00e1st\u00ed je \u0159et\u00edzek<\/strong> \u2013 44,5 cm z nerezov\u00e9 oceli s bezpe\u010dn\u00fdm zap\u00edn\u00e1n\u00edm.<br data-start=\"433\" data-end=\"436\" \/>\u2726 <strong data-start=\"438\" data-end=\"446\">Velikost<\/strong>: cca 2\u00d72 cm (0,75\u00d70,75 palce).<\/p>\n<p data-start=\"484\" data-end=\"638\">\ud83c\udf81 <strong data-start=\"487\" data-end=\"496\">BONUS<\/strong> \u2013 Ke ka\u017ed\u00e9 objedn\u00e1vce z\u00edsk\u00e1te slevu na dal\u0161\u00ed n\u00e1kup a mal\u00fd tajemn\u00fd d\u00e1rek! Objedn\u00e1vky nad 500 K\u010d \/ 20 \u20ac \/ 20 $ obdr\u017e\u00ed <strong data-start=\"622\" data-end=\"635\">\u0160T\u011aST\u00cd\u010cKO<\/strong>!<\/p>\n<p data-start=\"640\" data-end=\"718\">\ud83d\udce6 <strong data-start=\"643\" data-end=\"669\">Rychl\u00e9 &amp; bezpe\u010dn\u00e9 doru\u010den\u00ed<\/strong> \u2013 Zas\u00edl\u00e1no s trackingem (sledovac\u00edm \u010d\u00edslem) a v ochrann\u00e9m balen\u00ed.<\/p>\n<p data-prosemirror-content-type=\"node\" data-prosemirror-node-name=\"paragraph\" data-prosemirror-node-block=\"true\" data-pm-slice=\"1 1 []\">\u2728 <strong data-prosemirror-content-type=\"mark\" data-prosemirror-mark-name=\"strong\">Existuje pouze jeden kus\u2014ud\u011blejte si radost ne\u017e zm\u00edz\u00ed!<\/strong><\/p>","protected":false},"excerpt":{"rendered":"<p>(Only one available!) A unique, hand-painted pendant featuring my original foxglove artwork\u2014perfect for nature lovers and those enchanted by botanical elegance. \u2726 One-of-a-kind original artwork \u2013 painted by hand, sealed under glass. \u2726 Stainless steel setting \u2013 durable, hypoallergenic, and timeless.\u2726 Includes a chain \u2013 44.5 cm stainless steel with a secure clasp.\u2726 Size: approx.&hellip;&nbsp;<a href=\"https:\/\/daenir.art\/cs\/produkt\/%f0%9f%8c%b8-pendant-foxglove-original-hand-painted-jewelry\/\" rel=\"bookmark\">\u010c\u00edst d\u00e1le &raquo;<span class=\"screen-reader-text\">\ud83c\udf38 P\u0159\u00edv\u011bsek N\u00e1prstn\u00edk \u2013 (ORIGIN\u00c1L) Ru\u010dn\u011b Malovan\u00fd \u0160perk<\/span><\/a><\/p>","protected":false},"featured_media":3412,"template":"","meta":{"neve_meta_sidebar":"","neve_meta_container":"","neve_meta_enable_content_width":"off","neve_meta_content_width":70,"neve_meta_title_alignment":"","neve_meta_author_avatar":"","neve_post_elements_order":"","neve_meta_disable_header":"","neve_meta_disable_footer":"","neve_meta_disable_title":"","_themeisle_gutenberg_block_has_review":false},"product_brand":[],"product_cat":[62,59,28],"product_tag":[],"class_list":{"0":"post-3554","1":"product","2":"type-product","3":"status-publish","4":"has-post-thumbnail","6":"product_cat-originals","7":"product_cat-jewelry","8":"product_cat-all","10":"first","11":"instock","12":"shipping-taxable","13":"purchasable","14":"product-type-simple"},"yoast_head":"<!-- This site is optimized with the Yoast SEO plugin v27.5 - https:\/\/yoast.com\/product\/yoast-seo-wordpress\/ -->\n<title>\ud83c\udf38 Pendant Foxglove \u2013 (ORIGINAL) Hand-Painted Jewelry | Dae Nir<\/title>\n<meta name=\"robots\" content=\"index, follow, max-snippet:-1, max-image-preview:large, max-video-preview:-1\" \/>\n<link rel=\"canonical\" href=\"https:\/\/daenir.art\/cs\/produkt\/\ud83c\udf38-pendant-foxglove-original-hand-painted-jewelry\/\" \/>\n<meta property=\"og:locale\" content=\"cs_CZ\" \/>\n<meta property=\"og:type\" content=\"article\" \/>\n<meta property=\"og:title\" content=\"\ud83c\udf38 Pendant Foxglove \u2013 (ORIGINAL) Hand-Painted Jewelry | Dae Nir\" \/>\n<meta property=\"og:description\" content=\"(Only one available!) A unique, hand-painted pendant featuring my original foxglove artwork\u2014perfect for nature lovers and those enchanted by botanical elegance. \u2726 One-of-a-kind original artwork \u2013 painted by hand, sealed under glass. \u2726 Stainless steel setting \u2013 durable, hypoallergenic, and timeless.\u2726 Includes a chain \u2013 44.5 cm stainless steel with a secure clasp.\u2726 Size: approx.&hellip;&nbsp;\u010c\u00edst d\u00e1le &raquo;\ud83c\udf38 Pendant Foxglove \u2013 (ORIGINAL) Hand-Painted Jewelry\" \/>\n<meta property=\"og:url\" content=\"https:\/\/daenir.art\/cs\/produkt\/\ud83c\udf38-pendant-foxglove-original-hand-painted-jewelry\/\" \/>\n<meta property=\"og:site_name\" content=\"Dae Nir\" \/>\n<meta property=\"article:modified_time\" content=\"2025-03-03T20:23:22+00:00\" \/>\n<meta property=\"og:image\" content=\"https:\/\/daenir.art\/wp-content\/uploads\/2024\/11\/IMG_1925-copy-1024x1024.jpg\" \/>\n\t<meta property=\"og:image:width\" content=\"1024\" \/>\n\t<meta property=\"og:image:height\" content=\"1024\" \/>\n\t<meta property=\"og:image:type\" content=\"image\/jpeg\" \/>\n<meta name=\"twitter:card\" content=\"summary_large_image\" \/>\n<meta name=\"twitter:label1\" content=\"Odhadovan\u00e1 doba \u010dten\u00ed\" \/>\n\t<meta name=\"twitter:data1\" content=\"1 minuta\" \/>\n<script type=\"application\/ld+json\" class=\"yoast-schema-graph\">{\"@context\":\"https:\\\/\\\/schema.org\",\"@graph\":[{\"@type\":\"WebPage\",\"@id\":\"https:\\\/\\\/daenir.art\\\/produkt\\\/%f0%9f%8c%b8-pendant-foxglove-original-hand-painted-jewelry\\\/\",\"url\":\"https:\\\/\\\/daenir.art\\\/produkt\\\/%f0%9f%8c%b8-pendant-foxglove-original-hand-painted-jewelry\\\/\",\"name\":\"\ud83c\udf38 Pendant Foxglove \u2013 (ORIGINAL) Hand-Painted Jewelry | Dae Nir\",\"isPartOf\":{\"@id\":\"https:\\\/\\\/daenir.art\\\/#website\"},\"primaryImageOfPage\":{\"@id\":\"https:\\\/\\\/daenir.art\\\/produkt\\\/%f0%9f%8c%b8-pendant-foxglove-original-hand-painted-jewelry\\\/#primaryimage\"},\"image\":{\"@id\":\"https:\\\/\\\/daenir.art\\\/produkt\\\/%f0%9f%8c%b8-pendant-foxglove-original-hand-painted-jewelry\\\/#primaryimage\"},\"thumbnailUrl\":\"https:\\\/\\\/i0.wp.com\\\/daenir.art\\\/wp-content\\\/uploads\\\/2024\\\/11\\\/IMG_1925-copy.jpg?fit=2000%2C2000&ssl=1\",\"datePublished\":\"2025-02-23T19:56:47+00:00\",\"dateModified\":\"2025-03-03T20:23:22+00:00\",\"breadcrumb\":{\"@id\":\"https:\\\/\\\/daenir.art\\\/produkt\\\/%f0%9f%8c%b8-pendant-foxglove-original-hand-painted-jewelry\\\/#breadcrumb\"},\"inLanguage\":\"cs\",\"potentialAction\":[{\"@type\":\"ReadAction\",\"target\":[\"https:\\\/\\\/daenir.art\\\/produkt\\\/%f0%9f%8c%b8-pendant-foxglove-original-hand-painted-jewelry\\\/\"]}]},{\"@type\":\"ImageObject\",\"inLanguage\":\"cs\",\"@id\":\"https:\\\/\\\/daenir.art\\\/produkt\\\/%f0%9f%8c%b8-pendant-foxglove-original-hand-painted-jewelry\\\/#primaryimage\",\"url\":\"https:\\\/\\\/i0.wp.com\\\/daenir.art\\\/wp-content\\\/uploads\\\/2024\\\/11\\\/IMG_1925-copy.jpg?fit=2000%2C2000&ssl=1\",\"contentUrl\":\"https:\\\/\\\/i0.wp.com\\\/daenir.art\\\/wp-content\\\/uploads\\\/2024\\\/11\\\/IMG_1925-copy.jpg?fit=2000%2C2000&ssl=1\",\"width\":2000,\"height\":2000},{\"@type\":\"BreadcrumbList\",\"@id\":\"https:\\\/\\\/daenir.art\\\/produkt\\\/%f0%9f%8c%b8-pendant-foxglove-original-hand-painted-jewelry\\\/#breadcrumb\",\"itemListElement\":[{\"@type\":\"ListItem\",\"position\":1,\"name\":\"Home\",\"item\":\"https:\\\/\\\/daenir.art\\\/\"},{\"@type\":\"ListItem\",\"position\":2,\"name\":\"Shop\",\"item\":\"https:\\\/\\\/daenir.art\\\/shop\\\/\"},{\"@type\":\"ListItem\",\"position\":3,\"name\":\"\ud83c\udf38 Pendant Foxglove \u2013 (ORIGINAL) Hand-Painted Jewelry\"}]},{\"@type\":\"WebSite\",\"@id\":\"https:\\\/\\\/daenir.art\\\/#website\",\"url\":\"https:\\\/\\\/daenir.art\\\/\",\"name\":\"Dae Nir Art\",\"description\":\"Mystical Art from a Darker Realm\",\"publisher\":{\"@id\":\"https:\\\/\\\/daenir.art\\\/#\\\/schema\\\/person\\\/20dd059b78448af6362377a99976bfb8\"},\"alternateName\":\"Dae Nir \u2013 Dark & Enchanting Art\",\"potentialAction\":[{\"@type\":\"SearchAction\",\"target\":{\"@type\":\"EntryPoint\",\"urlTemplate\":\"https:\\\/\\\/daenir.art\\\/?s={search_term_string}\"},\"query-input\":{\"@type\":\"PropertyValueSpecification\",\"valueRequired\":true,\"valueName\":\"search_term_string\"}}],\"inLanguage\":\"cs\"},{\"@type\":[\"Person\",\"Organization\"],\"@id\":\"https:\\\/\\\/daenir.art\\\/#\\\/schema\\\/person\\\/20dd059b78448af6362377a99976bfb8\",\"name\":\"Daenir\",\"image\":{\"@type\":\"ImageObject\",\"inLanguage\":\"cs\",\"@id\":\"https:\\\/\\\/i0.wp.com\\\/daenir.art\\\/wp-content\\\/uploads\\\/2021\\\/03\\\/logo-1.png?fit=655%2C594&ssl=1\",\"url\":\"https:\\\/\\\/i0.wp.com\\\/daenir.art\\\/wp-content\\\/uploads\\\/2021\\\/03\\\/logo-1.png?fit=655%2C594&ssl=1\",\"contentUrl\":\"https:\\\/\\\/i0.wp.com\\\/daenir.art\\\/wp-content\\\/uploads\\\/2021\\\/03\\\/logo-1.png?fit=655%2C594&ssl=1\",\"width\":655,\"height\":594,\"caption\":\"Daenir\"},\"logo\":{\"@id\":\"https:\\\/\\\/i0.wp.com\\\/daenir.art\\\/wp-content\\\/uploads\\\/2021\\\/03\\\/logo-1.png?fit=655%2C594&ssl=1\"},\"sameAs\":[\"https:\\\/\\\/daenir.art\\\/\"]}]}<\/script>\n<!-- \/ Yoast SEO plugin. -->","yoast_head_json":{"title":"\ud83c\udf38 Pendant Foxglove \u2013 (ORIGINAL) Hand-Painted Jewelry | Dae Nir","robots":{"index":"index","follow":"follow","max-snippet":"max-snippet:-1","max-image-preview":"max-image-preview:large","max-video-preview":"max-video-preview:-1"},"canonical":"https:\/\/daenir.art\/cs\/produkt\/\ud83c\udf38-pendant-foxglove-original-hand-painted-jewelry\/","og_locale":"cs_CZ","og_type":"article","og_title":"\ud83c\udf38 Pendant Foxglove \u2013 (ORIGINAL) Hand-Painted Jewelry | Dae Nir","og_description":"(Only one available!) A unique, hand-painted pendant featuring my original foxglove artwork\u2014perfect for nature lovers and those enchanted by botanical elegance. \u2726 One-of-a-kind original artwork \u2013 painted by hand, sealed under glass. \u2726 Stainless steel setting \u2013 durable, hypoallergenic, and timeless.\u2726 Includes a chain \u2013 44.5 cm stainless steel with a secure clasp.\u2726 Size: approx.&hellip;&nbsp;\u010c\u00edst d\u00e1le &raquo;\ud83c\udf38 Pendant Foxglove \u2013 (ORIGINAL) Hand-Painted Jewelry","og_url":"https:\/\/daenir.art\/cs\/produkt\/\ud83c\udf38-pendant-foxglove-original-hand-painted-jewelry\/","og_site_name":"Dae Nir","article_modified_time":"2025-03-03T20:23:22+00:00","og_image":[{"width":1024,"height":1024,"url":"https:\/\/daenir.art\/wp-content\/uploads\/2024\/11\/IMG_1925-copy-1024x1024.jpg","type":"image\/jpeg"}],"twitter_card":"summary_large_image","twitter_misc":{"Odhadovan\u00e1 doba \u010dten\u00ed":"1 minuta"},"schema":{"@context":"https:\/\/schema.org","@graph":[{"@type":"WebPage","@id":"https:\/\/daenir.art\/produkt\/%f0%9f%8c%b8-pendant-foxglove-original-hand-painted-jewelry\/","url":"https:\/\/daenir.art\/produkt\/%f0%9f%8c%b8-pendant-foxglove-original-hand-painted-jewelry\/","name":"\ud83c\udf38 Pendant Foxglove \u2013 (ORIGINAL) Hand-Painted Jewelry | Dae Nir","isPartOf":{"@id":"https:\/\/daenir.art\/#website"},"primaryImageOfPage":{"@id":"https:\/\/daenir.art\/produkt\/%f0%9f%8c%b8-pendant-foxglove-original-hand-painted-jewelry\/#primaryimage"},"image":{"@id":"https:\/\/daenir.art\/produkt\/%f0%9f%8c%b8-pendant-foxglove-original-hand-painted-jewelry\/#primaryimage"},"thumbnailUrl":"https:\/\/i0.wp.com\/daenir.art\/wp-content\/uploads\/2024\/11\/IMG_1925-copy.jpg?fit=2000%2C2000&ssl=1","datePublished":"2025-02-23T19:56:47+00:00","dateModified":"2025-03-03T20:23:22+00:00","breadcrumb":{"@id":"https:\/\/daenir.art\/produkt\/%f0%9f%8c%b8-pendant-foxglove-original-hand-painted-jewelry\/#breadcrumb"},"inLanguage":"cs","potentialAction":[{"@type":"ReadAction","target":["https:\/\/daenir.art\/produkt\/%f0%9f%8c%b8-pendant-foxglove-original-hand-painted-jewelry\/"]}]},{"@type":"ImageObject","inLanguage":"cs","@id":"https:\/\/daenir.art\/produkt\/%f0%9f%8c%b8-pendant-foxglove-original-hand-painted-jewelry\/#primaryimage","url":"https:\/\/i0.wp.com\/daenir.art\/wp-content\/uploads\/2024\/11\/IMG_1925-copy.jpg?fit=2000%2C2000&ssl=1","contentUrl":"https:\/\/i0.wp.com\/daenir.art\/wp-content\/uploads\/2024\/11\/IMG_1925-copy.jpg?fit=2000%2C2000&ssl=1","width":2000,"height":2000},{"@type":"BreadcrumbList","@id":"https:\/\/daenir.art\/produkt\/%f0%9f%8c%b8-pendant-foxglove-original-hand-painted-jewelry\/#breadcrumb","itemListElement":[{"@type":"ListItem","position":1,"name":"Home","item":"https:\/\/daenir.art\/"},{"@type":"ListItem","position":2,"name":"Shop","item":"https:\/\/daenir.art\/shop\/"},{"@type":"ListItem","position":3,"name":"\ud83c\udf38 Pendant Foxglove \u2013 (ORIGINAL) Hand-Painted Jewelry"}]},{"@type":"WebSite","@id":"https:\/\/daenir.art\/#website","url":"https:\/\/daenir.art\/","name":"Dae Nir Art","description":"Mystical Art from a Darker Realm","publisher":{"@id":"https:\/\/daenir.art\/#\/schema\/person\/20dd059b78448af6362377a99976bfb8"},"alternateName":"Dae Nir \u2013 Dark & Enchanting Art","potentialAction":[{"@type":"SearchAction","target":{"@type":"EntryPoint","urlTemplate":"https:\/\/daenir.art\/?s={search_term_string}"},"query-input":{"@type":"PropertyValueSpecification","valueRequired":true,"valueName":"search_term_string"}}],"inLanguage":"cs"},{"@type":["Person","Organization"],"@id":"https:\/\/daenir.art\/#\/schema\/person\/20dd059b78448af6362377a99976bfb8","name":"Daenir","image":{"@type":"ImageObject","inLanguage":"cs","@id":"https:\/\/i0.wp.com\/daenir.art\/wp-content\/uploads\/2021\/03\/logo-1.png?fit=655%2C594&ssl=1","url":"https:\/\/i0.wp.com\/daenir.art\/wp-content\/uploads\/2021\/03\/logo-1.png?fit=655%2C594&ssl=1","contentUrl":"https:\/\/i0.wp.com\/daenir.art\/wp-content\/uploads\/2021\/03\/logo-1.png?fit=655%2C594&ssl=1","width":655,"height":594,"caption":"Daenir"},"logo":{"@id":"https:\/\/i0.wp.com\/daenir.art\/wp-content\/uploads\/2021\/03\/logo-1.png?fit=655%2C594&ssl=1"},"sameAs":["https:\/\/daenir.art\/"]}]}},"jetpack_sharing_enabled":true,"_links":{"self":[{"href":"https:\/\/daenir.art\/cs\/wp-json\/wp\/v2\/product\/3554","targetHints":{"allow":["GET"]}}],"collection":[{"href":"https:\/\/daenir.art\/cs\/wp-json\/wp\/v2\/product"}],"about":[{"href":"https:\/\/daenir.art\/cs\/wp-json\/wp\/v2\/types\/product"}],"wp:featuredmedia":[{"embeddable":true,"href":"https:\/\/daenir.art\/cs\/wp-json\/wp\/v2\/media\/3412"}],"wp:attachment":[{"href":"https:\/\/daenir.art\/cs\/wp-json\/wp\/v2\/media?parent=3554"}],"wp:term":[{"taxonomy":"product_brand","embeddable":true,"href":"https:\/\/daenir.art\/cs\/wp-json\/wp\/v2\/product_brand?post=3554"},{"taxonomy":"product_cat","embeddable":true,"href":"https:\/\/daenir.art\/cs\/wp-json\/wp\/v2\/product_cat?post=3554"},{"taxonomy":"product_tag","embeddable":true,"href":"https:\/\/daenir.art\/cs\/wp-json\/wp\/v2\/product_tag?post=3554"}],"curies":[{"name":"wp","href":"https:\/\/api.w.org\/{rel}","templated":true}]}}