{"id":3738,"date":"2025-06-20T15:42:08","date_gmt":"2025-06-20T13:42:08","guid":{"rendered":"https:\/\/daenir.art\/?post_type=product&#038;p=3738"},"modified":"2025-11-12T10:31:29","modified_gmt":"2025-11-12T09:31:29","slug":"cut-out-butterflies","status":"publish","type":"product","link":"https:\/\/daenir.art\/cs\/produkt\/cut-out-butterflies\/","title":{"rendered":"Sada vy\u0159ez\u00e1van\u00fdch \u010desk\u00fdch mot\u00fdl\u016f"},"content":{"rendered":"<h3 data-start=\"509\" data-end=\"529\">\u2726 Z\u00c1KLADN\u00cd INFORMACE \u2726<\/h3>\n<p data-start=\"530\" data-end=\"903\">Sada <strong data-start=\"547\" data-end=\"577\">10 \u010desk\u00fdch mot\u00fdl\u016f<\/strong> vy\u0159ezan\u00fdch z pap\u00edru \u2013 ide\u00e1ln\u00ed pro kouzelnou v\u00fdzdobu va\u0161eho prostoru.<br data-start=\"629\" data-end=\"632\" \/>Jsou vyti\u0161t\u011bni na <strong data-start=\"652\" data-end=\"676\">matn\u00e9m pap\u00ed\u0159e 250 g\/m\u00b2<\/strong> a p\u0159esn\u011b vy\u0159ez\u00e1ni podle jemn\u00fdch k\u0159ivek k\u0159\u00eddel.<br data-start=\"729\" data-end=\"732\" \/>Obdr\u017e\u00edte je <strong data-start=\"754\" data-end=\"783\">naplocho a bez lep\u00edc\u00ed p\u00e1sky<\/strong>, tak\u017ee si m\u016f\u017eete zvolit zp\u016fsob i m\u00edsto, kam je um\u00edstit.<br data-start=\"839\" data-end=\"842\" \/>\u017d\u00e1dn\u00e9 p\u0159ehyby ani zalomen\u00ed \u2013 jsou p\u0159ipraveni k okam\u017eit\u00e9mu pou\u017eit\u00ed.<\/p>\n<hr data-start=\"905\" data-end=\"908\" \/>\n<h3 data-start=\"910\" data-end=\"929\">\u2726 IDE\u00c1LN\u00cd PRO \u2726<\/h3>\n<p data-start=\"930\" data-end=\"1103\">Perfektn\u00ed k dekoraci <strong data-start=\"953\" data-end=\"991\">lo\u017enic, knihoven, tv\u016fr\u010d\u00edch koutk\u016f<\/strong>nebo i <strong data-start=\"1001\" data-end=\"1011\">olt\u00e1\u0159\u016f<\/strong>.<br data-start=\"1012\" data-end=\"1015\" \/>Pokud milujete p\u0159\u00edrodu, fantazii nebo snov\u00e9 interi\u00e9ry, tihle mot\u00fdli v\u00e1m padnou do noty.<\/p>\n<hr data-start=\"1105\" data-end=\"1108\" \/>\n<h3 data-start=\"1110\" data-end=\"1135\">\u2726 VELIKOST A BARVY \u2726<\/h3>\n<p data-start=\"1136\" data-end=\"1316\">\u2022 Velikosti se pohybuj\u00ed mezi <strong data-start=\"1155\" data-end=\"1171\">5 a\u017e 9 cm<\/strong>.<br data-start=\"1172\" data-end=\"1175\" \/>\u2022 Ka\u017ed\u00fd mot\u00fdl je inspirov\u00e1n <strong data-start=\"1228\" data-end=\"1244\">skute\u010dn\u00fdm druhem z \u010desk\u00e9 p\u0159\u00edrody<\/strong>.<br data-start=\"1245\" data-end=\"1248\" \/>\u2022 Upozorn\u011bn\u00ed: barvy se mohou m\u00edrn\u011b li\u0161it podle nastaven\u00ed va\u0161eho monitoru.<\/p>\n<hr data-start=\"1318\" data-end=\"1321\" \/>\n<h3 data-start=\"1323\" data-end=\"1355\">\u2726 BONUS KE KA\u017dD\u00c9 OBJEDN\u00c1VCE \u2726<\/h3>\n<p data-start=\"1356\" data-end=\"1565\">V ka\u017ed\u00e9m bal\u00ed\u010dku najdete:<br data-start=\"1378\" data-end=\"1381\" \/>\u2022 <strong data-start=\"1385\" data-end=\"1397\">Slevov\u00fd k\u00f3d<\/strong> na dal\u0161\u00ed n\u00e1kup<br data-start=\"1417\" data-end=\"1420\" \/>\u2022 N\u00e1hodn\u00e9 p\u0159ekvapen\u00ed \u2013 nap\u0159\u00edklad <strong data-start=\"1454\" data-end=\"1491\">pohlednici, z\u00e1lo\u017eku nebo samolepku<\/strong><br data-start=\"1491\" data-end=\"1494\" \/>\u2022 U objedn\u00e1vek nad <strong data-start=\"1508\" data-end=\"1531\">$20 \/ \u20ac20 \/ 500 K\u010d<\/strong> p\u0159id\u00e1v\u00e1m speci\u00e1ln\u00ed <em data-start=\"1538\" data-end=\"1553\"><strong data-start=\"1539\" data-end=\"1552\">\u0160T\u011aST\u00cd\u010cKO<\/strong><\/em> d\u00e1rek!<\/p>\n<hr data-start=\"1567\" data-end=\"1570\" \/>\n<h3 data-start=\"1572\" data-end=\"1595\">\u2726 INFORMACE O DORU\u010cEN\u00cd \u2726<\/h3>\n<p data-start=\"1596\" data-end=\"1768\">V\u0161echny z\u00e1silky odes\u00edl\u00e1m s <strong data-start=\"1623\" data-end=\"1642\">sledovac\u00edm \u010d\u00edslem<\/strong>.<br data-start=\"1643\" data-end=\"1646\" \/>Mot\u00fdli jsou bezpe\u010dn\u011b zabalen\u00ed naplocho mezi <strong data-start=\"1703\" data-end=\"1722\">pevn\u00fdmi kartony<\/strong>a vlo\u017een\u00ed do <strong data-start=\"1733\" data-end=\"1765\">bublinkov\u00e9 nebo kartonov\u00e9 ob\u00e1lky<\/strong>.<\/p>\n<p data-start=\"1770\" data-end=\"1871\">Pokud se b\u011bhem doru\u010den\u00ed cokoliv pokaz\u00ed, napi\u0161te mi \u2013 v\u0161e spolu vy\u0159e\u0161\u00edme.<\/p>\n<hr data-start=\"1873\" data-end=\"1876\" \/>\n<h3 data-start=\"1878\" data-end=\"1899\">\u2726 CHCETE D\u00c1T JAKO D\u00c1REK? \u2726<\/h3>\n<p data-start=\"1900\" data-end=\"2014\">Objedn\u00e1vku mohu poslat jako d\u00e1rek.<br data-start=\"1928\" data-end=\"1931\" \/>Sta\u010d\u00ed napsat pozn\u00e1mku k objedn\u00e1vce \u2013 p\u0159ilo\u017e\u00edm <strong data-start=\"1973\" data-end=\"1993\">ru\u010dn\u011b psan\u00fd vzkaz<\/strong> s va\u0161\u00edm textem.<\/p>\n<hr data-start=\"2016\" data-end=\"2019\" \/>\n<h3 data-start=\"2021\" data-end=\"2041\">\u2726 DOTAZY? \u2726<\/h3>\n<p data-start=\"2042\" data-end=\"2128\">R\u00e1da v\u00e1m pomohu!<br data-start=\"2060\" data-end=\"2063\" \/>Napi\u0161te mi na e-mail daenir.art@gmail.com nebo na <strong data-start=\"2093\" data-end=\"2117\">Instagram @deanirart<\/strong> kdykoliv.<\/p>","protected":false},"excerpt":{"rendered":"<p>\u2726 BASIC INFO \u2726 This is a set of 10 Czech butterfly cutouts \u2013 perfect for adding a magical touch to your space.They are printed on 250 g\/m\u00b2 matte paper and precisely cut to match each delicate wing shape.You will receive them flat and without adhesive, so you can decide exactly how and where to&hellip;&nbsp;<a href=\"https:\/\/daenir.art\/cs\/produkt\/cut-out-butterflies\/\" rel=\"bookmark\">\u010c\u00edst d\u00e1le &raquo;<span class=\"screen-reader-text\">Sada vy\u0159ez\u00e1van\u00fdch \u010desk\u00fdch mot\u00fdl\u016f<\/span><\/a><\/p>","protected":false},"featured_media":3743,"template":"","meta":{"neve_meta_sidebar":"","neve_meta_container":"","neve_meta_enable_content_width":"off","neve_meta_content_width":70,"neve_meta_title_alignment":"","neve_meta_author_avatar":"","neve_post_elements_order":"","neve_meta_disable_header":"","neve_meta_disable_footer":"","neve_meta_disable_title":"","_themeisle_gutenberg_block_has_review":false},"product_brand":[],"product_cat":[63,28],"product_tag":[],"class_list":{"0":"post-3738","1":"product","2":"type-product","3":"status-publish","4":"has-post-thumbnail","6":"product_cat-posters","7":"product_cat-all","9":"first","10":"instock","11":"shipping-taxable","12":"purchasable","13":"product-type-simple"},"yoast_head":"<!-- This site is optimized with the Yoast SEO plugin v27.5 - https:\/\/yoast.com\/product\/yoast-seo-wordpress\/ -->\n<title>Czech cut-out butterflies | Dae Nir<\/title>\n<meta name=\"description\" content=\"Set of 10 cut-out butterflies for wall decor. A fairycore-inspired touch of nature for your home. Sizes from 5\u20139 cm. No tape included.\" \/>\n<meta name=\"robots\" content=\"index, follow, max-snippet:-1, max-image-preview:large, max-video-preview:-1\" \/>\n<link rel=\"canonical\" href=\"https:\/\/daenir.art\/cs\/produkt\/cut-out-butterflies\/\" \/>\n<meta property=\"og:locale\" content=\"cs_CZ\" \/>\n<meta property=\"og:type\" content=\"article\" \/>\n<meta property=\"og:title\" content=\"Czech cut-out butterflies | Dae Nir\" \/>\n<meta property=\"og:description\" content=\"Set of 10 cut-out butterflies for wall decor. A fairycore-inspired touch of nature for your home. Sizes from 5\u20139 cm. No tape included.\" \/>\n<meta property=\"og:url\" content=\"https:\/\/daenir.art\/cs\/produkt\/cut-out-butterflies\/\" \/>\n<meta property=\"og:site_name\" content=\"Dae Nir\" \/>\n<meta property=\"article:modified_time\" content=\"2025-11-12T09:31:29+00:00\" \/>\n<meta property=\"og:image\" content=\"https:\/\/daenir.art\/wp-content\/uploads\/2025\/06\/20250620_113739-scaled.jpg\" \/>\n\t<meta property=\"og:image:width\" content=\"2560\" \/>\n\t<meta property=\"og:image:height\" content=\"2560\" \/>\n\t<meta property=\"og:image:type\" content=\"image\/jpeg\" \/>\n<meta name=\"twitter:card\" content=\"summary_large_image\" \/>\n<meta name=\"twitter:label1\" content=\"Odhadovan\u00e1 doba \u010dten\u00ed\" \/>\n\t<meta name=\"twitter:data1\" content=\"2 minuty\" \/>\n<script type=\"application\/ld+json\" class=\"yoast-schema-graph\">{\"@context\":\"https:\\\/\\\/schema.org\",\"@graph\":[{\"@type\":\"WebPage\",\"@id\":\"https:\\\/\\\/daenir.art\\\/produkt\\\/cut-out-butterflies\\\/\",\"url\":\"https:\\\/\\\/daenir.art\\\/produkt\\\/cut-out-butterflies\\\/\",\"name\":\"Czech cut-out butterflies | Dae Nir\",\"isPartOf\":{\"@id\":\"https:\\\/\\\/daenir.art\\\/#website\"},\"primaryImageOfPage\":{\"@id\":\"https:\\\/\\\/daenir.art\\\/produkt\\\/cut-out-butterflies\\\/#primaryimage\"},\"image\":{\"@id\":\"https:\\\/\\\/daenir.art\\\/produkt\\\/cut-out-butterflies\\\/#primaryimage\"},\"thumbnailUrl\":\"https:\\\/\\\/i0.wp.com\\\/daenir.art\\\/wp-content\\\/uploads\\\/2025\\\/06\\\/20250620_113739-scaled.jpg?fit=2560%2C2560&ssl=1\",\"datePublished\":\"2025-06-20T13:42:08+00:00\",\"dateModified\":\"2025-11-12T09:31:29+00:00\",\"description\":\"Set of 10 cut-out butterflies for wall decor. A fairycore-inspired touch of nature for your home. Sizes from 5\u20139 cm. No tape included.\",\"breadcrumb\":{\"@id\":\"https:\\\/\\\/daenir.art\\\/produkt\\\/cut-out-butterflies\\\/#breadcrumb\"},\"inLanguage\":\"cs\",\"potentialAction\":[{\"@type\":\"ReadAction\",\"target\":[\"https:\\\/\\\/daenir.art\\\/produkt\\\/cut-out-butterflies\\\/\"]}]},{\"@type\":\"ImageObject\",\"inLanguage\":\"cs\",\"@id\":\"https:\\\/\\\/daenir.art\\\/produkt\\\/cut-out-butterflies\\\/#primaryimage\",\"url\":\"https:\\\/\\\/i0.wp.com\\\/daenir.art\\\/wp-content\\\/uploads\\\/2025\\\/06\\\/20250620_113739-scaled.jpg?fit=2560%2C2560&ssl=1\",\"contentUrl\":\"https:\\\/\\\/i0.wp.com\\\/daenir.art\\\/wp-content\\\/uploads\\\/2025\\\/06\\\/20250620_113739-scaled.jpg?fit=2560%2C2560&ssl=1\",\"width\":2560,\"height\":2560},{\"@type\":\"BreadcrumbList\",\"@id\":\"https:\\\/\\\/daenir.art\\\/produkt\\\/cut-out-butterflies\\\/#breadcrumb\",\"itemListElement\":[{\"@type\":\"ListItem\",\"position\":1,\"name\":\"Home\",\"item\":\"https:\\\/\\\/daenir.art\\\/\"},{\"@type\":\"ListItem\",\"position\":2,\"name\":\"Shop\",\"item\":\"https:\\\/\\\/daenir.art\\\/shop\\\/\"},{\"@type\":\"ListItem\",\"position\":3,\"name\":\"Czech cut-out butterflies\"}]},{\"@type\":\"WebSite\",\"@id\":\"https:\\\/\\\/daenir.art\\\/#website\",\"url\":\"https:\\\/\\\/daenir.art\\\/\",\"name\":\"Dae Nir Art\",\"description\":\"Mystical Art from a Darker Realm\",\"publisher\":{\"@id\":\"https:\\\/\\\/daenir.art\\\/#\\\/schema\\\/person\\\/20dd059b78448af6362377a99976bfb8\"},\"alternateName\":\"Dae Nir \u2013 Dark & Enchanting Art\",\"potentialAction\":[{\"@type\":\"SearchAction\",\"target\":{\"@type\":\"EntryPoint\",\"urlTemplate\":\"https:\\\/\\\/daenir.art\\\/?s={search_term_string}\"},\"query-input\":{\"@type\":\"PropertyValueSpecification\",\"valueRequired\":true,\"valueName\":\"search_term_string\"}}],\"inLanguage\":\"cs\"},{\"@type\":[\"Person\",\"Organization\"],\"@id\":\"https:\\\/\\\/daenir.art\\\/#\\\/schema\\\/person\\\/20dd059b78448af6362377a99976bfb8\",\"name\":\"Daenir\",\"image\":{\"@type\":\"ImageObject\",\"inLanguage\":\"cs\",\"@id\":\"https:\\\/\\\/i0.wp.com\\\/daenir.art\\\/wp-content\\\/uploads\\\/2021\\\/03\\\/logo-1.png?fit=655%2C594&ssl=1\",\"url\":\"https:\\\/\\\/i0.wp.com\\\/daenir.art\\\/wp-content\\\/uploads\\\/2021\\\/03\\\/logo-1.png?fit=655%2C594&ssl=1\",\"contentUrl\":\"https:\\\/\\\/i0.wp.com\\\/daenir.art\\\/wp-content\\\/uploads\\\/2021\\\/03\\\/logo-1.png?fit=655%2C594&ssl=1\",\"width\":655,\"height\":594,\"caption\":\"Daenir\"},\"logo\":{\"@id\":\"https:\\\/\\\/i0.wp.com\\\/daenir.art\\\/wp-content\\\/uploads\\\/2021\\\/03\\\/logo-1.png?fit=655%2C594&ssl=1\"},\"sameAs\":[\"https:\\\/\\\/daenir.art\\\/\"]}]}<\/script>\n<!-- \/ Yoast SEO plugin. -->","yoast_head_json":{"title":"Czech cut-out butterflies | Dae Nir","description":"Set of 10 cut-out butterflies for wall decor. A fairycore-inspired touch of nature for your home. Sizes from 5\u20139 cm. No tape included.","robots":{"index":"index","follow":"follow","max-snippet":"max-snippet:-1","max-image-preview":"max-image-preview:large","max-video-preview":"max-video-preview:-1"},"canonical":"https:\/\/daenir.art\/cs\/produkt\/cut-out-butterflies\/","og_locale":"cs_CZ","og_type":"article","og_title":"Czech cut-out butterflies | Dae Nir","og_description":"Set of 10 cut-out butterflies for wall decor. A fairycore-inspired touch of nature for your home. Sizes from 5\u20139 cm. No tape included.","og_url":"https:\/\/daenir.art\/cs\/produkt\/cut-out-butterflies\/","og_site_name":"Dae Nir","article_modified_time":"2025-11-12T09:31:29+00:00","og_image":[{"width":2560,"height":2560,"url":"https:\/\/daenir.art\/wp-content\/uploads\/2025\/06\/20250620_113739-scaled.jpg","type":"image\/jpeg"}],"twitter_card":"summary_large_image","twitter_misc":{"Odhadovan\u00e1 doba \u010dten\u00ed":"2 minuty"},"schema":{"@context":"https:\/\/schema.org","@graph":[{"@type":"WebPage","@id":"https:\/\/daenir.art\/produkt\/cut-out-butterflies\/","url":"https:\/\/daenir.art\/produkt\/cut-out-butterflies\/","name":"Czech cut-out butterflies | Dae Nir","isPartOf":{"@id":"https:\/\/daenir.art\/#website"},"primaryImageOfPage":{"@id":"https:\/\/daenir.art\/produkt\/cut-out-butterflies\/#primaryimage"},"image":{"@id":"https:\/\/daenir.art\/produkt\/cut-out-butterflies\/#primaryimage"},"thumbnailUrl":"https:\/\/i0.wp.com\/daenir.art\/wp-content\/uploads\/2025\/06\/20250620_113739-scaled.jpg?fit=2560%2C2560&ssl=1","datePublished":"2025-06-20T13:42:08+00:00","dateModified":"2025-11-12T09:31:29+00:00","description":"Set of 10 cut-out butterflies for wall decor. A fairycore-inspired touch of nature for your home. Sizes from 5\u20139 cm. No tape included.","breadcrumb":{"@id":"https:\/\/daenir.art\/produkt\/cut-out-butterflies\/#breadcrumb"},"inLanguage":"cs","potentialAction":[{"@type":"ReadAction","target":["https:\/\/daenir.art\/produkt\/cut-out-butterflies\/"]}]},{"@type":"ImageObject","inLanguage":"cs","@id":"https:\/\/daenir.art\/produkt\/cut-out-butterflies\/#primaryimage","url":"https:\/\/i0.wp.com\/daenir.art\/wp-content\/uploads\/2025\/06\/20250620_113739-scaled.jpg?fit=2560%2C2560&ssl=1","contentUrl":"https:\/\/i0.wp.com\/daenir.art\/wp-content\/uploads\/2025\/06\/20250620_113739-scaled.jpg?fit=2560%2C2560&ssl=1","width":2560,"height":2560},{"@type":"BreadcrumbList","@id":"https:\/\/daenir.art\/produkt\/cut-out-butterflies\/#breadcrumb","itemListElement":[{"@type":"ListItem","position":1,"name":"Home","item":"https:\/\/daenir.art\/"},{"@type":"ListItem","position":2,"name":"Shop","item":"https:\/\/daenir.art\/shop\/"},{"@type":"ListItem","position":3,"name":"Czech cut-out butterflies"}]},{"@type":"WebSite","@id":"https:\/\/daenir.art\/#website","url":"https:\/\/daenir.art\/","name":"Dae Nir Art","description":"Mystical Art from a Darker Realm","publisher":{"@id":"https:\/\/daenir.art\/#\/schema\/person\/20dd059b78448af6362377a99976bfb8"},"alternateName":"Dae Nir \u2013 Dark & Enchanting Art","potentialAction":[{"@type":"SearchAction","target":{"@type":"EntryPoint","urlTemplate":"https:\/\/daenir.art\/?s={search_term_string}"},"query-input":{"@type":"PropertyValueSpecification","valueRequired":true,"valueName":"search_term_string"}}],"inLanguage":"cs"},{"@type":["Person","Organization"],"@id":"https:\/\/daenir.art\/#\/schema\/person\/20dd059b78448af6362377a99976bfb8","name":"Daenir","image":{"@type":"ImageObject","inLanguage":"cs","@id":"https:\/\/i0.wp.com\/daenir.art\/wp-content\/uploads\/2021\/03\/logo-1.png?fit=655%2C594&ssl=1","url":"https:\/\/i0.wp.com\/daenir.art\/wp-content\/uploads\/2021\/03\/logo-1.png?fit=655%2C594&ssl=1","contentUrl":"https:\/\/i0.wp.com\/daenir.art\/wp-content\/uploads\/2021\/03\/logo-1.png?fit=655%2C594&ssl=1","width":655,"height":594,"caption":"Daenir"},"logo":{"@id":"https:\/\/i0.wp.com\/daenir.art\/wp-content\/uploads\/2021\/03\/logo-1.png?fit=655%2C594&ssl=1"},"sameAs":["https:\/\/daenir.art\/"]}]}},"jetpack_sharing_enabled":true,"_links":{"self":[{"href":"https:\/\/daenir.art\/cs\/wp-json\/wp\/v2\/product\/3738","targetHints":{"allow":["GET"]}}],"collection":[{"href":"https:\/\/daenir.art\/cs\/wp-json\/wp\/v2\/product"}],"about":[{"href":"https:\/\/daenir.art\/cs\/wp-json\/wp\/v2\/types\/product"}],"wp:featuredmedia":[{"embeddable":true,"href":"https:\/\/daenir.art\/cs\/wp-json\/wp\/v2\/media\/3743"}],"wp:attachment":[{"href":"https:\/\/daenir.art\/cs\/wp-json\/wp\/v2\/media?parent=3738"}],"wp:term":[{"taxonomy":"product_brand","embeddable":true,"href":"https:\/\/daenir.art\/cs\/wp-json\/wp\/v2\/product_brand?post=3738"},{"taxonomy":"product_cat","embeddable":true,"href":"https:\/\/daenir.art\/cs\/wp-json\/wp\/v2\/product_cat?post=3738"},{"taxonomy":"product_tag","embeddable":true,"href":"https:\/\/daenir.art\/cs\/wp-json\/wp\/v2\/product_tag?post=3738"}],"curies":[{"name":"wp","href":"https:\/\/api.w.org\/{rel}","templated":true}]}}