{"id":3792,"date":"2025-07-05T10:59:52","date_gmt":"2025-07-05T08:59:52","guid":{"rendered":"https:\/\/daenir.art\/?post_type=product&#038;p=3792"},"modified":"2025-07-06T21:45:18","modified_gmt":"2025-07-06T19:45:18","slug":"slavic-mythology-postcard-water-nymph","status":"publish","type":"product","link":"https:\/\/daenir.art\/cs\/produkt\/slavic-mythology-postcard-water-nymph\/","title":{"rendered":"Slovansk\u00e1 mytologie \u2013 pohlednice: Rusalka"},"content":{"rendered":"<p><span style=\"font-weight: 400;\">\u2726<\/span> <strong>Z\u00c1KLADN\u00cd<\/strong> <span style=\"font-weight: 400;\">INFORMACE<\/span><span style=\"font-weight: 400;\">\u00a0<\/span><span style=\"font-weight: 400;\">\u2726<\/span><br \/>\n\u2022 Vysoce kvalitn\u00ed digit\u00e1ln\u00ed tisk na matn\u00fd k\u0159\u00eddov\u00fd pap\u00edr 350 g\/m\u00b2.<br \/>\n\u2022 5 + 1 zdarma! Pokud si objedn\u00e1te 5 pohlednic, m\u016f\u017eete do pozn\u00e1mky napsat motiv \u0161est\u00e9 a dostanete ji zdarma! \ud83d\ude42<\/p>\n<p>\u00b0\u2727\u2726 V ka\u017ed\u00e9 objedn\u00e1vce obdr\u017e\u00edte tak\u00e9 slevu na dal\u0161\u00ed n\u00e1kup, najdete zde tak\u00e9 drobn\u00e9 p\u0159edm\u011bty, jako jsou pohlednice, samolepky, z\u00e1lo\u017eky nebo jin\u00e9 n\u00e1hodn\u011b vybran\u00e9! A v ka\u017ed\u00e9 objedn\u00e1vce nad 20 USD \/ 20 \u20ac \/ 500 K\u010d zas\u00edl\u00e1m !!!LUCKY DIP!!!\u2726\u2727\u00b0<\/p>\n<p>&#8212;<\/p>\n<p><span style=\"font-weight: 400;\">\u2726<\/span> <span style=\"font-weight: 400;\">VELIKOST<\/span> <span style=\"font-weight: 400;\">A<\/span> <span style=\"font-weight: 400;\">BARVY<\/span><span style=\"font-weight: 400;\">\u00a0<\/span><span style=\"font-weight: 400;\">\u2726<\/span><br \/>\n\u2022 A6 pohlednice (10,5\u00d714,8 cm \/ 4.13\u00d75.82 inches)<\/p>\n<p>\u2726 PO\u0160TOVN\u00c9 \u2726<br \/>\n\u2022 Z\u00e1silky zas\u00edl\u00e1m nejrychlej\u0161\u00ed dostupnou po\u0161tou se sledovac\u00edm \u010d\u00edslem, co\u017e zaru\u010duje, \u017ee se va\u0161e objedn\u00e1vka neztrat\u00ed. Pokud se vyskytne jak\u00fdkoli probl\u00e9m se z\u00e1silkou, nev\u00e1hejte m\u011b kontaktovat a spole\u010dn\u011b ho vy\u0159e\u0161\u00edme.<\/p>\n<p>\u2726 DOPRAVA a ZM\u011aNY V OBJEDN\u00c1VCE \u2726<br \/>\n\u2022 V\u0161echny z\u00e1silky jsou zas\u00edl\u00e1ny s \u010d\u00edslem pro sledov\u00e1n\u00ed z\u00e1silky.<br \/>\n\u2022 V\u00fdtisky se zas\u00edlaj\u00ed na plocho s pevn\u00fdm kartonem a v bublinkov\u00e9 ob\u00e1lce nebo v kartonov\u00e9 ob\u00e1lce.<\/p>\n<p>\u2726 OSTATN\u00cd \u2726<br \/>\n\u2022 <strong>Pokud objedn\u00e1vku pos\u00edl\u00e1te jako d\u00e1rek, m\u016f\u017eete p\u0159i objedn\u00e1vce napsat text do pozn\u00e1mky, kterou p\u0159\u00edjemce obdr\u017e\u00ed na ru\u010dn\u011b psan\u00e9 kart\u011b.<\/strong><br \/>\n\u2022 Pokud m\u00e1te n\u011bjak\u00e9 dotazy, kontaktujte m\u011b zde nebo na m\u00e9m Instagramu (@deanirart). \ud83d\ude42<\/p>","protected":false},"excerpt":{"rendered":"<p>\u2726 BASIC \ud835\udc08\ud835\udc0d\ud835\udc05\ud835\udc0e\u00a0\u2726 \u2022 High-quality digital printing on matt coated paper 350 g\/m\u00b2. \u2022 5 + 1 free! If you order 5 postcards, you can write the motif of the sixth in the note and you will get it for free! \ud83d\ude42 \u00b0\u2727\u2726 In each order, you will also receive a discount on your next&hellip;&nbsp;<a href=\"https:\/\/daenir.art\/cs\/produkt\/slavic-mythology-postcard-water-nymph\/\" rel=\"bookmark\">\u010c\u00edst d\u00e1le &raquo;<span class=\"screen-reader-text\">Slovansk\u00e1 mytologie \u2013 pohlednice: Rusalka<\/span><\/a><\/p>","protected":false},"featured_media":3791,"template":"","meta":{"neve_meta_sidebar":"","neve_meta_container":"","neve_meta_enable_content_width":"off","neve_meta_content_width":70,"neve_meta_title_alignment":"","neve_meta_author_avatar":"","neve_post_elements_order":"","neve_meta_disable_header":"","neve_meta_disable_footer":"","neve_meta_disable_title":"","_themeisle_gutenberg_block_has_review":false},"product_brand":[],"product_cat":[30,58,28],"product_tag":[],"class_list":{"0":"post-3792","1":"product","2":"type-product","3":"status-publish","4":"has-post-thumbnail","6":"product_cat-slavic-mythology","7":"product_cat-postcards","8":"product_cat-all","10":"first","11":"instock","12":"shipping-taxable","13":"purchasable","14":"product-type-simple"},"yoast_head":"<!-- This site is optimized with the Yoast SEO plugin v27.5 - https:\/\/yoast.com\/product\/yoast-seo-wordpress\/ -->\n<title>Slavic Mythology \u2013 Postcard: Water Nymph | Dae Nir<\/title>\n<meta name=\"robots\" content=\"index, follow, max-snippet:-1, max-image-preview:large, max-video-preview:-1\" \/>\n<link rel=\"canonical\" href=\"https:\/\/daenir.art\/cs\/produkt\/slavic-mythology-postcard-water-nymph\/\" \/>\n<meta property=\"og:locale\" content=\"cs_CZ\" \/>\n<meta property=\"og:type\" content=\"article\" \/>\n<meta property=\"og:title\" content=\"Slavic Mythology \u2013 Postcard: Water Nymph | Dae Nir\" \/>\n<meta property=\"og:description\" content=\"\u2726 BASIC \ud835\udc08\ud835\udc0d\ud835\udc05\ud835\udc0e\u00a0\u2726 \u2022 High-quality digital printing on matt coated paper 350 g\/m\u00b2. \u2022 5 + 1 free! If you order 5 postcards, you can write the motif of the sixth in the note and you will get it for free! \ud83d\ude42 \u00b0\u2727\u2726 In each order, you will also receive a discount on your next&hellip;&nbsp;\u010c\u00edst d\u00e1le &raquo;Slavic Mythology \u2013 Postcard: Water Nymph\" \/>\n<meta property=\"og:url\" content=\"https:\/\/daenir.art\/cs\/produkt\/slavic-mythology-postcard-water-nymph\/\" \/>\n<meta property=\"og:site_name\" content=\"Dae Nir\" \/>\n<meta property=\"article:modified_time\" content=\"2025-07-06T19:45:18+00:00\" \/>\n<meta property=\"og:image\" content=\"https:\/\/daenir.art\/wp-content\/uploads\/2025\/07\/etsy_nalepky_mockup_0018-1024x1024.jpg\" \/>\n\t<meta property=\"og:image:width\" content=\"1024\" \/>\n\t<meta property=\"og:image:height\" content=\"1024\" \/>\n\t<meta property=\"og:image:type\" content=\"image\/jpeg\" \/>\n<meta name=\"twitter:card\" content=\"summary_large_image\" \/>\n<meta name=\"twitter:label1\" content=\"Odhadovan\u00e1 doba \u010dten\u00ed\" \/>\n\t<meta name=\"twitter:data1\" content=\"2 minuty\" \/>\n<script type=\"application\/ld+json\" class=\"yoast-schema-graph\">{\"@context\":\"https:\\\/\\\/schema.org\",\"@graph\":[{\"@type\":\"WebPage\",\"@id\":\"https:\\\/\\\/daenir.art\\\/produkt\\\/slavic-mythology-postcard-water-nymph\\\/\",\"url\":\"https:\\\/\\\/daenir.art\\\/produkt\\\/slavic-mythology-postcard-water-nymph\\\/\",\"name\":\"Slavic Mythology \u2013 Postcard: Water Nymph | Dae Nir\",\"isPartOf\":{\"@id\":\"https:\\\/\\\/daenir.art\\\/#website\"},\"primaryImageOfPage\":{\"@id\":\"https:\\\/\\\/daenir.art\\\/produkt\\\/slavic-mythology-postcard-water-nymph\\\/#primaryimage\"},\"image\":{\"@id\":\"https:\\\/\\\/daenir.art\\\/produkt\\\/slavic-mythology-postcard-water-nymph\\\/#primaryimage\"},\"thumbnailUrl\":\"https:\\\/\\\/i0.wp.com\\\/daenir.art\\\/wp-content\\\/uploads\\\/2025\\\/07\\\/etsy_nalepky_mockup_0018.jpg?fit=2000%2C2000&ssl=1\",\"datePublished\":\"2025-07-05T08:59:52+00:00\",\"dateModified\":\"2025-07-06T19:45:18+00:00\",\"breadcrumb\":{\"@id\":\"https:\\\/\\\/daenir.art\\\/produkt\\\/slavic-mythology-postcard-water-nymph\\\/#breadcrumb\"},\"inLanguage\":\"cs\",\"potentialAction\":[{\"@type\":\"ReadAction\",\"target\":[\"https:\\\/\\\/daenir.art\\\/produkt\\\/slavic-mythology-postcard-water-nymph\\\/\"]}]},{\"@type\":\"ImageObject\",\"inLanguage\":\"cs\",\"@id\":\"https:\\\/\\\/daenir.art\\\/produkt\\\/slavic-mythology-postcard-water-nymph\\\/#primaryimage\",\"url\":\"https:\\\/\\\/i0.wp.com\\\/daenir.art\\\/wp-content\\\/uploads\\\/2025\\\/07\\\/etsy_nalepky_mockup_0018.jpg?fit=2000%2C2000&ssl=1\",\"contentUrl\":\"https:\\\/\\\/i0.wp.com\\\/daenir.art\\\/wp-content\\\/uploads\\\/2025\\\/07\\\/etsy_nalepky_mockup_0018.jpg?fit=2000%2C2000&ssl=1\",\"width\":2000,\"height\":2000},{\"@type\":\"BreadcrumbList\",\"@id\":\"https:\\\/\\\/daenir.art\\\/produkt\\\/slavic-mythology-postcard-water-nymph\\\/#breadcrumb\",\"itemListElement\":[{\"@type\":\"ListItem\",\"position\":1,\"name\":\"Home\",\"item\":\"https:\\\/\\\/daenir.art\\\/\"},{\"@type\":\"ListItem\",\"position\":2,\"name\":\"Shop\",\"item\":\"https:\\\/\\\/daenir.art\\\/shop\\\/\"},{\"@type\":\"ListItem\",\"position\":3,\"name\":\"Slavic Mythology \u2013 Postcard: Water Nymph\"}]},{\"@type\":\"WebSite\",\"@id\":\"https:\\\/\\\/daenir.art\\\/#website\",\"url\":\"https:\\\/\\\/daenir.art\\\/\",\"name\":\"Dae Nir Art\",\"description\":\"Mystical Art from a Darker Realm\",\"publisher\":{\"@id\":\"https:\\\/\\\/daenir.art\\\/#\\\/schema\\\/person\\\/20dd059b78448af6362377a99976bfb8\"},\"alternateName\":\"Dae Nir \u2013 Dark & Enchanting Art\",\"potentialAction\":[{\"@type\":\"SearchAction\",\"target\":{\"@type\":\"EntryPoint\",\"urlTemplate\":\"https:\\\/\\\/daenir.art\\\/?s={search_term_string}\"},\"query-input\":{\"@type\":\"PropertyValueSpecification\",\"valueRequired\":true,\"valueName\":\"search_term_string\"}}],\"inLanguage\":\"cs\"},{\"@type\":[\"Person\",\"Organization\"],\"@id\":\"https:\\\/\\\/daenir.art\\\/#\\\/schema\\\/person\\\/20dd059b78448af6362377a99976bfb8\",\"name\":\"Daenir\",\"image\":{\"@type\":\"ImageObject\",\"inLanguage\":\"cs\",\"@id\":\"https:\\\/\\\/i0.wp.com\\\/daenir.art\\\/wp-content\\\/uploads\\\/2021\\\/03\\\/logo-1.png?fit=655%2C594&ssl=1\",\"url\":\"https:\\\/\\\/i0.wp.com\\\/daenir.art\\\/wp-content\\\/uploads\\\/2021\\\/03\\\/logo-1.png?fit=655%2C594&ssl=1\",\"contentUrl\":\"https:\\\/\\\/i0.wp.com\\\/daenir.art\\\/wp-content\\\/uploads\\\/2021\\\/03\\\/logo-1.png?fit=655%2C594&ssl=1\",\"width\":655,\"height\":594,\"caption\":\"Daenir\"},\"logo\":{\"@id\":\"https:\\\/\\\/i0.wp.com\\\/daenir.art\\\/wp-content\\\/uploads\\\/2021\\\/03\\\/logo-1.png?fit=655%2C594&ssl=1\"},\"sameAs\":[\"https:\\\/\\\/daenir.art\\\/\"]}]}<\/script>\n<!-- \/ Yoast SEO plugin. -->","yoast_head_json":{"title":"Slavic Mythology \u2013 Postcard: Water Nymph | Dae Nir","robots":{"index":"index","follow":"follow","max-snippet":"max-snippet:-1","max-image-preview":"max-image-preview:large","max-video-preview":"max-video-preview:-1"},"canonical":"https:\/\/daenir.art\/cs\/produkt\/slavic-mythology-postcard-water-nymph\/","og_locale":"cs_CZ","og_type":"article","og_title":"Slavic Mythology \u2013 Postcard: Water Nymph | Dae Nir","og_description":"\u2726 BASIC \ud835\udc08\ud835\udc0d\ud835\udc05\ud835\udc0e\u00a0\u2726 \u2022 High-quality digital printing on matt coated paper 350 g\/m\u00b2. \u2022 5 + 1 free! If you order 5 postcards, you can write the motif of the sixth in the note and you will get it for free! \ud83d\ude42 \u00b0\u2727\u2726 In each order, you will also receive a discount on your next&hellip;&nbsp;\u010c\u00edst d\u00e1le &raquo;Slavic Mythology \u2013 Postcard: Water Nymph","og_url":"https:\/\/daenir.art\/cs\/produkt\/slavic-mythology-postcard-water-nymph\/","og_site_name":"Dae Nir","article_modified_time":"2025-07-06T19:45:18+00:00","og_image":[{"width":1024,"height":1024,"url":"https:\/\/daenir.art\/wp-content\/uploads\/2025\/07\/etsy_nalepky_mockup_0018-1024x1024.jpg","type":"image\/jpeg"}],"twitter_card":"summary_large_image","twitter_misc":{"Odhadovan\u00e1 doba \u010dten\u00ed":"2 minuty"},"schema":{"@context":"https:\/\/schema.org","@graph":[{"@type":"WebPage","@id":"https:\/\/daenir.art\/produkt\/slavic-mythology-postcard-water-nymph\/","url":"https:\/\/daenir.art\/produkt\/slavic-mythology-postcard-water-nymph\/","name":"Slavic Mythology \u2013 Postcard: Water Nymph | Dae Nir","isPartOf":{"@id":"https:\/\/daenir.art\/#website"},"primaryImageOfPage":{"@id":"https:\/\/daenir.art\/produkt\/slavic-mythology-postcard-water-nymph\/#primaryimage"},"image":{"@id":"https:\/\/daenir.art\/produkt\/slavic-mythology-postcard-water-nymph\/#primaryimage"},"thumbnailUrl":"https:\/\/i0.wp.com\/daenir.art\/wp-content\/uploads\/2025\/07\/etsy_nalepky_mockup_0018.jpg?fit=2000%2C2000&ssl=1","datePublished":"2025-07-05T08:59:52+00:00","dateModified":"2025-07-06T19:45:18+00:00","breadcrumb":{"@id":"https:\/\/daenir.art\/produkt\/slavic-mythology-postcard-water-nymph\/#breadcrumb"},"inLanguage":"cs","potentialAction":[{"@type":"ReadAction","target":["https:\/\/daenir.art\/produkt\/slavic-mythology-postcard-water-nymph\/"]}]},{"@type":"ImageObject","inLanguage":"cs","@id":"https:\/\/daenir.art\/produkt\/slavic-mythology-postcard-water-nymph\/#primaryimage","url":"https:\/\/i0.wp.com\/daenir.art\/wp-content\/uploads\/2025\/07\/etsy_nalepky_mockup_0018.jpg?fit=2000%2C2000&ssl=1","contentUrl":"https:\/\/i0.wp.com\/daenir.art\/wp-content\/uploads\/2025\/07\/etsy_nalepky_mockup_0018.jpg?fit=2000%2C2000&ssl=1","width":2000,"height":2000},{"@type":"BreadcrumbList","@id":"https:\/\/daenir.art\/produkt\/slavic-mythology-postcard-water-nymph\/#breadcrumb","itemListElement":[{"@type":"ListItem","position":1,"name":"Home","item":"https:\/\/daenir.art\/"},{"@type":"ListItem","position":2,"name":"Shop","item":"https:\/\/daenir.art\/shop\/"},{"@type":"ListItem","position":3,"name":"Slavic Mythology \u2013 Postcard: Water Nymph"}]},{"@type":"WebSite","@id":"https:\/\/daenir.art\/#website","url":"https:\/\/daenir.art\/","name":"Dae Nir Art","description":"Mystical Art from a Darker Realm","publisher":{"@id":"https:\/\/daenir.art\/#\/schema\/person\/20dd059b78448af6362377a99976bfb8"},"alternateName":"Dae Nir \u2013 Dark & Enchanting Art","potentialAction":[{"@type":"SearchAction","target":{"@type":"EntryPoint","urlTemplate":"https:\/\/daenir.art\/?s={search_term_string}"},"query-input":{"@type":"PropertyValueSpecification","valueRequired":true,"valueName":"search_term_string"}}],"inLanguage":"cs"},{"@type":["Person","Organization"],"@id":"https:\/\/daenir.art\/#\/schema\/person\/20dd059b78448af6362377a99976bfb8","name":"Daenir","image":{"@type":"ImageObject","inLanguage":"cs","@id":"https:\/\/i0.wp.com\/daenir.art\/wp-content\/uploads\/2021\/03\/logo-1.png?fit=655%2C594&ssl=1","url":"https:\/\/i0.wp.com\/daenir.art\/wp-content\/uploads\/2021\/03\/logo-1.png?fit=655%2C594&ssl=1","contentUrl":"https:\/\/i0.wp.com\/daenir.art\/wp-content\/uploads\/2021\/03\/logo-1.png?fit=655%2C594&ssl=1","width":655,"height":594,"caption":"Daenir"},"logo":{"@id":"https:\/\/i0.wp.com\/daenir.art\/wp-content\/uploads\/2021\/03\/logo-1.png?fit=655%2C594&ssl=1"},"sameAs":["https:\/\/daenir.art\/"]}]}},"jetpack_sharing_enabled":true,"_links":{"self":[{"href":"https:\/\/daenir.art\/cs\/wp-json\/wp\/v2\/product\/3792","targetHints":{"allow":["GET"]}}],"collection":[{"href":"https:\/\/daenir.art\/cs\/wp-json\/wp\/v2\/product"}],"about":[{"href":"https:\/\/daenir.art\/cs\/wp-json\/wp\/v2\/types\/product"}],"wp:featuredmedia":[{"embeddable":true,"href":"https:\/\/daenir.art\/cs\/wp-json\/wp\/v2\/media\/3791"}],"wp:attachment":[{"href":"https:\/\/daenir.art\/cs\/wp-json\/wp\/v2\/media?parent=3792"}],"wp:term":[{"taxonomy":"product_brand","embeddable":true,"href":"https:\/\/daenir.art\/cs\/wp-json\/wp\/v2\/product_brand?post=3792"},{"taxonomy":"product_cat","embeddable":true,"href":"https:\/\/daenir.art\/cs\/wp-json\/wp\/v2\/product_cat?post=3792"},{"taxonomy":"product_tag","embeddable":true,"href":"https:\/\/daenir.art\/cs\/wp-json\/wp\/v2\/product_tag?post=3792"}],"curies":[{"name":"wp","href":"https:\/\/api.w.org\/{rel}","templated":true}]}}