{"id":3868,"date":"2025-09-26T16:44:08","date_gmt":"2025-09-26T14:44:08","guid":{"rendered":"https:\/\/daenir.art\/?post_type=product&#038;p=3868"},"modified":"2025-11-16T22:56:08","modified_gmt":"2025-11-16T21:56:08","slug":"vampire-bundle","status":"publish","type":"product","link":"https:\/\/daenir.art\/cs\/produkt\/vampire-bundle\/","title":{"rendered":"Up\u00ed\u0159\u00ed bal\u00ed\u010dek"},"content":{"rendered":"<p data-start=\"221\" data-end=\"355\">Vstup do sv\u011bta st\u00edn\u016f a tajemstv\u00ed\u2026 Tento tematick\u00fd bal\u00ed\u010dek je ur\u010den v\u0161em milovn\u00edk\u016fm gotick\u00e9 estetiky, up\u00edr\u016f a hororov\u00e9 romantiky.<\/p>\n<p data-start=\"357\" data-end=\"582\">\ud83c\udfa8 <strong data-start=\"360\" data-end=\"373\">Plak\u00e1t A5<\/strong> \u2013 origin\u00e1ln\u00ed malba up\u00edra a jeho ob\u011bti, kter\u00e1 v sob\u011b nese nap\u011bt\u00ed i k\u0159ehkou kr\u00e1su temnoty. Na zadn\u00ed stran\u011b plak\u00e1tu najde\u0161 vybran\u00fd cit\u00e1t z legend\u00e1rn\u00edho <em data-start=\"545\" data-end=\"554\">Dr\u00e1kuly,<\/em> kter\u00fd atmosf\u00e9ru je\u0161t\u011b umocn\u00ed.<\/p>\n<p data-start=\"584\" data-end=\"694\">\ud83d\udcd6 <strong data-start=\"587\" data-end=\"599\">Z\u00e1lo\u017eka<\/strong> \u2013 design gotick\u00e9ho okna s r\u016f\u017eemi, kter\u00e1 tv\u00fdm knih\u00e1m dod\u00e1 \u0161petku tajemna a elegance.<\/p>\n<p data-start=\"696\" data-end=\"847\">\u2728 <strong data-start=\"698\" data-end=\"725\">Mini sada n\u00e1lepek (A7)<\/strong> \u2013 drobn\u00e9 ilustrace s temn\u011b romantick\u00fdmi motivy, ide\u00e1ln\u00ed na zdoben\u00ed den\u00edku, dopis\u016f \u010di osobn\u00edch poklad\u016f.<\/p>\n<p data-start=\"849\" data-end=\"981\">Bal\u00ed\u010dek je jako stvo\u0159en\u00fd pro ty, kdo r\u00e1di propadaj\u00ed kouzlu noci a cht\u011bj\u00ed si odn\u00e9st mal\u00fd kousek gotick\u00e9 atmosf\u00e9ry dom\u016f.<\/p>","protected":false},"excerpt":{"rendered":"<p>Step into a world of shadows and mystery\u2026 This themed bundle is perfect for lovers of gothic aesthetics, vampires, and dark romance. \ud83c\udfa8 A5 Poster \u2013 an original painting of a vampire with his victim, capturing both tension and the fragile beauty of darkness. On the back, you\u2019ll find a chosen quote from the legendary&hellip;&nbsp;<a href=\"https:\/\/daenir.art\/cs\/produkt\/vampire-bundle\/\" rel=\"bookmark\">\u010c\u00edst d\u00e1le &raquo;<span class=\"screen-reader-text\">Up\u00ed\u0159\u00ed bal\u00ed\u010dek<\/span><\/a><\/p>","protected":false},"featured_media":3870,"template":"","meta":{"neve_meta_sidebar":"","neve_meta_container":"","neve_meta_enable_content_width":"off","neve_meta_content_width":100,"neve_meta_title_alignment":"","neve_meta_author_avatar":"","neve_post_elements_order":"","neve_meta_disable_header":"","neve_meta_disable_footer":"","neve_meta_disable_title":"","_themeisle_gutenberg_block_has_review":false},"product_brand":[],"product_cat":[63,28],"product_tag":[],"class_list":{"0":"post-3868","1":"product","2":"type-product","3":"status-publish","4":"has-post-thumbnail","6":"product_cat-posters","7":"product_cat-all","9":"first","10":"instock","11":"shipping-taxable","12":"purchasable","13":"product-type-simple"},"yoast_head":"<!-- This site is optimized with the Yoast SEO plugin v27.5 - https:\/\/yoast.com\/product\/yoast-seo-wordpress\/ -->\n<title>Vampire Bundle Painting | Dae Nir<\/title>\n<meta name=\"description\" content=\"Discover the Vampire Bundle \u2013 an A5 poster with original vampire artwork and a Dracula quote, a gothic window bookmark with roses, and a mini sticker sheet. A perfect gift for gothic and vampire lovers.\" \/>\n<meta name=\"robots\" content=\"index, follow, max-snippet:-1, max-image-preview:large, max-video-preview:-1\" \/>\n<link rel=\"canonical\" href=\"https:\/\/daenir.art\/cs\/produkt\/vampire-bundle\/\" \/>\n<meta property=\"og:locale\" content=\"cs_CZ\" \/>\n<meta property=\"og:type\" content=\"article\" \/>\n<meta property=\"og:title\" content=\"Vampire Bundle Painting | Dae Nir\" \/>\n<meta property=\"og:description\" content=\"Discover the Vampire Bundle \u2013 an A5 poster with original vampire artwork and a Dracula quote, a gothic window bookmark with roses, and a mini sticker sheet. A perfect gift for gothic and vampire lovers.\" \/>\n<meta property=\"og:url\" content=\"https:\/\/daenir.art\/cs\/produkt\/vampire-bundle\/\" \/>\n<meta property=\"og:site_name\" content=\"Dae Nir\" \/>\n<meta property=\"article:modified_time\" content=\"2025-11-16T21:56:08+00:00\" \/>\n<meta property=\"og:image\" content=\"https:\/\/daenir.art\/wp-content\/uploads\/2025\/09\/IMG_1359-1024x1024.jpg\" \/>\n\t<meta property=\"og:image:width\" content=\"1024\" \/>\n\t<meta property=\"og:image:height\" content=\"1024\" \/>\n\t<meta property=\"og:image:type\" content=\"image\/jpeg\" \/>\n<meta name=\"twitter:card\" content=\"summary_large_image\" \/>\n<meta name=\"twitter:label1\" content=\"Odhadovan\u00e1 doba \u010dten\u00ed\" \/>\n\t<meta name=\"twitter:data1\" content=\"1 minuta\" \/>\n<script type=\"application\/ld+json\" class=\"yoast-schema-graph\">{\"@context\":\"https:\\\/\\\/schema.org\",\"@graph\":[{\"@type\":\"WebPage\",\"@id\":\"https:\\\/\\\/daenir.art\\\/produkt\\\/vampire-bundle\\\/\",\"url\":\"https:\\\/\\\/daenir.art\\\/produkt\\\/vampire-bundle\\\/\",\"name\":\"Vampire Bundle Painting | Dae Nir\",\"isPartOf\":{\"@id\":\"https:\\\/\\\/daenir.art\\\/#website\"},\"primaryImageOfPage\":{\"@id\":\"https:\\\/\\\/daenir.art\\\/produkt\\\/vampire-bundle\\\/#primaryimage\"},\"image\":{\"@id\":\"https:\\\/\\\/daenir.art\\\/produkt\\\/vampire-bundle\\\/#primaryimage\"},\"thumbnailUrl\":\"https:\\\/\\\/i0.wp.com\\\/daenir.art\\\/wp-content\\\/uploads\\\/2025\\\/09\\\/IMG_1359.jpg?fit=1600%2C1600&ssl=1\",\"datePublished\":\"2025-09-26T14:44:08+00:00\",\"dateModified\":\"2025-11-16T21:56:08+00:00\",\"description\":\"Discover the Vampire Bundle \u2013 an A5 poster with original vampire artwork and a Dracula quote, a gothic window bookmark with roses, and a mini sticker sheet. A perfect gift for gothic and vampire lovers.\",\"breadcrumb\":{\"@id\":\"https:\\\/\\\/daenir.art\\\/produkt\\\/vampire-bundle\\\/#breadcrumb\"},\"inLanguage\":\"cs\",\"potentialAction\":[{\"@type\":\"ReadAction\",\"target\":[\"https:\\\/\\\/daenir.art\\\/produkt\\\/vampire-bundle\\\/\"]}]},{\"@type\":\"ImageObject\",\"inLanguage\":\"cs\",\"@id\":\"https:\\\/\\\/daenir.art\\\/produkt\\\/vampire-bundle\\\/#primaryimage\",\"url\":\"https:\\\/\\\/i0.wp.com\\\/daenir.art\\\/wp-content\\\/uploads\\\/2025\\\/09\\\/IMG_1359.jpg?fit=1600%2C1600&ssl=1\",\"contentUrl\":\"https:\\\/\\\/i0.wp.com\\\/daenir.art\\\/wp-content\\\/uploads\\\/2025\\\/09\\\/IMG_1359.jpg?fit=1600%2C1600&ssl=1\",\"width\":1600,\"height\":1600},{\"@type\":\"BreadcrumbList\",\"@id\":\"https:\\\/\\\/daenir.art\\\/produkt\\\/vampire-bundle\\\/#breadcrumb\",\"itemListElement\":[{\"@type\":\"ListItem\",\"position\":1,\"name\":\"Home\",\"item\":\"https:\\\/\\\/daenir.art\\\/\"},{\"@type\":\"ListItem\",\"position\":2,\"name\":\"Shop\",\"item\":\"https:\\\/\\\/daenir.art\\\/shop\\\/\"},{\"@type\":\"ListItem\",\"position\":3,\"name\":\"Vampire Bundle\"}]},{\"@type\":\"WebSite\",\"@id\":\"https:\\\/\\\/daenir.art\\\/#website\",\"url\":\"https:\\\/\\\/daenir.art\\\/\",\"name\":\"Dae Nir Art\",\"description\":\"Mystical Art from a Darker Realm\",\"publisher\":{\"@id\":\"https:\\\/\\\/daenir.art\\\/#\\\/schema\\\/person\\\/20dd059b78448af6362377a99976bfb8\"},\"alternateName\":\"Dae Nir \u2013 Dark & Enchanting Art\",\"potentialAction\":[{\"@type\":\"SearchAction\",\"target\":{\"@type\":\"EntryPoint\",\"urlTemplate\":\"https:\\\/\\\/daenir.art\\\/?s={search_term_string}\"},\"query-input\":{\"@type\":\"PropertyValueSpecification\",\"valueRequired\":true,\"valueName\":\"search_term_string\"}}],\"inLanguage\":\"cs\"},{\"@type\":[\"Person\",\"Organization\"],\"@id\":\"https:\\\/\\\/daenir.art\\\/#\\\/schema\\\/person\\\/20dd059b78448af6362377a99976bfb8\",\"name\":\"Daenir\",\"image\":{\"@type\":\"ImageObject\",\"inLanguage\":\"cs\",\"@id\":\"https:\\\/\\\/i0.wp.com\\\/daenir.art\\\/wp-content\\\/uploads\\\/2021\\\/03\\\/logo-1.png?fit=655%2C594&ssl=1\",\"url\":\"https:\\\/\\\/i0.wp.com\\\/daenir.art\\\/wp-content\\\/uploads\\\/2021\\\/03\\\/logo-1.png?fit=655%2C594&ssl=1\",\"contentUrl\":\"https:\\\/\\\/i0.wp.com\\\/daenir.art\\\/wp-content\\\/uploads\\\/2021\\\/03\\\/logo-1.png?fit=655%2C594&ssl=1\",\"width\":655,\"height\":594,\"caption\":\"Daenir\"},\"logo\":{\"@id\":\"https:\\\/\\\/i0.wp.com\\\/daenir.art\\\/wp-content\\\/uploads\\\/2021\\\/03\\\/logo-1.png?fit=655%2C594&ssl=1\"},\"sameAs\":[\"https:\\\/\\\/daenir.art\\\/\"]}]}<\/script>\n<!-- \/ Yoast SEO plugin. -->","yoast_head_json":{"title":"Vampire Bundle Painting | Dae Nir","description":"Discover the Vampire Bundle \u2013 an A5 poster with original vampire artwork and a Dracula quote, a gothic window bookmark with roses, and a mini sticker sheet. A perfect gift for gothic and vampire lovers.","robots":{"index":"index","follow":"follow","max-snippet":"max-snippet:-1","max-image-preview":"max-image-preview:large","max-video-preview":"max-video-preview:-1"},"canonical":"https:\/\/daenir.art\/cs\/produkt\/vampire-bundle\/","og_locale":"cs_CZ","og_type":"article","og_title":"Vampire Bundle Painting | Dae Nir","og_description":"Discover the Vampire Bundle \u2013 an A5 poster with original vampire artwork and a Dracula quote, a gothic window bookmark with roses, and a mini sticker sheet. A perfect gift for gothic and vampire lovers.","og_url":"https:\/\/daenir.art\/cs\/produkt\/vampire-bundle\/","og_site_name":"Dae Nir","article_modified_time":"2025-11-16T21:56:08+00:00","og_image":[{"width":1024,"height":1024,"url":"https:\/\/daenir.art\/wp-content\/uploads\/2025\/09\/IMG_1359-1024x1024.jpg","type":"image\/jpeg"}],"twitter_card":"summary_large_image","twitter_misc":{"Odhadovan\u00e1 doba \u010dten\u00ed":"1 minuta"},"schema":{"@context":"https:\/\/schema.org","@graph":[{"@type":"WebPage","@id":"https:\/\/daenir.art\/produkt\/vampire-bundle\/","url":"https:\/\/daenir.art\/produkt\/vampire-bundle\/","name":"Vampire Bundle Painting | Dae Nir","isPartOf":{"@id":"https:\/\/daenir.art\/#website"},"primaryImageOfPage":{"@id":"https:\/\/daenir.art\/produkt\/vampire-bundle\/#primaryimage"},"image":{"@id":"https:\/\/daenir.art\/produkt\/vampire-bundle\/#primaryimage"},"thumbnailUrl":"https:\/\/i0.wp.com\/daenir.art\/wp-content\/uploads\/2025\/09\/IMG_1359.jpg?fit=1600%2C1600&ssl=1","datePublished":"2025-09-26T14:44:08+00:00","dateModified":"2025-11-16T21:56:08+00:00","description":"Discover the Vampire Bundle \u2013 an A5 poster with original vampire artwork and a Dracula quote, a gothic window bookmark with roses, and a mini sticker sheet. A perfect gift for gothic and vampire lovers.","breadcrumb":{"@id":"https:\/\/daenir.art\/produkt\/vampire-bundle\/#breadcrumb"},"inLanguage":"cs","potentialAction":[{"@type":"ReadAction","target":["https:\/\/daenir.art\/produkt\/vampire-bundle\/"]}]},{"@type":"ImageObject","inLanguage":"cs","@id":"https:\/\/daenir.art\/produkt\/vampire-bundle\/#primaryimage","url":"https:\/\/i0.wp.com\/daenir.art\/wp-content\/uploads\/2025\/09\/IMG_1359.jpg?fit=1600%2C1600&ssl=1","contentUrl":"https:\/\/i0.wp.com\/daenir.art\/wp-content\/uploads\/2025\/09\/IMG_1359.jpg?fit=1600%2C1600&ssl=1","width":1600,"height":1600},{"@type":"BreadcrumbList","@id":"https:\/\/daenir.art\/produkt\/vampire-bundle\/#breadcrumb","itemListElement":[{"@type":"ListItem","position":1,"name":"Home","item":"https:\/\/daenir.art\/"},{"@type":"ListItem","position":2,"name":"Shop","item":"https:\/\/daenir.art\/shop\/"},{"@type":"ListItem","position":3,"name":"Vampire Bundle"}]},{"@type":"WebSite","@id":"https:\/\/daenir.art\/#website","url":"https:\/\/daenir.art\/","name":"Dae Nir Art","description":"Mystical Art from a Darker Realm","publisher":{"@id":"https:\/\/daenir.art\/#\/schema\/person\/20dd059b78448af6362377a99976bfb8"},"alternateName":"Dae Nir \u2013 Dark & Enchanting Art","potentialAction":[{"@type":"SearchAction","target":{"@type":"EntryPoint","urlTemplate":"https:\/\/daenir.art\/?s={search_term_string}"},"query-input":{"@type":"PropertyValueSpecification","valueRequired":true,"valueName":"search_term_string"}}],"inLanguage":"cs"},{"@type":["Person","Organization"],"@id":"https:\/\/daenir.art\/#\/schema\/person\/20dd059b78448af6362377a99976bfb8","name":"Daenir","image":{"@type":"ImageObject","inLanguage":"cs","@id":"https:\/\/i0.wp.com\/daenir.art\/wp-content\/uploads\/2021\/03\/logo-1.png?fit=655%2C594&ssl=1","url":"https:\/\/i0.wp.com\/daenir.art\/wp-content\/uploads\/2021\/03\/logo-1.png?fit=655%2C594&ssl=1","contentUrl":"https:\/\/i0.wp.com\/daenir.art\/wp-content\/uploads\/2021\/03\/logo-1.png?fit=655%2C594&ssl=1","width":655,"height":594,"caption":"Daenir"},"logo":{"@id":"https:\/\/i0.wp.com\/daenir.art\/wp-content\/uploads\/2021\/03\/logo-1.png?fit=655%2C594&ssl=1"},"sameAs":["https:\/\/daenir.art\/"]}]}},"jetpack_sharing_enabled":true,"_links":{"self":[{"href":"https:\/\/daenir.art\/cs\/wp-json\/wp\/v2\/product\/3868","targetHints":{"allow":["GET"]}}],"collection":[{"href":"https:\/\/daenir.art\/cs\/wp-json\/wp\/v2\/product"}],"about":[{"href":"https:\/\/daenir.art\/cs\/wp-json\/wp\/v2\/types\/product"}],"wp:featuredmedia":[{"embeddable":true,"href":"https:\/\/daenir.art\/cs\/wp-json\/wp\/v2\/media\/3870"}],"wp:attachment":[{"href":"https:\/\/daenir.art\/cs\/wp-json\/wp\/v2\/media?parent=3868"}],"wp:term":[{"taxonomy":"product_brand","embeddable":true,"href":"https:\/\/daenir.art\/cs\/wp-json\/wp\/v2\/product_brand?post=3868"},{"taxonomy":"product_cat","embeddable":true,"href":"https:\/\/daenir.art\/cs\/wp-json\/wp\/v2\/product_cat?post=3868"},{"taxonomy":"product_tag","embeddable":true,"href":"https:\/\/daenir.art\/cs\/wp-json\/wp\/v2\/product_tag?post=3868"}],"curies":[{"name":"wp","href":"https:\/\/api.w.org\/{rel}","templated":true}]}}