{"id":3920,"date":"2025-10-23T16:23:38","date_gmt":"2025-10-23T14:23:38","guid":{"rendered":"https:\/\/daenir.art\/?post_type=product&#038;p=3920"},"modified":"2025-11-02T21:11:13","modified_gmt":"2025-11-02T20:11:13","slug":"night-meadow-a7-notepad","status":"publish","type":"product","link":"https:\/\/daenir.art\/cs\/produkt\/night-meadow-a7-notepad\/","title":{"rendered":"No\u010dn\u00ed louka \u2014 A7 notepad"},"content":{"rendered":"<p>\u2726 Z\u00c1KLADN\u00cd INFORMACE \u2726<br \/>\nKousek no\u010dn\u00edho klidu.<br \/>\nTento A7 blo\u010dek s tmavou kv\u011btinovou ilustrac\u00ed inspirovanou m\u011bs\u00ed\u010dn\u00ed loukou je ide\u00e1ln\u00ed pro tich\u00e9 pozn\u00e1mky, sny i drobn\u00e9 vzkazy.<br \/>\nOfsetov\u00fd pap\u00edr 80 g, 50 odtrh\u00e1vac\u00edch list\u016f.<\/p>\n<p>\u2726 VELIKOST \u2726<br data-start=\"1093\" data-end=\"1096\" \/>\u2022 A7 blo\u010dek \u2013 do kapsy (7,4 \u00d7 10,5 cm)<\/p>\n<p>\u2726 PO\u0160TOVN\u00c9 \u2726<br data-start=\"1241\" data-end=\"1244\" \/>\u2022 V\u0161e je pe\u010dliv\u011b zabaleno, aby rohy z\u016fstaly ostr\u00e9 a ob\u00e1lky neporu\u0161en\u00e9.<br data-start=\"1343\" data-end=\"1346\" \/>\u2022 Ka\u017ed\u00e1 z\u00e1silka obsahuje sledovac\u00ed \u010d\u00edslo.<br data-start=\"1388\" data-end=\"1391\" \/>\u2022 Pokud by se s doru\u010den\u00edm cokoliv stalo, napi\u0161te mi \u2014 v\u0161e spole\u010dn\u011b vy\u0159e\u0161\u00edme. \ud83e\udd0d<\/p>\n<p>\u2726 OSTATN\u00cd \u2726<br data-start=\"1511\" data-end=\"1514\" \/>\u2022 Skv\u011bl\u00fd d\u00e1rek pro spisovatele, sn\u00edlky i milovn\u00edky pap\u00edrnictv\u00ed.<br data-start=\"1578\" data-end=\"1581\" \/>\u2022 P\u0159i objedn\u00e1vce m\u016f\u017eete p\u0159idat vzkaz \u2014 ru\u010dn\u011b ho nap\u00ed\u0161u na malou karti\u010dku.<\/p>","protected":false},"excerpt":{"rendered":"<p>\u2726 \ud835\udc01\ud835\udc00\ud835\udc12\ud835\udc08\ud835\udc02 \ud835\udc08\ud835\udc0d\ud835\udc05\ud835\udc0e \u2726 A small piece of midnight calm. This A7 notepad features a dark floral illustration inspired by a moonlit meadow \u2014 perfect for quiet notes, soft dreams, or daily reminders. Printed on 80g offset paper with 50 tear-off sheets. \u2726 \ud835\udc12\ud835\udc08\ud835\udc19\ud835\udc04 \u2726\u2022 A7 Notepad \u2013 pocket-sized (7.4 \u00d7 10.5 cm \/ 2.9&hellip;&nbsp;<a href=\"https:\/\/daenir.art\/cs\/produkt\/night-meadow-a7-notepad\/\" rel=\"bookmark\">\u010c\u00edst d\u00e1le &raquo;<span class=\"screen-reader-text\">No\u010dn\u00ed louka \u2014 A7 notepad<\/span><\/a><\/p>","protected":false},"featured_media":3940,"template":"","meta":{"neve_meta_sidebar":"","neve_meta_container":"","neve_meta_enable_content_width":"off","neve_meta_content_width":100,"neve_meta_title_alignment":"","neve_meta_author_avatar":"","neve_post_elements_order":"","neve_meta_disable_header":"","neve_meta_disable_footer":"","neve_meta_disable_title":"","_themeisle_gutenberg_block_has_review":false},"product_brand":[],"product_cat":[78,28,77],"product_tag":[],"class_list":{"0":"post-3920","1":"product","2":"type-product","3":"status-publish","4":"has-post-thumbnail","6":"product_cat-stationery","7":"product_cat-all","8":"product_cat-new","10":"first","11":"instock","12":"shipping-taxable","13":"purchasable","14":"product-type-simple"},"yoast_head":"<!-- This site is optimized with the Yoast SEO plugin v27.5 - https:\/\/yoast.com\/product\/yoast-seo-wordpress\/ -->\n<title>Night Meadow \u2013 A7 Notepad Painting | Dae Nir<\/title>\n<meta name=\"description\" content=\"Dark floral A7 notepad inspired by a moonlit meadow. Perfect for gentle notes and dreams. 50 sheets, 80g paper.\" \/>\n<meta name=\"robots\" content=\"index, follow, max-snippet:-1, max-image-preview:large, max-video-preview:-1\" \/>\n<link rel=\"canonical\" href=\"https:\/\/daenir.art\/cs\/produkt\/night-meadow-a7-notepad\/\" \/>\n<meta property=\"og:locale\" content=\"cs_CZ\" \/>\n<meta property=\"og:type\" content=\"article\" \/>\n<meta property=\"og:title\" content=\"Night Meadow \u2013 A7 Notepad Painting | Dae Nir\" \/>\n<meta property=\"og:description\" content=\"Dark floral A7 notepad inspired by a moonlit meadow. Perfect for gentle notes and dreams. 50 sheets, 80g paper.\" \/>\n<meta property=\"og:url\" content=\"https:\/\/daenir.art\/cs\/produkt\/night-meadow-a7-notepad\/\" \/>\n<meta property=\"og:site_name\" content=\"Dae Nir\" \/>\n<meta property=\"article:modified_time\" content=\"2025-11-02T20:11:13+00:00\" \/>\n<meta property=\"og:image\" content=\"https:\/\/daenir.art\/wp-content\/uploads\/2025\/10\/IMG_1555-copy.jpg\" \/>\n\t<meta property=\"og:image:width\" content=\"1500\" \/>\n\t<meta property=\"og:image:height\" content=\"1500\" \/>\n\t<meta property=\"og:image:type\" content=\"image\/jpeg\" \/>\n<meta name=\"twitter:card\" content=\"summary_large_image\" \/>\n<meta name=\"twitter:label1\" content=\"Odhadovan\u00e1 doba \u010dten\u00ed\" \/>\n\t<meta name=\"twitter:data1\" content=\"1 minuta\" \/>\n<script type=\"application\/ld+json\" class=\"yoast-schema-graph\">{\"@context\":\"https:\\\/\\\/schema.org\",\"@graph\":[{\"@type\":\"WebPage\",\"@id\":\"https:\\\/\\\/daenir.art\\\/produkt\\\/night-meadow-a7-notepad\\\/\",\"url\":\"https:\\\/\\\/daenir.art\\\/produkt\\\/night-meadow-a7-notepad\\\/\",\"name\":\"Night Meadow \u2013 A7 Notepad Painting | Dae Nir\",\"isPartOf\":{\"@id\":\"https:\\\/\\\/daenir.art\\\/#website\"},\"primaryImageOfPage\":{\"@id\":\"https:\\\/\\\/daenir.art\\\/produkt\\\/night-meadow-a7-notepad\\\/#primaryimage\"},\"image\":{\"@id\":\"https:\\\/\\\/daenir.art\\\/produkt\\\/night-meadow-a7-notepad\\\/#primaryimage\"},\"thumbnailUrl\":\"https:\\\/\\\/i0.wp.com\\\/daenir.art\\\/wp-content\\\/uploads\\\/2025\\\/10\\\/IMG_1555-copy.jpg?fit=1500%2C1500&ssl=1\",\"datePublished\":\"2025-10-23T14:23:38+00:00\",\"dateModified\":\"2025-11-02T20:11:13+00:00\",\"description\":\"Dark floral A7 notepad inspired by a moonlit meadow. Perfect for gentle notes and dreams. 50 sheets, 80g paper.\",\"breadcrumb\":{\"@id\":\"https:\\\/\\\/daenir.art\\\/produkt\\\/night-meadow-a7-notepad\\\/#breadcrumb\"},\"inLanguage\":\"cs\",\"potentialAction\":[{\"@type\":\"ReadAction\",\"target\":[\"https:\\\/\\\/daenir.art\\\/produkt\\\/night-meadow-a7-notepad\\\/\"]}]},{\"@type\":\"ImageObject\",\"inLanguage\":\"cs\",\"@id\":\"https:\\\/\\\/daenir.art\\\/produkt\\\/night-meadow-a7-notepad\\\/#primaryimage\",\"url\":\"https:\\\/\\\/i0.wp.com\\\/daenir.art\\\/wp-content\\\/uploads\\\/2025\\\/10\\\/IMG_1555-copy.jpg?fit=1500%2C1500&ssl=1\",\"contentUrl\":\"https:\\\/\\\/i0.wp.com\\\/daenir.art\\\/wp-content\\\/uploads\\\/2025\\\/10\\\/IMG_1555-copy.jpg?fit=1500%2C1500&ssl=1\",\"width\":1500,\"height\":1500},{\"@type\":\"BreadcrumbList\",\"@id\":\"https:\\\/\\\/daenir.art\\\/produkt\\\/night-meadow-a7-notepad\\\/#breadcrumb\",\"itemListElement\":[{\"@type\":\"ListItem\",\"position\":1,\"name\":\"Home\",\"item\":\"https:\\\/\\\/daenir.art\\\/\"},{\"@type\":\"ListItem\",\"position\":2,\"name\":\"Shop\",\"item\":\"https:\\\/\\\/daenir.art\\\/shop\\\/\"},{\"@type\":\"ListItem\",\"position\":3,\"name\":\"Night Meadow \u2013 A7 Notepad\"}]},{\"@type\":\"WebSite\",\"@id\":\"https:\\\/\\\/daenir.art\\\/#website\",\"url\":\"https:\\\/\\\/daenir.art\\\/\",\"name\":\"Dae Nir Art\",\"description\":\"Mystical Art from a Darker Realm\",\"publisher\":{\"@id\":\"https:\\\/\\\/daenir.art\\\/#\\\/schema\\\/person\\\/20dd059b78448af6362377a99976bfb8\"},\"alternateName\":\"Dae Nir \u2013 Dark & Enchanting Art\",\"potentialAction\":[{\"@type\":\"SearchAction\",\"target\":{\"@type\":\"EntryPoint\",\"urlTemplate\":\"https:\\\/\\\/daenir.art\\\/?s={search_term_string}\"},\"query-input\":{\"@type\":\"PropertyValueSpecification\",\"valueRequired\":true,\"valueName\":\"search_term_string\"}}],\"inLanguage\":\"cs\"},{\"@type\":[\"Person\",\"Organization\"],\"@id\":\"https:\\\/\\\/daenir.art\\\/#\\\/schema\\\/person\\\/20dd059b78448af6362377a99976bfb8\",\"name\":\"Daenir\",\"image\":{\"@type\":\"ImageObject\",\"inLanguage\":\"cs\",\"@id\":\"https:\\\/\\\/i0.wp.com\\\/daenir.art\\\/wp-content\\\/uploads\\\/2021\\\/03\\\/logo-1.png?fit=655%2C594&ssl=1\",\"url\":\"https:\\\/\\\/i0.wp.com\\\/daenir.art\\\/wp-content\\\/uploads\\\/2021\\\/03\\\/logo-1.png?fit=655%2C594&ssl=1\",\"contentUrl\":\"https:\\\/\\\/i0.wp.com\\\/daenir.art\\\/wp-content\\\/uploads\\\/2021\\\/03\\\/logo-1.png?fit=655%2C594&ssl=1\",\"width\":655,\"height\":594,\"caption\":\"Daenir\"},\"logo\":{\"@id\":\"https:\\\/\\\/i0.wp.com\\\/daenir.art\\\/wp-content\\\/uploads\\\/2021\\\/03\\\/logo-1.png?fit=655%2C594&ssl=1\"},\"sameAs\":[\"https:\\\/\\\/daenir.art\\\/\"]}]}<\/script>\n<!-- \/ Yoast SEO plugin. -->","yoast_head_json":{"title":"Night Meadow \u2013 A7 Notepad Painting | Dae Nir","description":"Dark floral A7 notepad inspired by a moonlit meadow. Perfect for gentle notes and dreams. 50 sheets, 80g paper.","robots":{"index":"index","follow":"follow","max-snippet":"max-snippet:-1","max-image-preview":"max-image-preview:large","max-video-preview":"max-video-preview:-1"},"canonical":"https:\/\/daenir.art\/cs\/produkt\/night-meadow-a7-notepad\/","og_locale":"cs_CZ","og_type":"article","og_title":"Night Meadow \u2013 A7 Notepad Painting | Dae Nir","og_description":"Dark floral A7 notepad inspired by a moonlit meadow. Perfect for gentle notes and dreams. 50 sheets, 80g paper.","og_url":"https:\/\/daenir.art\/cs\/produkt\/night-meadow-a7-notepad\/","og_site_name":"Dae Nir","article_modified_time":"2025-11-02T20:11:13+00:00","og_image":[{"width":1500,"height":1500,"url":"https:\/\/daenir.art\/wp-content\/uploads\/2025\/10\/IMG_1555-copy.jpg","type":"image\/jpeg"}],"twitter_card":"summary_large_image","twitter_misc":{"Odhadovan\u00e1 doba \u010dten\u00ed":"1 minuta"},"schema":{"@context":"https:\/\/schema.org","@graph":[{"@type":"WebPage","@id":"https:\/\/daenir.art\/produkt\/night-meadow-a7-notepad\/","url":"https:\/\/daenir.art\/produkt\/night-meadow-a7-notepad\/","name":"Night Meadow \u2013 A7 Notepad Painting | Dae Nir","isPartOf":{"@id":"https:\/\/daenir.art\/#website"},"primaryImageOfPage":{"@id":"https:\/\/daenir.art\/produkt\/night-meadow-a7-notepad\/#primaryimage"},"image":{"@id":"https:\/\/daenir.art\/produkt\/night-meadow-a7-notepad\/#primaryimage"},"thumbnailUrl":"https:\/\/i0.wp.com\/daenir.art\/wp-content\/uploads\/2025\/10\/IMG_1555-copy.jpg?fit=1500%2C1500&ssl=1","datePublished":"2025-10-23T14:23:38+00:00","dateModified":"2025-11-02T20:11:13+00:00","description":"Dark floral A7 notepad inspired by a moonlit meadow. Perfect for gentle notes and dreams. 50 sheets, 80g paper.","breadcrumb":{"@id":"https:\/\/daenir.art\/produkt\/night-meadow-a7-notepad\/#breadcrumb"},"inLanguage":"cs","potentialAction":[{"@type":"ReadAction","target":["https:\/\/daenir.art\/produkt\/night-meadow-a7-notepad\/"]}]},{"@type":"ImageObject","inLanguage":"cs","@id":"https:\/\/daenir.art\/produkt\/night-meadow-a7-notepad\/#primaryimage","url":"https:\/\/i0.wp.com\/daenir.art\/wp-content\/uploads\/2025\/10\/IMG_1555-copy.jpg?fit=1500%2C1500&ssl=1","contentUrl":"https:\/\/i0.wp.com\/daenir.art\/wp-content\/uploads\/2025\/10\/IMG_1555-copy.jpg?fit=1500%2C1500&ssl=1","width":1500,"height":1500},{"@type":"BreadcrumbList","@id":"https:\/\/daenir.art\/produkt\/night-meadow-a7-notepad\/#breadcrumb","itemListElement":[{"@type":"ListItem","position":1,"name":"Home","item":"https:\/\/daenir.art\/"},{"@type":"ListItem","position":2,"name":"Shop","item":"https:\/\/daenir.art\/shop\/"},{"@type":"ListItem","position":3,"name":"Night Meadow \u2013 A7 Notepad"}]},{"@type":"WebSite","@id":"https:\/\/daenir.art\/#website","url":"https:\/\/daenir.art\/","name":"Dae Nir Art","description":"Mystical Art from a Darker Realm","publisher":{"@id":"https:\/\/daenir.art\/#\/schema\/person\/20dd059b78448af6362377a99976bfb8"},"alternateName":"Dae Nir \u2013 Dark & Enchanting Art","potentialAction":[{"@type":"SearchAction","target":{"@type":"EntryPoint","urlTemplate":"https:\/\/daenir.art\/?s={search_term_string}"},"query-input":{"@type":"PropertyValueSpecification","valueRequired":true,"valueName":"search_term_string"}}],"inLanguage":"cs"},{"@type":["Person","Organization"],"@id":"https:\/\/daenir.art\/#\/schema\/person\/20dd059b78448af6362377a99976bfb8","name":"Daenir","image":{"@type":"ImageObject","inLanguage":"cs","@id":"https:\/\/i0.wp.com\/daenir.art\/wp-content\/uploads\/2021\/03\/logo-1.png?fit=655%2C594&ssl=1","url":"https:\/\/i0.wp.com\/daenir.art\/wp-content\/uploads\/2021\/03\/logo-1.png?fit=655%2C594&ssl=1","contentUrl":"https:\/\/i0.wp.com\/daenir.art\/wp-content\/uploads\/2021\/03\/logo-1.png?fit=655%2C594&ssl=1","width":655,"height":594,"caption":"Daenir"},"logo":{"@id":"https:\/\/i0.wp.com\/daenir.art\/wp-content\/uploads\/2021\/03\/logo-1.png?fit=655%2C594&ssl=1"},"sameAs":["https:\/\/daenir.art\/"]}]}},"jetpack_sharing_enabled":true,"_links":{"self":[{"href":"https:\/\/daenir.art\/cs\/wp-json\/wp\/v2\/product\/3920","targetHints":{"allow":["GET"]}}],"collection":[{"href":"https:\/\/daenir.art\/cs\/wp-json\/wp\/v2\/product"}],"about":[{"href":"https:\/\/daenir.art\/cs\/wp-json\/wp\/v2\/types\/product"}],"wp:featuredmedia":[{"embeddable":true,"href":"https:\/\/daenir.art\/cs\/wp-json\/wp\/v2\/media\/3940"}],"wp:attachment":[{"href":"https:\/\/daenir.art\/cs\/wp-json\/wp\/v2\/media?parent=3920"}],"wp:term":[{"taxonomy":"product_brand","embeddable":true,"href":"https:\/\/daenir.art\/cs\/wp-json\/wp\/v2\/product_brand?post=3920"},{"taxonomy":"product_cat","embeddable":true,"href":"https:\/\/daenir.art\/cs\/wp-json\/wp\/v2\/product_cat?post=3920"},{"taxonomy":"product_tag","embeddable":true,"href":"https:\/\/daenir.art\/cs\/wp-json\/wp\/v2\/product_tag?post=3920"}],"curies":[{"name":"wp","href":"https:\/\/api.w.org\/{rel}","templated":true}]}}