{"id":3996,"date":"2025-11-14T12:00:08","date_gmt":"2025-11-14T11:00:08","guid":{"rendered":"https:\/\/daenir.art\/?post_type=product&#038;p=3996"},"modified":"2025-12-10T14:51:01","modified_gmt":"2025-12-10T13:51:01","slug":"gift-wrapping-paper-night-forest","status":"publish","type":"product","link":"https:\/\/daenir.art\/cs\/produkt\/gift-wrapping-paper-night-forest\/","title":{"rendered":"D\u00e1rkov\u00fd balic\u00ed pap\u00edr \u2013 No\u010dn\u00ed les"},"content":{"rendered":"<p>\u2726 Z\u00c1KLADN\u00cd INFORMACE \u2726<br \/>\n\u2022 Vysoce kvalitn\u00ed digit\u00e1ln\u00ed tisk na matn\u00fd k\u0159\u00eddov\u00fd pap\u00edr 70 g\/m\u00b2 (velikost B1 \u2013 70\u00d7100 cm).<br \/>\n\u2022 Origin\u00e1ln\u00ed ilustrace \u201eNo\u010dn\u00ed les\u201c \u2013 hv\u011bzdy, v\u011btvi\u010dky a lesn\u00ed zv\u00ed\u0159ata v temn\u011b zasn\u011bn\u00e9 atmosf\u00e9\u0159e.<br \/>\n\u2022 Ti\u0161t\u011bno s bohat\u00fdmi detaily, vhodn\u00e9 pro V\u00e1noce i jakoukoli jinou p\u0159\u00edle\u017eitost.<\/p>\n<p>\u00b0\u2727\u2726 V ka\u017ed\u00e9 objedn\u00e1vce obdr\u017e\u00edte tak\u00e9 slevu na dal\u0161\u00ed n\u00e1kup, najdete zde tak\u00e9 drobn\u00e9 p\u0159edm\u011bty, jako jsou pohlednice, samolepky, z\u00e1lo\u017eky nebo jin\u00e9 n\u00e1hodn\u011b vybran\u00e9! A v ka\u017ed\u00e9 objedn\u00e1vce nad 20 USD \/ 20 \u20ac \/ 500 K\u010d zas\u00edl\u00e1m !!!LUCKY DIP!!!\u2726\u2727\u00b0<\/p>\n<p>\u2726 VELIKOST \u2726<br \/>\n\u2022 Dostupn\u00e9 jako 1 arch, sada po 3 ar\u0161\u00edch nebo sada po 5 ar\u0161\u00edch.<\/p>\n<p>\u2726 PO\u0160TOVN\u00c9 \u2726<br \/>\n\u2022 Dod\u00e1v\u00e1no v ochrann\u00e9m tubusu nebo slo\u017een\u00e9 (dle va\u0161\u00ed volby).<br \/>\n\u2022 Z\u00e1silky zas\u00edl\u00e1m nejrychlej\u0161\u00ed dostupnou po\u0161tou se sledovac\u00edm \u010d\u00edslem, co\u017e zaru\u010duje, \u017ee se va\u0161e objedn\u00e1vka neztrat\u00ed. Pokud se vyskytne jak\u00fdkoli probl\u00e9m se z\u00e1silkou, nev\u00e1hejte m\u011b kontaktovat a spole\u010dn\u011b ho vy\u0159e\u0161\u00edme.<\/p>\n<p>\u2726 OSTATN\u00cd \u2726<br \/>\n\u2022 <strong>Pokud objedn\u00e1vku pos\u00edl\u00e1te jako d\u00e1rek, m\u016f\u017eete do pozn\u00e1mky p\u0159i objedn\u00e1vce napsat text, kter\u00fd p\u0159\u00edjemce obdr\u017e\u00ed na ru\u010dn\u011b psan\u00e9 kart\u011b.<\/strong><br \/>\n\u2022 Pokud m\u00e1te n\u011bjak\u00e9 dotazy, kontaktujte m\u011b zde nebo na m\u00e9m Instagramu (@deanirart). \ud83d\ude42<\/p>","protected":false},"excerpt":{"rendered":"<p>\u2726 \ud835\udc01\ud835\udc00\ud835\udc12\ud835\udc08\ud835\udc02 \ud835\udc08\ud835\udc0d\ud835\udc05\ud835\udc0e \u2726 \u2022 High-quality digital print on 70 g\/m\u00b2 matt coated paper (B1 size \u2013 70\u00d7100 cm). \u2022 Original illustration \u201cNight Forest\u201d \u2013 stars, branches, and woodland animals in a dark, dreamy atmosphere. \u2022 Printed with rich details, suitable for Christmas or any other occasion \u00b0\u2727\u2726 In each order, you will also receive&hellip;&nbsp;<a href=\"https:\/\/daenir.art\/cs\/produkt\/gift-wrapping-paper-night-forest\/\" rel=\"bookmark\">\u010c\u00edst d\u00e1le &raquo;<span class=\"screen-reader-text\">D\u00e1rkov\u00fd balic\u00ed pap\u00edr \u2013 No\u010dn\u00ed les<\/span><\/a><\/p>","protected":false},"featured_media":4029,"template":"","meta":{"neve_meta_sidebar":"","neve_meta_container":"","neve_meta_enable_content_width":"off","neve_meta_content_width":70,"neve_meta_title_alignment":"","neve_meta_author_avatar":"","neve_post_elements_order":"","neve_meta_disable_header":"","neve_meta_disable_footer":"","neve_meta_disable_title":"","_themeisle_gutenberg_block_has_review":false},"product_brand":[],"product_cat":[79,77],"product_tag":[],"class_list":{"0":"post-3996","1":"product","2":"type-product","3":"status-publish","4":"has-post-thumbnail","6":"product_cat-christmas","7":"product_cat-new","9":"first","10":"instock","11":"shipping-taxable","12":"purchasable","13":"product-type-variable"},"yoast_head":"<!-- This site is optimized with the Yoast SEO plugin v27.5 - https:\/\/yoast.com\/product\/yoast-seo-wordpress\/ -->\n<title>Gift Wrapping Paper \u2013 Night Forest | Dae Nir<\/title>\n<meta name=\"description\" content=\"Original artist-designed wrapping paper featuring a night forest, stars, and woodland animals. Soft matte print, perfect beyond Christmas too.\" \/>\n<meta name=\"robots\" content=\"index, follow, max-snippet:-1, max-image-preview:large, max-video-preview:-1\" \/>\n<link rel=\"canonical\" href=\"https:\/\/daenir.art\/cs\/produkt\/gift-wrapping-paper-night-forest\/\" \/>\n<meta property=\"og:locale\" content=\"cs_CZ\" \/>\n<meta property=\"og:type\" content=\"article\" \/>\n<meta property=\"og:title\" content=\"Gift Wrapping Paper \u2013 Night Forest | Dae Nir\" \/>\n<meta property=\"og:description\" content=\"Original artist-designed wrapping paper featuring a night forest, stars, and woodland animals. Soft matte print, perfect beyond Christmas too.\" \/>\n<meta property=\"og:url\" content=\"https:\/\/daenir.art\/cs\/produkt\/gift-wrapping-paper-night-forest\/\" \/>\n<meta property=\"og:site_name\" content=\"Dae Nir\" \/>\n<meta property=\"article:modified_time\" content=\"2025-12-10T13:51:01+00:00\" \/>\n<meta property=\"og:image\" content=\"https:\/\/daenir.art\/wp-content\/uploads\/2025\/11\/IMG__0031-scaled.jpg\" \/>\n\t<meta property=\"og:image:width\" content=\"2560\" \/>\n\t<meta property=\"og:image:height\" content=\"2560\" \/>\n\t<meta property=\"og:image:type\" content=\"image\/jpeg\" \/>\n<meta name=\"twitter:card\" content=\"summary_large_image\" \/>\n<meta name=\"twitter:label1\" content=\"Odhadovan\u00e1 doba \u010dten\u00ed\" \/>\n\t<meta name=\"twitter:data1\" content=\"2 minuty\" \/>\n<script type=\"application\/ld+json\" class=\"yoast-schema-graph\">{\"@context\":\"https:\\\/\\\/schema.org\",\"@graph\":[{\"@type\":\"WebPage\",\"@id\":\"https:\\\/\\\/daenir.art\\\/produkt\\\/gift-wrapping-paper-night-forest\\\/\",\"url\":\"https:\\\/\\\/daenir.art\\\/produkt\\\/gift-wrapping-paper-night-forest\\\/\",\"name\":\"Gift Wrapping Paper \u2013 Night Forest | Dae Nir\",\"isPartOf\":{\"@id\":\"https:\\\/\\\/daenir.art\\\/#website\"},\"primaryImageOfPage\":{\"@id\":\"https:\\\/\\\/daenir.art\\\/produkt\\\/gift-wrapping-paper-night-forest\\\/#primaryimage\"},\"image\":{\"@id\":\"https:\\\/\\\/daenir.art\\\/produkt\\\/gift-wrapping-paper-night-forest\\\/#primaryimage\"},\"thumbnailUrl\":\"https:\\\/\\\/i0.wp.com\\\/daenir.art\\\/wp-content\\\/uploads\\\/2025\\\/11\\\/IMG__0031-scaled.jpg?fit=2560%2C2560&ssl=1\",\"datePublished\":\"2025-11-14T11:00:08+00:00\",\"dateModified\":\"2025-12-10T13:51:01+00:00\",\"description\":\"Original artist-designed wrapping paper featuring a night forest, stars, and woodland animals. Soft matte print, perfect beyond Christmas too.\",\"breadcrumb\":{\"@id\":\"https:\\\/\\\/daenir.art\\\/produkt\\\/gift-wrapping-paper-night-forest\\\/#breadcrumb\"},\"inLanguage\":\"cs\",\"potentialAction\":[{\"@type\":\"ReadAction\",\"target\":[\"https:\\\/\\\/daenir.art\\\/produkt\\\/gift-wrapping-paper-night-forest\\\/\"]}]},{\"@type\":\"ImageObject\",\"inLanguage\":\"cs\",\"@id\":\"https:\\\/\\\/daenir.art\\\/produkt\\\/gift-wrapping-paper-night-forest\\\/#primaryimage\",\"url\":\"https:\\\/\\\/i0.wp.com\\\/daenir.art\\\/wp-content\\\/uploads\\\/2025\\\/11\\\/IMG__0031-scaled.jpg?fit=2560%2C2560&ssl=1\",\"contentUrl\":\"https:\\\/\\\/i0.wp.com\\\/daenir.art\\\/wp-content\\\/uploads\\\/2025\\\/11\\\/IMG__0031-scaled.jpg?fit=2560%2C2560&ssl=1\",\"width\":2560,\"height\":2560},{\"@type\":\"BreadcrumbList\",\"@id\":\"https:\\\/\\\/daenir.art\\\/produkt\\\/gift-wrapping-paper-night-forest\\\/#breadcrumb\",\"itemListElement\":[{\"@type\":\"ListItem\",\"position\":1,\"name\":\"Home\",\"item\":\"https:\\\/\\\/daenir.art\\\/\"},{\"@type\":\"ListItem\",\"position\":2,\"name\":\"Shop\",\"item\":\"https:\\\/\\\/daenir.art\\\/shop\\\/\"},{\"@type\":\"ListItem\",\"position\":3,\"name\":\"Gift Wrapping Paper \u2013 Night Forest\"}]},{\"@type\":\"WebSite\",\"@id\":\"https:\\\/\\\/daenir.art\\\/#website\",\"url\":\"https:\\\/\\\/daenir.art\\\/\",\"name\":\"Dae Nir Art\",\"description\":\"Mystical Art from a Darker Realm\",\"publisher\":{\"@id\":\"https:\\\/\\\/daenir.art\\\/#\\\/schema\\\/person\\\/20dd059b78448af6362377a99976bfb8\"},\"alternateName\":\"Dae Nir \u2013 Dark & Enchanting Art\",\"potentialAction\":[{\"@type\":\"SearchAction\",\"target\":{\"@type\":\"EntryPoint\",\"urlTemplate\":\"https:\\\/\\\/daenir.art\\\/?s={search_term_string}\"},\"query-input\":{\"@type\":\"PropertyValueSpecification\",\"valueRequired\":true,\"valueName\":\"search_term_string\"}}],\"inLanguage\":\"cs\"},{\"@type\":[\"Person\",\"Organization\"],\"@id\":\"https:\\\/\\\/daenir.art\\\/#\\\/schema\\\/person\\\/20dd059b78448af6362377a99976bfb8\",\"name\":\"Daenir\",\"image\":{\"@type\":\"ImageObject\",\"inLanguage\":\"cs\",\"@id\":\"https:\\\/\\\/i0.wp.com\\\/daenir.art\\\/wp-content\\\/uploads\\\/2021\\\/03\\\/logo-1.png?fit=655%2C594&ssl=1\",\"url\":\"https:\\\/\\\/i0.wp.com\\\/daenir.art\\\/wp-content\\\/uploads\\\/2021\\\/03\\\/logo-1.png?fit=655%2C594&ssl=1\",\"contentUrl\":\"https:\\\/\\\/i0.wp.com\\\/daenir.art\\\/wp-content\\\/uploads\\\/2021\\\/03\\\/logo-1.png?fit=655%2C594&ssl=1\",\"width\":655,\"height\":594,\"caption\":\"Daenir\"},\"logo\":{\"@id\":\"https:\\\/\\\/i0.wp.com\\\/daenir.art\\\/wp-content\\\/uploads\\\/2021\\\/03\\\/logo-1.png?fit=655%2C594&ssl=1\"},\"sameAs\":[\"https:\\\/\\\/daenir.art\\\/\"]}]}<\/script>\n<!-- \/ Yoast SEO plugin. -->","yoast_head_json":{"title":"Gift Wrapping Paper \u2013 Night Forest | Dae Nir","description":"Original artist-designed wrapping paper featuring a night forest, stars, and woodland animals. Soft matte print, perfect beyond Christmas too.","robots":{"index":"index","follow":"follow","max-snippet":"max-snippet:-1","max-image-preview":"max-image-preview:large","max-video-preview":"max-video-preview:-1"},"canonical":"https:\/\/daenir.art\/cs\/produkt\/gift-wrapping-paper-night-forest\/","og_locale":"cs_CZ","og_type":"article","og_title":"Gift Wrapping Paper \u2013 Night Forest | Dae Nir","og_description":"Original artist-designed wrapping paper featuring a night forest, stars, and woodland animals. Soft matte print, perfect beyond Christmas too.","og_url":"https:\/\/daenir.art\/cs\/produkt\/gift-wrapping-paper-night-forest\/","og_site_name":"Dae Nir","article_modified_time":"2025-12-10T13:51:01+00:00","og_image":[{"width":2560,"height":2560,"url":"https:\/\/daenir.art\/wp-content\/uploads\/2025\/11\/IMG__0031-scaled.jpg","type":"image\/jpeg"}],"twitter_card":"summary_large_image","twitter_misc":{"Odhadovan\u00e1 doba \u010dten\u00ed":"2 minuty"},"schema":{"@context":"https:\/\/schema.org","@graph":[{"@type":"WebPage","@id":"https:\/\/daenir.art\/produkt\/gift-wrapping-paper-night-forest\/","url":"https:\/\/daenir.art\/produkt\/gift-wrapping-paper-night-forest\/","name":"Gift Wrapping Paper \u2013 Night Forest | Dae Nir","isPartOf":{"@id":"https:\/\/daenir.art\/#website"},"primaryImageOfPage":{"@id":"https:\/\/daenir.art\/produkt\/gift-wrapping-paper-night-forest\/#primaryimage"},"image":{"@id":"https:\/\/daenir.art\/produkt\/gift-wrapping-paper-night-forest\/#primaryimage"},"thumbnailUrl":"https:\/\/i0.wp.com\/daenir.art\/wp-content\/uploads\/2025\/11\/IMG__0031-scaled.jpg?fit=2560%2C2560&ssl=1","datePublished":"2025-11-14T11:00:08+00:00","dateModified":"2025-12-10T13:51:01+00:00","description":"Original artist-designed wrapping paper featuring a night forest, stars, and woodland animals. Soft matte print, perfect beyond Christmas too.","breadcrumb":{"@id":"https:\/\/daenir.art\/produkt\/gift-wrapping-paper-night-forest\/#breadcrumb"},"inLanguage":"cs","potentialAction":[{"@type":"ReadAction","target":["https:\/\/daenir.art\/produkt\/gift-wrapping-paper-night-forest\/"]}]},{"@type":"ImageObject","inLanguage":"cs","@id":"https:\/\/daenir.art\/produkt\/gift-wrapping-paper-night-forest\/#primaryimage","url":"https:\/\/i0.wp.com\/daenir.art\/wp-content\/uploads\/2025\/11\/IMG__0031-scaled.jpg?fit=2560%2C2560&ssl=1","contentUrl":"https:\/\/i0.wp.com\/daenir.art\/wp-content\/uploads\/2025\/11\/IMG__0031-scaled.jpg?fit=2560%2C2560&ssl=1","width":2560,"height":2560},{"@type":"BreadcrumbList","@id":"https:\/\/daenir.art\/produkt\/gift-wrapping-paper-night-forest\/#breadcrumb","itemListElement":[{"@type":"ListItem","position":1,"name":"Home","item":"https:\/\/daenir.art\/"},{"@type":"ListItem","position":2,"name":"Shop","item":"https:\/\/daenir.art\/shop\/"},{"@type":"ListItem","position":3,"name":"Gift Wrapping Paper \u2013 Night Forest"}]},{"@type":"WebSite","@id":"https:\/\/daenir.art\/#website","url":"https:\/\/daenir.art\/","name":"Dae Nir Art","description":"Mystical Art from a Darker Realm","publisher":{"@id":"https:\/\/daenir.art\/#\/schema\/person\/20dd059b78448af6362377a99976bfb8"},"alternateName":"Dae Nir \u2013 Dark & Enchanting Art","potentialAction":[{"@type":"SearchAction","target":{"@type":"EntryPoint","urlTemplate":"https:\/\/daenir.art\/?s={search_term_string}"},"query-input":{"@type":"PropertyValueSpecification","valueRequired":true,"valueName":"search_term_string"}}],"inLanguage":"cs"},{"@type":["Person","Organization"],"@id":"https:\/\/daenir.art\/#\/schema\/person\/20dd059b78448af6362377a99976bfb8","name":"Daenir","image":{"@type":"ImageObject","inLanguage":"cs","@id":"https:\/\/i0.wp.com\/daenir.art\/wp-content\/uploads\/2021\/03\/logo-1.png?fit=655%2C594&ssl=1","url":"https:\/\/i0.wp.com\/daenir.art\/wp-content\/uploads\/2021\/03\/logo-1.png?fit=655%2C594&ssl=1","contentUrl":"https:\/\/i0.wp.com\/daenir.art\/wp-content\/uploads\/2021\/03\/logo-1.png?fit=655%2C594&ssl=1","width":655,"height":594,"caption":"Daenir"},"logo":{"@id":"https:\/\/i0.wp.com\/daenir.art\/wp-content\/uploads\/2021\/03\/logo-1.png?fit=655%2C594&ssl=1"},"sameAs":["https:\/\/daenir.art\/"]}]}},"jetpack_sharing_enabled":true,"_links":{"self":[{"href":"https:\/\/daenir.art\/cs\/wp-json\/wp\/v2\/product\/3996","targetHints":{"allow":["GET"]}}],"collection":[{"href":"https:\/\/daenir.art\/cs\/wp-json\/wp\/v2\/product"}],"about":[{"href":"https:\/\/daenir.art\/cs\/wp-json\/wp\/v2\/types\/product"}],"wp:featuredmedia":[{"embeddable":true,"href":"https:\/\/daenir.art\/cs\/wp-json\/wp\/v2\/media\/4029"}],"wp:attachment":[{"href":"https:\/\/daenir.art\/cs\/wp-json\/wp\/v2\/media?parent=3996"}],"wp:term":[{"taxonomy":"product_brand","embeddable":true,"href":"https:\/\/daenir.art\/cs\/wp-json\/wp\/v2\/product_brand?post=3996"},{"taxonomy":"product_cat","embeddable":true,"href":"https:\/\/daenir.art\/cs\/wp-json\/wp\/v2\/product_cat?post=3996"},{"taxonomy":"product_tag","embeddable":true,"href":"https:\/\/daenir.art\/cs\/wp-json\/wp\/v2\/product_tag?post=3996"}],"curies":[{"name":"wp","href":"https:\/\/api.w.org\/{rel}","templated":true}]}}