{"id":4017,"date":"2025-11-14T12:00:18","date_gmt":"2025-11-14T11:00:18","guid":{"rendered":"https:\/\/daenir.art\/?post_type=product&#038;p=4017"},"modified":"2025-11-13T11:53:45","modified_gmt":"2025-11-13T10:53:45","slug":"christmas-card-woodland-animals-premium-edition","status":"publish","type":"product","link":"https:\/\/daenir.art\/cs\/produkt\/christmas-card-woodland-animals-premium-edition\/","title":{"rendered":"V\u00e1no\u010dn\u00ed p\u0159\u00e1n\u00ed \u2013 Lesn\u00ed zv\u00ed\u0159ata (Pr\u00e9miov\u00e1 edice)"},"content":{"rendered":"<p>\u2726 Z\u00c1KLADN\u00cd INFORMACE \u2726<br \/>\n\u2022 Ru\u010dn\u011b malovan\u00e1 digit\u00e1ln\u00ed ilustrace ti\u0161t\u011bn\u00e1 na pr\u00e9miov\u00e9m pap\u00ed\u0159e Keaykolour China White, 300 g\/m\u00b2 (po p\u0159elo\u017een\u00ed form\u00e1t A6).<br \/>\n\u2022 Elegantn\u00ed vy\u0159ez\u00e1van\u00fd design se vzorem sn\u011bhov\u00fdch vlo\u010dek.<br data-start=\"2318\" data-end=\"2321\" \/>\u2022 Motivy: li\u0161ka, vlk, medv\u011bd, srnka \u2013 klidn\u00e1 atmosf\u00e9ra zimn\u00edho lesa.<br data-start=\"2398\" data-end=\"2401\" \/>\u2022 Dostupn\u00e9 v \u010desk\u00e9 (\u201eVesel\u00e9 V\u00e1noce\u201c) nebo anglick\u00e9 (\u201eMerry Christmas\u201c) verzi.<br data-start=\"2479\" data-end=\"2482\" \/>\u2022 Sou\u010d\u00e1st\u00ed je \u010derven\u00e1 ob\u00e1lka.<\/p>\n<p>\u00b0\u2727\u2726 V ka\u017ed\u00e9 objedn\u00e1vce obdr\u017e\u00edte tak\u00e9 slevu na dal\u0161\u00ed n\u00e1kup, najdete zde tak\u00e9 drobn\u00e9 p\u0159edm\u011bty, jako jsou pohlednice, samolepky, z\u00e1lo\u017eky nebo jin\u00e9 n\u00e1hodn\u011b vybran\u00e9! A v ka\u017ed\u00e9 objedn\u00e1vce nad 20 USD \/ 20 \u20ac \/ 500 K\u010d zas\u00edl\u00e1m !!!LUCKY DIP!!!\u2726\u2727\u00b0<\/p>\n<p>\u2726 VELIKOST A BARVY\u00a0\u2726<br \/>\n\u2022 P\u0159elo\u017een\u00e9 do form\u00e1tu A6 (10,5 \u00d7 14,8 cm)<br \/>\n\u2022  Upozor\u0148ujeme, \u017ee barvy, kter\u00e9 vid\u00edte na monitoru, se mohou m\u00edrn\u011b li\u0161it od skute\u010dn\u00fdch barev tisku.<\/p>\n<p>\u2726 PO\u0160TOVN\u00c9 \u2726<br \/>\n\u2022 Z\u00e1silky zas\u00edl\u00e1m nejrychlej\u0161\u00ed dostupnou po\u0161tou se sledovac\u00edm \u010d\u00edslem, co\u017e zaru\u010duje, \u017ee se va\u0161e objedn\u00e1vka neztrat\u00ed. Pokud se vyskytne jak\u00fdkoli probl\u00e9m se z\u00e1silkou, nev\u00e1hejte m\u011b kontaktovat a spole\u010dn\u011b ho vy\u0159e\u0161\u00edme.<\/p>\n<p>\u2726 OSTATN\u00cd \u2726<br \/>\n\u2022 <strong>Pokud objedn\u00e1vku pos\u00edl\u00e1te jako d\u00e1rek, m\u016f\u017eete do pozn\u00e1mky p\u0159i objedn\u00e1vce napsat text, kter\u00fd p\u0159\u00edjemce obdr\u017e\u00ed na ru\u010dn\u011b psan\u00e9 kart\u011b.<\/strong><br \/>\n\u2022 Pokud m\u00e1te n\u011bjak\u00e9 dotazy, kontaktujte m\u011b zde nebo na m\u00e9m Instagramu (@deanirart). \ud83d\ude42<\/p>","protected":false},"excerpt":{"rendered":"<p>\u2726 \ud835\udc01\ud835\udc00\ud835\udc12\ud835\udc08\ud835\udc02 \ud835\udc08\ud835\udc0d\ud835\udc05\ud835\udc0e \u2726 \u2022 Hand-painted digital illustration printed on premium Keaykolour, China White, 300g\/m2 paper (A6 when folded). \u2022 Elegant die-cut design with snowflake pattern.\u2022 Motifs: fox, wolf, bear, deer \u2013 peaceful winter forest atmosphere.\u2022 Available in Czech (\u201cVesel\u00e9 V\u00e1noce\u201d) or English (\u201cMerry Christmas\u201d) version.\u2022 Includes matching envelope. \u00b0\u2727\u2726 In each order, you will&hellip;&nbsp;<a href=\"https:\/\/daenir.art\/cs\/produkt\/christmas-card-woodland-animals-premium-edition\/\" rel=\"bookmark\">\u010c\u00edst d\u00e1le &raquo;<span class=\"screen-reader-text\">V\u00e1no\u010dn\u00ed p\u0159\u00e1n\u00ed \u2013 Lesn\u00ed zv\u00ed\u0159ata (Pr\u00e9miov\u00e1 edice)<\/span><\/a><\/p>","protected":false},"featured_media":4048,"template":"","meta":{"neve_meta_sidebar":"","neve_meta_container":"","neve_meta_enable_content_width":"off","neve_meta_content_width":70,"neve_meta_title_alignment":"","neve_meta_author_avatar":"","neve_post_elements_order":"","neve_meta_disable_header":"","neve_meta_disable_footer":"","neve_meta_disable_title":"","_themeisle_gutenberg_block_has_review":false},"product_brand":[],"product_cat":[79],"product_tag":[],"class_list":{"0":"post-4017","1":"product","2":"type-product","3":"status-publish","4":"has-post-thumbnail","6":"product_cat-christmas","8":"first","9":"instock","10":"shipping-taxable","11":"purchasable","12":"product-type-variable"},"yoast_head":"<!-- This site is optimized with the Yoast SEO plugin v27.5 - https:\/\/yoast.com\/product\/yoast-seo-wordpress\/ -->\n<title>Christmas Card \u2013 Woodland Animals (Premium Edition) | Dae Nir<\/title>\n<meta name=\"description\" content=\"Original Christmas card with hand-painted woodland animals \u2013 fox, wolf, bear and more. Available in Czech or English version, with envelope included.\" \/>\n<meta name=\"robots\" content=\"index, follow, max-snippet:-1, max-image-preview:large, max-video-preview:-1\" \/>\n<link rel=\"canonical\" href=\"https:\/\/daenir.art\/cs\/produkt\/christmas-card-woodland-animals-premium-edition\/\" \/>\n<meta property=\"og:locale\" content=\"cs_CZ\" \/>\n<meta property=\"og:type\" content=\"article\" \/>\n<meta property=\"og:title\" content=\"Christmas Card \u2013 Woodland Animals (Premium Edition) | Dae Nir\" \/>\n<meta property=\"og:description\" content=\"Original Christmas card with hand-painted woodland animals \u2013 fox, wolf, bear and more. Available in Czech or English version, with envelope included.\" \/>\n<meta property=\"og:url\" content=\"https:\/\/daenir.art\/cs\/produkt\/christmas-card-woodland-animals-premium-edition\/\" \/>\n<meta property=\"og:site_name\" content=\"Dae Nir\" \/>\n<meta property=\"og:image\" content=\"https:\/\/i0.wp.com\/daenir.art\/wp-content\/uploads\/2025\/11\/IMG__0015-scaled.jpg?fit=2560%2C2560&ssl=1\" \/>\n\t<meta property=\"og:image:width\" content=\"2560\" \/>\n\t<meta property=\"og:image:height\" content=\"2560\" \/>\n\t<meta property=\"og:image:type\" content=\"image\/jpeg\" \/>\n<meta name=\"twitter:card\" content=\"summary_large_image\" \/>\n<meta name=\"twitter:label1\" content=\"Odhadovan\u00e1 doba \u010dten\u00ed\" \/>\n\t<meta name=\"twitter:data1\" content=\"2 minuty\" \/>\n<script type=\"application\/ld+json\" class=\"yoast-schema-graph\">{\"@context\":\"https:\\\/\\\/schema.org\",\"@graph\":[{\"@type\":\"WebPage\",\"@id\":\"https:\\\/\\\/daenir.art\\\/produkt\\\/christmas-card-woodland-animals-premium-edition\\\/\",\"url\":\"https:\\\/\\\/daenir.art\\\/produkt\\\/christmas-card-woodland-animals-premium-edition\\\/\",\"name\":\"Christmas Card \u2013 Woodland Animals (Premium Edition) | Dae Nir\",\"isPartOf\":{\"@id\":\"https:\\\/\\\/daenir.art\\\/#website\"},\"primaryImageOfPage\":{\"@id\":\"https:\\\/\\\/daenir.art\\\/produkt\\\/christmas-card-woodland-animals-premium-edition\\\/#primaryimage\"},\"image\":{\"@id\":\"https:\\\/\\\/daenir.art\\\/produkt\\\/christmas-card-woodland-animals-premium-edition\\\/#primaryimage\"},\"thumbnailUrl\":\"https:\\\/\\\/i0.wp.com\\\/daenir.art\\\/wp-content\\\/uploads\\\/2025\\\/11\\\/IMG__0015-scaled.jpg?fit=2560%2C2560&ssl=1\",\"datePublished\":\"2025-11-14T11:00:18+00:00\",\"description\":\"Original Christmas card with hand-painted woodland animals \u2013 fox, wolf, bear and more. Available in Czech or English version, with envelope included.\",\"breadcrumb\":{\"@id\":\"https:\\\/\\\/daenir.art\\\/produkt\\\/christmas-card-woodland-animals-premium-edition\\\/#breadcrumb\"},\"inLanguage\":\"cs\",\"potentialAction\":[{\"@type\":\"ReadAction\",\"target\":[\"https:\\\/\\\/daenir.art\\\/produkt\\\/christmas-card-woodland-animals-premium-edition\\\/\"]}]},{\"@type\":\"ImageObject\",\"inLanguage\":\"cs\",\"@id\":\"https:\\\/\\\/daenir.art\\\/produkt\\\/christmas-card-woodland-animals-premium-edition\\\/#primaryimage\",\"url\":\"https:\\\/\\\/i0.wp.com\\\/daenir.art\\\/wp-content\\\/uploads\\\/2025\\\/11\\\/IMG__0015-scaled.jpg?fit=2560%2C2560&ssl=1\",\"contentUrl\":\"https:\\\/\\\/i0.wp.com\\\/daenir.art\\\/wp-content\\\/uploads\\\/2025\\\/11\\\/IMG__0015-scaled.jpg?fit=2560%2C2560&ssl=1\",\"width\":2560,\"height\":2560},{\"@type\":\"BreadcrumbList\",\"@id\":\"https:\\\/\\\/daenir.art\\\/produkt\\\/christmas-card-woodland-animals-premium-edition\\\/#breadcrumb\",\"itemListElement\":[{\"@type\":\"ListItem\",\"position\":1,\"name\":\"Home\",\"item\":\"https:\\\/\\\/daenir.art\\\/\"},{\"@type\":\"ListItem\",\"position\":2,\"name\":\"Shop\",\"item\":\"https:\\\/\\\/daenir.art\\\/shop\\\/\"},{\"@type\":\"ListItem\",\"position\":3,\"name\":\"Christmas Card \u2013 Woodland Animals (Premium Edition)\"}]},{\"@type\":\"WebSite\",\"@id\":\"https:\\\/\\\/daenir.art\\\/#website\",\"url\":\"https:\\\/\\\/daenir.art\\\/\",\"name\":\"Dae Nir Art\",\"description\":\"Mystical Art from a Darker Realm\",\"publisher\":{\"@id\":\"https:\\\/\\\/daenir.art\\\/#\\\/schema\\\/person\\\/20dd059b78448af6362377a99976bfb8\"},\"alternateName\":\"Dae Nir \u2013 Dark & Enchanting Art\",\"potentialAction\":[{\"@type\":\"SearchAction\",\"target\":{\"@type\":\"EntryPoint\",\"urlTemplate\":\"https:\\\/\\\/daenir.art\\\/?s={search_term_string}\"},\"query-input\":{\"@type\":\"PropertyValueSpecification\",\"valueRequired\":true,\"valueName\":\"search_term_string\"}}],\"inLanguage\":\"cs\"},{\"@type\":[\"Person\",\"Organization\"],\"@id\":\"https:\\\/\\\/daenir.art\\\/#\\\/schema\\\/person\\\/20dd059b78448af6362377a99976bfb8\",\"name\":\"Daenir\",\"image\":{\"@type\":\"ImageObject\",\"inLanguage\":\"cs\",\"@id\":\"https:\\\/\\\/i0.wp.com\\\/daenir.art\\\/wp-content\\\/uploads\\\/2021\\\/03\\\/logo-1.png?fit=655%2C594&ssl=1\",\"url\":\"https:\\\/\\\/i0.wp.com\\\/daenir.art\\\/wp-content\\\/uploads\\\/2021\\\/03\\\/logo-1.png?fit=655%2C594&ssl=1\",\"contentUrl\":\"https:\\\/\\\/i0.wp.com\\\/daenir.art\\\/wp-content\\\/uploads\\\/2021\\\/03\\\/logo-1.png?fit=655%2C594&ssl=1\",\"width\":655,\"height\":594,\"caption\":\"Daenir\"},\"logo\":{\"@id\":\"https:\\\/\\\/i0.wp.com\\\/daenir.art\\\/wp-content\\\/uploads\\\/2021\\\/03\\\/logo-1.png?fit=655%2C594&ssl=1\"},\"sameAs\":[\"https:\\\/\\\/daenir.art\\\/\"]}]}<\/script>\n<!-- \/ Yoast SEO plugin. -->","yoast_head_json":{"title":"Christmas Card \u2013 Woodland Animals (Premium Edition) | Dae Nir","description":"Original Christmas card with hand-painted woodland animals \u2013 fox, wolf, bear and more. Available in Czech or English version, with envelope included.","robots":{"index":"index","follow":"follow","max-snippet":"max-snippet:-1","max-image-preview":"max-image-preview:large","max-video-preview":"max-video-preview:-1"},"canonical":"https:\/\/daenir.art\/cs\/produkt\/christmas-card-woodland-animals-premium-edition\/","og_locale":"cs_CZ","og_type":"article","og_title":"Christmas Card \u2013 Woodland Animals (Premium Edition) | Dae Nir","og_description":"Original Christmas card with hand-painted woodland animals \u2013 fox, wolf, bear and more. Available in Czech or English version, with envelope included.","og_url":"https:\/\/daenir.art\/cs\/produkt\/christmas-card-woodland-animals-premium-edition\/","og_site_name":"Dae Nir","og_image":[{"width":2560,"height":2560,"url":"https:\/\/i0.wp.com\/daenir.art\/wp-content\/uploads\/2025\/11\/IMG__0015-scaled.jpg?fit=2560%2C2560&ssl=1","type":"image\/jpeg"}],"twitter_card":"summary_large_image","twitter_misc":{"Odhadovan\u00e1 doba \u010dten\u00ed":"2 minuty"},"schema":{"@context":"https:\/\/schema.org","@graph":[{"@type":"WebPage","@id":"https:\/\/daenir.art\/produkt\/christmas-card-woodland-animals-premium-edition\/","url":"https:\/\/daenir.art\/produkt\/christmas-card-woodland-animals-premium-edition\/","name":"Christmas Card \u2013 Woodland Animals (Premium Edition) | Dae Nir","isPartOf":{"@id":"https:\/\/daenir.art\/#website"},"primaryImageOfPage":{"@id":"https:\/\/daenir.art\/produkt\/christmas-card-woodland-animals-premium-edition\/#primaryimage"},"image":{"@id":"https:\/\/daenir.art\/produkt\/christmas-card-woodland-animals-premium-edition\/#primaryimage"},"thumbnailUrl":"https:\/\/i0.wp.com\/daenir.art\/wp-content\/uploads\/2025\/11\/IMG__0015-scaled.jpg?fit=2560%2C2560&ssl=1","datePublished":"2025-11-14T11:00:18+00:00","description":"Original Christmas card with hand-painted woodland animals \u2013 fox, wolf, bear and more. Available in Czech or English version, with envelope included.","breadcrumb":{"@id":"https:\/\/daenir.art\/produkt\/christmas-card-woodland-animals-premium-edition\/#breadcrumb"},"inLanguage":"cs","potentialAction":[{"@type":"ReadAction","target":["https:\/\/daenir.art\/produkt\/christmas-card-woodland-animals-premium-edition\/"]}]},{"@type":"ImageObject","inLanguage":"cs","@id":"https:\/\/daenir.art\/produkt\/christmas-card-woodland-animals-premium-edition\/#primaryimage","url":"https:\/\/i0.wp.com\/daenir.art\/wp-content\/uploads\/2025\/11\/IMG__0015-scaled.jpg?fit=2560%2C2560&ssl=1","contentUrl":"https:\/\/i0.wp.com\/daenir.art\/wp-content\/uploads\/2025\/11\/IMG__0015-scaled.jpg?fit=2560%2C2560&ssl=1","width":2560,"height":2560},{"@type":"BreadcrumbList","@id":"https:\/\/daenir.art\/produkt\/christmas-card-woodland-animals-premium-edition\/#breadcrumb","itemListElement":[{"@type":"ListItem","position":1,"name":"Home","item":"https:\/\/daenir.art\/"},{"@type":"ListItem","position":2,"name":"Shop","item":"https:\/\/daenir.art\/shop\/"},{"@type":"ListItem","position":3,"name":"Christmas Card \u2013 Woodland Animals (Premium Edition)"}]},{"@type":"WebSite","@id":"https:\/\/daenir.art\/#website","url":"https:\/\/daenir.art\/","name":"Dae Nir Art","description":"Mystical Art from a Darker Realm","publisher":{"@id":"https:\/\/daenir.art\/#\/schema\/person\/20dd059b78448af6362377a99976bfb8"},"alternateName":"Dae Nir \u2013 Dark & Enchanting Art","potentialAction":[{"@type":"SearchAction","target":{"@type":"EntryPoint","urlTemplate":"https:\/\/daenir.art\/?s={search_term_string}"},"query-input":{"@type":"PropertyValueSpecification","valueRequired":true,"valueName":"search_term_string"}}],"inLanguage":"cs"},{"@type":["Person","Organization"],"@id":"https:\/\/daenir.art\/#\/schema\/person\/20dd059b78448af6362377a99976bfb8","name":"Daenir","image":{"@type":"ImageObject","inLanguage":"cs","@id":"https:\/\/i0.wp.com\/daenir.art\/wp-content\/uploads\/2021\/03\/logo-1.png?fit=655%2C594&ssl=1","url":"https:\/\/i0.wp.com\/daenir.art\/wp-content\/uploads\/2021\/03\/logo-1.png?fit=655%2C594&ssl=1","contentUrl":"https:\/\/i0.wp.com\/daenir.art\/wp-content\/uploads\/2021\/03\/logo-1.png?fit=655%2C594&ssl=1","width":655,"height":594,"caption":"Daenir"},"logo":{"@id":"https:\/\/i0.wp.com\/daenir.art\/wp-content\/uploads\/2021\/03\/logo-1.png?fit=655%2C594&ssl=1"},"sameAs":["https:\/\/daenir.art\/"]}]}},"jetpack_sharing_enabled":true,"_links":{"self":[{"href":"https:\/\/daenir.art\/cs\/wp-json\/wp\/v2\/product\/4017","targetHints":{"allow":["GET"]}}],"collection":[{"href":"https:\/\/daenir.art\/cs\/wp-json\/wp\/v2\/product"}],"about":[{"href":"https:\/\/daenir.art\/cs\/wp-json\/wp\/v2\/types\/product"}],"wp:featuredmedia":[{"embeddable":true,"href":"https:\/\/daenir.art\/cs\/wp-json\/wp\/v2\/media\/4048"}],"wp:attachment":[{"href":"https:\/\/daenir.art\/cs\/wp-json\/wp\/v2\/media?parent=4017"}],"wp:term":[{"taxonomy":"product_brand","embeddable":true,"href":"https:\/\/daenir.art\/cs\/wp-json\/wp\/v2\/product_brand?post=4017"},{"taxonomy":"product_cat","embeddable":true,"href":"https:\/\/daenir.art\/cs\/wp-json\/wp\/v2\/product_cat?post=4017"},{"taxonomy":"product_tag","embeddable":true,"href":"https:\/\/daenir.art\/cs\/wp-json\/wp\/v2\/product_tag?post=4017"}],"curies":[{"name":"wp","href":"https:\/\/api.w.org\/{rel}","templated":true}]}}