{"id":4063,"date":"2025-11-13T16:13:57","date_gmt":"2025-11-13T15:13:57","guid":{"rendered":"https:\/\/daenir.art\/?post_type=product&#038;p=4063"},"modified":"2025-11-13T16:19:37","modified_gmt":"2025-11-13T15:19:37","slug":"poisonous-plants-deluxe-stationery-gift-set","status":"publish","type":"product","link":"https:\/\/daenir.art\/cs\/produkt\/poisonous-plants-deluxe-stationery-gift-set\/","title":{"rendered":"Jedovat\u00e9 byliny \u2014 d\u00e1rkov\u00fd bal\u00ed\u010dek Deluxe"},"content":{"rendered":"<p>\u2726 Z\u00c1KLADN\u00cd INFORMACE \u2726<br \/>\nPro temn\u00e9 du\u0161e, jemn\u00e9 \u010darod\u011bjky a milovn\u00edky kr\u00e1sn\u00fdch jed\u016f.<br data-start=\"359\" data-end=\"362\" \/>Tato roz\u0161\u00ed\u0159en\u00e1 d\u00e1rkov\u00e1 sada obsahuje v\u0161e z p\u016fvodn\u00edho setu \u2013 a nav\u00edc exkluzivn\u00ed um\u011bleck\u00fd tisk a arch n\u00e1lepek s ru\u010dn\u011b malovan\u00fdmi jedovat\u00fdmi bylinami.<\/p>\n<p><strong>Obsah sady:<\/strong><br \/>\nJedovat\u00e9 byliny \u2013 blok A7, 50 list\u016f, pap\u00edr Ecco Book Cream 80 g.<br \/>\nJedovat\u00e9 byliny \u2013 t\u00fddenn\u00ed pl\u00e1nova\u010d A5, 50 list\u016f, pap\u00edr Ecco Book Cream 80 g.<br \/>\nJedovat\u00e9 byliny \u2013 z\u00e1pisn\u00edk form\u00e1tu A5, linkovan\u00fd kr\u00e9mov\u00fd pap\u00edr 80 g, 50 list\u016f, spir\u00e1lov\u00e1 vazba.<br \/>\nJedovat\u00e9 byliny \u2013 A5 um\u011bleck\u00fd tisk (matn\u00fd pap\u00edr, podepsan\u00fd)<br data-start=\"847\" data-end=\"850\" \/>Jedovat\u00e9 byliny \u2013 A6 arch n\u00e1lepek (motivy jedovat\u00fdch rostlin)<\/p>\n<p>Mal\u00fd bal\u00ed\u010dek temn\u00e9 botanick\u00e9 magie \u2014 ide\u00e1ln\u00ed jako d\u00e1rek, nebo jako osobn\u00ed ritu\u00e1l pro tv\u016fj pracovn\u00ed st\u016fl. \ud83c\udf19<\/p>\n<p>\u2726 VELIKOST \u2726<br data-start=\"1093\" data-end=\"1096\" \/>\u2022 A7 blo\u010dek \u2013 do kapsy (7,4 \u00d7 10,5 cm)<br data-start=\"1154\" data-end=\"1157\" \/>\u2022 A5 pl\u00e1nova\u010d, z\u00e1pisn\u00edk a tisk \u2013 (14,8 \u00d7 21 cm)<br \/>\n\u2022 A6 arch n\u00e1lepek \u2013 (10,5 \u00d7 14,8 cm)<\/p>\n<p>\u2726 PO\u0160TOVN\u00c9 \u2726<br data-start=\"1241\" data-end=\"1244\" \/>\u2022 V\u0161e je pe\u010dliv\u011b zabaleno, aby rohy z\u016fstaly ostr\u00e9 a ob\u00e1lky neporu\u0161en\u00e9.<br data-start=\"1343\" data-end=\"1346\" \/>\u2022 Ka\u017ed\u00e1 z\u00e1silka obsahuje sledovac\u00ed \u010d\u00edslo.<br data-start=\"1388\" data-end=\"1391\" \/>\u2022 Pokud by se s doru\u010den\u00edm cokoliv stalo, napi\u0161te mi \u2014 v\u0161e spole\u010dn\u011b vy\u0159e\u0161\u00edme. \ud83e\udd0d<\/p>\n<p>\u2726 OSTATN\u00cd \u2726<br data-start=\"1511\" data-end=\"1514\" \/>\u2022 P\u0159i objedn\u00e1vce m\u016f\u017eete p\u0159idat vzkaz \u2014 ru\u010dn\u011b ho nap\u00ed\u0161u na malou karti\u010dku.<\/p>","protected":false},"excerpt":{"rendered":"<p>\u2726 \ud835\udc01\ud835\udc00\ud835\udc12\ud835\udc08\ud835\udc02 \ud835\udc08\ud835\udc0d\ud835\udc05\ud835\udc0e \u2726 For dark souls, gentle witches, and lovers of beautiful poisons.This deluxe gift set includes everything from the basic set \u2014 plus exclusive art prints and stickers featuring hand-painted poisonous herbs. Included in this set: Poisonous Plants \u2013 A7 Notepad, 50 sheets, 80g Ecco Book Cream paper. Poisonous Plants \u2013 A5 Weekly&hellip;&nbsp;<a href=\"https:\/\/daenir.art\/cs\/produkt\/poisonous-plants-deluxe-stationery-gift-set\/\" rel=\"bookmark\">\u010c\u00edst d\u00e1le &raquo;<span class=\"screen-reader-text\">Jedovat\u00e9 byliny \u2014 d\u00e1rkov\u00fd bal\u00ed\u010dek Deluxe<\/span><\/a><\/p>","protected":false},"featured_media":4064,"template":"","meta":{"neve_meta_sidebar":"","neve_meta_container":"","neve_meta_enable_content_width":"off","neve_meta_content_width":100,"neve_meta_title_alignment":"","neve_meta_author_avatar":"","neve_post_elements_order":"","neve_meta_disable_header":"","neve_meta_disable_footer":"","neve_meta_disable_title":"","_themeisle_gutenberg_block_has_review":false},"product_brand":[],"product_cat":[78,28,77],"product_tag":[],"class_list":{"0":"post-4063","1":"product","2":"type-product","3":"status-publish","4":"has-post-thumbnail","6":"product_cat-stationery","7":"product_cat-all","8":"product_cat-new","10":"first","11":"instock","12":"shipping-taxable","13":"purchasable","14":"product-type-simple"},"yoast_head":"<!-- This site is optimized with the Yoast SEO plugin v27.5 - https:\/\/yoast.com\/product\/yoast-seo-wordpress\/ -->\n<title>Poisonous Plants \u2013 Deluxe Stationery Gift Set Painting | Dae Nir<\/title>\n<meta name=\"description\" content=\"Explore the dark beauty of nature with the Poisonous Plants Deluxe Stationery Gift Set. Includes notebook, planner, notepad, art print, and stickers \u2014 perfect for witches, dreamers, and lovers of dark botanicals.\" \/>\n<meta name=\"robots\" content=\"index, follow, max-snippet:-1, max-image-preview:large, max-video-preview:-1\" \/>\n<link rel=\"canonical\" href=\"https:\/\/daenir.art\/cs\/produkt\/poisonous-plants-deluxe-stationery-gift-set\/\" \/>\n<meta property=\"og:locale\" content=\"cs_CZ\" \/>\n<meta property=\"og:type\" content=\"article\" \/>\n<meta property=\"og:title\" content=\"Poisonous Plants \u2013 Deluxe Stationery Gift Set Painting | Dae Nir\" \/>\n<meta property=\"og:description\" content=\"Explore the dark beauty of nature with the Poisonous Plants Deluxe Stationery Gift Set. Includes notebook, planner, notepad, art print, and stickers \u2014 perfect for witches, dreamers, and lovers of dark botanicals.\" \/>\n<meta property=\"og:url\" content=\"https:\/\/daenir.art\/cs\/produkt\/poisonous-plants-deluxe-stationery-gift-set\/\" \/>\n<meta property=\"og:site_name\" content=\"Dae Nir\" \/>\n<meta property=\"article:modified_time\" content=\"2025-11-13T15:19:37+00:00\" \/>\n<meta property=\"og:image\" content=\"https:\/\/daenir.art\/wp-content\/uploads\/2025\/11\/mockup_0001-scaled.jpg\" \/>\n\t<meta property=\"og:image:width\" content=\"2560\" \/>\n\t<meta property=\"og:image:height\" content=\"2560\" \/>\n\t<meta property=\"og:image:type\" content=\"image\/jpeg\" \/>\n<meta name=\"twitter:card\" content=\"summary_large_image\" \/>\n<meta name=\"twitter:label1\" content=\"Odhadovan\u00e1 doba \u010dten\u00ed\" \/>\n\t<meta name=\"twitter:data1\" content=\"2 minuty\" \/>\n<script type=\"application\/ld+json\" class=\"yoast-schema-graph\">{\"@context\":\"https:\\\/\\\/schema.org\",\"@graph\":[{\"@type\":\"WebPage\",\"@id\":\"https:\\\/\\\/daenir.art\\\/produkt\\\/poisonous-plants-deluxe-stationery-gift-set\\\/\",\"url\":\"https:\\\/\\\/daenir.art\\\/produkt\\\/poisonous-plants-deluxe-stationery-gift-set\\\/\",\"name\":\"Poisonous Plants \u2013 Deluxe Stationery Gift Set Painting | Dae Nir\",\"isPartOf\":{\"@id\":\"https:\\\/\\\/daenir.art\\\/#website\"},\"primaryImageOfPage\":{\"@id\":\"https:\\\/\\\/daenir.art\\\/produkt\\\/poisonous-plants-deluxe-stationery-gift-set\\\/#primaryimage\"},\"image\":{\"@id\":\"https:\\\/\\\/daenir.art\\\/produkt\\\/poisonous-plants-deluxe-stationery-gift-set\\\/#primaryimage\"},\"thumbnailUrl\":\"https:\\\/\\\/i0.wp.com\\\/daenir.art\\\/wp-content\\\/uploads\\\/2025\\\/11\\\/mockup_0001-scaled.jpg?fit=2560%2C2560&ssl=1\",\"datePublished\":\"2025-11-13T15:13:57+00:00\",\"dateModified\":\"2025-11-13T15:19:37+00:00\",\"description\":\"Explore the dark beauty of nature with the Poisonous Plants Deluxe Stationery Gift Set. Includes notebook, planner, notepad, art print, and stickers \u2014 perfect for witches, dreamers, and lovers of dark botanicals.\",\"breadcrumb\":{\"@id\":\"https:\\\/\\\/daenir.art\\\/produkt\\\/poisonous-plants-deluxe-stationery-gift-set\\\/#breadcrumb\"},\"inLanguage\":\"cs\",\"potentialAction\":[{\"@type\":\"ReadAction\",\"target\":[\"https:\\\/\\\/daenir.art\\\/produkt\\\/poisonous-plants-deluxe-stationery-gift-set\\\/\"]}]},{\"@type\":\"ImageObject\",\"inLanguage\":\"cs\",\"@id\":\"https:\\\/\\\/daenir.art\\\/produkt\\\/poisonous-plants-deluxe-stationery-gift-set\\\/#primaryimage\",\"url\":\"https:\\\/\\\/i0.wp.com\\\/daenir.art\\\/wp-content\\\/uploads\\\/2025\\\/11\\\/mockup_0001-scaled.jpg?fit=2560%2C2560&ssl=1\",\"contentUrl\":\"https:\\\/\\\/i0.wp.com\\\/daenir.art\\\/wp-content\\\/uploads\\\/2025\\\/11\\\/mockup_0001-scaled.jpg?fit=2560%2C2560&ssl=1\",\"width\":2560,\"height\":2560},{\"@type\":\"BreadcrumbList\",\"@id\":\"https:\\\/\\\/daenir.art\\\/produkt\\\/poisonous-plants-deluxe-stationery-gift-set\\\/#breadcrumb\",\"itemListElement\":[{\"@type\":\"ListItem\",\"position\":1,\"name\":\"Home\",\"item\":\"https:\\\/\\\/daenir.art\\\/\"},{\"@type\":\"ListItem\",\"position\":2,\"name\":\"Shop\",\"item\":\"https:\\\/\\\/daenir.art\\\/shop\\\/\"},{\"@type\":\"ListItem\",\"position\":3,\"name\":\"Poisonous Plants \u2013 Deluxe Stationery Gift Set\"}]},{\"@type\":\"WebSite\",\"@id\":\"https:\\\/\\\/daenir.art\\\/#website\",\"url\":\"https:\\\/\\\/daenir.art\\\/\",\"name\":\"Dae Nir Art\",\"description\":\"Mystical Art from a Darker Realm\",\"publisher\":{\"@id\":\"https:\\\/\\\/daenir.art\\\/#\\\/schema\\\/person\\\/20dd059b78448af6362377a99976bfb8\"},\"alternateName\":\"Dae Nir \u2013 Dark & Enchanting Art\",\"potentialAction\":[{\"@type\":\"SearchAction\",\"target\":{\"@type\":\"EntryPoint\",\"urlTemplate\":\"https:\\\/\\\/daenir.art\\\/?s={search_term_string}\"},\"query-input\":{\"@type\":\"PropertyValueSpecification\",\"valueRequired\":true,\"valueName\":\"search_term_string\"}}],\"inLanguage\":\"cs\"},{\"@type\":[\"Person\",\"Organization\"],\"@id\":\"https:\\\/\\\/daenir.art\\\/#\\\/schema\\\/person\\\/20dd059b78448af6362377a99976bfb8\",\"name\":\"Daenir\",\"image\":{\"@type\":\"ImageObject\",\"inLanguage\":\"cs\",\"@id\":\"https:\\\/\\\/i0.wp.com\\\/daenir.art\\\/wp-content\\\/uploads\\\/2021\\\/03\\\/logo-1.png?fit=655%2C594&ssl=1\",\"url\":\"https:\\\/\\\/i0.wp.com\\\/daenir.art\\\/wp-content\\\/uploads\\\/2021\\\/03\\\/logo-1.png?fit=655%2C594&ssl=1\",\"contentUrl\":\"https:\\\/\\\/i0.wp.com\\\/daenir.art\\\/wp-content\\\/uploads\\\/2021\\\/03\\\/logo-1.png?fit=655%2C594&ssl=1\",\"width\":655,\"height\":594,\"caption\":\"Daenir\"},\"logo\":{\"@id\":\"https:\\\/\\\/i0.wp.com\\\/daenir.art\\\/wp-content\\\/uploads\\\/2021\\\/03\\\/logo-1.png?fit=655%2C594&ssl=1\"},\"sameAs\":[\"https:\\\/\\\/daenir.art\\\/\"]}]}<\/script>\n<!-- \/ Yoast SEO plugin. -->","yoast_head_json":{"title":"Poisonous Plants \u2013 Deluxe Stationery Gift Set Painting | Dae Nir","description":"Explore the dark beauty of nature with the Poisonous Plants Deluxe Stationery Gift Set. Includes notebook, planner, notepad, art print, and stickers \u2014 perfect for witches, dreamers, and lovers of dark botanicals.","robots":{"index":"index","follow":"follow","max-snippet":"max-snippet:-1","max-image-preview":"max-image-preview:large","max-video-preview":"max-video-preview:-1"},"canonical":"https:\/\/daenir.art\/cs\/produkt\/poisonous-plants-deluxe-stationery-gift-set\/","og_locale":"cs_CZ","og_type":"article","og_title":"Poisonous Plants \u2013 Deluxe Stationery Gift Set Painting | Dae Nir","og_description":"Explore the dark beauty of nature with the Poisonous Plants Deluxe Stationery Gift Set. Includes notebook, planner, notepad, art print, and stickers \u2014 perfect for witches, dreamers, and lovers of dark botanicals.","og_url":"https:\/\/daenir.art\/cs\/produkt\/poisonous-plants-deluxe-stationery-gift-set\/","og_site_name":"Dae Nir","article_modified_time":"2025-11-13T15:19:37+00:00","og_image":[{"width":2560,"height":2560,"url":"https:\/\/daenir.art\/wp-content\/uploads\/2025\/11\/mockup_0001-scaled.jpg","type":"image\/jpeg"}],"twitter_card":"summary_large_image","twitter_misc":{"Odhadovan\u00e1 doba \u010dten\u00ed":"2 minuty"},"schema":{"@context":"https:\/\/schema.org","@graph":[{"@type":"WebPage","@id":"https:\/\/daenir.art\/produkt\/poisonous-plants-deluxe-stationery-gift-set\/","url":"https:\/\/daenir.art\/produkt\/poisonous-plants-deluxe-stationery-gift-set\/","name":"Poisonous Plants \u2013 Deluxe Stationery Gift Set Painting | Dae Nir","isPartOf":{"@id":"https:\/\/daenir.art\/#website"},"primaryImageOfPage":{"@id":"https:\/\/daenir.art\/produkt\/poisonous-plants-deluxe-stationery-gift-set\/#primaryimage"},"image":{"@id":"https:\/\/daenir.art\/produkt\/poisonous-plants-deluxe-stationery-gift-set\/#primaryimage"},"thumbnailUrl":"https:\/\/i0.wp.com\/daenir.art\/wp-content\/uploads\/2025\/11\/mockup_0001-scaled.jpg?fit=2560%2C2560&ssl=1","datePublished":"2025-11-13T15:13:57+00:00","dateModified":"2025-11-13T15:19:37+00:00","description":"Explore the dark beauty of nature with the Poisonous Plants Deluxe Stationery Gift Set. Includes notebook, planner, notepad, art print, and stickers \u2014 perfect for witches, dreamers, and lovers of dark botanicals.","breadcrumb":{"@id":"https:\/\/daenir.art\/produkt\/poisonous-plants-deluxe-stationery-gift-set\/#breadcrumb"},"inLanguage":"cs","potentialAction":[{"@type":"ReadAction","target":["https:\/\/daenir.art\/produkt\/poisonous-plants-deluxe-stationery-gift-set\/"]}]},{"@type":"ImageObject","inLanguage":"cs","@id":"https:\/\/daenir.art\/produkt\/poisonous-plants-deluxe-stationery-gift-set\/#primaryimage","url":"https:\/\/i0.wp.com\/daenir.art\/wp-content\/uploads\/2025\/11\/mockup_0001-scaled.jpg?fit=2560%2C2560&ssl=1","contentUrl":"https:\/\/i0.wp.com\/daenir.art\/wp-content\/uploads\/2025\/11\/mockup_0001-scaled.jpg?fit=2560%2C2560&ssl=1","width":2560,"height":2560},{"@type":"BreadcrumbList","@id":"https:\/\/daenir.art\/produkt\/poisonous-plants-deluxe-stationery-gift-set\/#breadcrumb","itemListElement":[{"@type":"ListItem","position":1,"name":"Home","item":"https:\/\/daenir.art\/"},{"@type":"ListItem","position":2,"name":"Shop","item":"https:\/\/daenir.art\/shop\/"},{"@type":"ListItem","position":3,"name":"Poisonous Plants \u2013 Deluxe Stationery Gift Set"}]},{"@type":"WebSite","@id":"https:\/\/daenir.art\/#website","url":"https:\/\/daenir.art\/","name":"Dae Nir Art","description":"Mystical Art from a Darker Realm","publisher":{"@id":"https:\/\/daenir.art\/#\/schema\/person\/20dd059b78448af6362377a99976bfb8"},"alternateName":"Dae Nir \u2013 Dark & Enchanting Art","potentialAction":[{"@type":"SearchAction","target":{"@type":"EntryPoint","urlTemplate":"https:\/\/daenir.art\/?s={search_term_string}"},"query-input":{"@type":"PropertyValueSpecification","valueRequired":true,"valueName":"search_term_string"}}],"inLanguage":"cs"},{"@type":["Person","Organization"],"@id":"https:\/\/daenir.art\/#\/schema\/person\/20dd059b78448af6362377a99976bfb8","name":"Daenir","image":{"@type":"ImageObject","inLanguage":"cs","@id":"https:\/\/i0.wp.com\/daenir.art\/wp-content\/uploads\/2021\/03\/logo-1.png?fit=655%2C594&ssl=1","url":"https:\/\/i0.wp.com\/daenir.art\/wp-content\/uploads\/2021\/03\/logo-1.png?fit=655%2C594&ssl=1","contentUrl":"https:\/\/i0.wp.com\/daenir.art\/wp-content\/uploads\/2021\/03\/logo-1.png?fit=655%2C594&ssl=1","width":655,"height":594,"caption":"Daenir"},"logo":{"@id":"https:\/\/i0.wp.com\/daenir.art\/wp-content\/uploads\/2021\/03\/logo-1.png?fit=655%2C594&ssl=1"},"sameAs":["https:\/\/daenir.art\/"]}]}},"jetpack_sharing_enabled":true,"_links":{"self":[{"href":"https:\/\/daenir.art\/cs\/wp-json\/wp\/v2\/product\/4063","targetHints":{"allow":["GET"]}}],"collection":[{"href":"https:\/\/daenir.art\/cs\/wp-json\/wp\/v2\/product"}],"about":[{"href":"https:\/\/daenir.art\/cs\/wp-json\/wp\/v2\/types\/product"}],"wp:featuredmedia":[{"embeddable":true,"href":"https:\/\/daenir.art\/cs\/wp-json\/wp\/v2\/media\/4064"}],"wp:attachment":[{"href":"https:\/\/daenir.art\/cs\/wp-json\/wp\/v2\/media?parent=4063"}],"wp:term":[{"taxonomy":"product_brand","embeddable":true,"href":"https:\/\/daenir.art\/cs\/wp-json\/wp\/v2\/product_brand?post=4063"},{"taxonomy":"product_cat","embeddable":true,"href":"https:\/\/daenir.art\/cs\/wp-json\/wp\/v2\/product_cat?post=4063"},{"taxonomy":"product_tag","embeddable":true,"href":"https:\/\/daenir.art\/cs\/wp-json\/wp\/v2\/product_tag?post=4063"}],"curies":[{"name":"wp","href":"https:\/\/api.w.org\/{rel}","templated":true}]}}