{"id":4118,"date":"2026-02-10T21:10:37","date_gmt":"2026-02-10T20:10:37","guid":{"rendered":"https:\/\/daenir.art\/?post_type=product&#038;p=4118"},"modified":"2026-02-12T15:53:11","modified_gmt":"2026-02-12T14:53:11","slug":"poisonous-herbs-botanical-illustration-mug","status":"publish","type":"product","link":"https:\/\/daenir.art\/cs\/produkt\/poisonous-herbs-botanical-illustration-mug\/","title":{"rendered":"Jedovat\u00e9 byliny \u2013 Hrnek s botanickou ilustrac\u00ed"},"content":{"rendered":"<p>\u2726 Z\u00c1KLADN\u00cd INFORMACE \u2726<\/p>\n<p data-start=\"782\" data-end=\"852\">\u201eTich\u00fd okam\u017eik ukryt\u00fd ve tv\u00fdch dlan\u00edch.\u201c<\/p>\n<p data-start=\"854\" data-end=\"1035\">Keramick\u00fd hrnek pro pomal\u00e1 r\u00e1na, ve\u010dern\u00ed ritu\u00e1ly a sv\u011bty, kter\u00e9 se otev\u00edraj\u00ed mezi dou\u0161ky \u010daje nebo k\u00e1vy.<br data-start=\"957\" data-end=\"960\" \/>Poti\u0161t\u011bn origin\u00e1ln\u00ed ilustrac\u00ed inspirovanou fantazi\u00ed, magi\u00ed a vypr\u00e1v\u011bn\u00edm p\u0159\u00edb\u011bh\u016f.<\/p>\n<p data-start=\"1037\" data-end=\"1091\">Leskl\u00fd keramick\u00fd hrnek, vhodn\u00fd do my\u010dky n\u00e1dob\u00ed.<\/p>\n<p>\u2726 VELIKOST \u2726<br data-start=\"1154\" data-end=\"1157\" \/>\u2022 Objem: 330 ml \/ 10 oz<\/p>\n<p>\u2726 PO\u0160TOVN\u00c9 \u2726<br data-start=\"1241\" data-end=\"1244\" \/>\u2022 V\u0161echny produkty jsou pe\u010dliv\u011b zabaleny do ochrann\u00e9ho obalu, aby byly b\u011bhem p\u0159epravy v bezpe\u010d\u00ed.<br data-start=\"1343\" data-end=\"1346\" \/>\u2022 Ka\u017ed\u00e1 z\u00e1silka obsahuje sledovac\u00ed \u010d\u00edslo.<br data-start=\"1388\" data-end=\"1391\" \/>\u2022 Pokud by se s doru\u010den\u00edm cokoliv stalo, napi\u0161te mi \u2014 v\u0161e spole\u010dn\u011b vy\u0159e\u0161\u00edme. \ud83e\udd0d<\/p>","protected":false},"excerpt":{"rendered":"<p>\u2726 \ud835\udc01\ud835\udc00\ud835\udc12\ud835\udc08\ud835\udc02 \ud835\udc08\ud835\udc0d\ud835\udc05\ud835\udc0e \u2726 \u201cA quiet moment, held between your hands.\u201d A ceramic mug for slow mornings, night rituals, and worlds that unfold between sips of tea or coffee.Printed with original artwork inspired by fantasy, magic, and storytelling. Glossy ceramic mug, dishwasher safe. \u2726 \ud835\udc12\ud835\udc08\ud835\udc19\ud835\udc04 \u2726\u2022 Capacity: 330 ml \/ 10 oz \u2726 \ud835\udc12\ud835\udc07\ud835\udc08\ud835\udc0f\ud835\udc0f\ud835\udc08\ud835\udc0d\ud835\udc06 \u2726\u2022&hellip;&nbsp;<a href=\"https:\/\/daenir.art\/cs\/produkt\/poisonous-herbs-botanical-illustration-mug\/\" rel=\"bookmark\">\u010c\u00edst d\u00e1le &raquo;<span class=\"screen-reader-text\">Jedovat\u00e9 byliny \u2013 Hrnek s botanickou ilustrac\u00ed<\/span><\/a><\/p>","protected":false},"featured_media":4153,"template":"","meta":{"neve_meta_sidebar":"","neve_meta_container":"","neve_meta_enable_content_width":"off","neve_meta_content_width":100,"neve_meta_title_alignment":"","neve_meta_author_avatar":"","neve_post_elements_order":"","neve_meta_disable_header":"","neve_meta_disable_footer":"","neve_meta_disable_title":"","_themeisle_gutenberg_block_has_review":false},"product_brand":[],"product_cat":[80,28,77],"product_tag":[],"class_list":{"0":"post-4118","1":"product","2":"type-product","3":"status-publish","4":"has-post-thumbnail","6":"product_cat--mugs","7":"product_cat-all","8":"product_cat-new","9":"product_shipping_class-balicek","11":"first","12":"instock","13":"sale","14":"shipping-taxable","15":"purchasable","16":"product-type-simple"},"yoast_head":"<!-- This site is optimized with the Yoast SEO plugin v27.5 - https:\/\/yoast.com\/product\/yoast-seo-wordpress\/ -->\n<title>Poisonous Herbs \u2013 Botanical Illustration Mug Painting | Dae Nir<\/title>\n<meta name=\"description\" content=\"Fantasy ceramic mug with original artwork. A 300 ml dishwasher-safe mug for slow mornings, magical rituals, and story-filled moments.\" \/>\n<meta name=\"robots\" content=\"index, follow, max-snippet:-1, max-image-preview:large, max-video-preview:-1\" \/>\n<link rel=\"canonical\" href=\"https:\/\/daenir.art\/cs\/produkt\/poisonous-herbs-botanical-illustration-mug\/\" \/>\n<meta property=\"og:locale\" content=\"cs_CZ\" \/>\n<meta property=\"og:type\" content=\"article\" \/>\n<meta property=\"og:title\" content=\"Poisonous Herbs \u2013 Botanical Illustration Mug Painting | Dae Nir\" \/>\n<meta property=\"og:description\" content=\"Fantasy ceramic mug with original artwork. A 300 ml dishwasher-safe mug for slow mornings, magical rituals, and story-filled moments.\" \/>\n<meta property=\"og:url\" content=\"https:\/\/daenir.art\/cs\/produkt\/poisonous-herbs-botanical-illustration-mug\/\" \/>\n<meta property=\"og:site_name\" content=\"Dae Nir\" \/>\n<meta property=\"article:modified_time\" content=\"2026-02-12T14:53:11+00:00\" \/>\n<meta property=\"og:image\" content=\"https:\/\/daenir.art\/wp-content\/uploads\/2026\/02\/IMG_1953_1.jpg\" \/>\n\t<meta property=\"og:image:width\" content=\"1200\" \/>\n\t<meta property=\"og:image:height\" content=\"1200\" \/>\n\t<meta property=\"og:image:type\" content=\"image\/jpeg\" \/>\n<meta name=\"twitter:card\" content=\"summary_large_image\" \/>\n<meta name=\"twitter:label1\" content=\"Odhadovan\u00e1 doba \u010dten\u00ed\" \/>\n\t<meta name=\"twitter:data1\" content=\"1 minuta\" \/>\n<script type=\"application\/ld+json\" class=\"yoast-schema-graph\">{\"@context\":\"https:\\\/\\\/schema.org\",\"@graph\":[{\"@type\":\"WebPage\",\"@id\":\"https:\\\/\\\/daenir.art\\\/produkt\\\/poisonous-herbs-botanical-illustration-mug\\\/\",\"url\":\"https:\\\/\\\/daenir.art\\\/produkt\\\/poisonous-herbs-botanical-illustration-mug\\\/\",\"name\":\"Poisonous Herbs \u2013 Botanical Illustration Mug Painting | Dae Nir\",\"isPartOf\":{\"@id\":\"https:\\\/\\\/daenir.art\\\/#website\"},\"primaryImageOfPage\":{\"@id\":\"https:\\\/\\\/daenir.art\\\/produkt\\\/poisonous-herbs-botanical-illustration-mug\\\/#primaryimage\"},\"image\":{\"@id\":\"https:\\\/\\\/daenir.art\\\/produkt\\\/poisonous-herbs-botanical-illustration-mug\\\/#primaryimage\"},\"thumbnailUrl\":\"https:\\\/\\\/i0.wp.com\\\/daenir.art\\\/wp-content\\\/uploads\\\/2026\\\/02\\\/IMG_1953_1.jpg?fit=1200%2C1200&ssl=1\",\"datePublished\":\"2026-02-10T20:10:37+00:00\",\"dateModified\":\"2026-02-12T14:53:11+00:00\",\"description\":\"Fantasy ceramic mug with original artwork. A 300 ml dishwasher-safe mug for slow mornings, magical rituals, and story-filled moments.\",\"breadcrumb\":{\"@id\":\"https:\\\/\\\/daenir.art\\\/produkt\\\/poisonous-herbs-botanical-illustration-mug\\\/#breadcrumb\"},\"inLanguage\":\"cs\",\"potentialAction\":[{\"@type\":\"ReadAction\",\"target\":[\"https:\\\/\\\/daenir.art\\\/produkt\\\/poisonous-herbs-botanical-illustration-mug\\\/\"]}]},{\"@type\":\"ImageObject\",\"inLanguage\":\"cs\",\"@id\":\"https:\\\/\\\/daenir.art\\\/produkt\\\/poisonous-herbs-botanical-illustration-mug\\\/#primaryimage\",\"url\":\"https:\\\/\\\/i0.wp.com\\\/daenir.art\\\/wp-content\\\/uploads\\\/2026\\\/02\\\/IMG_1953_1.jpg?fit=1200%2C1200&ssl=1\",\"contentUrl\":\"https:\\\/\\\/i0.wp.com\\\/daenir.art\\\/wp-content\\\/uploads\\\/2026\\\/02\\\/IMG_1953_1.jpg?fit=1200%2C1200&ssl=1\",\"width\":1200,\"height\":1200},{\"@type\":\"BreadcrumbList\",\"@id\":\"https:\\\/\\\/daenir.art\\\/produkt\\\/poisonous-herbs-botanical-illustration-mug\\\/#breadcrumb\",\"itemListElement\":[{\"@type\":\"ListItem\",\"position\":1,\"name\":\"Home\",\"item\":\"https:\\\/\\\/daenir.art\\\/\"},{\"@type\":\"ListItem\",\"position\":2,\"name\":\"Shop\",\"item\":\"https:\\\/\\\/daenir.art\\\/shop\\\/\"},{\"@type\":\"ListItem\",\"position\":3,\"name\":\"Poisonous Herbs \u2013 Botanical Illustration Mug\"}]},{\"@type\":\"WebSite\",\"@id\":\"https:\\\/\\\/daenir.art\\\/#website\",\"url\":\"https:\\\/\\\/daenir.art\\\/\",\"name\":\"Dae Nir Art\",\"description\":\"Mystical Art from a Darker Realm\",\"publisher\":{\"@id\":\"https:\\\/\\\/daenir.art\\\/#\\\/schema\\\/person\\\/20dd059b78448af6362377a99976bfb8\"},\"alternateName\":\"Dae Nir \u2013 Dark & Enchanting Art\",\"potentialAction\":[{\"@type\":\"SearchAction\",\"target\":{\"@type\":\"EntryPoint\",\"urlTemplate\":\"https:\\\/\\\/daenir.art\\\/?s={search_term_string}\"},\"query-input\":{\"@type\":\"PropertyValueSpecification\",\"valueRequired\":true,\"valueName\":\"search_term_string\"}}],\"inLanguage\":\"cs\"},{\"@type\":[\"Person\",\"Organization\"],\"@id\":\"https:\\\/\\\/daenir.art\\\/#\\\/schema\\\/person\\\/20dd059b78448af6362377a99976bfb8\",\"name\":\"Daenir\",\"image\":{\"@type\":\"ImageObject\",\"inLanguage\":\"cs\",\"@id\":\"https:\\\/\\\/i0.wp.com\\\/daenir.art\\\/wp-content\\\/uploads\\\/2021\\\/03\\\/logo-1.png?fit=655%2C594&ssl=1\",\"url\":\"https:\\\/\\\/i0.wp.com\\\/daenir.art\\\/wp-content\\\/uploads\\\/2021\\\/03\\\/logo-1.png?fit=655%2C594&ssl=1\",\"contentUrl\":\"https:\\\/\\\/i0.wp.com\\\/daenir.art\\\/wp-content\\\/uploads\\\/2021\\\/03\\\/logo-1.png?fit=655%2C594&ssl=1\",\"width\":655,\"height\":594,\"caption\":\"Daenir\"},\"logo\":{\"@id\":\"https:\\\/\\\/i0.wp.com\\\/daenir.art\\\/wp-content\\\/uploads\\\/2021\\\/03\\\/logo-1.png?fit=655%2C594&ssl=1\"},\"sameAs\":[\"https:\\\/\\\/daenir.art\\\/\"]}]}<\/script>\n<!-- \/ Yoast SEO plugin. -->","yoast_head_json":{"title":"Poisonous Herbs \u2013 Botanical Illustration Mug Painting | Dae Nir","description":"Fantasy ceramic mug with original artwork. A 300 ml dishwasher-safe mug for slow mornings, magical rituals, and story-filled moments.","robots":{"index":"index","follow":"follow","max-snippet":"max-snippet:-1","max-image-preview":"max-image-preview:large","max-video-preview":"max-video-preview:-1"},"canonical":"https:\/\/daenir.art\/cs\/produkt\/poisonous-herbs-botanical-illustration-mug\/","og_locale":"cs_CZ","og_type":"article","og_title":"Poisonous Herbs \u2013 Botanical Illustration Mug Painting | Dae Nir","og_description":"Fantasy ceramic mug with original artwork. A 300 ml dishwasher-safe mug for slow mornings, magical rituals, and story-filled moments.","og_url":"https:\/\/daenir.art\/cs\/produkt\/poisonous-herbs-botanical-illustration-mug\/","og_site_name":"Dae Nir","article_modified_time":"2026-02-12T14:53:11+00:00","og_image":[{"width":1200,"height":1200,"url":"https:\/\/daenir.art\/wp-content\/uploads\/2026\/02\/IMG_1953_1.jpg","type":"image\/jpeg"}],"twitter_card":"summary_large_image","twitter_misc":{"Odhadovan\u00e1 doba \u010dten\u00ed":"1 minuta"},"schema":{"@context":"https:\/\/schema.org","@graph":[{"@type":"WebPage","@id":"https:\/\/daenir.art\/produkt\/poisonous-herbs-botanical-illustration-mug\/","url":"https:\/\/daenir.art\/produkt\/poisonous-herbs-botanical-illustration-mug\/","name":"Poisonous Herbs \u2013 Botanical Illustration Mug Painting | Dae Nir","isPartOf":{"@id":"https:\/\/daenir.art\/#website"},"primaryImageOfPage":{"@id":"https:\/\/daenir.art\/produkt\/poisonous-herbs-botanical-illustration-mug\/#primaryimage"},"image":{"@id":"https:\/\/daenir.art\/produkt\/poisonous-herbs-botanical-illustration-mug\/#primaryimage"},"thumbnailUrl":"https:\/\/i0.wp.com\/daenir.art\/wp-content\/uploads\/2026\/02\/IMG_1953_1.jpg?fit=1200%2C1200&ssl=1","datePublished":"2026-02-10T20:10:37+00:00","dateModified":"2026-02-12T14:53:11+00:00","description":"Fantasy ceramic mug with original artwork. A 300 ml dishwasher-safe mug for slow mornings, magical rituals, and story-filled moments.","breadcrumb":{"@id":"https:\/\/daenir.art\/produkt\/poisonous-herbs-botanical-illustration-mug\/#breadcrumb"},"inLanguage":"cs","potentialAction":[{"@type":"ReadAction","target":["https:\/\/daenir.art\/produkt\/poisonous-herbs-botanical-illustration-mug\/"]}]},{"@type":"ImageObject","inLanguage":"cs","@id":"https:\/\/daenir.art\/produkt\/poisonous-herbs-botanical-illustration-mug\/#primaryimage","url":"https:\/\/i0.wp.com\/daenir.art\/wp-content\/uploads\/2026\/02\/IMG_1953_1.jpg?fit=1200%2C1200&ssl=1","contentUrl":"https:\/\/i0.wp.com\/daenir.art\/wp-content\/uploads\/2026\/02\/IMG_1953_1.jpg?fit=1200%2C1200&ssl=1","width":1200,"height":1200},{"@type":"BreadcrumbList","@id":"https:\/\/daenir.art\/produkt\/poisonous-herbs-botanical-illustration-mug\/#breadcrumb","itemListElement":[{"@type":"ListItem","position":1,"name":"Home","item":"https:\/\/daenir.art\/"},{"@type":"ListItem","position":2,"name":"Shop","item":"https:\/\/daenir.art\/shop\/"},{"@type":"ListItem","position":3,"name":"Poisonous Herbs \u2013 Botanical Illustration Mug"}]},{"@type":"WebSite","@id":"https:\/\/daenir.art\/#website","url":"https:\/\/daenir.art\/","name":"Dae Nir Art","description":"Mystical Art from a Darker Realm","publisher":{"@id":"https:\/\/daenir.art\/#\/schema\/person\/20dd059b78448af6362377a99976bfb8"},"alternateName":"Dae Nir \u2013 Dark & Enchanting Art","potentialAction":[{"@type":"SearchAction","target":{"@type":"EntryPoint","urlTemplate":"https:\/\/daenir.art\/?s={search_term_string}"},"query-input":{"@type":"PropertyValueSpecification","valueRequired":true,"valueName":"search_term_string"}}],"inLanguage":"cs"},{"@type":["Person","Organization"],"@id":"https:\/\/daenir.art\/#\/schema\/person\/20dd059b78448af6362377a99976bfb8","name":"Daenir","image":{"@type":"ImageObject","inLanguage":"cs","@id":"https:\/\/i0.wp.com\/daenir.art\/wp-content\/uploads\/2021\/03\/logo-1.png?fit=655%2C594&ssl=1","url":"https:\/\/i0.wp.com\/daenir.art\/wp-content\/uploads\/2021\/03\/logo-1.png?fit=655%2C594&ssl=1","contentUrl":"https:\/\/i0.wp.com\/daenir.art\/wp-content\/uploads\/2021\/03\/logo-1.png?fit=655%2C594&ssl=1","width":655,"height":594,"caption":"Daenir"},"logo":{"@id":"https:\/\/i0.wp.com\/daenir.art\/wp-content\/uploads\/2021\/03\/logo-1.png?fit=655%2C594&ssl=1"},"sameAs":["https:\/\/daenir.art\/"]}]}},"jetpack_sharing_enabled":true,"_links":{"self":[{"href":"https:\/\/daenir.art\/cs\/wp-json\/wp\/v2\/product\/4118","targetHints":{"allow":["GET"]}}],"collection":[{"href":"https:\/\/daenir.art\/cs\/wp-json\/wp\/v2\/product"}],"about":[{"href":"https:\/\/daenir.art\/cs\/wp-json\/wp\/v2\/types\/product"}],"wp:featuredmedia":[{"embeddable":true,"href":"https:\/\/daenir.art\/cs\/wp-json\/wp\/v2\/media\/4153"}],"wp:attachment":[{"href":"https:\/\/daenir.art\/cs\/wp-json\/wp\/v2\/media?parent=4118"}],"wp:term":[{"taxonomy":"product_brand","embeddable":true,"href":"https:\/\/daenir.art\/cs\/wp-json\/wp\/v2\/product_brand?post=4118"},{"taxonomy":"product_cat","embeddable":true,"href":"https:\/\/daenir.art\/cs\/wp-json\/wp\/v2\/product_cat?post=4118"},{"taxonomy":"product_tag","embeddable":true,"href":"https:\/\/daenir.art\/cs\/wp-json\/wp\/v2\/product_tag?post=4118"}],"curies":[{"name":"wp","href":"https:\/\/api.w.org\/{rel}","templated":true}]}}